{"id":73,"date":"2014-09-18T14:01:51","date_gmt":"2014-09-18T14:01:51","guid":{"rendered":"http:\/\/agora.xtec.cat\/esc-elspicots\/?page_id=73"},"modified":"2026-03-18T13:29:30","modified_gmt":"2026-03-18T12:29:30","slug":"menjador-escolar","status":"publish","type":"page","link":"https:\/\/agora.xtec.cat\/esc-elspicots\/atencio-families\/menjador-escolar\/","title":{"rendered":"Menjador escolar"},"content":{"rendered":"<ul>\n<li>El menjador escolar \u00e9s gestionat per l\u2019empresa AUSOLAN.<\/li>\n<li>L&#8217;horari habitual \u00e9s de 12 a 15h. En jornada intensiva \u00e9s de 12:30 a 15:30h.<\/li>\n<li>El preu del servei de menjador fixe \u00e9s de 7,41 \u20ac diaris i 7,95 \u20ac per dia sent espor\u00e0dics (menys de 3 cops per setmana).<\/li>\n<li>Per confirmar pla\u00e7a del servei de menjador com d&#8217;acollida per al curs 25-26 podeu consultar aquest <a href=\"https:\/\/agora.xtec.cat\/esc-elspicots\/wp-content\/uploads\/usu453\/2025\/09\/16.-RESERVA-DE-PLACA-MENJADOR-25-26.pdf\">document<\/a>.<\/li>\n<li>Per inscriure&#8217;s\/registrar-se si sou nous usuaris al servei de menjador, podeu seguir els passos d&#8217;aquest <a href=\"https:\/\/agora.xtec.cat\/esc-elspicots\/wp-content\/uploads\/usu453\/2025\/09\/2526-INSCRIPCIO-ESPAI-MIGDIA-ELS-PICOTS.pdf\">document<\/a>. Tamb\u00e9 us podeu inscriure informant a la coordinadora de menjador \u00c0gata en horari de mat\u00ed.<\/li>\n<\/ul>\n<p>Per a qualsevol consulta o aclariment s\u2019hauran de dirigir a:<\/p>\n<p><strong>Tel\u00e8fon i WhatsApp de la cuina:\u00a0 \u00a0 \u00a0 \u00a0 605 98 74 54<\/strong><\/p>\n<p>Tel\u00e8fon de l\u2019empresa:\u00a0\u00a0\u00a0\u00a0\u00a0\u00a0\u00a0\u00a0\u00a0\u00a0\u00a0\u00a0 \u00a0\u00a0\u00a0\u00a0\u00a0\u00a0\u00a0\u00a0\u00a0 \u00a0\u00a0 \u00a0 93 645 51 00<\/p>\n<p>Cal trucar sempre al tel\u00e8fon de cuina, abans de les 9:30h del mat\u00ed, per a qualsevol av\u00eds sobre temes de menjador: canvis de dieta, av\u00eds que no es queda a dinar, etc.<\/p>\n<p>En cas d\u2019abs\u00e8ncia puntual al menjador, trucant abans de les 09:30h es retornar\u00e0 l&#8217;import \u00edntegre del men\u00fa. Si s&#8217;avisa m\u00e9s tard, es cobrar\u00e0 l&#8217;import total del men\u00fa.<\/p>\n<p>Quan hi ha una sortida, els nens i nenes que es queden al menjador reben un p\u00edcnic. Si no es vol aquell p\u00edcnic, cal comunicar-ho al menjador almenys en 2 dies d&#8217;antelaci\u00f3 a la sortida.<\/p>\n<p><a href=\"https:\/\/comocomen.com\/__cecoc307\/padres\/login.php\">Acc\u00e9s en l\u00ednia al web de l&#8217;empresa del menjador.<\/a> Podeu accedir al men\u00fa diari, avisar al menjador, el moneder electr\u00f2nic&#8230;<\/p>\n<p><a href=\"https:\/\/agora.xtec.cat\/esc-elspicots\/wp-content\/uploads\/usu453\/2025\/09\/NORMATIVA-ESPAI-MIGDIA-ELS-PICOTS-2526.pdf\">Normativa espai del migdia 25-26<\/a><\/p>\n<p><span style=\"color: #000000;\"><a style=\"color: #000000;\" href=\"https:\/\/menjadorelspicots.blogspot.com.es\/\">BLOG MENJADOR<\/a><\/span><\/p>\n<p><a href=\"https:\/\/agora.xtec.cat\/esc-elspicots\/wp-content\/uploads\/usu453\/2025\/09\/Menu-1r-trimestre.pdf\">Men\u00fa 1r trimestre<\/a><\/p>\n<p><a href=\"https:\/\/agora.xtec.cat\/esc-elspicots\/wp-content\/uploads\/usu453\/2026\/01\/Menu-2n-trimestre.pdf\">Men\u00fa 2n trimestre<\/a><\/p>\n<p><a href=\"https:\/\/agora.xtec.cat\/esc-elspicots\/wp-content\/uploads\/usu453\/2026\/03\/Menu-3r-trimestre.pdf\">Men\u00fa 3r trimestre<\/a><\/p>\n<p>Monitoratge per al curs 25-26:<\/p>\n<table style=\"border-collapse: collapse; width: 100%; height: 427px;\">\n<tbody>\n<tr style=\"height: 331px;\">\n<td style=\"width: 25%; height: 331px;\"><a href=\"https:\/\/agora.xtec.cat\/esc-elspicots\/wp-content\/uploads\/usu453\/2025\/09\/IMG-20250908-WA0013.jpg\"><img loading=\"lazy\" decoding=\"async\" class=\"alignnone size-large wp-image-7061\" src=\"https:\/\/agora.xtec.cat\/esc-elspicots\/wp-content\/uploads\/usu453\/2025\/09\/IMG-20250908-WA0013-768x1024.jpg\" alt=\"\" width=\"768\" height=\"1024\" srcset=\"https:\/\/agora.xtec.cat\/esc-elspicots\/wp-content\/uploads\/usu453\/2025\/09\/IMG-20250908-WA0013-768x1024.jpg 768w, https:\/\/agora.xtec.cat\/esc-elspicots\/wp-content\/uploads\/usu453\/2025\/09\/IMG-20250908-WA0013-225x300.jpg 225w, https:\/\/agora.xtec.cat\/esc-elspicots\/wp-content\/uploads\/usu453\/2025\/09\/IMG-20250908-WA0013-1152x1536.jpg 1152w, https:\/\/agora.xtec.cat\/esc-elspicots\/wp-content\/uploads\/usu453\/2025\/09\/IMG-20250908-WA0013.jpg 1200w\" sizes=\"auto, (max-width: 768px) 100vw, 768px\" \/><\/a>\n<p>I3 &#8211; Anna B. \/ Isa<\/p>\n<\/td>\n<td style=\"width: 25%; height: 331px;\"><a href=\"https:\/\/agora.xtec.cat\/esc-elspicots\/wp-content\/uploads\/usu453\/2025\/09\/IMG-20250908-WA0008.jpg\"><img loading=\"lazy\" decoding=\"async\" class=\"alignnone size-large wp-image-7076\" src=\"https:\/\/agora.xtec.cat\/esc-elspicots\/wp-content\/uploads\/usu453\/2025\/09\/IMG-20250908-WA0008-768x1024.jpg\" alt=\"\" width=\"768\" height=\"1024\" srcset=\"https:\/\/agora.xtec.cat\/esc-elspicots\/wp-content\/uploads\/usu453\/2025\/09\/IMG-20250908-WA0008-768x1024.jpg 768w, https:\/\/agora.xtec.cat\/esc-elspicots\/wp-content\/uploads\/usu453\/2025\/09\/IMG-20250908-WA0008-225x300.jpg 225w, https:\/\/agora.xtec.cat\/esc-elspicots\/wp-content\/uploads\/usu453\/2025\/09\/IMG-20250908-WA0008-1152x1536.jpg 1152w, https:\/\/agora.xtec.cat\/esc-elspicots\/wp-content\/uploads\/usu453\/2025\/09\/IMG-20250908-WA0008.jpg 1200w\" sizes=\"auto, (max-width: 768px) 100vw, 768px\" \/><\/a>\n<p>I4 &#8211; Rebeca<\/p>\n<\/td>\n<td style=\"width: 25%; height: 331px;\"><a href=\"https:\/\/agora.xtec.cat\/esc-elspicots\/wp-content\/uploads\/usu453\/2025\/09\/IMG-20250908-WA0011.jpg\"><img loading=\"lazy\" decoding=\"async\" class=\"alignnone size-large wp-image-7062\" src=\"https:\/\/agora.xtec.cat\/esc-elspicots\/wp-content\/uploads\/usu453\/2025\/09\/IMG-20250908-WA0011-768x1024.jpg\" alt=\"\" width=\"768\" height=\"1024\" srcset=\"https:\/\/agora.xtec.cat\/esc-elspicots\/wp-content\/uploads\/usu453\/2025\/09\/IMG-20250908-WA0011-768x1024.jpg 768w, https:\/\/agora.xtec.cat\/esc-elspicots\/wp-content\/uploads\/usu453\/2025\/09\/IMG-20250908-WA0011-225x300.jpg 225w, https:\/\/agora.xtec.cat\/esc-elspicots\/wp-content\/uploads\/usu453\/2025\/09\/IMG-20250908-WA0011-1152x1536.jpg 1152w, https:\/\/agora.xtec.cat\/esc-elspicots\/wp-content\/uploads\/usu453\/2025\/09\/IMG-20250908-WA0011.jpg 1200w\" sizes=\"auto, (max-width: 768px) 100vw, 768px\" \/><\/a>\n<p>I4 &#8211; Maribel<\/p>\n<\/td>\n<td style=\"width: 25%; height: 331px;\"><a href=\"https:\/\/agora.xtec.cat\/esc-elspicots\/wp-content\/uploads\/usu453\/2025\/09\/IMG-20250908-WA0009.jpg\"><img loading=\"lazy\" decoding=\"async\" class=\"alignnone size-large wp-image-7063\" src=\"https:\/\/agora.xtec.cat\/esc-elspicots\/wp-content\/uploads\/usu453\/2025\/09\/IMG-20250908-WA0009-768x1024.jpg\" alt=\"\" width=\"768\" height=\"1024\" srcset=\"https:\/\/agora.xtec.cat\/esc-elspicots\/wp-content\/uploads\/usu453\/2025\/09\/IMG-20250908-WA0009-768x1024.jpg 768w, https:\/\/agora.xtec.cat\/esc-elspicots\/wp-content\/uploads\/usu453\/2025\/09\/IMG-20250908-WA0009-225x300.jpg 225w, https:\/\/agora.xtec.cat\/esc-elspicots\/wp-content\/uploads\/usu453\/2025\/09\/IMG-20250908-WA0009-1152x1536.jpg 1152w, https:\/\/agora.xtec.cat\/esc-elspicots\/wp-content\/uploads\/usu453\/2025\/09\/IMG-20250908-WA0009.jpg 1200w\" sizes=\"auto, (max-width: 768px) 100vw, 768px\" \/><\/a>\n<p><a href=\"https:\/\/agora.xtec.cat\/esc-elspicots\/wp-content\/uploads\/usu453\/2025\/09\/IMG-20250908-WA0009.jpg\">I5 &#8211; Abril<\/a><\/p>\n<\/td>\n<\/tr>\n<tr style=\"height: 32px;\">\n<td style=\"width: 25%; height: 32px;\"><a href=\"https:\/\/agora.xtec.cat\/esc-elspicots\/wp-content\/uploads\/usu453\/2025\/09\/Mariona-menjador.jpg\"><img loading=\"lazy\" decoding=\"async\" class=\"alignnone size-large wp-image-7088\" src=\"https:\/\/agora.xtec.cat\/esc-elspicots\/wp-content\/uploads\/usu453\/2025\/09\/Mariona-menjador-752x1024.jpg\" alt=\"\" width=\"752\" height=\"1024\" srcset=\"https:\/\/agora.xtec.cat\/esc-elspicots\/wp-content\/uploads\/usu453\/2025\/09\/Mariona-menjador-752x1024.jpg 752w, https:\/\/agora.xtec.cat\/esc-elspicots\/wp-content\/uploads\/usu453\/2025\/09\/Mariona-menjador-220x300.jpg 220w, https:\/\/agora.xtec.cat\/esc-elspicots\/wp-content\/uploads\/usu453\/2025\/09\/Mariona-menjador-768x1046.jpg 768w, https:\/\/agora.xtec.cat\/esc-elspicots\/wp-content\/uploads\/usu453\/2025\/09\/Mariona-menjador.jpg 1032w\" sizes=\"auto, (max-width: 752px) 100vw, 752px\" \/><\/a>\n<p>1r &#8211; Mariona<\/p>\n<\/td>\n<td style=\"width: 25%; height: 32px;\"><a href=\"https:\/\/agora.xtec.cat\/esc-elspicots\/wp-content\/uploads\/usu453\/2025\/09\/IMG-20250908-WA0012.jpg\"><img loading=\"lazy\" decoding=\"async\" class=\"alignnone size-large wp-image-7058\" src=\"https:\/\/agora.xtec.cat\/esc-elspicots\/wp-content\/uploads\/usu453\/2025\/09\/IMG-20250908-WA0012-768x1024.jpg\" alt=\"\" width=\"768\" height=\"1024\" srcset=\"https:\/\/agora.xtec.cat\/esc-elspicots\/wp-content\/uploads\/usu453\/2025\/09\/IMG-20250908-WA0012-768x1024.jpg 768w, https:\/\/agora.xtec.cat\/esc-elspicots\/wp-content\/uploads\/usu453\/2025\/09\/IMG-20250908-WA0012-225x300.jpg 225w, https:\/\/agora.xtec.cat\/esc-elspicots\/wp-content\/uploads\/usu453\/2025\/09\/IMG-20250908-WA0012-1152x1536.jpg 1152w, https:\/\/agora.xtec.cat\/esc-elspicots\/wp-content\/uploads\/usu453\/2025\/09\/IMG-20250908-WA0012.jpg 1200w\" sizes=\"auto, (max-width: 768px) 100vw, 768px\" \/><\/a>\n<p>2n &#8211; Ague<\/p>\n<\/td>\n<td style=\"width: 25%; height: 32px;\"><a href=\"https:\/\/agora.xtec.cat\/esc-elspicots\/wp-content\/uploads\/usu453\/2025\/09\/IMG-20250908-WA0020.jpg\"><img loading=\"lazy\" decoding=\"async\" class=\"alignnone size-large wp-image-7068\" src=\"https:\/\/agora.xtec.cat\/esc-elspicots\/wp-content\/uploads\/usu453\/2025\/09\/IMG-20250908-WA0020-741x1024.jpg\" alt=\"\" width=\"741\" height=\"1024\" srcset=\"https:\/\/agora.xtec.cat\/esc-elspicots\/wp-content\/uploads\/usu453\/2025\/09\/IMG-20250908-WA0020-741x1024.jpg 741w, https:\/\/agora.xtec.cat\/esc-elspicots\/wp-content\/uploads\/usu453\/2025\/09\/IMG-20250908-WA0020-217x300.jpg 217w, https:\/\/agora.xtec.cat\/esc-elspicots\/wp-content\/uploads\/usu453\/2025\/09\/IMG-20250908-WA0020-768x1061.jpg 768w, https:\/\/agora.xtec.cat\/esc-elspicots\/wp-content\/uploads\/usu453\/2025\/09\/IMG-20250908-WA0020.jpg 1079w\" sizes=\"auto, (max-width: 741px) 100vw, 741px\" \/><\/a>\n<p>3r &#8211; Nico<\/p>\n<\/td>\n<td style=\"width: 25%; height: 32px;\"><a href=\"https:\/\/agora.xtec.cat\/esc-elspicots\/wp-content\/uploads\/usu453\/2025\/09\/Bibi-menjador.jpg\"><img loading=\"lazy\" decoding=\"async\" class=\"alignnone size-large wp-image-7086\" src=\"https:\/\/agora.xtec.cat\/esc-elspicots\/wp-content\/uploads\/usu453\/2025\/09\/Bibi-menjador-777x1024.jpg\" alt=\"\" width=\"777\" height=\"1024\" srcset=\"https:\/\/agora.xtec.cat\/esc-elspicots\/wp-content\/uploads\/usu453\/2025\/09\/Bibi-menjador-777x1024.jpg 777w, https:\/\/agora.xtec.cat\/esc-elspicots\/wp-content\/uploads\/usu453\/2025\/09\/Bibi-menjador-228x300.jpg 228w, https:\/\/agora.xtec.cat\/esc-elspicots\/wp-content\/uploads\/usu453\/2025\/09\/Bibi-menjador-768x1012.jpg 768w, https:\/\/agora.xtec.cat\/esc-elspicots\/wp-content\/uploads\/usu453\/2025\/09\/Bibi-menjador.jpg 1079w\" sizes=\"auto, (max-width: 777px) 100vw, 777px\" \/><\/a>\n<p>3r &#8211; Bibi<\/p>\n<\/td>\n<\/tr>\n<tr style=\"height: 32px;\">\n<td style=\"width: 25%; height: 32px;\"><a href=\"https:\/\/agora.xtec.cat\/esc-elspicots\/wp-content\/uploads\/usu453\/2025\/09\/IMG-20250908-WA0010.jpg\"><img loading=\"lazy\" decoding=\"async\" class=\"alignnone size-large wp-image-7059\" src=\"https:\/\/agora.xtec.cat\/esc-elspicots\/wp-content\/uploads\/usu453\/2025\/09\/IMG-20250908-WA0010-768x1024.jpg\" alt=\"\" width=\"768\" height=\"1024\" srcset=\"https:\/\/agora.xtec.cat\/esc-elspicots\/wp-content\/uploads\/usu453\/2025\/09\/IMG-20250908-WA0010-768x1024.jpg 768w, https:\/\/agora.xtec.cat\/esc-elspicots\/wp-content\/uploads\/usu453\/2025\/09\/IMG-20250908-WA0010-225x300.jpg 225w, https:\/\/agora.xtec.cat\/esc-elspicots\/wp-content\/uploads\/usu453\/2025\/09\/IMG-20250908-WA0010-1152x1536.jpg 1152w, https:\/\/agora.xtec.cat\/esc-elspicots\/wp-content\/uploads\/usu453\/2025\/09\/IMG-20250908-WA0010.jpg 1200w\" sizes=\"auto, (max-width: 768px) 100vw, 768px\" \/><\/a>\n<p>4t &#8211; Oriol<\/p>\n<\/td>\n<td style=\"width: 25%; height: 32px;\"><a href=\"https:\/\/agora.xtec.cat\/esc-elspicots\/wp-content\/uploads\/usu453\/2025\/09\/IMG-20250908-WA0015.jpg\"><img loading=\"lazy\" decoding=\"async\" class=\"alignnone size-large wp-image-7060\" src=\"https:\/\/agora.xtec.cat\/esc-elspicots\/wp-content\/uploads\/usu453\/2025\/09\/IMG-20250908-WA0015-768x1024.jpg\" alt=\"\" width=\"768\" height=\"1024\" srcset=\"https:\/\/agora.xtec.cat\/esc-elspicots\/wp-content\/uploads\/usu453\/2025\/09\/IMG-20250908-WA0015-768x1024.jpg 768w, https:\/\/agora.xtec.cat\/esc-elspicots\/wp-content\/uploads\/usu453\/2025\/09\/IMG-20250908-WA0015-225x300.jpg 225w, https:\/\/agora.xtec.cat\/esc-elspicots\/wp-content\/uploads\/usu453\/2025\/09\/IMG-20250908-WA0015-1152x1536.jpg 1152w, https:\/\/agora.xtec.cat\/esc-elspicots\/wp-content\/uploads\/usu453\/2025\/09\/IMG-20250908-WA0015.jpg 1200w\" sizes=\"auto, (max-width: 768px) 100vw, 768px\" \/><\/a>\n<p>5\u00e8 &#8211; Anna G.<\/p>\n<\/td>\n<td style=\"width: 25%; height: 32px;\"><a href=\"https:\/\/agora.xtec.cat\/esc-elspicots\/wp-content\/uploads\/usu453\/2025\/09\/IMG-20250908-WA0017.jpg\"><img loading=\"lazy\" decoding=\"async\" class=\"alignnone size-large wp-image-7065\" src=\"https:\/\/agora.xtec.cat\/esc-elspicots\/wp-content\/uploads\/usu453\/2025\/09\/IMG-20250908-WA0017-768x1024.jpg\" alt=\"\" width=\"768\" height=\"1024\" srcset=\"https:\/\/agora.xtec.cat\/esc-elspicots\/wp-content\/uploads\/usu453\/2025\/09\/IMG-20250908-WA0017-768x1024.jpg 768w, https:\/\/agora.xtec.cat\/esc-elspicots\/wp-content\/uploads\/usu453\/2025\/09\/IMG-20250908-WA0017-225x300.jpg 225w, https:\/\/agora.xtec.cat\/esc-elspicots\/wp-content\/uploads\/usu453\/2025\/09\/IMG-20250908-WA0017-1152x1536.jpg 1152w, https:\/\/agora.xtec.cat\/esc-elspicots\/wp-content\/uploads\/usu453\/2025\/09\/IMG-20250908-WA0017.jpg 1200w\" sizes=\"auto, (max-width: 768px) 100vw, 768px\" \/><\/a>\n<p>6\u00e8 &#8211; Pepi<\/p>\n<\/td>\n<td style=\"width: 25%; height: 32px;\">\u00a0<\/td>\n<\/tr>\n<tr style=\"height: 32px;\">\n<td style=\"width: 25%; height: 32px;\"><a href=\"https:\/\/agora.xtec.cat\/esc-elspicots\/wp-content\/uploads\/usu453\/2025\/09\/Laia-menjador.jpg\"><img loading=\"lazy\" decoding=\"async\" class=\"alignnone size-large wp-image-7083\" src=\"https:\/\/agora.xtec.cat\/esc-elspicots\/wp-content\/uploads\/usu453\/2025\/09\/Laia-menjador-774x1024.jpg\" alt=\"\" width=\"774\" height=\"1024\" srcset=\"https:\/\/agora.xtec.cat\/esc-elspicots\/wp-content\/uploads\/usu453\/2025\/09\/Laia-menjador-774x1024.jpg 774w, https:\/\/agora.xtec.cat\/esc-elspicots\/wp-content\/uploads\/usu453\/2025\/09\/Laia-menjador-227x300.jpg 227w, https:\/\/agora.xtec.cat\/esc-elspicots\/wp-content\/uploads\/usu453\/2025\/09\/Laia-menjador-768x1015.jpg 768w, https:\/\/agora.xtec.cat\/esc-elspicots\/wp-content\/uploads\/usu453\/2025\/09\/Laia-menjador.jpg 1080w\" sizes=\"auto, (max-width: 774px) 100vw, 774px\" \/><\/a>\n<p>Laia (Auxiliar de menjador)<\/p>\n<\/td>\n<td style=\"width: 25%; height: 32px;\">\n<p style=\"font-family: 'Helvetica Neue', Helvetica, Helvetica, Arial, sans-serif; font-size: 14px;\"><a style=\"color: #2795b6;\" href=\"https:\/\/agora.xtec.cat\/esc-elspicots\/wp-content\/uploads\/usu453\/2025\/09\/IMG-20250908-WA0019.jpg\"><img loading=\"lazy\" decoding=\"async\" class=\"alignnone size-large wp-image-7066\" src=\"https:\/\/agora.xtec.cat\/esc-elspicots\/wp-content\/uploads\/usu453\/2025\/09\/IMG-20250908-WA0019-769x1024.jpg\" alt=\"\" width=\"769\" height=\"1024\" srcset=\"https:\/\/agora.xtec.cat\/esc-elspicots\/wp-content\/uploads\/usu453\/2025\/09\/IMG-20250908-WA0019-769x1024.jpg 769w, https:\/\/agora.xtec.cat\/esc-elspicots\/wp-content\/uploads\/usu453\/2025\/09\/IMG-20250908-WA0019-225x300.jpg 225w, https:\/\/agora.xtec.cat\/esc-elspicots\/wp-content\/uploads\/usu453\/2025\/09\/IMG-20250908-WA0019-768x1022.jpg 768w, https:\/\/agora.xtec.cat\/esc-elspicots\/wp-content\/uploads\/usu453\/2025\/09\/IMG-20250908-WA0019.jpg 1067w\" sizes=\"auto, (max-width: 769px) 100vw, 769px\" \/><\/a><\/p>\n<p style=\"font-family: 'Helvetica Neue', Helvetica, Helvetica, Arial, sans-serif; font-size: 14px;\">Maite (Cuina)<\/p>\n<\/td>\n<td style=\"width: 25%; height: 32px;\">\n<p style=\"font-family: 'Helvetica Neue', Helvetica, Helvetica, Arial, sans-serif; font-size: 14px;\"><a style=\"color: #2795b6;\" href=\"https:\/\/agora.xtec.cat\/esc-elspicots\/wp-content\/uploads\/usu453\/2025\/09\/IMG-20250908-WA0021.jpg\"><img loading=\"lazy\" decoding=\"async\" class=\"alignnone size-large wp-image-7067\" src=\"https:\/\/agora.xtec.cat\/esc-elspicots\/wp-content\/uploads\/usu453\/2025\/09\/IMG-20250908-WA0021-774x1024.jpg\" alt=\"\" width=\"774\" height=\"1024\" srcset=\"https:\/\/agora.xtec.cat\/esc-elspicots\/wp-content\/uploads\/usu453\/2025\/09\/IMG-20250908-WA0021-774x1024.jpg 774w, https:\/\/agora.xtec.cat\/esc-elspicots\/wp-content\/uploads\/usu453\/2025\/09\/IMG-20250908-WA0021-227x300.jpg 227w, https:\/\/agora.xtec.cat\/esc-elspicots\/wp-content\/uploads\/usu453\/2025\/09\/IMG-20250908-WA0021-768x1015.jpg 768w, https:\/\/agora.xtec.cat\/esc-elspicots\/wp-content\/uploads\/usu453\/2025\/09\/IMG-20250908-WA0021.jpg 1080w\" sizes=\"auto, (max-width: 774px) 100vw, 774px\" \/><\/a><\/p>\n<p style=\"font-family: 'Helvetica Neue', Helvetica, Helvetica, Arial, sans-serif; font-size: 14px;\">Laura (Auxiliar de cuina)<\/p>\n<\/td>\n<td style=\"width: 25%; height: 32px;\">\n<p style=\"font-family: 'Helvetica Neue', Helvetica, Helvetica, Arial, sans-serif; font-size: 14px;\"><a style=\"color: #2795b6;\" href=\"https:\/\/agora.xtec.cat\/esc-elspicots\/wp-content\/uploads\/usu453\/2023\/11\/Agata-scaled.jpg\"><img loading=\"lazy\" decoding=\"async\" class=\"alignnone size-large wp-image-5919\" src=\"https:\/\/agora.xtec.cat\/esc-elspicots\/wp-content\/uploads\/usu453\/2023\/11\/Agata-768x1024.jpg\" alt=\"\" width=\"768\" height=\"1024\" srcset=\"https:\/\/agora.xtec.cat\/esc-elspicots\/wp-content\/uploads\/usu453\/2023\/11\/Agata-768x1024.jpg 768w, https:\/\/agora.xtec.cat\/esc-elspicots\/wp-content\/uploads\/usu453\/2023\/11\/Agata-225x300.jpg 225w, https:\/\/agora.xtec.cat\/esc-elspicots\/wp-content\/uploads\/usu453\/2023\/11\/Agata-1152x1536.jpg 1152w, https:\/\/agora.xtec.cat\/esc-elspicots\/wp-content\/uploads\/usu453\/2023\/11\/Agata-1536x2048.jpg 1536w, https:\/\/agora.xtec.cat\/esc-elspicots\/wp-content\/uploads\/usu453\/2023\/11\/Agata-scaled.jpg 1920w\" sizes=\"auto, (max-width: 768px) 100vw, 768px\" \/><\/a><\/p>\n<p style=\"font-family: 'Helvetica Neue', Helvetica, Helvetica, Arial, sans-serif; font-size: 14px;\">\u00c0gata &#8211; Coordinadora de menjador<\/p>\n<\/td>\n<\/tr>\n<\/tbody>\n<\/table>\n<p><a href=\"https:\/\/www.ausolan.com\/actualidad\/noticias\/la-escuela-els-picots-llica-damunt-crea-una-cooperativa-solidaria-para-ayudar-a-los-mas-desfavorecidos\">Creaci\u00f3 cooperativa AUSOLAN-ELS PICOTS<\/a><\/p>\n<p><a href=\"https:\/\/agora.xtec.cat\/esc-elspicots\/wp-content\/uploads\/usu453\/2021\/06\/Magazine-N\u00ba-35-AUSOLAN.pdf\">Magazine N\u00ba 35 AUSOLAN<\/a><\/p>\n<p><a href=\"http:\/\/agora.xtec.cat\/esc-elspicots\/wp-content\/uploads\/usu453\/2016\/09\/AUSOLAN.png\"><img loading=\"lazy\" decoding=\"async\" class=\"alignnone size-full wp-image-1333\" src=\"http:\/\/agora.xtec.cat\/esc-elspicots\/wp-content\/uploads\/usu453\/2016\/09\/AUSOLAN.png\" alt=\"AUSOLAN\" width=\"986\" height=\"470\" srcset=\"https:\/\/agora.xtec.cat\/esc-elspicots\/wp-content\/uploads\/usu453\/2016\/09\/AUSOLAN.png 986w, https:\/\/agora.xtec.cat\/esc-elspicots\/wp-content\/uploads\/usu453\/2016\/09\/AUSOLAN-300x143.png 300w, https:\/\/agora.xtec.cat\/esc-elspicots\/wp-content\/uploads\/usu453\/2016\/09\/AUSOLAN-768x366.png 768w\" sizes=\"auto, (max-width: 986px) 100vw, 986px\" \/><\/a><\/p>\n\n\n\n\n<p><\/p>\n","protected":false},"excerpt":{"rendered":"<p>El menjador escolar \u00e9s gestionat per l\u2019empresa AUSOLAN. L&#8217;horari habitual \u00e9s de 12 a 15h. En jornada intensiva \u00e9s de 12:30 a 15:30h. El preu del servei de menjador fixe \u00e9s de 7,41 \u20ac diaris i 7,95 \u20ac per dia sent espor\u00e0dics (menys de 3 cops per setmana). Per confirmar pla\u00e7a del servei de menjador [&hellip;]<\/p>\n","protected":false},"author":2,"featured_media":0,"parent":237,"menu_order":110,"comment_status":"closed","ping_status":"closed","template":"","meta":{"_bbp_topic_count":0,"_bbp_reply_count":0,"_bbp_total_topic_count":0,"_bbp_total_reply_count":0,"_bbp_voice_count":0,"_bbp_anonymous_reply_count":0,"_bbp_topic_count_hidden":0,"_bbp_reply_count_hidden":0,"_bbp_forum_subforum_count":0,"site-sidebar-layout":"default","site-content-layout":"","ast-site-content-layout":"default","site-content-style":"default","site-sidebar-style":"default","ast-global-header-display":"","ast-banner-title-visibility":"","ast-main-header-display":"","ast-hfb-above-header-display":"","ast-hfb-below-header-display":"","ast-hfb-mobile-header-display":"","site-post-title":"","ast-breadcrumbs-content":"","ast-featured-img":"","footer-sml-layout":"","theme-transparent-header-meta":"","adv-header-id-meta":"","stick-header-meta":"","header-above-stick-meta":"","header-main-stick-meta":"","header-below-stick-meta":"","astra-migrate-meta-layouts":"set","ast-page-background-enabled":"default","ast-page-background-meta":{"desktop":{"background-color":"var(--ast-global-color-4)","background-image":"","background-repeat":"repeat","background-position":"center center","background-size":"auto","background-attachment":"scroll","background-type":"","background-media":"","overlay-type":"","overlay-color":"","overlay-opacity":"","overlay-gradient":""},"tablet":{"background-color":"","background-image":"","background-repeat":"repeat","background-position":"center center","background-size":"auto","background-attachment":"scroll","background-type":"","background-media":"","overlay-type":"","overlay-color":"","overlay-opacity":"","overlay-gradient":""},"mobile":{"background-color":"","background-image":"","background-repeat":"repeat","background-position":"center center","background-size":"auto","background-attachment":"scroll","background-type":"","background-media":"","overlay-type":"","overlay-color":"","overlay-opacity":"","overlay-gradient":""}},"ast-content-background-meta":{"desktop":{"background-color":"var(--ast-global-color-5)","background-image":"","background-repeat":"repeat","background-position":"center center","background-size":"auto","background-attachment":"scroll","background-type":"","background-media":"","overlay-type":"","overlay-color":"","overlay-opacity":"","overlay-gradient":""},"tablet":{"background-color":"var(--ast-global-color-5)","background-image":"","background-repeat":"repeat","background-position":"center center","background-size":"auto","background-attachment":"scroll","background-type":"","background-media":"","overlay-type":"","overlay-color":"","overlay-opacity":"","overlay-gradient":""},"mobile":{"background-color":"var(--ast-global-color-5)","background-image":"","background-repeat":"repeat","background-position":"center center","background-size":"auto","background-attachment":"scroll","background-type":"","background-media":"","overlay-type":"","overlay-color":"","overlay-opacity":"","overlay-gradient":""}},"footnotes":""},"class_list":["post-73","page","type-page","status-publish","hentry"],"post_mailing_queue_ids":[],"_links":{"self":[{"href":"https:\/\/agora.xtec.cat\/esc-elspicots\/wp-json\/wp\/v2\/pages\/73","targetHints":{"allow":["GET"]}}],"collection":[{"href":"https:\/\/agora.xtec.cat\/esc-elspicots\/wp-json\/wp\/v2\/pages"}],"about":[{"href":"https:\/\/agora.xtec.cat\/esc-elspicots\/wp-json\/wp\/v2\/types\/page"}],"author":[{"embeddable":true,"href":"https:\/\/agora.xtec.cat\/esc-elspicots\/wp-json\/wp\/v2\/users\/2"}],"replies":[{"embeddable":true,"href":"https:\/\/agora.xtec.cat\/esc-elspicots\/wp-json\/wp\/v2\/comments?post=73"}],"version-history":[{"count":6,"href":"https:\/\/agora.xtec.cat\/esc-elspicots\/wp-json\/wp\/v2\/pages\/73\/revisions"}],"predecessor-version":[{"id":7351,"href":"https:\/\/agora.xtec.cat\/esc-elspicots\/wp-json\/wp\/v2\/pages\/73\/revisions\/7351"}],"up":[{"embeddable":true,"href":"https:\/\/agora.xtec.cat\/esc-elspicots\/wp-json\/wp\/v2\/pages\/237"}],"wp:attachment":[{"href":"https:\/\/agora.xtec.cat\/esc-elspicots\/wp-json\/wp\/v2\/media?parent=73"}],"curies":[{"name":"wp","href":"https:\/\/api.w.org\/{rel}","templated":true}]}}