{"id":7233,"date":"2026-01-19T09:58:29","date_gmt":"2026-01-19T08:58:29","guid":{"rendered":"https:\/\/agora.xtec.cat\/esc-elspicots\/?page_id=7233"},"modified":"2026-03-02T12:11:22","modified_gmt":"2026-03-02T11:11:22","slug":"pla-lector","status":"publish","type":"page","link":"https:\/\/agora.xtec.cat\/esc-elspicots\/projectes\/pla-lector\/","title":{"rendered":"Pla Lector"},"content":{"rendered":"\n<p>El Pla Lector de Centre \u00e9s una proposta educativa que t\u00e9 com a objectiu fomentar l\u2019h\u00e0bit lector i el gust per la lectura entre tot l\u2019alumnat de l\u2019escola. A trav\u00e9s d\u2019activitats variades, moments de lectura di\u00e0ria i projectes interdisciplinaris, treballem perqu\u00e8 llegir esdevingui una experi\u00e8ncia significativa, plaent i compartida.<\/p>\n\n\n\n<p>Aquest curs hem iniciat amb molta il\u00b7lusi\u00f3 el nostre projecte d\u2019apadrinament lector, una activitat que forma part del Pla Lector de l\u2019escola i que implica tots els cursos. Cada divendres a la tarda, de les 15.00 a les 15.30, els padrins i les padrines es troben amb els seus fillols i filloles per compartir una estona de lectura significativa i plena de complicitat.<\/p>\n\n\n\n<p>L\u2019objectiu principal d\u2019aquest apadrinament \u00e9s fomentar el gust per la lectura, potenciar l\u2019expressi\u00f3 oral i crear vincles positius entre l\u2019alumnat de diferents edats. Durant aquestes trobades, proposem diverses activitats que afavoreixen un ambient relaxat i divertit, com ara la <strong>lectura a les fosques<\/strong> amb llanternes, la lectura <strong>per parelles<\/strong>, o moments de narraci\u00f3 lliure on cada infant pot explicar el que ha llegit o recomanar llibres als altres.<\/p>\n\n\n\n<p>Aquest espai setmanal s\u2019ha convertit en un moment molt esperat pels nens i nenes, que viuen la lectura com una experi\u00e8ncia compartida, enriquidora i plena d\u2019aprenentatges.&nbsp;<\/p>\n\n\n\n<p>Amb el Pla Lector de Centre volem formar lectors competents, curiosos i aut\u00f2noms, que gaudeixin del plaer de llegir i que descobreixin el poder transformador dels llibres.<\/p>\n\n\n\n<figure class=\"wp-block-image aligncenter size-full\"><a href=\"https:\/\/agora.xtec.cat\/esc-elspicots\/wp-content\/uploads\/usu453\/2026\/01\/Captura-de-pantalla-2026-01-19-095452.png\"><img loading=\"lazy\" decoding=\"async\" width=\"294\" height=\"395\" src=\"https:\/\/agora.xtec.cat\/esc-elspicots\/wp-content\/uploads\/usu453\/2026\/01\/Captura-de-pantalla-2026-01-19-095452.png\" alt=\"\" class=\"wp-image-7234\" srcset=\"https:\/\/agora.xtec.cat\/esc-elspicots\/wp-content\/uploads\/usu453\/2026\/01\/Captura-de-pantalla-2026-01-19-095452.png 294w, https:\/\/agora.xtec.cat\/esc-elspicots\/wp-content\/uploads\/usu453\/2026\/01\/Captura-de-pantalla-2026-01-19-095452-223x300.png 223w\" sizes=\"auto, (max-width: 294px) 100vw, 294px\" \/><\/a><\/figure>\n","protected":false},"excerpt":{"rendered":"<p>El Pla Lector de Centre \u00e9s una proposta educativa que t\u00e9 com a objectiu fomentar l\u2019h\u00e0bit lector i el gust per la lectura entre tot l\u2019alumnat de l\u2019escola. A trav\u00e9s d\u2019activitats variades, moments de lectura di\u00e0ria i projectes interdisciplinaris, treballem perqu\u00e8 llegir esdevingui una experi\u00e8ncia significativa, plaent i compartida. Aquest curs hem iniciat amb molta [&hellip;]<\/p>\n","protected":false},"author":1,"featured_media":0,"parent":30,"menu_order":3,"comment_status":"closed","ping_status":"closed","template":"","meta":{"_bbp_topic_count":0,"_bbp_reply_count":0,"_bbp_total_topic_count":0,"_bbp_total_reply_count":0,"_bbp_voice_count":0,"_bbp_anonymous_reply_count":0,"_bbp_topic_count_hidden":0,"_bbp_reply_count_hidden":0,"_bbp_forum_subforum_count":0,"site-sidebar-layout":"default","site-content-layout":"","ast-site-content-layout":"default","site-content-style":"default","site-sidebar-style":"default","ast-global-header-display":"","ast-banner-title-visibility":"","ast-main-header-display":"","ast-hfb-above-header-display":"","ast-hfb-below-header-display":"","ast-hfb-mobile-header-display":"","site-post-title":"","ast-breadcrumbs-content":"","ast-featured-img":"","footer-sml-layout":"","theme-transparent-header-meta":"","adv-header-id-meta":"","stick-header-meta":"","header-above-stick-meta":"","header-main-stick-meta":"","header-below-stick-meta":"","astra-migrate-meta-layouts":"set","ast-page-background-enabled":"default","ast-page-background-meta":{"desktop":{"background-color":"var(--ast-global-color-4)","background-image":"","background-repeat":"repeat","background-position":"center center","background-size":"auto","background-attachment":"scroll","background-type":"","background-media":"","overlay-type":"","overlay-color":"","overlay-opacity":"","overlay-gradient":""},"tablet":{"background-color":"","background-image":"","background-repeat":"repeat","background-position":"center center","background-size":"auto","background-attachment":"scroll","background-type":"","background-media":"","overlay-type":"","overlay-color":"","overlay-opacity":"","overlay-gradient":""},"mobile":{"background-color":"","background-image":"","background-repeat":"repeat","background-position":"center center","background-size":"auto","background-attachment":"scroll","background-type":"","background-media":"","overlay-type":"","overlay-color":"","overlay-opacity":"","overlay-gradient":""}},"ast-content-background-meta":{"desktop":{"background-color":"var(--ast-global-color-5)","background-image":"","background-repeat":"repeat","background-position":"center center","background-size":"auto","background-attachment":"scroll","background-type":"","background-media":"","overlay-type":"","overlay-color":"","overlay-opacity":"","overlay-gradient":""},"tablet":{"background-color":"var(--ast-global-color-5)","background-image":"","background-repeat":"repeat","background-position":"center center","background-size":"auto","background-attachment":"scroll","background-type":"","background-media":"","overlay-type":"","overlay-color":"","overlay-opacity":"","overlay-gradient":""},"mobile":{"background-color":"var(--ast-global-color-5)","background-image":"","background-repeat":"repeat","background-position":"center center","background-size":"auto","background-attachment":"scroll","background-type":"","background-media":"","overlay-type":"","overlay-color":"","overlay-opacity":"","overlay-gradient":""}},"footnotes":""},"class_list":["post-7233","page","type-page","status-publish","hentry"],"post_mailing_queue_ids":[],"_links":{"self":[{"href":"https:\/\/agora.xtec.cat\/esc-elspicots\/wp-json\/wp\/v2\/pages\/7233","targetHints":{"allow":["GET"]}}],"collection":[{"href":"https:\/\/agora.xtec.cat\/esc-elspicots\/wp-json\/wp\/v2\/pages"}],"about":[{"href":"https:\/\/agora.xtec.cat\/esc-elspicots\/wp-json\/wp\/v2\/types\/page"}],"author":[{"embeddable":true,"href":"https:\/\/agora.xtec.cat\/esc-elspicots\/wp-json\/wp\/v2\/users\/1"}],"replies":[{"embeddable":true,"href":"https:\/\/agora.xtec.cat\/esc-elspicots\/wp-json\/wp\/v2\/comments?post=7233"}],"version-history":[{"count":1,"href":"https:\/\/agora.xtec.cat\/esc-elspicots\/wp-json\/wp\/v2\/pages\/7233\/revisions"}],"predecessor-version":[{"id":7235,"href":"https:\/\/agora.xtec.cat\/esc-elspicots\/wp-json\/wp\/v2\/pages\/7233\/revisions\/7235"}],"up":[{"embeddable":true,"href":"https:\/\/agora.xtec.cat\/esc-elspicots\/wp-json\/wp\/v2\/pages\/30"}],"wp:attachment":[{"href":"https:\/\/agora.xtec.cat\/esc-elspicots\/wp-json\/wp\/v2\/media?parent=7233"}],"curies":[{"name":"wp","href":"https:\/\/api.w.org\/{rel}","templated":true}]}}