{"id":7229,"date":"2026-01-19T09:52:46","date_gmt":"2026-01-19T08:52:46","guid":{"rendered":"https:\/\/agora.xtec.cat\/esc-elspicots\/?page_id=7229"},"modified":"2026-03-02T12:10:04","modified_gmt":"2026-03-02T11:10:04","slug":"petanca-sense-tanques","status":"publish","type":"page","link":"https:\/\/agora.xtec.cat\/esc-elspicots\/projectes\/petanca-sense-tanques\/","title":{"rendered":"Petanca sense tanques"},"content":{"rendered":"\n<p><strong>Petanca sense tanques<\/strong> \u00e9s una activitat que es va crear des de l\u2019\u00e0rea d\u2019Educaci\u00f3 F\u00edsica per tal d\u2019oferir a l\u2019hora del pati un torneig on infants de diferents cursos poden trobar-se per compartir aquest joc tradicional.&nbsp;<\/p>\n\n\n\n<p>Aquesta activitat es du a terme a finals del segon trimestre i inicis del tercer per tal que hi hagi temps a desenvolupar-lo amb tots els infants que s\u2019inscriuen.\u00a0<\/p>\n\n\n\n<p>Han de tenir en compte que nom\u00e9s es fa a l\u2019estona del pati i no hi ha possibilitat de fer-ho cada dia.&nbsp;<\/p>\n\n\n\n<p>S\u2019establir\u00e0 una graella de participaci\u00f3 i classificaci\u00f3.&nbsp;<\/p>\n\n\n\n<h3 class=\"wp-block-heading\"><strong>Objectius<\/strong> que es plantegen amb aquesta activitat:&nbsp;<\/h3>\n\n\n\n<ul class=\"wp-block-list\">\n<li>Con\u00e8ixer un joc tradicional i les seves normes.\u00a0<\/li>\n<\/ul>\n\n\n\n<ul class=\"wp-block-list\">\n<li>Fomentar la cooperaci\u00f3, el respecte i el joc net.<\/li>\n<\/ul>\n\n\n\n<ul class=\"wp-block-list\">\n<li>Afavorir la participaci\u00f3 inclusiva el joc:<\/li>\n<\/ul>\n\n\n\n<ul class=\"wp-block-list\">\n<li>Garantir que tots els alumnes, independentment del nivell motriu, puguin participar de manera significativa i segura.<\/li>\n<\/ul>\n\n\n\n<ul class=\"wp-block-list\">\n<li>Promoure h\u00e0bits d\u2019activitat f\u00edsica regular i saludable tamb\u00e9 en temps no lectius:<\/li>\n<\/ul>\n\n\n\n<ul class=\"wp-block-list\">\n<li>Fomentar una visi\u00f3 del pati com a espai d\u2019aprenentatge i activitat f\u00edsica\u00a0<\/li>\n<\/ul>\n\n\n\n<p>autogestionada.<\/p>\n\n\n\n<ul class=\"wp-block-list\">\n<li>Respectar i tenir cura del material i de l\u2019espai compartit.<\/li>\n<\/ul>\n\n\n\n<h3 class=\"wp-block-heading\"><strong>Com juguem<\/strong>:<\/h3>\n\n\n\n<ul class=\"wp-block-list\">\n<li>Cada partida dura 5 minuts i es poden fer tantes rondes com doni temps.<\/li>\n<\/ul>\n\n\n\n<ul class=\"wp-block-list\">\n<li>Qui guanyi passar\u00e0 a la seg\u00fcent classificat\u00f2ria amb un altre grup un altre dia. -Jugarem dues persones per equip.<\/li>\n<\/ul>\n\n\n\n<ul class=\"wp-block-list\">\n<li>La semifinal i la final seran de dues rondes cada equip.\u00a0<\/li>\n<\/ul>\n\n\n\n<ul class=\"wp-block-list\">\n<li>Es fan dues classificacions, una que engloba 1r, 2n i 3r, i altra classificat\u00f2ria que engloba 4t, 5\u00e8 i 6\u00e8.\u00a0<\/li>\n<\/ul>\n\n\n\n<ul class=\"wp-block-list\">\n<li>Els equips poden estar formats per integrants de diferents cursos dins la mateixa classificat\u00f2ria; \u00e9s a dir, un de 1r pot fer equip amb un de 3r.\u00a0<\/li>\n<\/ul>\n\n\n\n<h3 class=\"wp-block-heading\">EL JOC:&nbsp;<\/h3>\n\n\n\n<ul class=\"wp-block-list\">\n<li>Els participants es col\u00b7loquen darrere la l\u00ednia de llan\u00e7ament.\u00a0<\/li>\n<\/ul>\n\n\n\n<ul class=\"wp-block-list\">\n<li>Es llen\u00e7a un bolig petit com\u00a0 a m\u00ednim a 4 metres.<\/li>\n<\/ul>\n\n\n\n<ul class=\"wp-block-list\">\n<li>Els jugadors llencen una bola cadasc\u00fa i en ordre de llan\u00e7ament, no tots a la vegada. A continuaci\u00f3 es torna a llan\u00e7ar la segona bola cadasc\u00fa.\u00a0<\/li>\n<\/ul>\n\n\n\n<ul class=\"wp-block-list\">\n<li>La bola que s&#8217;aproxima m\u00e9s al bolig sumar\u00e0 4 punts i la segona m\u00e9s a prop en sumar\u00e0 2.\u00a0<\/li>\n<\/ul>\n\n\n\n<ul class=\"wp-block-list\">\n<li>Farem dues o tres rondes, les que doni temps, se sumaran els punts i l\u2019equip que tingui m\u00e9s punts passa a la seg\u00fcent ronda.<\/li>\n<\/ul>\n\n\n\n<ul class=\"wp-block-list\">\n<li>En cas d\u2019empat es far\u00e0 un altre llan\u00e7ament cadasc\u00fa pel desempat.<\/li>\n<\/ul>\n\n\n\n<figure class=\"wp-block-image aligncenter size-full\"><a href=\"https:\/\/agora.xtec.cat\/esc-elspicots\/wp-content\/uploads\/usu453\/2026\/01\/Captura-de-pantalla-2026-01-19-094226.png\"><img loading=\"lazy\" decoding=\"async\" width=\"694\" height=\"524\" src=\"https:\/\/agora.xtec.cat\/esc-elspicots\/wp-content\/uploads\/usu453\/2026\/01\/Captura-de-pantalla-2026-01-19-094226.png\" alt=\"\" class=\"wp-image-7230\" srcset=\"https:\/\/agora.xtec.cat\/esc-elspicots\/wp-content\/uploads\/usu453\/2026\/01\/Captura-de-pantalla-2026-01-19-094226.png 694w, https:\/\/agora.xtec.cat\/esc-elspicots\/wp-content\/uploads\/usu453\/2026\/01\/Captura-de-pantalla-2026-01-19-094226-300x227.png 300w\" sizes=\"auto, (max-width: 694px) 100vw, 694px\" \/><\/a><\/figure>\n","protected":false},"excerpt":{"rendered":"<p>Petanca sense tanques \u00e9s una activitat que es va crear des de l\u2019\u00e0rea d\u2019Educaci\u00f3 F\u00edsica per tal d\u2019oferir a l\u2019hora del pati un torneig on infants de diferents cursos poden trobar-se per compartir aquest joc tradicional.&nbsp; Aquesta activitat es du a terme a finals del segon trimestre i inicis del tercer per tal que hi [&hellip;]<\/p>\n","protected":false},"author":1,"featured_media":7230,"parent":30,"menu_order":20,"comment_status":"closed","ping_status":"closed","template":"","meta":{"_bbp_topic_count":0,"_bbp_reply_count":0,"_bbp_total_topic_count":0,"_bbp_total_reply_count":0,"_bbp_voice_count":0,"_bbp_anonymous_reply_count":0,"_bbp_topic_count_hidden":0,"_bbp_reply_count_hidden":0,"_bbp_forum_subforum_count":0,"site-sidebar-layout":"default","site-content-layout":"","ast-site-content-layout":"default","site-content-style":"default","site-sidebar-style":"default","ast-global-header-display":"","ast-banner-title-visibility":"","ast-main-header-display":"","ast-hfb-above-header-display":"","ast-hfb-below-header-display":"","ast-hfb-mobile-header-display":"","site-post-title":"","ast-breadcrumbs-content":"","ast-featured-img":"","footer-sml-layout":"","theme-transparent-header-meta":"","adv-header-id-meta":"","stick-header-meta":"","header-above-stick-meta":"","header-main-stick-meta":"","header-below-stick-meta":"","astra-migrate-meta-layouts":"set","ast-page-background-enabled":"default","ast-page-background-meta":{"desktop":{"background-color":"var(--ast-global-color-4)","background-image":"","background-repeat":"repeat","background-position":"center center","background-size":"auto","background-attachment":"scroll","background-type":"","background-media":"","overlay-type":"","overlay-color":"","overlay-opacity":"","overlay-gradient":""},"tablet":{"background-color":"","background-image":"","background-repeat":"repeat","background-position":"center center","background-size":"auto","background-attachment":"scroll","background-type":"","background-media":"","overlay-type":"","overlay-color":"","overlay-opacity":"","overlay-gradient":""},"mobile":{"background-color":"","background-image":"","background-repeat":"repeat","background-position":"center center","background-size":"auto","background-attachment":"scroll","background-type":"","background-media":"","overlay-type":"","overlay-color":"","overlay-opacity":"","overlay-gradient":""}},"ast-content-background-meta":{"desktop":{"background-color":"var(--ast-global-color-5)","background-image":"","background-repeat":"repeat","background-position":"center center","background-size":"auto","background-attachment":"scroll","background-type":"","background-media":"","overlay-type":"","overlay-color":"","overlay-opacity":"","overlay-gradient":""},"tablet":{"background-color":"var(--ast-global-color-5)","background-image":"","background-repeat":"repeat","background-position":"center center","background-size":"auto","background-attachment":"scroll","background-type":"","background-media":"","overlay-type":"","overlay-color":"","overlay-opacity":"","overlay-gradient":""},"mobile":{"background-color":"var(--ast-global-color-5)","background-image":"","background-repeat":"repeat","background-position":"center center","background-size":"auto","background-attachment":"scroll","background-type":"","background-media":"","overlay-type":"","overlay-color":"","overlay-opacity":"","overlay-gradient":""}},"footnotes":""},"class_list":["post-7229","page","type-page","status-publish","has-post-thumbnail","hentry"],"post_mailing_queue_ids":[],"_links":{"self":[{"href":"https:\/\/agora.xtec.cat\/esc-elspicots\/wp-json\/wp\/v2\/pages\/7229","targetHints":{"allow":["GET"]}}],"collection":[{"href":"https:\/\/agora.xtec.cat\/esc-elspicots\/wp-json\/wp\/v2\/pages"}],"about":[{"href":"https:\/\/agora.xtec.cat\/esc-elspicots\/wp-json\/wp\/v2\/types\/page"}],"author":[{"embeddable":true,"href":"https:\/\/agora.xtec.cat\/esc-elspicots\/wp-json\/wp\/v2\/users\/1"}],"replies":[{"embeddable":true,"href":"https:\/\/agora.xtec.cat\/esc-elspicots\/wp-json\/wp\/v2\/comments?post=7229"}],"version-history":[{"count":1,"href":"https:\/\/agora.xtec.cat\/esc-elspicots\/wp-json\/wp\/v2\/pages\/7229\/revisions"}],"predecessor-version":[{"id":7231,"href":"https:\/\/agora.xtec.cat\/esc-elspicots\/wp-json\/wp\/v2\/pages\/7229\/revisions\/7231"}],"up":[{"embeddable":true,"href":"https:\/\/agora.xtec.cat\/esc-elspicots\/wp-json\/wp\/v2\/pages\/30"}],"wp:featuredmedia":[{"embeddable":true,"href":"https:\/\/agora.xtec.cat\/esc-elspicots\/wp-json\/wp\/v2\/media\/7230"}],"wp:attachment":[{"href":"https:\/\/agora.xtec.cat\/esc-elspicots\/wp-json\/wp\/v2\/media?parent=7229"}],"curies":[{"name":"wp","href":"https:\/\/api.w.org\/{rel}","templated":true}]}}