{"id":7227,"date":"2026-01-19T09:37:07","date_gmt":"2026-01-19T08:37:07","guid":{"rendered":"https:\/\/agora.xtec.cat\/esc-elspicots\/?page_id=7227"},"modified":"2026-03-02T11:41:21","modified_gmt":"2026-03-02T10:41:21","slug":"fem-pinya","status":"publish","type":"page","link":"https:\/\/agora.xtec.cat\/esc-elspicots\/projectes\/fem-pinya\/","title":{"rendered":"Fem Pinya"},"content":{"rendered":"\n<p>A l\u2019Escola Els Picots creiem en la for\u00e7a de la comunitat i en el valor d\u2019aprendre amb i dels altres. Els projectes &#8220;Fem Pinya&#8221; neixen amb aquesta mirada: fomentar vincles, afavorir la conviv\u00e8ncia i treballar valors com la cooperaci\u00f3, el respecte, la solidaritat i la cura m\u00fatua.<\/p>\n\n\n\n<p>Cada curs desenvolupa un projecte propi, adaptat a la seva edat i interessos, que connecta l\u2019escola amb la vida del poble i amb les persones que en formen part. D\u2019aquesta manera, aprendre esdev\u00e9 una experi\u00e8ncia viva, significativa i plena de sentit.<\/p>\n\n\n\n<h3 class=\"wp-block-heading\"><strong>I3, I4 i I5 \u2013 <\/strong><strong><em>Fem tribu amb l\u2019IFE<\/em><\/strong><\/h3>\n\n\n\n<p>Els infants d\u2019infantil comparteixen activitats i jocs dinamitzats pels i les adolescents de l\u2019IFE, creant vincles, complicitats i aprenentatges entre generacions.<\/p>\n\n\n\n<h3 class=\"wp-block-heading\"><strong>1r \u2013 <\/strong><strong><em>Amb la gent gran del poble<\/em><\/strong><\/h3>\n\n\n\n<p>Els infants de primer participen en trobades intergeneracionals amb avis i \u00e0vies del municipi. Junts fan jocs, tallers, lectures i activitats que promouen el di\u00e0leg, l\u2019expressi\u00f3 oral i l\u2019empatia. Un projecte entranyable que connecta generacions i enriqueix tothom.<\/p>\n\n\n\n<h3 class=\"wp-block-heading\"><strong>2n \u2013 <\/strong><strong><em>Peluts i Peludes de Lli\u00e7\u00e0<\/em><\/strong><\/h3>\n\n\n\n<p>Col\u00b7laboren amb l\u2019associaci\u00f3 local anomenada Peluts Lli\u00e7\u00e0 treballant el respecte i la responsabilitat envers els animals. A trav\u00e9s de tallers i activitats, els nens i nenes aprenen com cuidar-los, qu\u00e8 necessiten i com podem contribuir al seu benestar.<\/p>\n\n\n\n<h3 class=\"wp-block-heading\"><strong>3r \u2013 <\/strong><strong><em>Cuidem el planeta<\/em><\/strong><\/h3>\n\n\n\n<p>L\u2019alumnat de tercer s\u2019endinsa en el m\u00f3n de la sostenibilitat i la cura del medi ambient. Participen en el projecte <strong>Let\u2019s Clean Up Europe<\/strong>, reflexionen sobre els residus, el reciclatge i les accions que podem fer per tenir un planeta m\u00e9s verd i net.<\/p>\n\n\n\n<h3 class=\"wp-block-heading\"><strong>4t \u2013 <\/strong><strong><em>Fem pinya amb la solidaritat<\/em><\/strong><\/h3>\n\n\n\n<p>A quart, els nens i les nenes organitzen una <strong>recollida d\u2019aliments<\/strong> en col\u00b7laboraci\u00f3 amb entitats socials del municipi que donen suport a persones que ho necessiten. Aquesta activitat, que sovint es fa coincidir amb les festes de Nadal, permet treballar la solidaritat, l\u2019empatia i el comprom\u00eds amb la comunitat.<\/p>\n\n\n\n<h3 class=\"wp-block-heading\"><strong>5\u00e8 \u2013 <\/strong><strong><em>CuEmE: Cultura Emprenedora a l\u2019Escola<\/em><\/strong><\/h3>\n\n\n\n<p>En aquest projecte els infants creen i gestionen dues cooperatives escolars, elaboren productes artesanals i els venen al mercat de Lli\u00e7\u00e0. Els beneficis obtinguts es destinen a entitats socials, fomentant aix\u00ed l\u2019esperit emprenedor, el treball en equip i la responsabilitat social.<\/p>\n\n\n\n<figure class=\"wp-block-image aligncenter size-large is-resized\"><a href=\"https:\/\/agora.xtec.cat\/esc-elspicots\/wp-content\/uploads\/usu453\/2026\/01\/contingut_twitter_cueme_mesa_de_trabajo_1.jpg\"><img loading=\"lazy\" decoding=\"async\" width=\"1024\" height=\"572\" src=\"https:\/\/agora.xtec.cat\/esc-elspicots\/wp-content\/uploads\/usu453\/2026\/01\/contingut_twitter_cueme_mesa_de_trabajo_1-1024x572.jpg\" alt=\"\" class=\"wp-image-7242\" style=\"width:281px;height:auto\" srcset=\"https:\/\/agora.xtec.cat\/esc-elspicots\/wp-content\/uploads\/usu453\/2026\/01\/contingut_twitter_cueme_mesa_de_trabajo_1-1024x572.jpg 1024w, https:\/\/agora.xtec.cat\/esc-elspicots\/wp-content\/uploads\/usu453\/2026\/01\/contingut_twitter_cueme_mesa_de_trabajo_1-300x168.jpg 300w, https:\/\/agora.xtec.cat\/esc-elspicots\/wp-content\/uploads\/usu453\/2026\/01\/contingut_twitter_cueme_mesa_de_trabajo_1-768x429.jpg 768w, https:\/\/agora.xtec.cat\/esc-elspicots\/wp-content\/uploads\/usu453\/2026\/01\/contingut_twitter_cueme_mesa_de_trabajo_1-1536x858.jpg 1536w, https:\/\/agora.xtec.cat\/esc-elspicots\/wp-content\/uploads\/usu453\/2026\/01\/contingut_twitter_cueme_mesa_de_trabajo_1-2048x1144.jpg 2048w\" sizes=\"auto, (max-width: 1024px) 100vw, 1024px\" \/><\/a><\/figure>\n\n\n\n<h3 class=\"wp-block-heading\"><strong>6\u00e8 \u2013 <\/strong><strong><em>Fem pinya amb la Marat\u00f3<\/em><\/strong><\/h3>\n\n\n\n<p>Els i les alumnes de sis\u00e8 col\u00b7laboren amb <strong>La Marat\u00f3 de TV3<\/strong>, organitzant una <strong>caminada solid\u00e0ria<\/strong> oberta a tota la comunitat educativa i al municipi. Amb aquesta iniciativa, promouen la participaci\u00f3, la sensibilitzaci\u00f3 i la solidaritat per una causa comuna que ens uneix a totes i tots.<\/p>\n","protected":false},"excerpt":{"rendered":"<p>A l\u2019Escola Els Picots creiem en la for\u00e7a de la comunitat i en el valor d\u2019aprendre amb i dels altres. Els projectes &#8220;Fem Pinya&#8221; neixen amb aquesta mirada: fomentar vincles, afavorir la conviv\u00e8ncia i treballar valors com la cooperaci\u00f3, el respecte, la solidaritat i la cura m\u00fatua. Cada curs desenvolupa un projecte propi, adaptat a [&hellip;]<\/p>\n","protected":false},"author":1,"featured_media":0,"parent":30,"menu_order":5,"comment_status":"closed","ping_status":"closed","template":"","meta":{"_bbp_topic_count":0,"_bbp_reply_count":0,"_bbp_total_topic_count":0,"_bbp_total_reply_count":0,"_bbp_voice_count":0,"_bbp_anonymous_reply_count":0,"_bbp_topic_count_hidden":0,"_bbp_reply_count_hidden":0,"_bbp_forum_subforum_count":0,"site-sidebar-layout":"default","site-content-layout":"","ast-site-content-layout":"default","site-content-style":"default","site-sidebar-style":"default","ast-global-header-display":"","ast-banner-title-visibility":"","ast-main-header-display":"","ast-hfb-above-header-display":"","ast-hfb-below-header-display":"","ast-hfb-mobile-header-display":"","site-post-title":"","ast-breadcrumbs-content":"","ast-featured-img":"","footer-sml-layout":"","theme-transparent-header-meta":"","adv-header-id-meta":"","stick-header-meta":"","header-above-stick-meta":"","header-main-stick-meta":"","header-below-stick-meta":"","astra-migrate-meta-layouts":"set","ast-page-background-enabled":"default","ast-page-background-meta":{"desktop":{"background-color":"var(--ast-global-color-4)","background-image":"","background-repeat":"repeat","background-position":"center center","background-size":"auto","background-attachment":"scroll","background-type":"","background-media":"","overlay-type":"","overlay-color":"","overlay-opacity":"","overlay-gradient":""},"tablet":{"background-color":"","background-image":"","background-repeat":"repeat","background-position":"center center","background-size":"auto","background-attachment":"scroll","background-type":"","background-media":"","overlay-type":"","overlay-color":"","overlay-opacity":"","overlay-gradient":""},"mobile":{"background-color":"","background-image":"","background-repeat":"repeat","background-position":"center center","background-size":"auto","background-attachment":"scroll","background-type":"","background-media":"","overlay-type":"","overlay-color":"","overlay-opacity":"","overlay-gradient":""}},"ast-content-background-meta":{"desktop":{"background-color":"var(--ast-global-color-5)","background-image":"","background-repeat":"repeat","background-position":"center center","background-size":"auto","background-attachment":"scroll","background-type":"","background-media":"","overlay-type":"","overlay-color":"","overlay-opacity":"","overlay-gradient":""},"tablet":{"background-color":"var(--ast-global-color-5)","background-image":"","background-repeat":"repeat","background-position":"center center","background-size":"auto","background-attachment":"scroll","background-type":"","background-media":"","overlay-type":"","overlay-color":"","overlay-opacity":"","overlay-gradient":""},"mobile":{"background-color":"var(--ast-global-color-5)","background-image":"","background-repeat":"repeat","background-position":"center center","background-size":"auto","background-attachment":"scroll","background-type":"","background-media":"","overlay-type":"","overlay-color":"","overlay-opacity":"","overlay-gradient":""}},"footnotes":""},"class_list":["post-7227","page","type-page","status-publish","hentry"],"post_mailing_queue_ids":[],"_links":{"self":[{"href":"https:\/\/agora.xtec.cat\/esc-elspicots\/wp-json\/wp\/v2\/pages\/7227","targetHints":{"allow":["GET"]}}],"collection":[{"href":"https:\/\/agora.xtec.cat\/esc-elspicots\/wp-json\/wp\/v2\/pages"}],"about":[{"href":"https:\/\/agora.xtec.cat\/esc-elspicots\/wp-json\/wp\/v2\/types\/page"}],"author":[{"embeddable":true,"href":"https:\/\/agora.xtec.cat\/esc-elspicots\/wp-json\/wp\/v2\/users\/1"}],"replies":[{"embeddable":true,"href":"https:\/\/agora.xtec.cat\/esc-elspicots\/wp-json\/wp\/v2\/comments?post=7227"}],"version-history":[{"count":2,"href":"https:\/\/agora.xtec.cat\/esc-elspicots\/wp-json\/wp\/v2\/pages\/7227\/revisions"}],"predecessor-version":[{"id":7243,"href":"https:\/\/agora.xtec.cat\/esc-elspicots\/wp-json\/wp\/v2\/pages\/7227\/revisions\/7243"}],"up":[{"embeddable":true,"href":"https:\/\/agora.xtec.cat\/esc-elspicots\/wp-json\/wp\/v2\/pages\/30"}],"wp:attachment":[{"href":"https:\/\/agora.xtec.cat\/esc-elspicots\/wp-json\/wp\/v2\/media?parent=7227"}],"curies":[{"name":"wp","href":"https:\/\/api.w.org\/{rel}","templated":true}]}}