{"id":717,"date":"2015-11-05T17:08:06","date_gmt":"2015-11-05T16:08:06","guid":{"rendered":"http:\/\/agora.xtec.cat\/esc-elspicots\/?page_id=717"},"modified":"2025-09-01T17:22:32","modified_gmt":"2025-09-01T15:22:32","slug":"carrecs","status":"publish","type":"page","link":"https:\/\/agora.xtec.cat\/esc-elspicots\/lescola\/carrecs\/","title":{"rendered":"C\u00e0rrecs"},"content":{"rendered":"<p><strong>C\u00c0RRECS CURS 2025-2026<\/strong><\/p>\n<table>\n<tbody>\n<tr>\n<td>\n<table style=\"width: 600px;\">\n<tbody>\n<tr style=\"height: 40px;\">\n<td style=\"height: 40px; width: 144px;\"><strong>DIRECCI\u00d3<\/strong><\/td>\n<td style=\"height: 40px; width: 156px;\">Gina<\/td>\n<td style=\"height: 40px; width: 159px;\"><strong>COORDINACI\u00d3 RISCOS LABORALS<\/strong><\/td>\n<td style=\"height: 40px; width: 129px;\">Hector<\/td>\n<\/tr>\n<tr style=\"height: 40px;\">\n<td style=\"height: 40px; width: 144px;\"><strong>CAP D\u2019ESTUDIS<\/strong><\/td>\n<td style=\"height: 40px; width: 156px;\">Mel<\/td>\n<td style=\"height: 40px; width: 159px;\"><strong>COORDINACI\u00d3 LIC i BIBLIOTECA<\/strong><\/td>\n<td style=\"height: 40px; width: 129px;\">\u00a0Alba<\/td>\n<\/tr>\n<tr style=\"height: 27px;\">\n<td style=\"height: 27px; width: 144px;\"><strong>SECRETARIA<\/strong><\/td>\n<td style=\"height: 27px; width: 156px;\">Santi<\/td>\n<td style=\"height: 27px; width: 159px;\"><strong>PSIC\u00d2LOGA MUNICIPAL<\/strong><\/td>\n<td style=\"height: 27px; width: 129px;\">Sara J.<\/td>\n<\/tr>\n<tr style=\"height: 27px;\">\n<td style=\"height: 27px; width: 144px;\"><strong>COORDINACI\u00d3 COMUNITAT PETITS\/ES<\/strong><\/td>\n<td style=\"height: 27px; width: 156px;\">Laura<\/td>\n<td style=\"height: 27px; width: 159px;\"><strong>PSIC\u00d2LOGA EAP <\/strong><\/td>\n<td style=\"height: 27px; width: 129px;\">Carme<\/td>\n<\/tr>\n<tr style=\"height: 27px;\">\n<td style=\"height: 27px; width: 144px;\"><strong>COORDINACI\u00d3 COMUNITAT MITJANS\/ES I ART<\/strong><\/td>\n<td style=\"height: 27px; width: 156px;\">Ruth<\/td>\n<td style=\"height: 27px; width: 159px;\"><strong>LOGOPEDA CREDA <\/strong><\/td>\n<td style=\"height: 27px; width: 129px;\">Montse G.<\/td>\n<\/tr>\n<tr style=\"height: 40px;\">\n<td style=\"height: 40px; width: 144px;\"><strong>COORDINACI\u00d3 COMUNITAT DE GRANS<\/strong><\/td>\n<td style=\"height: 40px; width: 156px;\">Yolanda<\/td>\n<td style=\"height: 40px; width: 159px;\"><strong>MESTRA SIEI<\/strong><\/td>\n<td style=\"height: 40px; width: 129px;\">Yolanda<\/td>\n<\/tr>\n<tr style=\"height: 27px;\">\n<td style=\"height: 27px; width: 144px;\"><strong>COORDINACI\u00d3 BIBLIOTECA<\/strong><\/td>\n<td style=\"height: 27px; width: 156px;\">Montse M. i Jeni<\/td>\n<td style=\"height: 27px; width: 159px;\"><strong>EDUCADORA SIEI<\/strong><\/td>\n<td style=\"height: 27px; width: 129px;\">Ana\u00efs \/<\/td>\n<\/tr>\n<tr style=\"height: 27px;\">\n<td style=\"height: 27px; width: 144px;\"><strong>COORDINACI\u00d3 DIGITAL<\/strong><\/td>\n<td style=\"height: 27px; width: 156px;\">Jordi<\/td>\n<td style=\"height: 27px; width: 159px;\"><strong>VETLLADORA<\/strong><\/td>\n<td style=\"height: 27px; width: 129px;\">Isa<\/td>\n<\/tr>\n<tr style=\"height: 40px;\">\n<td style=\"height: 40px; width: 144px;\"><strong>TREBALLADORA SOCIAL EAP<\/strong><\/td>\n<td style=\"height: 40px; width: 156px;\"><\/td>\n<td style=\"height: 40px; width: 159px;\"><strong>TEI<\/strong><\/td>\n<td style=\"height: 40px; width: 129px;\">Olga<\/td>\n<\/tr>\n<tr style=\"height: 27px;\">\n<td style=\"height: 27px; width: 300px;\" colspan=\"2\"><strong>ADMINISTRATIVA<\/strong><\/td>\n<td style=\"height: 27px; width: 288px;\" colspan=\"2\">Encarni<\/td>\n<\/tr>\n<tr style=\"height: 27px;\">\n<td style=\"height: 27px; width: 300px;\" colspan=\"2\"><strong>CONSERGE<\/strong><\/td>\n<td style=\"height: 27px; width: 288px;\" colspan=\"2\">Cristian<\/td>\n<\/tr>\n<tr style=\"height: 40px;\">\n<td style=\"height: 40px; width: 300px;\" colspan=\"2\"><strong>RESPONSABLE MENJADOR<\/strong><\/td>\n<td style=\"height: 40px; width: 288px;\" colspan=\"2\">Agatha<\/td>\n<\/tr>\n<\/tbody>\n<\/table>\n<\/td>\n<\/tr>\n<\/tbody>\n<\/table>\n","protected":false},"excerpt":{"rendered":"<p>C\u00c0RRECS CURS 2025-2026 DIRECCI\u00d3 Gina COORDINACI\u00d3 RISCOS LABORALS Hector CAP D\u2019ESTUDIS Mel COORDINACI\u00d3 LIC i BIBLIOTECA \u00a0Alba SECRETARIA Santi PSIC\u00d2LOGA MUNICIPAL Sara J. COORDINACI\u00d3 COMUNITAT PETITS\/ES Laura PSIC\u00d2LOGA EAP Carme COORDINACI\u00d3 COMUNITAT MITJANS\/ES I ART Ruth LOGOPEDA CREDA Montse G. COORDINACI\u00d3 COMUNITAT DE GRANS Yolanda MESTRA SIEI Yolanda COORDINACI\u00d3 BIBLIOTECA Montse M. i Jeni EDUCADORA [&hellip;]<\/p>\n","protected":false},"author":1,"featured_media":0,"parent":342,"menu_order":100,"comment_status":"closed","ping_status":"closed","template":"page-templates\/side-menu.php","meta":{"_bbp_topic_count":0,"_bbp_reply_count":0,"_bbp_total_topic_count":0,"_bbp_total_reply_count":0,"_bbp_voice_count":0,"_bbp_anonymous_reply_count":0,"_bbp_topic_count_hidden":0,"_bbp_reply_count_hidden":0,"_bbp_forum_subforum_count":0,"site-sidebar-layout":"default","site-content-layout":"","ast-site-content-layout":"","site-content-style":"default","site-sidebar-style":"default","ast-global-header-display":"","ast-banner-title-visibility":"","ast-main-header-display":"","ast-hfb-above-header-display":"","ast-hfb-below-header-display":"","ast-hfb-mobile-header-display":"","site-post-title":"","ast-breadcrumbs-content":"","ast-featured-img":"","footer-sml-layout":"","theme-transparent-header-meta":"","adv-header-id-meta":"","stick-header-meta":"","header-above-stick-meta":"","header-main-stick-meta":"","header-below-stick-meta":"","astra-migrate-meta-layouts":"default","ast-page-background-enabled":"default","ast-page-background-meta":{"desktop":{"background-color":"var(--ast-global-color-4)","background-image":"","background-repeat":"repeat","background-position":"center center","background-size":"auto","background-attachment":"scroll","background-type":"","background-media":"","overlay-type":"","overlay-color":"","overlay-opacity":"","overlay-gradient":""},"tablet":{"background-color":"","background-image":"","background-repeat":"repeat","background-position":"center center","background-size":"auto","background-attachment":"scroll","background-type":"","background-media":"","overlay-type":"","overlay-color":"","overlay-opacity":"","overlay-gradient":""},"mobile":{"background-color":"","background-image":"","background-repeat":"repeat","background-position":"center center","background-size":"auto","background-attachment":"scroll","background-type":"","background-media":"","overlay-type":"","overlay-color":"","overlay-opacity":"","overlay-gradient":""}},"ast-content-background-meta":{"desktop":{"background-color":"var(--ast-global-color-5)","background-image":"","background-repeat":"repeat","background-position":"center center","background-size":"auto","background-attachment":"scroll","background-type":"","background-media":"","overlay-type":"","overlay-color":"","overlay-opacity":"","overlay-gradient":""},"tablet":{"background-color":"var(--ast-global-color-5)","background-image":"","background-repeat":"repeat","background-position":"center center","background-size":"auto","background-attachment":"scroll","background-type":"","background-media":"","overlay-type":"","overlay-color":"","overlay-opacity":"","overlay-gradient":""},"mobile":{"background-color":"var(--ast-global-color-5)","background-image":"","background-repeat":"repeat","background-position":"center center","background-size":"auto","background-attachment":"scroll","background-type":"","background-media":"","overlay-type":"","overlay-color":"","overlay-opacity":"","overlay-gradient":""}},"footnotes":""},"class_list":["post-717","page","type-page","status-publish","hentry"],"post_mailing_queue_ids":[],"_links":{"self":[{"href":"https:\/\/agora.xtec.cat\/esc-elspicots\/wp-json\/wp\/v2\/pages\/717","targetHints":{"allow":["GET"]}}],"collection":[{"href":"https:\/\/agora.xtec.cat\/esc-elspicots\/wp-json\/wp\/v2\/pages"}],"about":[{"href":"https:\/\/agora.xtec.cat\/esc-elspicots\/wp-json\/wp\/v2\/types\/page"}],"author":[{"embeddable":true,"href":"https:\/\/agora.xtec.cat\/esc-elspicots\/wp-json\/wp\/v2\/users\/1"}],"replies":[{"embeddable":true,"href":"https:\/\/agora.xtec.cat\/esc-elspicots\/wp-json\/wp\/v2\/comments?post=717"}],"version-history":[{"count":5,"href":"https:\/\/agora.xtec.cat\/esc-elspicots\/wp-json\/wp\/v2\/pages\/717\/revisions"}],"predecessor-version":[{"id":6931,"href":"https:\/\/agora.xtec.cat\/esc-elspicots\/wp-json\/wp\/v2\/pages\/717\/revisions\/6931"}],"up":[{"embeddable":true,"href":"https:\/\/agora.xtec.cat\/esc-elspicots\/wp-json\/wp\/v2\/pages\/342"}],"wp:attachment":[{"href":"https:\/\/agora.xtec.cat\/esc-elspicots\/wp-json\/wp\/v2\/media?parent=717"}],"curies":[{"name":"wp","href":"https:\/\/api.w.org\/{rel}","templated":true}]}}