{"id":7166,"date":"2025-11-29T12:53:37","date_gmt":"2025-11-29T11:53:37","guid":{"rendered":"https:\/\/agora.xtec.cat\/esc-elspicots\/?page_id=7166"},"modified":"2026-03-02T11:42:39","modified_gmt":"2026-03-02T10:42:39","slug":"timbre-musical","status":"publish","type":"page","link":"https:\/\/agora.xtec.cat\/esc-elspicots\/projectes\/timbre-musical\/","title":{"rendered":"Timbre musical"},"content":{"rendered":"\n<p>Des del 2017 la nostra escola va apostar per fer un canvi en la megafonia de l&#8217;escola amb l&#8217;ampliaci\u00f3 d&#8217;altaveus tant d&#8217;interior com d&#8217;exterior i l&#8217;\u00fas del programari espec\u00edfic per posar-hi m\u00fasica en lloc del tradicional timbre.<\/p>\n\n\n\n<p>Des d&#8217;aleshores i cada setmana, posem can\u00e7ons per les entrades i sortides de l&#8217;escola com tamb\u00e9 quan \u00e9s l&#8217;hora del pati.<\/p>\n\n\n\n<p>Sonen can\u00e7ons infantils i juvenils, algunes can\u00e7ons m\u00edtiques, grups hist\u00f2rics i d&#8217;altres actuals, bandes sonores, per projectes d&#8217;escola, per alguna celebraci\u00f3 com la Castanyada, Halloween, Sant Jordi, Carnaval&#8230; tem\u00e0tiques per estacions de l&#8217;any, per temes reinvidicatius: DENIP (dia escolar de la no viol\u00e8ncia i de la Pau), el Dia Internacional per a l&#8217;Eliminaci\u00f3 de la Viol\u00e8ncia evers les Dones, etc.<\/p>\n\n\n\n<p>A m\u00e9s d&#8217;una entrada i sortida m\u00e9s relaxada, amb un clima molt agradable i motivador, l&#8217;objectiu tamb\u00e9 \u00e9s que els infants tinguin m\u00e9s cultura musical, amb can\u00e7ons cantades en diferents idiomes, on es treballa tamb\u00e9 l&#8217;escolta, l&#8217;an\u00e0lisi de la lletra, etc.<\/p>\n\n\n\n<p>Per escollir les can\u00e7ons que sonen al timbre musical, es fa una tria exhaustiva on es descarten aquelles can\u00e7ons que continguin paraules malsonants, amb car\u00e0cter sexista o racista, entre altres.<\/p>\n\n\n\n<p>Tant els infants com les fam\u00edlies de l&#8217;escola podeu fer-nos arribar les vostres propostes musicals a trav\u00e9s del correu electr\u00f2nic\u00a0<strong><a href=\"mailto:timbremusical@escolaelspicots.cat\" target=\"_blank\" rel=\"noreferrer noopener\">timbremusical@escolaelspicots.cat<\/a>.<\/strong>Les can\u00e7ons poden formar part de qualsevol estil o g\u00e8nere\u00a0musical, per\u00f2\u00a0cal que siguin aptes per ser escoltades al centre educatiu. Tamb\u00e9 podeu fer la vostra demanda perqu\u00e8 soni un dia o en un moment concret. Us animeu? Som-hi!<\/p>\n\n\n\n<p><\/p>\n","protected":false},"excerpt":{"rendered":"<p>Des del 2017 la nostra escola va apostar per fer un canvi en la megafonia de l&#8217;escola amb l&#8217;ampliaci\u00f3 d&#8217;altaveus tant d&#8217;interior com d&#8217;exterior i l&#8217;\u00fas del programari espec\u00edfic per posar-hi m\u00fasica en lloc del tradicional timbre. Des d&#8217;aleshores i cada setmana, posem can\u00e7ons per les entrades i sortides de l&#8217;escola com tamb\u00e9 quan \u00e9s [&hellip;]<\/p>\n","protected":false},"author":1,"featured_media":0,"parent":30,"menu_order":10,"comment_status":"closed","ping_status":"closed","template":"","meta":{"_bbp_topic_count":0,"_bbp_reply_count":0,"_bbp_total_topic_count":0,"_bbp_total_reply_count":0,"_bbp_voice_count":0,"_bbp_anonymous_reply_count":0,"_bbp_topic_count_hidden":0,"_bbp_reply_count_hidden":0,"_bbp_forum_subforum_count":0,"site-sidebar-layout":"default","site-content-layout":"","ast-site-content-layout":"default","site-content-style":"default","site-sidebar-style":"default","ast-global-header-display":"","ast-banner-title-visibility":"","ast-main-header-display":"","ast-hfb-above-header-display":"","ast-hfb-below-header-display":"","ast-hfb-mobile-header-display":"","site-post-title":"","ast-breadcrumbs-content":"","ast-featured-img":"","footer-sml-layout":"","theme-transparent-header-meta":"","adv-header-id-meta":"","stick-header-meta":"","header-above-stick-meta":"","header-main-stick-meta":"","header-below-stick-meta":"","astra-migrate-meta-layouts":"set","ast-page-background-enabled":"default","ast-page-background-meta":{"desktop":{"background-color":"var(--ast-global-color-4)","background-image":"","background-repeat":"repeat","background-position":"center center","background-size":"auto","background-attachment":"scroll","background-type":"","background-media":"","overlay-type":"","overlay-color":"","overlay-opacity":"","overlay-gradient":""},"tablet":{"background-color":"","background-image":"","background-repeat":"repeat","background-position":"center center","background-size":"auto","background-attachment":"scroll","background-type":"","background-media":"","overlay-type":"","overlay-color":"","overlay-opacity":"","overlay-gradient":""},"mobile":{"background-color":"","background-image":"","background-repeat":"repeat","background-position":"center center","background-size":"auto","background-attachment":"scroll","background-type":"","background-media":"","overlay-type":"","overlay-color":"","overlay-opacity":"","overlay-gradient":""}},"ast-content-background-meta":{"desktop":{"background-color":"var(--ast-global-color-5)","background-image":"","background-repeat":"repeat","background-position":"center center","background-size":"auto","background-attachment":"scroll","background-type":"","background-media":"","overlay-type":"","overlay-color":"","overlay-opacity":"","overlay-gradient":""},"tablet":{"background-color":"var(--ast-global-color-5)","background-image":"","background-repeat":"repeat","background-position":"center center","background-size":"auto","background-attachment":"scroll","background-type":"","background-media":"","overlay-type":"","overlay-color":"","overlay-opacity":"","overlay-gradient":""},"mobile":{"background-color":"var(--ast-global-color-5)","background-image":"","background-repeat":"repeat","background-position":"center center","background-size":"auto","background-attachment":"scroll","background-type":"","background-media":"","overlay-type":"","overlay-color":"","overlay-opacity":"","overlay-gradient":""}},"footnotes":""},"class_list":["post-7166","page","type-page","status-publish","hentry"],"post_mailing_queue_ids":[],"_links":{"self":[{"href":"https:\/\/agora.xtec.cat\/esc-elspicots\/wp-json\/wp\/v2\/pages\/7166","targetHints":{"allow":["GET"]}}],"collection":[{"href":"https:\/\/agora.xtec.cat\/esc-elspicots\/wp-json\/wp\/v2\/pages"}],"about":[{"href":"https:\/\/agora.xtec.cat\/esc-elspicots\/wp-json\/wp\/v2\/types\/page"}],"author":[{"embeddable":true,"href":"https:\/\/agora.xtec.cat\/esc-elspicots\/wp-json\/wp\/v2\/users\/1"}],"replies":[{"embeddable":true,"href":"https:\/\/agora.xtec.cat\/esc-elspicots\/wp-json\/wp\/v2\/comments?post=7166"}],"version-history":[{"count":1,"href":"https:\/\/agora.xtec.cat\/esc-elspicots\/wp-json\/wp\/v2\/pages\/7166\/revisions"}],"predecessor-version":[{"id":7167,"href":"https:\/\/agora.xtec.cat\/esc-elspicots\/wp-json\/wp\/v2\/pages\/7166\/revisions\/7167"}],"up":[{"embeddable":true,"href":"https:\/\/agora.xtec.cat\/esc-elspicots\/wp-json\/wp\/v2\/pages\/30"}],"wp:attachment":[{"href":"https:\/\/agora.xtec.cat\/esc-elspicots\/wp-json\/wp\/v2\/media?parent=7166"}],"curies":[{"name":"wp","href":"https:\/\/api.w.org\/{rel}","templated":true}]}}