{"id":7162,"date":"2025-11-29T11:59:03","date_gmt":"2025-11-29T10:59:03","guid":{"rendered":"https:\/\/agora.xtec.cat\/esc-elspicots\/?page_id=7162"},"modified":"2026-03-02T11:40:49","modified_gmt":"2026-03-02T10:40:49","slug":"biblioteca","status":"publish","type":"page","link":"https:\/\/agora.xtec.cat\/esc-elspicots\/projectes\/biblioteca\/","title":{"rendered":"Biblioteca"},"content":{"rendered":"\n<p>Divendres 24 d\u2019octubre del 2025 es va celebrar el Dia Internacional de les Biblioteques. Aprofitant aquesta data tan especial, hem inaugurat la nostra nova Biblioteca Picotina aix\u00ed com el servei de pr\u00e9stec de llibres. L\u2019objectiu principal de la Biblioteca Picotina \u00e9s fomentar el gust per la lectura a trav\u00e9s de diverses propostes i activitats que conviden els infants a gaudir de la m\u00e0gia dels llibres i endinsar-se en el m\u00f3n de la fantasia. Algunes d\u2019aquestes propostes s\u00f3n:\u00a0<\/p>\n\n\n\n<ul class=\"wp-block-list\">\n<li><strong>Racons literaris:<\/strong> s\u00f3n petits espais que serveixen per acostar la literatura als infants d\u2019una manera vivencial i significativa, tot treballant temes propers o necessaris del dia a dia a trav\u00e9s dels llibres.<\/li>\n<\/ul>\n\n\n\n<ul class=\"wp-block-list\">\n<li><strong>Col\u00b7leccions:<\/strong> les tenim perqu\u00e8 els infants les puguin llegir i seguir les aventures o viv\u00e8ncies d\u2019un personatge. Engresquen a continuar llegint i es converteixen en petits reptes literaris per descobrir qu\u00e8 passar\u00e0 a la hist\u00f2ria. A m\u00e9s, intentem tenir sempre les col\u00b7leccions m\u00e9s actuals perqu\u00e8 puguin gaudir de les novetats.<\/li>\n<\/ul>\n\n\n\n<ul class=\"wp-block-list\">\n<li><strong>Bibliopati:<\/strong> \u00e9s un espai que obrim tres dies a la setmana perqu\u00e8 l\u2019alumnat pugui gaudir dels llibres durant l\u2019estona del pati. Durant aquest moment tamb\u00e9 oferim el servei de pr\u00e9stec, aix\u00ed que poden endur-se llibres a casa. Hi pot venir tot l\u2019alumnat de 1r a 6\u00e8 que tingui ganes de llegir, descobrir hist\u00f2ries i passar una bona estona entre llibres. Al bibliopati tamb\u00e9 poden enregistrar les seves lectures en el passaport lector.<\/li>\n<\/ul>\n\n\n\n<ul class=\"wp-block-list\">\n<li><strong>Prestatge de mestres:<\/strong> \u00e9s un espai on els mestres poden trobar llibres per gaudir de la lectura i tenir literatura sempre a l\u2019abast. El prestatge ens recorda que som models lectors per a l\u2019alumnat, inspirant-los a descobrir i gaudir dels llibres.<\/li>\n<\/ul>\n\n\n\n<ul class=\"wp-block-list\">\n<li><strong>Bustia liter\u00e0ria: <\/strong>l\u2019alumnat pot deixar suggeriments de llibres que li agradaria trobar a la Biblioteca Picotina. Aix\u00ed podem con\u00e8ixer els seus gustos i intentar que la biblioteca tingui sempre llibres que els interessin i els agradin.<\/li>\n<\/ul>\n\n\n\n<figure class=\"wp-block-gallery has-nested-images columns-default is-cropped wp-block-gallery-1 is-layout-flex wp-block-gallery-is-layout-flex\">\n<figure class=\"wp-block-image size-large\"><a href=\"https:\/\/agora.xtec.cat\/esc-elspicots\/wp-content\/uploads\/usu453\/2026\/01\/IMG-20251030-WA0011.jpg\"><img loading=\"lazy\" decoding=\"async\" width=\"768\" height=\"1024\" data-id=\"7222\" src=\"https:\/\/agora.xtec.cat\/esc-elspicots\/wp-content\/uploads\/usu453\/2026\/01\/IMG-20251030-WA0011-768x1024.jpg\" alt=\"\" class=\"wp-image-7222\" srcset=\"https:\/\/agora.xtec.cat\/esc-elspicots\/wp-content\/uploads\/usu453\/2026\/01\/IMG-20251030-WA0011-768x1024.jpg 768w, https:\/\/agora.xtec.cat\/esc-elspicots\/wp-content\/uploads\/usu453\/2026\/01\/IMG-20251030-WA0011-225x300.jpg 225w, https:\/\/agora.xtec.cat\/esc-elspicots\/wp-content\/uploads\/usu453\/2026\/01\/IMG-20251030-WA0011-1152x1536.jpg 1152w, https:\/\/agora.xtec.cat\/esc-elspicots\/wp-content\/uploads\/usu453\/2026\/01\/IMG-20251030-WA0011.jpg 1200w\" sizes=\"auto, (max-width: 768px) 100vw, 768px\" \/><\/a><\/figure>\n\n\n\n<figure class=\"wp-block-image size-large\"><a href=\"https:\/\/agora.xtec.cat\/esc-elspicots\/wp-content\/uploads\/usu453\/2026\/01\/IMG-20251030-WA0010.jpg\"><img loading=\"lazy\" decoding=\"async\" width=\"768\" height=\"1024\" data-id=\"7221\" src=\"https:\/\/agora.xtec.cat\/esc-elspicots\/wp-content\/uploads\/usu453\/2026\/01\/IMG-20251030-WA0010-768x1024.jpg\" alt=\"\" class=\"wp-image-7221\" srcset=\"https:\/\/agora.xtec.cat\/esc-elspicots\/wp-content\/uploads\/usu453\/2026\/01\/IMG-20251030-WA0010-768x1024.jpg 768w, https:\/\/agora.xtec.cat\/esc-elspicots\/wp-content\/uploads\/usu453\/2026\/01\/IMG-20251030-WA0010-225x300.jpg 225w, https:\/\/agora.xtec.cat\/esc-elspicots\/wp-content\/uploads\/usu453\/2026\/01\/IMG-20251030-WA0010-1152x1536.jpg 1152w, https:\/\/agora.xtec.cat\/esc-elspicots\/wp-content\/uploads\/usu453\/2026\/01\/IMG-20251030-WA0010.jpg 1200w\" sizes=\"auto, (max-width: 768px) 100vw, 768px\" \/><\/a><\/figure>\n<\/figure>\n\n\n\n<figure class=\"wp-block-gallery has-nested-images columns-default is-cropped wp-block-gallery-2 is-layout-flex wp-block-gallery-is-layout-flex\">\n<figure class=\"wp-block-image size-large\"><a href=\"https:\/\/agora.xtec.cat\/esc-elspicots\/wp-content\/uploads\/usu453\/2026\/01\/IMG-20251030-WA0013.jpg\"><img loading=\"lazy\" decoding=\"async\" width=\"1024\" height=\"932\" data-id=\"7224\" src=\"https:\/\/agora.xtec.cat\/esc-elspicots\/wp-content\/uploads\/usu453\/2026\/01\/IMG-20251030-WA0013-1024x932.jpg\" alt=\"\" class=\"wp-image-7224\" srcset=\"https:\/\/agora.xtec.cat\/esc-elspicots\/wp-content\/uploads\/usu453\/2026\/01\/IMG-20251030-WA0013-1024x932.jpg 1024w, https:\/\/agora.xtec.cat\/esc-elspicots\/wp-content\/uploads\/usu453\/2026\/01\/IMG-20251030-WA0013-300x273.jpg 300w, https:\/\/agora.xtec.cat\/esc-elspicots\/wp-content\/uploads\/usu453\/2026\/01\/IMG-20251030-WA0013-768x699.jpg 768w, https:\/\/agora.xtec.cat\/esc-elspicots\/wp-content\/uploads\/usu453\/2026\/01\/IMG-20251030-WA0013-1536x1398.jpg 1536w, https:\/\/agora.xtec.cat\/esc-elspicots\/wp-content\/uploads\/usu453\/2026\/01\/IMG-20251030-WA0013.jpg 2048w\" sizes=\"auto, (max-width: 1024px) 100vw, 1024px\" \/><\/a><\/figure>\n\n\n\n<figure class=\"wp-block-image size-large\"><a href=\"https:\/\/agora.xtec.cat\/esc-elspicots\/wp-content\/uploads\/usu453\/2026\/01\/IMG-20251030-WA0012.jpg\"><img loading=\"lazy\" decoding=\"async\" width=\"576\" height=\"1024\" data-id=\"7223\" src=\"https:\/\/agora.xtec.cat\/esc-elspicots\/wp-content\/uploads\/usu453\/2026\/01\/IMG-20251030-WA0012-576x1024.jpg\" alt=\"\" class=\"wp-image-7223\" srcset=\"https:\/\/agora.xtec.cat\/esc-elspicots\/wp-content\/uploads\/usu453\/2026\/01\/IMG-20251030-WA0012-576x1024.jpg 576w, https:\/\/agora.xtec.cat\/esc-elspicots\/wp-content\/uploads\/usu453\/2026\/01\/IMG-20251030-WA0012-169x300.jpg 169w, https:\/\/agora.xtec.cat\/esc-elspicots\/wp-content\/uploads\/usu453\/2026\/01\/IMG-20251030-WA0012-768x1365.jpg 768w, https:\/\/agora.xtec.cat\/esc-elspicots\/wp-content\/uploads\/usu453\/2026\/01\/IMG-20251030-WA0012-864x1536.jpg 864w, https:\/\/agora.xtec.cat\/esc-elspicots\/wp-content\/uploads\/usu453\/2026\/01\/IMG-20251030-WA0012.jpg 900w\" sizes=\"auto, (max-width: 576px) 100vw, 576px\" \/><\/a><\/figure>\n<\/figure>\n","protected":false},"excerpt":{"rendered":"<p>Divendres 24 d\u2019octubre del 2025 es va celebrar el Dia Internacional de les Biblioteques. Aprofitant aquesta data tan especial, hem inaugurat la nostra nova Biblioteca Picotina aix\u00ed com el servei de pr\u00e9stec de llibres. L\u2019objectiu principal de la Biblioteca Picotina \u00e9s fomentar el gust per la lectura a trav\u00e9s de diverses propostes i activitats que [&hellip;]<\/p>\n","protected":false},"author":1,"featured_media":0,"parent":30,"menu_order":3,"comment_status":"closed","ping_status":"closed","template":"","meta":{"_bbp_topic_count":0,"_bbp_reply_count":0,"_bbp_total_topic_count":0,"_bbp_total_reply_count":0,"_bbp_voice_count":0,"_bbp_anonymous_reply_count":0,"_bbp_topic_count_hidden":0,"_bbp_reply_count_hidden":0,"_bbp_forum_subforum_count":0,"site-sidebar-layout":"default","site-content-layout":"","ast-site-content-layout":"default","site-content-style":"default","site-sidebar-style":"default","ast-global-header-display":"","ast-banner-title-visibility":"","ast-main-header-display":"","ast-hfb-above-header-display":"","ast-hfb-below-header-display":"","ast-hfb-mobile-header-display":"","site-post-title":"","ast-breadcrumbs-content":"","ast-featured-img":"","footer-sml-layout":"","theme-transparent-header-meta":"","adv-header-id-meta":"","stick-header-meta":"","header-above-stick-meta":"","header-main-stick-meta":"","header-below-stick-meta":"","astra-migrate-meta-layouts":"set","ast-page-background-enabled":"default","ast-page-background-meta":{"desktop":{"background-color":"var(--ast-global-color-4)","background-image":"","background-repeat":"repeat","background-position":"center center","background-size":"auto","background-attachment":"scroll","background-type":"","background-media":"","overlay-type":"","overlay-color":"","overlay-opacity":"","overlay-gradient":""},"tablet":{"background-color":"","background-image":"","background-repeat":"repeat","background-position":"center center","background-size":"auto","background-attachment":"scroll","background-type":"","background-media":"","overlay-type":"","overlay-color":"","overlay-opacity":"","overlay-gradient":""},"mobile":{"background-color":"","background-image":"","background-repeat":"repeat","background-position":"center center","background-size":"auto","background-attachment":"scroll","background-type":"","background-media":"","overlay-type":"","overlay-color":"","overlay-opacity":"","overlay-gradient":""}},"ast-content-background-meta":{"desktop":{"background-color":"var(--ast-global-color-5)","background-image":"","background-repeat":"repeat","background-position":"center center","background-size":"auto","background-attachment":"scroll","background-type":"","background-media":"","overlay-type":"","overlay-color":"","overlay-opacity":"","overlay-gradient":""},"tablet":{"background-color":"var(--ast-global-color-5)","background-image":"","background-repeat":"repeat","background-position":"center center","background-size":"auto","background-attachment":"scroll","background-type":"","background-media":"","overlay-type":"","overlay-color":"","overlay-opacity":"","overlay-gradient":""},"mobile":{"background-color":"var(--ast-global-color-5)","background-image":"","background-repeat":"repeat","background-position":"center center","background-size":"auto","background-attachment":"scroll","background-type":"","background-media":"","overlay-type":"","overlay-color":"","overlay-opacity":"","overlay-gradient":""}},"footnotes":""},"class_list":["post-7162","page","type-page","status-publish","hentry"],"post_mailing_queue_ids":[],"_links":{"self":[{"href":"https:\/\/agora.xtec.cat\/esc-elspicots\/wp-json\/wp\/v2\/pages\/7162","targetHints":{"allow":["GET"]}}],"collection":[{"href":"https:\/\/agora.xtec.cat\/esc-elspicots\/wp-json\/wp\/v2\/pages"}],"about":[{"href":"https:\/\/agora.xtec.cat\/esc-elspicots\/wp-json\/wp\/v2\/types\/page"}],"author":[{"embeddable":true,"href":"https:\/\/agora.xtec.cat\/esc-elspicots\/wp-json\/wp\/v2\/users\/1"}],"replies":[{"embeddable":true,"href":"https:\/\/agora.xtec.cat\/esc-elspicots\/wp-json\/wp\/v2\/comments?post=7162"}],"version-history":[{"count":2,"href":"https:\/\/agora.xtec.cat\/esc-elspicots\/wp-json\/wp\/v2\/pages\/7162\/revisions"}],"predecessor-version":[{"id":7226,"href":"https:\/\/agora.xtec.cat\/esc-elspicots\/wp-json\/wp\/v2\/pages\/7162\/revisions\/7226"}],"up":[{"embeddable":true,"href":"https:\/\/agora.xtec.cat\/esc-elspicots\/wp-json\/wp\/v2\/pages\/30"}],"wp:attachment":[{"href":"https:\/\/agora.xtec.cat\/esc-elspicots\/wp-json\/wp\/v2\/media?parent=7162"}],"curies":[{"name":"wp","href":"https:\/\/api.w.org\/{rel}","templated":true}]}}