{"id":644,"date":"2015-09-30T18:18:41","date_gmt":"2015-09-30T17:18:41","guid":{"rendered":"http:\/\/agora.xtec.cat\/esc-elspicots\/?page_id=644"},"modified":"2026-03-02T11:41:18","modified_gmt":"2026-03-02T10:41:18","slug":"nom-de-les-classes","status":"publish","type":"page","link":"https:\/\/agora.xtec.cat\/esc-elspicots\/projectes\/nom-de-les-classes\/","title":{"rendered":"Nom de les classes"},"content":{"rendered":"<p>Benvolguts picotins i benvolgudes picotines! El projecte d&#8217;escola d&#8217;aquest curs ser\u00e0 &#8220;Antoni Gaud\u00ed&#8221;.<\/p>\n<p>Durant les primeres setmanes de curs, els infants han escollit el nom de la seva classe vinculat a la tem\u00e0tica d&#8217;aquest curs. Que voli la imaginaci\u00f3!<\/p>\n<table style=\"border-collapse: collapse; width: 82.7092%; height: 328px;\">\n<tbody>\n<tr style=\"height: 48px;\">\n<td style=\"width: 5.29621%; height: 48px; text-align: center;\"><\/td>\n<td style=\"width: 29.1851%; height: 48px; text-align: center;\">Grup A<\/td>\n<td style=\"width: 28.9738%; height: 48px; text-align: center;\">Grup B<\/td>\n<\/tr>\n<tr style=\"height: 32px;\">\n<td style=\"width: 5.29621%; height: 32px; text-align: center;\">I3<\/td>\n<td style=\"height: 32px;\">Dracs i dragones del Parc G\u00fcell<\/td>\n<td style=\"height: 32px;\"><\/td>\n<\/tr>\n<tr style=\"height: 32px;\">\n<td style=\"width: 5.29621%; height: 32px; text-align: center;\">I4<\/td>\n<td style=\"height: 32px;\">Els guerrers i les guerreres de la Pedrera<\/td>\n<td style=\"height: 32px;\"><\/td>\n<\/tr>\n<tr style=\"height: 32px;\">\n<td style=\"width: 5.29621%; height: 32px; text-align: center;\">I5<\/td>\n<td style=\"height: 32px;\">La Sagrada Fam\u00edlia<\/td>\n<td style=\"height: 32px;\">Trencad\u00eds<\/td>\n<\/tr>\n<tr style=\"height: 32px;\">\n<td style=\"width: 5.29621%; height: 32px; text-align: center;\">1r<\/td>\n<td style=\"height: 32px;\">Els girasols de Gaud\u00ed<\/td>\n<td style=\"height: 32px;\">El mar de la casa Batll\u00f3<\/td>\n<\/tr>\n<tr style=\"height: 32px;\">\n<td style=\"width: 5.29621%; height: 32px; text-align: center;\">2n<\/td>\n<td style=\"height: 32px;\">Casa Vicens<\/td>\n<td style=\"height: 32px;\">Parc G\u00fcell<\/td>\n<\/tr>\n<tr style=\"height: 32px;\">\n<td style=\"width: 5.29621%; height: 32px; text-align: center;\">3r<\/td>\n<td style=\"height: 32px;\">La m\u00e0gia colorida d&#8217;en Gaud\u00ed<\/td>\n<td style=\"height: 32px;\">La Natura de Gaud\u00ed<\/td>\n<\/tr>\n<tr style=\"height: 32px;\">\n<td style=\"width: 5.29621%; height: 24px; text-align: center;\">4t<\/td>\n<td style=\"height: 24px;\">Els i les modernistes<\/td>\n<td style=\"height: 24px;\">Casa Mil\u00e0<\/td>\n<\/tr>\n<tr style=\"height: 32px;\">\n<td style=\"width: 5.29621%; height: 32px; text-align: center;\">5\u00e8<\/td>\n<td style=\"height: 32px;\">Els centenaris<\/td>\n<td style=\"height: 32px;\">Els i les arquitectes<\/td>\n<\/tr>\n<tr style=\"height: 32px;\">\n<td style=\"width: 5.29621%; height: 32px; text-align: center;\">6\u00e8<\/td>\n<td style=\"height: 32px;\">Casa Calvet<\/td>\n<td style=\"height: 32px;\">Casa Batll\u00f3<\/td>\n<\/tr>\n<\/tbody>\n<\/table>\n<p>&nbsp;<\/p>\n","protected":false},"excerpt":{"rendered":"<p>Benvolguts picotins i benvolgudes picotines! El projecte d&#8217;escola d&#8217;aquest curs ser\u00e0 &#8220;Antoni Gaud\u00ed&#8221;. Durant les primeres setmanes de curs, els infants han escollit el nom de la seva classe vinculat a la tem\u00e0tica d&#8217;aquest curs. Que voli la imaginaci\u00f3! Grup A Grup B I3 Dracs i dragones del Parc G\u00fcell I4 Els guerrers i les [&hellip;]<\/p>\n","protected":false},"author":1,"featured_media":0,"parent":30,"menu_order":1,"comment_status":"closed","ping_status":"closed","template":"","meta":{"_bbp_topic_count":0,"_bbp_reply_count":0,"_bbp_total_topic_count":0,"_bbp_total_reply_count":0,"_bbp_voice_count":0,"_bbp_anonymous_reply_count":0,"_bbp_topic_count_hidden":0,"_bbp_reply_count_hidden":0,"_bbp_forum_subforum_count":0,"site-sidebar-layout":"default","site-content-layout":"","ast-site-content-layout":"","site-content-style":"default","site-sidebar-style":"default","ast-global-header-display":"","ast-banner-title-visibility":"","ast-main-header-display":"","ast-hfb-above-header-display":"","ast-hfb-below-header-display":"","ast-hfb-mobile-header-display":"","site-post-title":"","ast-breadcrumbs-content":"","ast-featured-img":"","footer-sml-layout":"","theme-transparent-header-meta":"","adv-header-id-meta":"","stick-header-meta":"","header-above-stick-meta":"","header-main-stick-meta":"","header-below-stick-meta":"","astra-migrate-meta-layouts":"default","ast-page-background-enabled":"default","ast-page-background-meta":{"desktop":{"background-color":"var(--ast-global-color-4)","background-image":"","background-repeat":"repeat","background-position":"center center","background-size":"auto","background-attachment":"scroll","background-type":"","background-media":"","overlay-type":"","overlay-color":"","overlay-opacity":"","overlay-gradient":""},"tablet":{"background-color":"","background-image":"","background-repeat":"repeat","background-position":"center center","background-size":"auto","background-attachment":"scroll","background-type":"","background-media":"","overlay-type":"","overlay-color":"","overlay-opacity":"","overlay-gradient":""},"mobile":{"background-color":"","background-image":"","background-repeat":"repeat","background-position":"center center","background-size":"auto","background-attachment":"scroll","background-type":"","background-media":"","overlay-type":"","overlay-color":"","overlay-opacity":"","overlay-gradient":""}},"ast-content-background-meta":{"desktop":{"background-color":"var(--ast-global-color-5)","background-image":"","background-repeat":"repeat","background-position":"center center","background-size":"auto","background-attachment":"scroll","background-type":"","background-media":"","overlay-type":"","overlay-color":"","overlay-opacity":"","overlay-gradient":""},"tablet":{"background-color":"var(--ast-global-color-5)","background-image":"","background-repeat":"repeat","background-position":"center center","background-size":"auto","background-attachment":"scroll","background-type":"","background-media":"","overlay-type":"","overlay-color":"","overlay-opacity":"","overlay-gradient":""},"mobile":{"background-color":"var(--ast-global-color-5)","background-image":"","background-repeat":"repeat","background-position":"center center","background-size":"auto","background-attachment":"scroll","background-type":"","background-media":"","overlay-type":"","overlay-color":"","overlay-opacity":"","overlay-gradient":""}},"footnotes":""},"class_list":["post-644","page","type-page","status-publish","hentry"],"post_mailing_queue_ids":[],"_links":{"self":[{"href":"https:\/\/agora.xtec.cat\/esc-elspicots\/wp-json\/wp\/v2\/pages\/644","targetHints":{"allow":["GET"]}}],"collection":[{"href":"https:\/\/agora.xtec.cat\/esc-elspicots\/wp-json\/wp\/v2\/pages"}],"about":[{"href":"https:\/\/agora.xtec.cat\/esc-elspicots\/wp-json\/wp\/v2\/types\/page"}],"author":[{"embeddable":true,"href":"https:\/\/agora.xtec.cat\/esc-elspicots\/wp-json\/wp\/v2\/users\/1"}],"replies":[{"embeddable":true,"href":"https:\/\/agora.xtec.cat\/esc-elspicots\/wp-json\/wp\/v2\/comments?post=644"}],"version-history":[{"count":6,"href":"https:\/\/agora.xtec.cat\/esc-elspicots\/wp-json\/wp\/v2\/pages\/644\/revisions"}],"predecessor-version":[{"id":7115,"href":"https:\/\/agora.xtec.cat\/esc-elspicots\/wp-json\/wp\/v2\/pages\/644\/revisions\/7115"}],"up":[{"embeddable":true,"href":"https:\/\/agora.xtec.cat\/esc-elspicots\/wp-json\/wp\/v2\/pages\/30"}],"wp:attachment":[{"href":"https:\/\/agora.xtec.cat\/esc-elspicots\/wp-json\/wp\/v2\/media?parent=644"}],"curies":[{"name":"wp","href":"https:\/\/api.w.org\/{rel}","templated":true}]}}