{"id":64,"date":"2014-09-18T12:39:08","date_gmt":"2014-09-18T12:39:08","guid":{"rendered":"http:\/\/agora.xtec.cat\/esc-elspicots\/?page_id=64"},"modified":"2021-09-12T22:02:13","modified_gmt":"2021-09-12T20:02:13","slug":"visita-virtual","status":"publish","type":"page","link":"https:\/\/agora.xtec.cat\/esc-elspicots\/lescola\/visita-virtual\/","title":{"rendered":"Visita virtual"},"content":{"rendered":"<p><span style=\"font-size: 14px; text-align: center;\"><a href=\"http:\/\/agora.xtec.cat\/esc-elspicots\/wp-content\/uploads\/usu453\/2014\/09\/EDIFICI-1.jpg\"><img loading=\"lazy\" decoding=\"async\" class=\"wp-image-773 alignleft\" src=\"http:\/\/agora.xtec.cat\/esc-elspicots\/wp-content\/uploads\/usu453\/2014\/09\/EDIFICI-1.jpg\" alt=\"EDIFICI 1\" width=\"378\" height=\"252\" srcset=\"https:\/\/agora.xtec.cat\/esc-elspicots\/wp-content\/uploads\/usu453\/2014\/09\/EDIFICI-1.jpg 400w, https:\/\/agora.xtec.cat\/esc-elspicots\/wp-content\/uploads\/usu453\/2014\/09\/EDIFICI-1-300x200.jpg 300w\" sizes=\"auto, (max-width: 378px) 100vw, 378px\" \/><\/a><\/span><\/p>\n<p>&nbsp;<\/p>\n<p>&nbsp;<\/p>\n<p>&nbsp;<\/p>\n<p>&nbsp;<\/p>\n<p>&nbsp;<\/p>\n<p>&nbsp;<\/p>\n<table style=\"height: 288px; width: 65.7237%;\" width=\"1088\">\n<tbody>\n<tr style=\"height: 32px;\">\n<td style=\"width: 60.6206%; height: 32px;\"><a href=\"https:\/\/youtu.be\/yiI1T5kIA3M\">TOUR VIRTUAL<\/a><\/td>\n<td style=\"width: 61.4579%; height: 32px;\"><a href=\"https:\/\/goo.gl\/maps\/BrWNpim2p3ZCN8rV8\">P\u00e0rquing<\/a><\/td>\n<\/tr>\n<tr style=\"height: 32px;\">\n<td style=\"width: 60.6206%; height: 32px;\"><a href=\"https:\/\/goo.gl\/maps\/fwUTXK4tKqtbJWVE7\">Entrada<\/a><\/td>\n<td style=\"width: 61.4579%; height: 32px;\"><a href=\"https:\/\/goo.gl\/maps\/NB3TQDET7uNp31dz6\">Vest\u00edbul<\/a><\/td>\n<\/tr>\n<tr style=\"height: 32px;\">\n<td style=\"width: 60.6206%; height: 32px;\"><a href=\"https:\/\/goo.gl\/maps\/NoGps1J7bm6eacGt5\">Menjador<\/a><\/td>\n<td style=\"width: 61.4579%; height: 32px;\"><a href=\"https:\/\/goo.gl\/maps\/BxJYzo2wmos3A7bJA\">Psicomotricitat<\/a><\/td>\n<\/tr>\n<tr style=\"height: 32px;\">\n<td style=\"width: 60.6206%; height: 32px;\"><a href=\"https:\/\/goo.gl\/maps\/CxEe7yC2iJH7LQaj8\"><span style=\"background-color: #f9f9f9;\">Passad\u00eds comunitat petits\/es<\/span><\/a><\/td>\n<td style=\"width: 61.4579%; height: 32px;\"><a href=\"https:\/\/goo.gl\/maps\/fQqaCc6Zq8gYe6EN7\"><span style=\"background-color: #f9f9f9;\">Aula comunitat de petits\/es<\/span><\/a><\/td>\n<\/tr>\n<tr style=\"height: 32px;\">\n<td style=\"width: 60.6206%; height: 32px;\"><a href=\"https:\/\/goo.gl\/maps\/kzthtQy8TumqpQhQ8\"><span style=\"background-color: #f9f9f9;\">Passad\u00eds comunitat de mitjans\/es<\/span><\/a><\/td>\n<td style=\"width: 61.4579%; height: 32px;\"><a href=\"https:\/\/goo.gl\/maps\/muZ7gZFChx8t1eTW9\"><span style=\"background-color: #f9f9f9;\">Aula comunitat de mitjans\/es<\/span><\/a><\/td>\n<\/tr>\n<tr style=\"height: 32px;\">\n<td style=\"width: 60.6206%; height: 32px;\"><a href=\"https:\/\/goo.gl\/maps\/BBS3LcN7Yczsa3XS7\"><span style=\"background-color: #ffffff;\">Passad\u00eds comunitat de grans<\/span><\/a><\/td>\n<td style=\"width: 61.4579%; height: 32px;\"><a href=\"https:\/\/goo.gl\/maps\/crFGSVpDjE9fExva9\"><span style=\"background-color: #ffffff;\">Aula comunitat de grans<\/span><\/a><\/td>\n<\/tr>\n<tr style=\"height: 32px;\">\n<td style=\"width: 60.6206%; height: 32px;\"><a href=\"https:\/\/goo.gl\/maps\/ve1JfGFC6n2fbhd68\"><span style=\"background-color: #ffffff;\">Punt verd<\/span><\/a><\/td>\n<td style=\"width: 61.4579%; height: 32px;\"><a href=\"https:\/\/goo.gl\/maps\/WqfuG4Mt3XoYj7Y17\"><span style=\"background-color: #ffffff;\">Aula SIEI<\/span><\/a><\/td>\n<\/tr>\n<tr style=\"height: 32px;\">\n<td style=\"width: 60.6206%; height: 32px;\"><a href=\"https:\/\/goo.gl\/maps\/bNfa5bKLy4Yp5oYo7\"><span style=\"background-color: #f9f9f9;\">Aula fosca<\/span><\/a><\/td>\n<td style=\"width: 61.4579%; height: 32px;\"><a href=\"https:\/\/goo.gl\/maps\/t9z25sG45pg6Rhg36\"><span style=\"background-color: #f9f9f9;\">Aula de m\u00fasica<\/span><\/a><\/td>\n<\/tr>\n<tr style=\"height: 32px;\">\n<td style=\"width: 60.6206%; height: 32px;\"><a href=\"https:\/\/goo.gl\/maps\/4f1agoGptw3mQ76w8\"><span style=\"background-color: #f9f9f9;\">Aula inform\u00e0tica petita<\/span><\/a><\/td>\n<td style=\"width: 61.4579%; height: 32px;\"><a href=\"https:\/\/goo.gl\/maps\/XP26tcU9pEdddfEQ8\"><span style=\"background-color: #f9f9f9;\">Aula inform\u00e0tica gran<\/span><\/a><\/td>\n<\/tr>\n<\/tbody>\n<\/table>\n<p>&nbsp;<\/p>\n","protected":false},"excerpt":{"rendered":"<p>&nbsp; &nbsp; &nbsp; &nbsp; &nbsp; &nbsp; TOUR VIRTUAL P\u00e0rquing Entrada Vest\u00edbul Menjador Psicomotricitat Passad\u00eds comunitat petits\/es Aula comunitat de petits\/es Passad\u00eds comunitat de mitjans\/es Aula comunitat de mitjans\/es Passad\u00eds comunitat de grans Aula comunitat de grans Punt verd Aula SIEI Aula fosca Aula de m\u00fasica Aula inform\u00e0tica petita Aula inform\u00e0tica gran &nbsp;<\/p>\n","protected":false},"author":2,"featured_media":0,"parent":342,"menu_order":30,"comment_status":"closed","ping_status":"closed","template":"page-templates\/side-menu.php","meta":{"_bbp_topic_count":0,"_bbp_reply_count":0,"_bbp_total_topic_count":0,"_bbp_total_reply_count":0,"_bbp_voice_count":0,"_bbp_anonymous_reply_count":0,"_bbp_topic_count_hidden":0,"_bbp_reply_count_hidden":0,"_bbp_forum_subforum_count":0,"site-sidebar-layout":"default","site-content-layout":"","ast-site-content-layout":"","site-content-style":"default","site-sidebar-style":"default","ast-global-header-display":"","ast-banner-title-visibility":"","ast-main-header-display":"","ast-hfb-above-header-display":"","ast-hfb-below-header-display":"","ast-hfb-mobile-header-display":"","site-post-title":"","ast-breadcrumbs-content":"","ast-featured-img":"","footer-sml-layout":"","theme-transparent-header-meta":"","adv-header-id-meta":"","stick-header-meta":"","header-above-stick-meta":"","header-main-stick-meta":"","header-below-stick-meta":"","astra-migrate-meta-layouts":"default","ast-page-background-enabled":"default","ast-page-background-meta":{"desktop":{"background-color":"var(--ast-global-color-4)","background-image":"","background-repeat":"repeat","background-position":"center center","background-size":"auto","background-attachment":"scroll","background-type":"","background-media":"","overlay-type":"","overlay-color":"","overlay-opacity":"","overlay-gradient":""},"tablet":{"background-color":"","background-image":"","background-repeat":"repeat","background-position":"center center","background-size":"auto","background-attachment":"scroll","background-type":"","background-media":"","overlay-type":"","overlay-color":"","overlay-opacity":"","overlay-gradient":""},"mobile":{"background-color":"","background-image":"","background-repeat":"repeat","background-position":"center center","background-size":"auto","background-attachment":"scroll","background-type":"","background-media":"","overlay-type":"","overlay-color":"","overlay-opacity":"","overlay-gradient":""}},"ast-content-background-meta":{"desktop":{"background-color":"var(--ast-global-color-5)","background-image":"","background-repeat":"repeat","background-position":"center center","background-size":"auto","background-attachment":"scroll","background-type":"","background-media":"","overlay-type":"","overlay-color":"","overlay-opacity":"","overlay-gradient":""},"tablet":{"background-color":"var(--ast-global-color-5)","background-image":"","background-repeat":"repeat","background-position":"center center","background-size":"auto","background-attachment":"scroll","background-type":"","background-media":"","overlay-type":"","overlay-color":"","overlay-opacity":"","overlay-gradient":""},"mobile":{"background-color":"var(--ast-global-color-5)","background-image":"","background-repeat":"repeat","background-position":"center center","background-size":"auto","background-attachment":"scroll","background-type":"","background-media":"","overlay-type":"","overlay-color":"","overlay-opacity":"","overlay-gradient":""}},"footnotes":""},"class_list":["post-64","page","type-page","status-publish","hentry"],"post_mailing_queue_ids":[],"_links":{"self":[{"href":"https:\/\/agora.xtec.cat\/esc-elspicots\/wp-json\/wp\/v2\/pages\/64","targetHints":{"allow":["GET"]}}],"collection":[{"href":"https:\/\/agora.xtec.cat\/esc-elspicots\/wp-json\/wp\/v2\/pages"}],"about":[{"href":"https:\/\/agora.xtec.cat\/esc-elspicots\/wp-json\/wp\/v2\/types\/page"}],"author":[{"embeddable":true,"href":"https:\/\/agora.xtec.cat\/esc-elspicots\/wp-json\/wp\/v2\/users\/2"}],"replies":[{"embeddable":true,"href":"https:\/\/agora.xtec.cat\/esc-elspicots\/wp-json\/wp\/v2\/comments?post=64"}],"version-history":[{"count":4,"href":"https:\/\/agora.xtec.cat\/esc-elspicots\/wp-json\/wp\/v2\/pages\/64\/revisions"}],"predecessor-version":[{"id":4192,"href":"https:\/\/agora.xtec.cat\/esc-elspicots\/wp-json\/wp\/v2\/pages\/64\/revisions\/4192"}],"up":[{"embeddable":true,"href":"https:\/\/agora.xtec.cat\/esc-elspicots\/wp-json\/wp\/v2\/pages\/342"}],"wp:attachment":[{"href":"https:\/\/agora.xtec.cat\/esc-elspicots\/wp-json\/wp\/v2\/media?parent=64"}],"curies":[{"name":"wp","href":"https:\/\/api.w.org\/{rel}","templated":true}]}}