{"id":4845,"date":"2022-04-12T20:49:01","date_gmt":"2022-04-12T18:49:01","guid":{"rendered":"https:\/\/agora.xtec.cat\/esc-elspicots\/?page_id=4845"},"modified":"2026-03-02T12:09:43","modified_gmt":"2026-03-02T11:09:43","slug":"clva","status":"publish","type":"page","link":"https:\/\/agora.xtec.cat\/esc-elspicots\/projectes\/clva\/","title":{"rendered":"CLVA"},"content":{"rendered":"<p>El Certamen Nacional Infantil i Juvenil de Lectura en Veu Alta (CLVA) \u00e9s una iniciativa de la\u00a0<a href=\"https:\/\/grupenciclopedia.cat\/\">Fundaci\u00f3 Enciclop\u00e8dia Catalana<\/a>, l\u2019entitat cultural que encap\u00e7ala el Grup format per diferents empreses editorials, centrat en el coneixement, l\u2019edici\u00f3, l\u2019educaci\u00f3 i la distribuci\u00f3, i que t\u00e9 com a missi\u00f3 el foment de la llengua i la cultura catalanes.<\/p>\n<p>La\u00a0<strong>Fundaci\u00f3 Enciclop\u00e8dia Catalana<\/strong>\u00a0i el\u00a0<strong>Departament d\u2019Educaci\u00f3 de la Generalitat de Catalunya<\/strong>\u00a0tenen un acord de col\u00b7laboraci\u00f3 per a la coorganitzaci\u00f3 del\u00a0<strong>Certamen nacional infantil i juvenil de lectura en veu alta<\/strong>.\u00a0Aquest acord neix de l\u2019inter\u00e8s d\u2019ambdues entitats per la promoci\u00f3 de la lectura i estem conven\u00e7uts que la col\u00b7laboraci\u00f3 permet que el Certamen segueixi creixent en quantitat i en qualitat.<\/p>\n<p>El certamen est\u00e0 organitzat en cinc categories que comprenen des de 3r de prim\u00e0ria fins a 4t d\u2019ESO.<\/p>\n<p>La nostra escola participa al CLVA des del curs 2007-2008 en dues modalitats: grumets vermells (infants de 3r i 4t) i grumets verds (lectors i lectores de 5\u00e8 i 6\u00e8).<\/p>\n<p><a href=\"https:\/\/agora.xtec.cat\/esc-elspicots\/wp-content\/uploads\/usu453\/2022\/04\/GRUMETS.png\"><img loading=\"lazy\" decoding=\"async\" class=\"size-full wp-image-4847 aligncenter\" src=\"https:\/\/agora.xtec.cat\/esc-elspicots\/wp-content\/uploads\/usu453\/2022\/04\/GRUMETS.png\" alt=\"\" width=\"263\" height=\"166\" \/><\/a>Des de l\u2019escola i despr\u00e9s d\u2019una fase interna, s\u2019escullen els i les representants de cada modalitat, tant el\/la titular com el\/la suplent.<\/p>\n<p>La segona fase \u00e9s la semifinal i es realitza al mar\u00e7. \u00c9s organitzada pels Serveis Territorials i Serveis Educatius del\u00a0 Departament d\u2019Ensenyament de Catalunya, a trav\u00e9s dels CRP (Centre de Recursos Pedag\u00f2gics) i els equips d\u2019assessors i assessores LIC (Llengua i Cohesi\u00f3 Social). Aquest es realitza de forma presencial en un teatre auditori com el de Granollers, la Garriga&#8230;<\/p>\n<p>En aquesta fase es llegeix un fragment de llibre proposat per a la fase de semifinals en cada categoria.<\/p>\n<p>Els i les participants en aquesta fase obtenen un diploma i un llibre i els i les finalistes de cada semifinal passaran a la final territorial, organitzada per la Fundaci\u00f3 Enciclop\u00e8dia Catalana.<\/p>\n<p>Aquesta darrera fase (hi ha 10 a escala de Catalunya) es realitza a finals d\u2019abril i primera quinzena de maig i solament hi participen tots els lectors i lectores que han quedat finalistes en la fase de semifinals. Tots ells i elles rebran un obsequi.<\/p>\n<p>Depenent de les edicions, en aquesta fase es llegeix un llibre de lliure elecci\u00f3, sota la supervisi\u00f3 del professorat responsable de l\u2019activitat o d\u2019un llibre proposat per la Fundaci\u00f3 Enciclop\u00e8dia Catalana.<\/p>\n<p>Al llarg d\u2019aquests anys de participaci\u00f3, han sigut moltes les experi\u00e8ncies, viv\u00e8ncies i an\u00e8cdotes del nostre alumnat que ha participat. \u00c9s una experi\u00e8ncia enriquidora i \u00fanica de viure.<\/p>\n<p>Destaquem la participaci\u00f3 de diferents infants que han obtingut diferents premis:<\/p>\n<p>* Berta Fum\u00e0s. Guanyadora de la semifinal i de la final territorial de la VI edici\u00f3 (curs 2009-2010). <a href=\"https:\/\/www.ccma.cat\/tv3\/super3\/final-de-lectura-en-veu-alta\/video\/2960570\/\">V\u00eddeo<\/a> i <a href=\"http:\/\/www.lecturaenveualta.cat\/wp-content\/uploads\/memoVI.pdf\">article<\/a><\/p>\n<p>* Esther Mart\u00edn. Guanyadora de la semifinal de la XIII edici\u00f3 (curs 16-17). <a href=\"https:\/\/photos.google.com\/share\/AF1QipO6kz1SlBbQzpOc2pWWBt_xI_trVwzNghTFTWnOxn08Ajrk2T2rGsoGVG8ll9qa5A\/photo\/AF1QipOupg1qEzAHT3C5Mz9hjDE4y1Gr3qAwSAOjqEfj?key=cDVRcV85X0FqdzhBZGNkMzBiOGZLbm5kZGJvSkd3\">Foto<\/a><\/p>\n<p>* \u00c0lex Moreno. Guanyador de la semifinal de la XVII edici\u00f3 (curs 20-21). <a href=\"https:\/\/www.youtube.com\/watch?v=XFk41NZ0RFU\">V\u00eddeo<\/a><\/p>\n<p>* Paula Rodr\u00edguez. Guanyadora de la semifinal de la XVIII edici\u00f3 (curs 21-22). <a href=\"https:\/\/drive.google.com\/file\/d\/1mdLPyyaDEFDj8-WN2wm4t_34KEsZr3H-\/view?usp=sharing\">V\u00eddeo<\/a><\/p>\n<p><a href=\"https:\/\/agora.xtec.cat\/esc-elspicots\/wp-content\/uploads\/usu453\/2022\/04\/IMG_20220419_093150-scaled.jpg\"><img loading=\"lazy\" decoding=\"async\" class=\"alignnone size-large wp-image-4920\" src=\"https:\/\/agora.xtec.cat\/esc-elspicots\/wp-content\/uploads\/usu453\/2022\/04\/IMG_20220419_093150-1024x768.jpg\" alt=\"\" width=\"1024\" height=\"768\" srcset=\"https:\/\/agora.xtec.cat\/esc-elspicots\/wp-content\/uploads\/usu453\/2022\/04\/IMG_20220419_093150-1024x768.jpg 1024w, https:\/\/agora.xtec.cat\/esc-elspicots\/wp-content\/uploads\/usu453\/2022\/04\/IMG_20220419_093150-300x225.jpg 300w, https:\/\/agora.xtec.cat\/esc-elspicots\/wp-content\/uploads\/usu453\/2022\/04\/IMG_20220419_093150-768x576.jpg 768w, https:\/\/agora.xtec.cat\/esc-elspicots\/wp-content\/uploads\/usu453\/2022\/04\/IMG_20220419_093150-1536x1152.jpg 1536w, https:\/\/agora.xtec.cat\/esc-elspicots\/wp-content\/uploads\/usu453\/2022\/04\/IMG_20220419_093150-2048x1536.jpg 2048w, https:\/\/agora.xtec.cat\/esc-elspicots\/wp-content\/uploads\/usu453\/2022\/04\/IMG_20220419_093150-200x150.jpg 200w\" sizes=\"auto, (max-width: 1024px) 100vw, 1024px\" \/><\/a> <a href=\"https:\/\/agora.xtec.cat\/esc-elspicots\/wp-content\/uploads\/usu453\/2022\/04\/IMG_20220419_093548-scaled.jpg\"><img loading=\"lazy\" decoding=\"async\" class=\"alignnone size-large wp-image-4921\" src=\"https:\/\/agora.xtec.cat\/esc-elspicots\/wp-content\/uploads\/usu453\/2022\/04\/IMG_20220419_093548-1024x481.jpg\" alt=\"\" width=\"1024\" height=\"481\" srcset=\"https:\/\/agora.xtec.cat\/esc-elspicots\/wp-content\/uploads\/usu453\/2022\/04\/IMG_20220419_093548-1024x481.jpg 1024w, https:\/\/agora.xtec.cat\/esc-elspicots\/wp-content\/uploads\/usu453\/2022\/04\/IMG_20220419_093548-300x141.jpg 300w, https:\/\/agora.xtec.cat\/esc-elspicots\/wp-content\/uploads\/usu453\/2022\/04\/IMG_20220419_093548-768x361.jpg 768w, https:\/\/agora.xtec.cat\/esc-elspicots\/wp-content\/uploads\/usu453\/2022\/04\/IMG_20220419_093548-1536x722.jpg 1536w, https:\/\/agora.xtec.cat\/esc-elspicots\/wp-content\/uploads\/usu453\/2022\/04\/IMG_20220419_093548-2048x963.jpg 2048w\" sizes=\"auto, (max-width: 1024px) 100vw, 1024px\" \/><\/a><a href=\"https:\/\/agora.xtec.cat\/esc-elspicots\/wp-content\/uploads\/usu453\/2022\/04\/IMG_20220419_093142-scaled.jpg\"><img loading=\"lazy\" decoding=\"async\" class=\"alignnone size-large wp-image-4919\" src=\"https:\/\/agora.xtec.cat\/esc-elspicots\/wp-content\/uploads\/usu453\/2022\/04\/IMG_20220419_093142-1024x768.jpg\" alt=\"\" width=\"1024\" height=\"768\" srcset=\"https:\/\/agora.xtec.cat\/esc-elspicots\/wp-content\/uploads\/usu453\/2022\/04\/IMG_20220419_093142-1024x768.jpg 1024w, https:\/\/agora.xtec.cat\/esc-elspicots\/wp-content\/uploads\/usu453\/2022\/04\/IMG_20220419_093142-300x225.jpg 300w, https:\/\/agora.xtec.cat\/esc-elspicots\/wp-content\/uploads\/usu453\/2022\/04\/IMG_20220419_093142-768x576.jpg 768w, https:\/\/agora.xtec.cat\/esc-elspicots\/wp-content\/uploads\/usu453\/2022\/04\/IMG_20220419_093142-1536x1152.jpg 1536w, https:\/\/agora.xtec.cat\/esc-elspicots\/wp-content\/uploads\/usu453\/2022\/04\/IMG_20220419_093142-2048x1536.jpg 2048w, https:\/\/agora.xtec.cat\/esc-elspicots\/wp-content\/uploads\/usu453\/2022\/04\/IMG_20220419_093142-200x150.jpg 200w\" sizes=\"auto, (max-width: 1024px) 100vw, 1024px\" \/><\/a><\/p>\n","protected":false},"excerpt":{"rendered":"<p>El Certamen Nacional Infantil i Juvenil de Lectura en Veu Alta (CLVA) \u00e9s una iniciativa de la\u00a0Fundaci\u00f3 Enciclop\u00e8dia Catalana, l\u2019entitat cultural que encap\u00e7ala el Grup format per diferents empreses editorials, centrat en el coneixement, l\u2019edici\u00f3, l\u2019educaci\u00f3 i la distribuci\u00f3, i que t\u00e9 com a missi\u00f3 el foment de la llengua i la cultura catalanes. La\u00a0Fundaci\u00f3 [&hellip;]<\/p>\n","protected":false},"author":1,"featured_media":0,"parent":30,"menu_order":18,"comment_status":"closed","ping_status":"closed","template":"","meta":{"_bbp_topic_count":0,"_bbp_reply_count":0,"_bbp_total_topic_count":0,"_bbp_total_reply_count":0,"_bbp_voice_count":0,"_bbp_anonymous_reply_count":0,"_bbp_topic_count_hidden":0,"_bbp_reply_count_hidden":0,"_bbp_forum_subforum_count":0,"site-sidebar-layout":"default","site-content-layout":"","ast-site-content-layout":"","site-content-style":"default","site-sidebar-style":"default","ast-global-header-display":"","ast-banner-title-visibility":"","ast-main-header-display":"","ast-hfb-above-header-display":"","ast-hfb-below-header-display":"","ast-hfb-mobile-header-display":"","site-post-title":"","ast-breadcrumbs-content":"","ast-featured-img":"","footer-sml-layout":"","theme-transparent-header-meta":"","adv-header-id-meta":"","stick-header-meta":"","header-above-stick-meta":"","header-main-stick-meta":"","header-below-stick-meta":"","astra-migrate-meta-layouts":"default","ast-page-background-enabled":"default","ast-page-background-meta":{"desktop":{"background-color":"var(--ast-global-color-4)","background-image":"","background-repeat":"repeat","background-position":"center center","background-size":"auto","background-attachment":"scroll","background-type":"","background-media":"","overlay-type":"","overlay-color":"","overlay-opacity":"","overlay-gradient":""},"tablet":{"background-color":"","background-image":"","background-repeat":"repeat","background-position":"center center","background-size":"auto","background-attachment":"scroll","background-type":"","background-media":"","overlay-type":"","overlay-color":"","overlay-opacity":"","overlay-gradient":""},"mobile":{"background-color":"","background-image":"","background-repeat":"repeat","background-position":"center center","background-size":"auto","background-attachment":"scroll","background-type":"","background-media":"","overlay-type":"","overlay-color":"","overlay-opacity":"","overlay-gradient":""}},"ast-content-background-meta":{"desktop":{"background-color":"var(--ast-global-color-5)","background-image":"","background-repeat":"repeat","background-position":"center center","background-size":"auto","background-attachment":"scroll","background-type":"","background-media":"","overlay-type":"","overlay-color":"","overlay-opacity":"","overlay-gradient":""},"tablet":{"background-color":"var(--ast-global-color-5)","background-image":"","background-repeat":"repeat","background-position":"center center","background-size":"auto","background-attachment":"scroll","background-type":"","background-media":"","overlay-type":"","overlay-color":"","overlay-opacity":"","overlay-gradient":""},"mobile":{"background-color":"var(--ast-global-color-5)","background-image":"","background-repeat":"repeat","background-position":"center center","background-size":"auto","background-attachment":"scroll","background-type":"","background-media":"","overlay-type":"","overlay-color":"","overlay-opacity":"","overlay-gradient":""}},"footnotes":""},"class_list":["post-4845","page","type-page","status-publish","hentry"],"post_mailing_queue_ids":[],"_links":{"self":[{"href":"https:\/\/agora.xtec.cat\/esc-elspicots\/wp-json\/wp\/v2\/pages\/4845","targetHints":{"allow":["GET"]}}],"collection":[{"href":"https:\/\/agora.xtec.cat\/esc-elspicots\/wp-json\/wp\/v2\/pages"}],"about":[{"href":"https:\/\/agora.xtec.cat\/esc-elspicots\/wp-json\/wp\/v2\/types\/page"}],"author":[{"embeddable":true,"href":"https:\/\/agora.xtec.cat\/esc-elspicots\/wp-json\/wp\/v2\/users\/1"}],"replies":[{"embeddable":true,"href":"https:\/\/agora.xtec.cat\/esc-elspicots\/wp-json\/wp\/v2\/comments?post=4845"}],"version-history":[{"count":4,"href":"https:\/\/agora.xtec.cat\/esc-elspicots\/wp-json\/wp\/v2\/pages\/4845\/revisions"}],"predecessor-version":[{"id":6973,"href":"https:\/\/agora.xtec.cat\/esc-elspicots\/wp-json\/wp\/v2\/pages\/4845\/revisions\/6973"}],"up":[{"embeddable":true,"href":"https:\/\/agora.xtec.cat\/esc-elspicots\/wp-json\/wp\/v2\/pages\/30"}],"wp:attachment":[{"href":"https:\/\/agora.xtec.cat\/esc-elspicots\/wp-json\/wp\/v2\/media?parent=4845"}],"curies":[{"name":"wp","href":"https:\/\/api.w.org\/{rel}","templated":true}]}}