{"id":3859,"date":"2021-02-24T09:33:23","date_gmt":"2021-02-24T08:33:23","guid":{"rendered":"https:\/\/agora.xtec.cat\/esc-elspicots\/?page_id=3859"},"modified":"2026-02-17T21:41:34","modified_gmt":"2026-02-17T20:41:34","slug":"pas-a-linstitut-portes-obertes-i-preinscripcions","status":"publish","type":"page","link":"https:\/\/agora.xtec.cat\/esc-elspicots\/pas-a-linstitut-portes-obertes-i-preinscripcions\/","title":{"rendered":"Pas a l&#8217;Institut. Portes obertes i preinscripcions"},"content":{"rendered":"<p>Benvolgudes fam\u00edlies de 6\u00e8,<\/p>\n<h4 class=\"widget-title\">JORNADES DE PORTES OBERTES VIRTUALS DELS INSTITUTS (2026)<\/h4>\n<p><img loading=\"lazy\" decoding=\"async\" class=\"size-large wp-image-3862 alignleft\" style=\"text-align: center;\" src=\"https:\/\/agora.xtec.cat\/esc-elspicots\/wp-content\/uploads\/usu453\/2021\/02\/LOGO-INS-LLI\u00c7\u00c0.jpg\" alt=\"\" width=\"85\" height=\"134\" \/><\/p>\n<p><strong><a href=\"https:\/\/agora.xtec.cat\/iesllica\/\">INS DE LLI\u00c7\u00c0 D&#8217;AMUNT:<\/a><\/strong><br \/>\n<strong><span style=\"color: #000000;\">Jornada de portes obertes: dilluns 23 de febrer. Primer torn a les 17h i segon torn a les 18h<\/span><\/strong><\/p>\n<p>Els infants de 6\u00e8 visitaran les instal\u00b7lacions el 18 de febrer al llarg del mat\u00ed.<\/p>\n<p><strong><a href=\"https:\/\/agora.xtec.cat\/esc-elspicots\/wp-content\/uploads\/usu453\/2022\/02\/Escola-Miquel-Marti-i-Pol-scaled.jpg\"><img loading=\"lazy\" decoding=\"async\" class=\"wp-image-4772 alignleft\" src=\"https:\/\/agora.xtec.cat\/esc-elspicots\/wp-content\/uploads\/usu453\/2022\/02\/Escola-Miquel-Marti-i-Pol-1024x683.jpg\" alt=\"\" width=\"114\" height=\"76\" srcset=\"https:\/\/agora.xtec.cat\/esc-elspicots\/wp-content\/uploads\/usu453\/2022\/02\/Escola-Miquel-Marti-i-Pol-1024x683.jpg 1024w, https:\/\/agora.xtec.cat\/esc-elspicots\/wp-content\/uploads\/usu453\/2022\/02\/Escola-Miquel-Marti-i-Pol-300x200.jpg 300w, https:\/\/agora.xtec.cat\/esc-elspicots\/wp-content\/uploads\/usu453\/2022\/02\/Escola-Miquel-Marti-i-Pol-768x512.jpg 768w, https:\/\/agora.xtec.cat\/esc-elspicots\/wp-content\/uploads\/usu453\/2022\/02\/Escola-Miquel-Marti-i-Pol-1536x1024.jpg 1536w, https:\/\/agora.xtec.cat\/esc-elspicots\/wp-content\/uploads\/usu453\/2022\/02\/Escola-Miquel-Marti-i-Pol-2048x1366.jpg 2048w\" sizes=\"auto, (max-width: 114px) 100vw, 114px\" \/><\/a><a href=\"https:\/\/agora.xtec.cat\/ceipmiquelmartipol\/\">INSTITUT ESCOLA MIQUEL MART\u00cd I POL:<\/a><\/strong><br \/>\n<span style=\"color: #000000;\"><strong>Jornada de portes obertes: dissabte 21 de febrer<\/strong><\/span><\/p>\n<p><span style=\"color: #000000;\">Per assistir-hi, cal omplir aquest <a style=\"color: #000000;\" href=\"https:\/\/docs.google.com\/forms\/d\/e\/1FAIpQLSd40DaEjzPRMcaA5EkzrNqg78bFhcY6kEkoKuwcbENQV0jp8w\/viewform\">formulari<\/a>.<\/span><\/p>\n<h4 class=\"widget-title\">PREINSCRIPCI\u00d3 ESO<\/h4>\n<p>PREINSCRIPCI\u00d3 ESO: del 6 al 18 de mar\u00e7 de 2026<br \/>\nM\u00c9S INFORMACI\u00d3 (calendari, documentaci\u00f3, barem&#8230;): <a href=\"https:\/\/preinscripcio.gencat.cat\/ca\/estudis\/eso\/inici\/\">https:\/\/preinscripcio.gencat.cat\/ca\/inici\/<\/a><\/p>\n","protected":false},"excerpt":{"rendered":"<p>Benvolgudes fam\u00edlies de 6\u00e8, JORNADES DE PORTES OBERTES VIRTUALS DELS INSTITUTS (2026) INS DE LLI\u00c7\u00c0 D&#8217;AMUNT: Jornada de portes obertes: dilluns 23 de febrer. Primer torn a les 17h i segon torn a les 18h Els infants de 6\u00e8 visitaran les instal\u00b7lacions el 18 de febrer al llarg del mat\u00ed. INSTITUT ESCOLA MIQUEL MART\u00cd I [&hellip;]<\/p>\n","protected":false},"author":1,"featured_media":0,"parent":0,"menu_order":190,"comment_status":"closed","ping_status":"closed","template":"","meta":{"_bbp_topic_count":0,"_bbp_reply_count":0,"_bbp_total_topic_count":0,"_bbp_total_reply_count":0,"_bbp_voice_count":0,"_bbp_anonymous_reply_count":0,"_bbp_topic_count_hidden":0,"_bbp_reply_count_hidden":0,"_bbp_forum_subforum_count":0,"site-sidebar-layout":"default","site-content-layout":"","ast-site-content-layout":"default","site-content-style":"default","site-sidebar-style":"default","ast-global-header-display":"","ast-banner-title-visibility":"","ast-main-header-display":"","ast-hfb-above-header-display":"","ast-hfb-below-header-display":"","ast-hfb-mobile-header-display":"","site-post-title":"","ast-breadcrumbs-content":"","ast-featured-img":"","footer-sml-layout":"","theme-transparent-header-meta":"","adv-header-id-meta":"","stick-header-meta":"","header-above-stick-meta":"","header-main-stick-meta":"","header-below-stick-meta":"","astra-migrate-meta-layouts":"set","ast-page-background-enabled":"default","ast-page-background-meta":{"desktop":{"background-color":"var(--ast-global-color-4)","background-image":"","background-repeat":"repeat","background-position":"center center","background-size":"auto","background-attachment":"scroll","background-type":"","background-media":"","overlay-type":"","overlay-color":"","overlay-opacity":"","overlay-gradient":""},"tablet":{"background-color":"","background-image":"","background-repeat":"repeat","background-position":"center center","background-size":"auto","background-attachment":"scroll","background-type":"","background-media":"","overlay-type":"","overlay-color":"","overlay-opacity":"","overlay-gradient":""},"mobile":{"background-color":"","background-image":"","background-repeat":"repeat","background-position":"center center","background-size":"auto","background-attachment":"scroll","background-type":"","background-media":"","overlay-type":"","overlay-color":"","overlay-opacity":"","overlay-gradient":""}},"ast-content-background-meta":{"desktop":{"background-color":"var(--ast-global-color-5)","background-image":"","background-repeat":"repeat","background-position":"center center","background-size":"auto","background-attachment":"scroll","background-type":"","background-media":"","overlay-type":"","overlay-color":"","overlay-opacity":"","overlay-gradient":""},"tablet":{"background-color":"var(--ast-global-color-5)","background-image":"","background-repeat":"repeat","background-position":"center center","background-size":"auto","background-attachment":"scroll","background-type":"","background-media":"","overlay-type":"","overlay-color":"","overlay-opacity":"","overlay-gradient":""},"mobile":{"background-color":"var(--ast-global-color-5)","background-image":"","background-repeat":"repeat","background-position":"center center","background-size":"auto","background-attachment":"scroll","background-type":"","background-media":"","overlay-type":"","overlay-color":"","overlay-opacity":"","overlay-gradient":""}},"footnotes":""},"class_list":["post-3859","page","type-page","status-publish","hentry"],"post_mailing_queue_ids":[],"_links":{"self":[{"href":"https:\/\/agora.xtec.cat\/esc-elspicots\/wp-json\/wp\/v2\/pages\/3859","targetHints":{"allow":["GET"]}}],"collection":[{"href":"https:\/\/agora.xtec.cat\/esc-elspicots\/wp-json\/wp\/v2\/pages"}],"about":[{"href":"https:\/\/agora.xtec.cat\/esc-elspicots\/wp-json\/wp\/v2\/types\/page"}],"author":[{"embeddable":true,"href":"https:\/\/agora.xtec.cat\/esc-elspicots\/wp-json\/wp\/v2\/users\/1"}],"replies":[{"embeddable":true,"href":"https:\/\/agora.xtec.cat\/esc-elspicots\/wp-json\/wp\/v2\/comments?post=3859"}],"version-history":[{"count":6,"href":"https:\/\/agora.xtec.cat\/esc-elspicots\/wp-json\/wp\/v2\/pages\/3859\/revisions"}],"predecessor-version":[{"id":7334,"href":"https:\/\/agora.xtec.cat\/esc-elspicots\/wp-json\/wp\/v2\/pages\/3859\/revisions\/7334"}],"wp:attachment":[{"href":"https:\/\/agora.xtec.cat\/esc-elspicots\/wp-json\/wp\/v2\/media?parent=3859"}],"curies":[{"name":"wp","href":"https:\/\/api.w.org\/{rel}","templated":true}]}}