{"id":3764,"date":"2021-02-09T00:52:43","date_gmt":"2021-02-08T23:52:43","guid":{"rendered":"https:\/\/agora.xtec.cat\/esc-elspicots\/?page_id=3764"},"modified":"2026-03-02T11:42:01","modified_gmt":"2026-03-02T10:42:01","slug":"escola-sostenible","status":"publish","type":"page","link":"https:\/\/agora.xtec.cat\/esc-elspicots\/projectes\/escola-sostenible\/","title":{"rendered":"Escola Sostenible \/ Escola Verda"},"content":{"rendered":"<p>La comunitat educativa dels Picots fa temps que volem millorar i avan\u00e7ar des de l&#8217;educaci\u00f3 per una millora del nostre entorn. \u00c9s per aix\u00f2 que des de l&#8217;escola s&#8217;han fet diferents accions educatives per afrontar nous reptes mediambientals.<\/p>\n<p>A l&#8217;escola tenim un grup d&#8217;experts sobre sostenibilitat formada per diferents mestres de totes les comunitats que juntament amb l&#8217;equip directiu impulsen aquests projectes. Aquest equip ha participat en una formaci\u00f3 de 2 anys per tal de fer la nostra escola, ESCOLA VERDA, on s&#8217;afavoreixi l&#8217;intercanvi i participaci\u00f3 entre centres que comparteixen els mateixos objectius. Tamb\u00e9 volem agrair la implicaci\u00f3 activa de la comunitat educativa, totes juntes aconseguirem els nostres objectius. A finals de novembre la nostra escola rebr\u00e0 el reconeixement d&#8217;Escola Verda. Ja tenim moltes ganes!<\/p>\n<p>Aqu\u00ed teniu un recull dels diferents projectes que portem a terme:<\/p>\n<p><strong>ECODELEGATS. <\/strong>A cada classe hi ha 1 o 2 infants encarregats de promoure i potenciar entre els seus companys\/es els bons h\u00e0bits, com s\u00f3n:<\/p>\n<p><a href=\"https:\/\/agora.xtec.cat\/esc-elspicots\/wp-content\/uploads\/usu453\/2021\/02\/Funcions-ecodelegat-da.jpg\"><img loading=\"lazy\" decoding=\"async\" class=\"wp-image-3769 aligncenter\" src=\"https:\/\/agora.xtec.cat\/esc-elspicots\/wp-content\/uploads\/usu453\/2021\/02\/Funcions-ecodelegat-da-724x1024.jpg\" alt=\"\" width=\"325\" height=\"460\" srcset=\"https:\/\/agora.xtec.cat\/esc-elspicots\/wp-content\/uploads\/usu453\/2021\/02\/Funcions-ecodelegat-da-724x1024.jpg 724w, https:\/\/agora.xtec.cat\/esc-elspicots\/wp-content\/uploads\/usu453\/2021\/02\/Funcions-ecodelegat-da-212x300.jpg 212w, https:\/\/agora.xtec.cat\/esc-elspicots\/wp-content\/uploads\/usu453\/2021\/02\/Funcions-ecodelegat-da-768x1086.jpg 768w\" sizes=\"auto, (max-width: 325px) 100vw, 325px\" \/><\/a><\/p>\n<p>Cada mes es reuneixen els ecodelegats i ecodelegades amb membres del grup d&#8217;experts sostenible per tractar diversos temes relacionats amb l&#8217;escola sostenible, estudiar-ne l&#8217;evoluci\u00f3 i afrontar nous reptes.<\/p>\n<p><strong>PROJECTE 50\/50<\/strong> d&#8217;estalvi energ\u00e8tic (antic p<span class=\"il\">rojecte<\/span>\u00a0Euronet\u00a0<span class=\"il\">50<\/span>\/<span class=\"il\">50<\/span>). Amb la col\u00b7laboraci\u00f3 tant de l&#8217;Ajuntament de Lli\u00e7\u00e0 d&#8217;Amunt com la DIBA que impulsa el programa i l&#8217;equip d&#8217;<a href=\"https:\/\/www.ecoserveis.net\/\">Ecoserveis<\/a> que dinamitzen les trobades.<\/p>\n<p>L&#8217;objectiu del programa \u00e9s l&#8217;estalvi energ\u00e8tic tant de gasoil, d&#8217;aigua com d&#8217;electricitat. \u00c9s per aix\u00f2 que responsables d&#8217;Ecoserveis visiten l&#8217;escola per con\u00e8ixer i analitzar les instal\u00b7lacions del centre i\u00a0 intercanviar coneixements sobre els usos energ\u00e8tics de l&#8217;edifici, l&#8217;efici\u00e8ncia i reducci\u00f3 del consum d&#8217;energia. En tot aquest proc\u00e9s tamb\u00e9 participen activament l&#8217;alumnat de 5\u00e8 i<span style=\"font-family: inherit; font-size: 1em;\"> membres del grup d&#8217;experts sostenible. A m\u00e9s a m\u00e9s, disposem d&#8217;eines de la motxilla energ\u00e8tica que tenim en pr\u00e9stec fins a final de curs que ens ajudaran a agafar les dades m\u00e9s rellevants per fer un bon estudi energ\u00e8tic.<\/span><\/p>\n<p><strong>POTENCIACI\u00d3 DE LA FRUITA<\/strong> com aliment essencial. A m\u00e9s de participar en el projecte que ens ofereix el Departament d&#8217;Agricultura, Ramaderia, Pesca i Alimentaci\u00f3 anomenat &#8220;Fruita a l&#8217;escola&#8221;, de manera interna tamb\u00e9 tenim estipulats dos dies setmanals on tots i totes hem de portar fruita per esmorzar (dimarts i dijous).<br \/>\n<iframe loading=\"lazy\" src=\"https:\/\/www.youtube.com\/embed\/oI6cUEJEJug\" width=\"560\" height=\"315\" frameborder=\"0\"><\/iframe><\/p>\n<p><strong>&#8220;QUE NO SE&#8217;NS FACI BOLA&#8221;<\/strong>. Amb aquest projecte incentivem l&#8217;\u00fas de materials reciclables i redu\u00efm l&#8217;\u00fas de paper d&#8217;alumini que com b\u00e9 sabeu \u00e9s un material molt contaminant. Hi va haver diferents iniciatives per fer aix\u00f2 possible, d&#8217;entre elles el regal per part de l&#8217;AMPA de carmanyoles i Boc&#8217;n rolls. Us deixem al seg\u00fcent enlla\u00e7 el v\u00eddeo promocional d&#8217;aquest projecte picot\u00ed del que fem seguiment mensualment amb els i les ecodelegades de les classes.<\/p>\n<table style=\"border-collapse: collapse; width: 100%;\">\n<tbody>\n<tr>\n<td style=\"width: 50%;\"><iframe loading=\"lazy\" src=\"https:\/\/www.youtube.com\/embed\/B31-XqResFg\" width=\"560\" height=\"315\" frameborder=\"0\"><\/iframe><\/td>\n<td style=\"width: 50%;\"><a href=\"https:\/\/agora.xtec.cat\/esc-elspicots\/wp-content\/uploads\/usu453\/2021\/01\/PROJECTE-FRUITA-I-BOLA-DE-PAPER-DALUMINI.jpg\"><img loading=\"lazy\" decoding=\"async\" class=\"alignnone wp-image-3693\" src=\"https:\/\/agora.xtec.cat\/esc-elspicots\/wp-content\/uploads\/usu453\/2021\/01\/PROJECTE-FRUITA-I-BOLA-DE-PAPER-DALUMINI-1024x786.jpg\" alt=\"\" width=\"569\" height=\"436\" srcset=\"https:\/\/agora.xtec.cat\/esc-elspicots\/wp-content\/uploads\/usu453\/2021\/01\/PROJECTE-FRUITA-I-BOLA-DE-PAPER-DALUMINI-1024x786.jpg 1024w, https:\/\/agora.xtec.cat\/esc-elspicots\/wp-content\/uploads\/usu453\/2021\/01\/PROJECTE-FRUITA-I-BOLA-DE-PAPER-DALUMINI-300x230.jpg 300w, https:\/\/agora.xtec.cat\/esc-elspicots\/wp-content\/uploads\/usu453\/2021\/01\/PROJECTE-FRUITA-I-BOLA-DE-PAPER-DALUMINI-768x590.jpg 768w, https:\/\/agora.xtec.cat\/esc-elspicots\/wp-content\/uploads\/usu453\/2021\/01\/PROJECTE-FRUITA-I-BOLA-DE-PAPER-DALUMINI.jpg 1080w\" sizes=\"auto, (max-width: 569px) 100vw, 569px\" \/><\/a><\/td>\n<\/tr>\n<tr>\n<td style=\"width: 50%;\"><a href=\"https:\/\/agora.xtec.cat\/esc-elspicots\/wp-content\/uploads\/usu453\/2021\/08\/Screenshot_20210125_184836.jpg\"><img loading=\"lazy\" decoding=\"async\" class=\"alignnone size-large wp-image-4159\" src=\"https:\/\/agora.xtec.cat\/esc-elspicots\/wp-content\/uploads\/usu453\/2021\/08\/Screenshot_20210125_184836-1024x760.jpg\" alt=\"\" width=\"1024\" height=\"760\" srcset=\"https:\/\/agora.xtec.cat\/esc-elspicots\/wp-content\/uploads\/usu453\/2021\/08\/Screenshot_20210125_184836-1024x760.jpg 1024w, https:\/\/agora.xtec.cat\/esc-elspicots\/wp-content\/uploads\/usu453\/2021\/08\/Screenshot_20210125_184836-300x223.jpg 300w, https:\/\/agora.xtec.cat\/esc-elspicots\/wp-content\/uploads\/usu453\/2021\/08\/Screenshot_20210125_184836-768x570.jpg 768w, https:\/\/agora.xtec.cat\/esc-elspicots\/wp-content\/uploads\/usu453\/2021\/08\/Screenshot_20210125_184836.jpg 1069w\" sizes=\"auto, (max-width: 1024px) 100vw, 1024px\" \/><\/a><\/td>\n<td style=\"width: 50%;\"><a href=\"https:\/\/agora.xtec.cat\/esc-elspicots\/wp-content\/uploads\/usu453\/2021\/08\/Screenshot_20210125_184643.jpg\"><img loading=\"lazy\" decoding=\"async\" class=\"alignnone size-large wp-image-4160\" src=\"https:\/\/agora.xtec.cat\/esc-elspicots\/wp-content\/uploads\/usu453\/2021\/08\/Screenshot_20210125_184643-1024x748.jpg\" alt=\"\" width=\"1024\" height=\"748\" srcset=\"https:\/\/agora.xtec.cat\/esc-elspicots\/wp-content\/uploads\/usu453\/2021\/08\/Screenshot_20210125_184643-1024x748.jpg 1024w, https:\/\/agora.xtec.cat\/esc-elspicots\/wp-content\/uploads\/usu453\/2021\/08\/Screenshot_20210125_184643-300x219.jpg 300w, https:\/\/agora.xtec.cat\/esc-elspicots\/wp-content\/uploads\/usu453\/2021\/08\/Screenshot_20210125_184643-768x561.jpg 768w, https:\/\/agora.xtec.cat\/esc-elspicots\/wp-content\/uploads\/usu453\/2021\/08\/Screenshot_20210125_184643.jpg 1080w\" sizes=\"auto, (max-width: 1024px) 100vw, 1024px\" \/><\/a><\/td>\n<\/tr>\n<\/tbody>\n<\/table>\n<p><strong>PUNT VERD <\/strong>de reciclatge. \u00c9s un espai al centre on hi ha diferents contenidors on separem\u00a0els residus pel seu posterior reciclatge. Actualment hi ha contenidors d&#8217;envasos, de paper, org\u00e0nic i de piles (<a href=\"http:\/\/www.apilo.cat\/\">projecte &#8220;Apilo&#8221;<\/a>).<\/p>\n<p><strong>PROJECTE APILO <\/strong>de recollida de piles usades. Cada classe t\u00e9 un recipient on di\u00e0riament els infants podran portar de casa piles esgotades. A la reuni\u00f3 mensual d&#8217;ecodelegats portaran el recipient per pesar-lo i aconseguir punts al carnet sostenible!<\/p>\n<table style=\"border-collapse: collapse; width: 100%;\">\n<tbody>\n<tr>\n<td style=\"width: 50%;\"><a href=\"https:\/\/agora.xtec.cat\/esc-elspicots\/wp-content\/uploads\/usu453\/2021\/10\/Screenshot_20211002_090225.jpg\"><img loading=\"lazy\" decoding=\"async\" class=\"alignnone size-large wp-image-4335\" src=\"https:\/\/agora.xtec.cat\/esc-elspicots\/wp-content\/uploads\/usu453\/2021\/10\/Screenshot_20211002_090225-722x1024.jpg\" alt=\"\" width=\"722\" height=\"1024\" srcset=\"https:\/\/agora.xtec.cat\/esc-elspicots\/wp-content\/uploads\/usu453\/2021\/10\/Screenshot_20211002_090225-722x1024.jpg 722w, https:\/\/agora.xtec.cat\/esc-elspicots\/wp-content\/uploads\/usu453\/2021\/10\/Screenshot_20211002_090225-212x300.jpg 212w, https:\/\/agora.xtec.cat\/esc-elspicots\/wp-content\/uploads\/usu453\/2021\/10\/Screenshot_20211002_090225-768x1089.jpg 768w, https:\/\/agora.xtec.cat\/esc-elspicots\/wp-content\/uploads\/usu453\/2021\/10\/Screenshot_20211002_090225.jpg 1080w\" sizes=\"auto, (max-width: 722px) 100vw, 722px\" \/><\/a><\/td>\n<td style=\"width: 50%;\"><a href=\"https:\/\/agora.xtec.cat\/esc-elspicots\/wp-content\/uploads\/usu453\/2021\/11\/Screenshot_20211105_183010.jpg\"><img loading=\"lazy\" decoding=\"async\" class=\"alignnone size-large wp-image-4484\" src=\"https:\/\/agora.xtec.cat\/esc-elspicots\/wp-content\/uploads\/usu453\/2021\/11\/Screenshot_20211105_183010-1024x764.jpg\" alt=\"\" width=\"1024\" height=\"764\" srcset=\"https:\/\/agora.xtec.cat\/esc-elspicots\/wp-content\/uploads\/usu453\/2021\/11\/Screenshot_20211105_183010-1024x764.jpg 1024w, https:\/\/agora.xtec.cat\/esc-elspicots\/wp-content\/uploads\/usu453\/2021\/11\/Screenshot_20211105_183010-300x224.jpg 300w, https:\/\/agora.xtec.cat\/esc-elspicots\/wp-content\/uploads\/usu453\/2021\/11\/Screenshot_20211105_183010-768x573.jpg 768w, https:\/\/agora.xtec.cat\/esc-elspicots\/wp-content\/uploads\/usu453\/2021\/11\/Screenshot_20211105_183010-200x150.jpg 200w, https:\/\/agora.xtec.cat\/esc-elspicots\/wp-content\/uploads\/usu453\/2021\/11\/Screenshot_20211105_183010.jpg 1080w\" sizes=\"auto, (max-width: 1024px) 100vw, 1024px\" \/><\/a><\/td>\n<\/tr>\n<\/tbody>\n<\/table>\n<p><strong>PROJECTE PATI. <\/strong>Un dels objectius que ens hem marcat en el projecte pati \u00e9s el de renaturalitzar l&#8217;espai de les zones exteriors del centre amb m\u00e9s arbres, vegetaci\u00f3 i un hort escolar. Volem que els infants tinguin contacte amb la natura tot fent que l&#8217;alumnat s&#8217;impliqui i siguin protagonistes del projecte que portem a terme. Volem afavorir la creativitat i el joc, el recuperar el contacte i la interacci\u00f3 amb la natura. Ens ho deia la mestra Rosa Sensat, amb paraules de J.J. Rousseau: &#8220;La millor escola \u00e9s l&#8217;ombra d&#8217;un arbre&#8221;.<\/p>\n<p><strong>CARTELLS<\/strong> al pati i a les zones exteriors per mantenir entre totes i tots l&#8217;escola Picotina ben neta.<\/p>\n<table style=\"border-collapse: collapse; width: 93.4106%;\">\n<tbody>\n<tr>\n<td style=\"width: 47.592%;\"><a href=\"https:\/\/agora.xtec.cat\/esc-elspicots\/wp-content\/uploads\/usu453\/2021\/01\/FEM-SERVIR-LES-PAPERERES.jpg\"><img loading=\"lazy\" decoding=\"async\" class=\"alignnone wp-image-3691\" src=\"https:\/\/agora.xtec.cat\/esc-elspicots\/wp-content\/uploads\/usu453\/2021\/01\/FEM-SERVIR-LES-PAPERERES-842x1024.jpg\" alt=\"\" width=\"530\" height=\"646\" srcset=\"https:\/\/agora.xtec.cat\/esc-elspicots\/wp-content\/uploads\/usu453\/2021\/01\/FEM-SERVIR-LES-PAPERERES-842x1024.jpg 842w, https:\/\/agora.xtec.cat\/esc-elspicots\/wp-content\/uploads\/usu453\/2021\/01\/FEM-SERVIR-LES-PAPERERES-247x300.jpg 247w, https:\/\/agora.xtec.cat\/esc-elspicots\/wp-content\/uploads\/usu453\/2021\/01\/FEM-SERVIR-LES-PAPERERES-768x934.jpg 768w, https:\/\/agora.xtec.cat\/esc-elspicots\/wp-content\/uploads\/usu453\/2021\/01\/FEM-SERVIR-LES-PAPERERES.jpg 1080w\" sizes=\"auto, (max-width: 530px) 100vw, 530px\" \/><\/a><\/td>\n<td style=\"width: 45.6938%;\"><a href=\"https:\/\/agora.xtec.cat\/esc-elspicots\/wp-content\/uploads\/usu453\/2021\/01\/MANTINGUEM-EL-PATI-NET.jpg\"><img loading=\"lazy\" decoding=\"async\" class=\"alignnone wp-image-3692\" src=\"https:\/\/agora.xtec.cat\/esc-elspicots\/wp-content\/uploads\/usu453\/2021\/01\/MANTINGUEM-EL-PATI-NET-787x1024.jpg\" alt=\"\" width=\"428\" height=\"557\" srcset=\"https:\/\/agora.xtec.cat\/esc-elspicots\/wp-content\/uploads\/usu453\/2021\/01\/MANTINGUEM-EL-PATI-NET-787x1024.jpg 787w, https:\/\/agora.xtec.cat\/esc-elspicots\/wp-content\/uploads\/usu453\/2021\/01\/MANTINGUEM-EL-PATI-NET-230x300.jpg 230w, https:\/\/agora.xtec.cat\/esc-elspicots\/wp-content\/uploads\/usu453\/2021\/01\/MANTINGUEM-EL-PATI-NET-768x1000.jpg 768w, https:\/\/agora.xtec.cat\/esc-elspicots\/wp-content\/uploads\/usu453\/2021\/01\/MANTINGUEM-EL-PATI-NET.jpg 1080w\" sizes=\"auto, (max-width: 428px) 100vw, 428px\" \/><\/a><\/td>\n<\/tr>\n<\/tbody>\n<\/table>\n<p><strong>REUNIONS ECODELEGATS\/DES.<\/strong> El darrer divendres de cada mes els i les ecodelegats\/des de cada classe es reuneixen amb dos membres del grup d&#8217;experts sostenible. En aquesta trobada es fa una valoraci\u00f3 de la situaci\u00f3 dels projectes a cada classe i es calculen els percentatges d&#8217;infants de cada classe que han portat fruita per esmorzar, es calcula el pes de la bola de paper d&#8217;alumini i tamb\u00e9 es pesa el recipient amb les piles esgotades. Aquestes dades s&#8217;anoten al full corresponent i seguint la normativa, anotem els punts corresponents al carnet de sostenibilitat. Al finalitzar cada trimestre, els grups amb m\u00e9s puntuaci\u00f3 en cada projecte (fruita, paper d&#8217;alumini i piles), tindran el seu reconeixement oport\u00fa en forma de diploma!<\/p>\n<table style=\"border-collapse: collapse; width: 100%;\">\n<tbody>\n<tr>\n<td style=\"width: 50%;\"><a href=\"https:\/\/agora.xtec.cat\/esc-elspicots\/wp-content\/uploads\/usu453\/2021\/10\/Screenshot_20211002_090939.jpg\"><img loading=\"lazy\" decoding=\"async\" class=\"alignnone size-full wp-image-4337\" src=\"https:\/\/agora.xtec.cat\/esc-elspicots\/wp-content\/uploads\/usu453\/2021\/10\/Screenshot_20211002_090939.jpg\" alt=\"\" width=\"1001\" height=\"498\" srcset=\"https:\/\/agora.xtec.cat\/esc-elspicots\/wp-content\/uploads\/usu453\/2021\/10\/Screenshot_20211002_090939.jpg 1001w, https:\/\/agora.xtec.cat\/esc-elspicots\/wp-content\/uploads\/usu453\/2021\/10\/Screenshot_20211002_090939-300x149.jpg 300w, https:\/\/agora.xtec.cat\/esc-elspicots\/wp-content\/uploads\/usu453\/2021\/10\/Screenshot_20211002_090939-768x382.jpg 768w\" sizes=\"auto, (max-width: 1001px) 100vw, 1001px\" \/><\/a><\/td>\n<td style=\"width: 50%;\"><a href=\"https:\/\/agora.xtec.cat\/esc-elspicots\/wp-content\/uploads\/usu453\/2021\/11\/Screenshot_20211105_183110.jpg\"><img loading=\"lazy\" decoding=\"async\" class=\"alignnone size-large wp-image-4481\" src=\"https:\/\/agora.xtec.cat\/esc-elspicots\/wp-content\/uploads\/usu453\/2021\/11\/Screenshot_20211105_183110-1024x766.jpg\" alt=\"\" width=\"1024\" height=\"766\" srcset=\"https:\/\/agora.xtec.cat\/esc-elspicots\/wp-content\/uploads\/usu453\/2021\/11\/Screenshot_20211105_183110-1024x766.jpg 1024w, https:\/\/agora.xtec.cat\/esc-elspicots\/wp-content\/uploads\/usu453\/2021\/11\/Screenshot_20211105_183110-300x224.jpg 300w, https:\/\/agora.xtec.cat\/esc-elspicots\/wp-content\/uploads\/usu453\/2021\/11\/Screenshot_20211105_183110-768x575.jpg 768w, https:\/\/agora.xtec.cat\/esc-elspicots\/wp-content\/uploads\/usu453\/2021\/11\/Screenshot_20211105_183110-200x150.jpg 200w, https:\/\/agora.xtec.cat\/esc-elspicots\/wp-content\/uploads\/usu453\/2021\/11\/Screenshot_20211105_183110.jpg 1080w\" sizes=\"auto, (max-width: 1024px) 100vw, 1024px\" \/><\/a><\/td>\n<\/tr>\n<tr>\n<td style=\"width: 50%;\"><a href=\"https:\/\/agora.xtec.cat\/esc-elspicots\/wp-content\/uploads\/usu453\/2021\/11\/Screenshot_20211105_183122.jpg\"><img loading=\"lazy\" decoding=\"async\" class=\"alignnone size-large wp-image-4482\" src=\"https:\/\/agora.xtec.cat\/esc-elspicots\/wp-content\/uploads\/usu453\/2021\/11\/Screenshot_20211105_183122-783x1024.jpg\" alt=\"\" width=\"783\" height=\"1024\" srcset=\"https:\/\/agora.xtec.cat\/esc-elspicots\/wp-content\/uploads\/usu453\/2021\/11\/Screenshot_20211105_183122-783x1024.jpg 783w, https:\/\/agora.xtec.cat\/esc-elspicots\/wp-content\/uploads\/usu453\/2021\/11\/Screenshot_20211105_183122-229x300.jpg 229w, https:\/\/agora.xtec.cat\/esc-elspicots\/wp-content\/uploads\/usu453\/2021\/11\/Screenshot_20211105_183122-768x1004.jpg 768w, https:\/\/agora.xtec.cat\/esc-elspicots\/wp-content\/uploads\/usu453\/2021\/11\/Screenshot_20211105_183122.jpg 1080w\" sizes=\"auto, (max-width: 783px) 100vw, 783px\" \/><\/a><\/td>\n<td style=\"width: 50%;\"><a href=\"https:\/\/agora.xtec.cat\/esc-elspicots\/wp-content\/uploads\/usu453\/2021\/11\/Screenshot_20211105_174120.jpg\"><img loading=\"lazy\" decoding=\"async\" class=\"alignnone size-large wp-image-4478\" src=\"https:\/\/agora.xtec.cat\/esc-elspicots\/wp-content\/uploads\/usu453\/2021\/11\/Screenshot_20211105_174120-774x1024.jpg\" alt=\"\" width=\"774\" height=\"1024\" srcset=\"https:\/\/agora.xtec.cat\/esc-elspicots\/wp-content\/uploads\/usu453\/2021\/11\/Screenshot_20211105_174120-774x1024.jpg 774w, https:\/\/agora.xtec.cat\/esc-elspicots\/wp-content\/uploads\/usu453\/2021\/11\/Screenshot_20211105_174120-227x300.jpg 227w, https:\/\/agora.xtec.cat\/esc-elspicots\/wp-content\/uploads\/usu453\/2021\/11\/Screenshot_20211105_174120-768x1016.jpg 768w, https:\/\/agora.xtec.cat\/esc-elspicots\/wp-content\/uploads\/usu453\/2021\/11\/Screenshot_20211105_174120.jpg 1080w\" sizes=\"auto, (max-width: 774px) 100vw, 774px\" \/><\/a><\/td>\n<\/tr>\n<tr>\n<td style=\"width: 50%;\"><a href=\"https:\/\/agora.xtec.cat\/esc-elspicots\/wp-content\/uploads\/usu453\/2021\/11\/Screenshot_20211105_183629.jpg\"><img loading=\"lazy\" decoding=\"async\" class=\"alignnone size-large wp-image-4486\" src=\"https:\/\/agora.xtec.cat\/esc-elspicots\/wp-content\/uploads\/usu453\/2021\/11\/Screenshot_20211105_183629-1024x612.jpg\" alt=\"\" width=\"1024\" height=\"612\" srcset=\"https:\/\/agora.xtec.cat\/esc-elspicots\/wp-content\/uploads\/usu453\/2021\/11\/Screenshot_20211105_183629-1024x612.jpg 1024w, https:\/\/agora.xtec.cat\/esc-elspicots\/wp-content\/uploads\/usu453\/2021\/11\/Screenshot_20211105_183629-300x179.jpg 300w, https:\/\/agora.xtec.cat\/esc-elspicots\/wp-content\/uploads\/usu453\/2021\/11\/Screenshot_20211105_183629-768x459.jpg 768w, https:\/\/agora.xtec.cat\/esc-elspicots\/wp-content\/uploads\/usu453\/2021\/11\/Screenshot_20211105_183629.jpg 1441w\" sizes=\"auto, (max-width: 1024px) 100vw, 1024px\" \/><\/a><\/td>\n<td style=\"width: 50%;\"><a href=\"https:\/\/agora.xtec.cat\/esc-elspicots\/wp-content\/uploads\/usu453\/2021\/11\/Screenshot_20211105_183758.jpg\"><img loading=\"lazy\" decoding=\"async\" class=\"alignnone size-large wp-image-4487\" src=\"https:\/\/agora.xtec.cat\/esc-elspicots\/wp-content\/uploads\/usu453\/2021\/11\/Screenshot_20211105_183758-1024x606.jpg\" alt=\"\" width=\"1024\" height=\"606\" srcset=\"https:\/\/agora.xtec.cat\/esc-elspicots\/wp-content\/uploads\/usu453\/2021\/11\/Screenshot_20211105_183758-1024x606.jpg 1024w, https:\/\/agora.xtec.cat\/esc-elspicots\/wp-content\/uploads\/usu453\/2021\/11\/Screenshot_20211105_183758-300x177.jpg 300w, https:\/\/agora.xtec.cat\/esc-elspicots\/wp-content\/uploads\/usu453\/2021\/11\/Screenshot_20211105_183758-768x454.jpg 768w, https:\/\/agora.xtec.cat\/esc-elspicots\/wp-content\/uploads\/usu453\/2021\/11\/Screenshot_20211105_183758.jpg 1407w\" sizes=\"auto, (max-width: 1024px) 100vw, 1024px\" \/><\/a><\/td>\n<\/tr>\n<tr>\n<td style=\"width: 50%;\"><a href=\"https:\/\/agora.xtec.cat\/esc-elspicots\/wp-content\/uploads\/usu453\/2021\/11\/Screenshot_20211105_184035.jpg\"><img loading=\"lazy\" decoding=\"async\" class=\"alignnone size-large wp-image-4488\" src=\"https:\/\/agora.xtec.cat\/esc-elspicots\/wp-content\/uploads\/usu453\/2021\/11\/Screenshot_20211105_184035-1024x597.jpg\" alt=\"\" width=\"1024\" height=\"597\" srcset=\"https:\/\/agora.xtec.cat\/esc-elspicots\/wp-content\/uploads\/usu453\/2021\/11\/Screenshot_20211105_184035-1024x597.jpg 1024w, https:\/\/agora.xtec.cat\/esc-elspicots\/wp-content\/uploads\/usu453\/2021\/11\/Screenshot_20211105_184035-300x175.jpg 300w, https:\/\/agora.xtec.cat\/esc-elspicots\/wp-content\/uploads\/usu453\/2021\/11\/Screenshot_20211105_184035-768x447.jpg 768w, https:\/\/agora.xtec.cat\/esc-elspicots\/wp-content\/uploads\/usu453\/2021\/11\/Screenshot_20211105_184035.jpg 1131w\" sizes=\"auto, (max-width: 1024px) 100vw, 1024px\" \/><\/a><\/td>\n<td style=\"width: 50%;\"><\/td>\n<\/tr>\n<\/tbody>\n<\/table>\n<p>Volem fer-vos part\u00edcips d&#8217;aquests projectes i que ens ajudeu a millorar h\u00e0bits alimentaris, la consci\u00e8ncia i el respecte pel nostre entorn. Seguim treballant per tenir un m\u00f3n millor!<\/p>\n","protected":false},"excerpt":{"rendered":"<p>La comunitat educativa dels Picots fa temps que volem millorar i avan\u00e7ar des de l&#8217;educaci\u00f3 per una millora del nostre entorn. \u00c9s per aix\u00f2 que des de l&#8217;escola s&#8217;han fet diferents accions educatives per afrontar nous reptes mediambientals. A l&#8217;escola tenim un grup d&#8217;experts sobre sostenibilitat formada per diferents mestres de totes les comunitats que [&hellip;]<\/p>\n","protected":false},"author":1,"featured_media":0,"parent":30,"menu_order":8,"comment_status":"closed","ping_status":"closed","template":"","meta":{"_bbp_topic_count":0,"_bbp_reply_count":0,"_bbp_total_topic_count":0,"_bbp_total_reply_count":0,"_bbp_voice_count":0,"_bbp_anonymous_reply_count":0,"_bbp_topic_count_hidden":0,"_bbp_reply_count_hidden":0,"_bbp_forum_subforum_count":0,"site-sidebar-layout":"default","site-content-layout":"","ast-site-content-layout":"default","site-content-style":"default","site-sidebar-style":"default","ast-global-header-display":"","ast-banner-title-visibility":"","ast-main-header-display":"","ast-hfb-above-header-display":"","ast-hfb-below-header-display":"","ast-hfb-mobile-header-display":"","site-post-title":"","ast-breadcrumbs-content":"","ast-featured-img":"","footer-sml-layout":"","theme-transparent-header-meta":"","adv-header-id-meta":"","stick-header-meta":"","header-above-stick-meta":"","header-main-stick-meta":"","header-below-stick-meta":"","astra-migrate-meta-layouts":"set","ast-page-background-enabled":"default","ast-page-background-meta":{"desktop":{"background-color":"var(--ast-global-color-4)","background-image":"","background-repeat":"repeat","background-position":"center center","background-size":"auto","background-attachment":"scroll","background-type":"","background-media":"","overlay-type":"","overlay-color":"","overlay-opacity":"","overlay-gradient":""},"tablet":{"background-color":"","background-image":"","background-repeat":"repeat","background-position":"center center","background-size":"auto","background-attachment":"scroll","background-type":"","background-media":"","overlay-type":"","overlay-color":"","overlay-opacity":"","overlay-gradient":""},"mobile":{"background-color":"","background-image":"","background-repeat":"repeat","background-position":"center center","background-size":"auto","background-attachment":"scroll","background-type":"","background-media":"","overlay-type":"","overlay-color":"","overlay-opacity":"","overlay-gradient":""}},"ast-content-background-meta":{"desktop":{"background-color":"var(--ast-global-color-5)","background-image":"","background-repeat":"repeat","background-position":"center center","background-size":"auto","background-attachment":"scroll","background-type":"","background-media":"","overlay-type":"","overlay-color":"","overlay-opacity":"","overlay-gradient":""},"tablet":{"background-color":"var(--ast-global-color-5)","background-image":"","background-repeat":"repeat","background-position":"center center","background-size":"auto","background-attachment":"scroll","background-type":"","background-media":"","overlay-type":"","overlay-color":"","overlay-opacity":"","overlay-gradient":""},"mobile":{"background-color":"var(--ast-global-color-5)","background-image":"","background-repeat":"repeat","background-position":"center center","background-size":"auto","background-attachment":"scroll","background-type":"","background-media":"","overlay-type":"","overlay-color":"","overlay-opacity":"","overlay-gradient":""}},"footnotes":""},"class_list":["post-3764","page","type-page","status-publish","hentry"],"post_mailing_queue_ids":[],"_links":{"self":[{"href":"https:\/\/agora.xtec.cat\/esc-elspicots\/wp-json\/wp\/v2\/pages\/3764","targetHints":{"allow":["GET"]}}],"collection":[{"href":"https:\/\/agora.xtec.cat\/esc-elspicots\/wp-json\/wp\/v2\/pages"}],"about":[{"href":"https:\/\/agora.xtec.cat\/esc-elspicots\/wp-json\/wp\/v2\/types\/page"}],"author":[{"embeddable":true,"href":"https:\/\/agora.xtec.cat\/esc-elspicots\/wp-json\/wp\/v2\/users\/1"}],"replies":[{"embeddable":true,"href":"https:\/\/agora.xtec.cat\/esc-elspicots\/wp-json\/wp\/v2\/comments?post=3764"}],"version-history":[{"count":5,"href":"https:\/\/agora.xtec.cat\/esc-elspicots\/wp-json\/wp\/v2\/pages\/3764\/revisions"}],"predecessor-version":[{"id":7237,"href":"https:\/\/agora.xtec.cat\/esc-elspicots\/wp-json\/wp\/v2\/pages\/3764\/revisions\/7237"}],"up":[{"embeddable":true,"href":"https:\/\/agora.xtec.cat\/esc-elspicots\/wp-json\/wp\/v2\/pages\/30"}],"wp:attachment":[{"href":"https:\/\/agora.xtec.cat\/esc-elspicots\/wp-json\/wp\/v2\/media?parent=3764"}],"curies":[{"name":"wp","href":"https:\/\/api.w.org\/{rel}","templated":true}]}}