{"id":3532,"date":"2020-09-13T15:55:42","date_gmt":"2020-09-13T13:55:42","guid":{"rendered":"https:\/\/agora.xtec.cat\/esc-elspicots\/?page_id=3532"},"modified":"2026-03-02T11:43:14","modified_gmt":"2026-03-02T10:43:14","slug":"fruita-a-lescola","status":"publish","type":"page","link":"https:\/\/agora.xtec.cat\/esc-elspicots\/projectes\/fruita-a-lescola\/","title":{"rendered":"Esmorzem fruita a l&#8217;escola!"},"content":{"rendered":"<p>Per millorar l&#8217;alimentaci\u00f3 i la salut dels nostres infants, tant els dimarts com els dijous celebrem el dia de la fruita. Aix\u00ed que per esmorzar recomanem fruita de temporada, que pot anar acompanyat d&#8217;un altre complement com un entrep\u00e0.<\/p>\n<p>A m\u00e9s, el nostre centre <span style=\"font-family: inherit; font-size: 1em;\">participa en el <\/span><a style=\"font-family: inherit; font-size: 1em;\" href=\"http:\/\/agricultura.gencat.cat\/ca\/ambits\/alimentacio\/promocio-agroalimentaria\/fruita-llet-escoles\">Pla de Consum de fruita<\/a><span style=\"font-family: inherit; font-size: 1em;\">\u00a0a les escoles de la Uni\u00f3 Europea.<\/span><\/p>\n<p>El Departament d\u2019Agricultura, Ramaderia, Pesca i Alimentaci\u00f3 envia la fruita a l\u2019escola generalment un cop al mes. Quan arriba, membres de l\u2019equip docent i fam\u00edlies volunt\u00e0ries de l\u2019AFA reparteixen un tipus de fruita per cada dia. Aquesta complementar\u00e0 l\u2019esmorzar del nen\/a.<\/p>\n<p>Repartiment de la fruita per al curs 25-26:<\/p>\n<table style=\"height: 162px; width: 58.5607%; border-collapse: collapse;\" border=\"2\">\n<caption>\u00a0<\/caption>\n<tbody>\n<tr style=\"height: 23px;\">\n<td style=\"width: 35.7373%; height: 23px; border-color: #000000;\">Setmana del 27 d&#8217;octubre<\/td>\n<td style=\"width: 30.4754%; height: 23px; border-color: #000000;\">Pera i\u00a0 poma<\/td>\n<\/tr>\n<tr style=\"height: 24px;\">\n<td style=\"width: 35.7373%; height: 24px; border-color: #000000;\">Setmana del 24 de novembre<\/td>\n<td style=\"width: 30.4754%; height: 24px; border-color: #000000;\">Pl\u00e0tan, mandarina\u00a0 i pera<\/td>\n<\/tr>\n<tr style=\"height: 23px;\">\n<td style=\"width: 35.7373%; height: 23px; border-color: #000000;\">Setmana del 26 de gener<\/td>\n<td style=\"width: 30.4754%; height: 23px; border-color: #000000;\">\u00a0Mandarina, poma i pera<\/td>\n<\/tr>\n<tr style=\"height: 23px;\">\n<td style=\"width: 35.7373%; height: 23px; border-color: #000000;\">Setmana del 23 de febrer<\/td>\n<td style=\"width: 30.4754%; height: 23px; border-color: #000000;\">Taronja, pl\u00e0tan i mandarina<\/td>\n<\/tr>\n<tr style=\"height: 23px;\">\n<td style=\"width: 35.7373%; height: 23px; border-color: #000000;\">Setmana del 23 de mar\u00e7<\/td>\n<td class=\"sorting_1\" style=\"width: 30.4754%; height: 23px; border-color: #000000;\">Pl\u00e0tan, taronja, poma<\/td>\n<\/tr>\n<tr style=\"height: 23px;\">\n<td style=\"width: 35.7373%; height: 23px; border-color: #000000;\">Setmana del 18 de maig<\/td>\n<td style=\"width: 30.4754%; height: 23px; border-color: #000000;\">Albercoc, taronja i cirerol<\/td>\n<\/tr>\n<tr style=\"height: 23px;\">\n<td style=\"width: 35.7373%; height: 23px; border-color: #000000;\">Setmana del 8 de juny<\/td>\n<td class=\"sorting_1\" style=\"width: 30.4754%; height: 23px; border-color: #000000;\">Cirera, nectarina i pr\u00e9ssec<\/td>\n<\/tr>\n<\/tbody>\n<\/table>\n<p>Per a m\u00e9s informaci\u00f3, cliqueu <a href=\"https:\/\/fruita.cat\/\">aqu\u00ed<\/a>.<\/p>\n<p><a href=\"https:\/\/agora.xtec.cat\/esc-elspicots\/wp-content\/uploads\/usu453\/2021\/11\/triptic-programa-consum-fruita-hortalisses-escoles-unio-europea.pdf\">Tr\u00edptic programa consum de fruita a les escoles de la Uni\u00f3 Europea<\/a><\/p>\n<p><a href=\"https:\/\/agora.xtec.cat\/esc-elspicots\/wp-content\/uploads\/usu453\/2021\/11\/cartell-programa-consum-fruita-hortalisses-escoles-unio-europea.pdf\">Cartell programa consum fruita escoles de la Uni\u00f3 Europea<\/a><\/p>\n<table style=\"border-collapse: collapse; width: 100%;\">\n<tbody>\n<tr>\n<td style=\"width: 50%;\"><a href=\"https:\/\/agora.xtec.cat\/esc-elspicots\/wp-content\/uploads\/usu453\/2020\/09\/FB_IMG_1600005171879.jpg\"><img loading=\"lazy\" decoding=\"async\" class=\"alignnone size-full wp-image-3538\" src=\"https:\/\/agora.xtec.cat\/esc-elspicots\/wp-content\/uploads\/usu453\/2020\/09\/FB_IMG_1600005171879.jpg\" alt=\"\" width=\"960\" height=\"720\" srcset=\"https:\/\/agora.xtec.cat\/esc-elspicots\/wp-content\/uploads\/usu453\/2020\/09\/FB_IMG_1600005171879.jpg 960w, https:\/\/agora.xtec.cat\/esc-elspicots\/wp-content\/uploads\/usu453\/2020\/09\/FB_IMG_1600005171879-300x225.jpg 300w, https:\/\/agora.xtec.cat\/esc-elspicots\/wp-content\/uploads\/usu453\/2020\/09\/FB_IMG_1600005171879-768x576.jpg 768w, https:\/\/agora.xtec.cat\/esc-elspicots\/wp-content\/uploads\/usu453\/2020\/09\/FB_IMG_1600005171879-200x150.jpg 200w\" sizes=\"auto, (max-width: 960px) 100vw, 960px\" \/><\/a><\/td>\n<td style=\"width: 50%;\"><a href=\"https:\/\/agora.xtec.cat\/esc-elspicots\/wp-content\/uploads\/usu453\/2020\/09\/FB_IMG_1600005141382.jpg\"><img loading=\"lazy\" decoding=\"async\" class=\"alignnone size-large wp-image-3539\" src=\"https:\/\/agora.xtec.cat\/esc-elspicots\/wp-content\/uploads\/usu453\/2020\/09\/FB_IMG_1600005141382.jpg\" alt=\"\" width=\"960\" height=\"720\" srcset=\"https:\/\/agora.xtec.cat\/esc-elspicots\/wp-content\/uploads\/usu453\/2020\/09\/FB_IMG_1600005141382.jpg 960w, https:\/\/agora.xtec.cat\/esc-elspicots\/wp-content\/uploads\/usu453\/2020\/09\/FB_IMG_1600005141382-300x225.jpg 300w, https:\/\/agora.xtec.cat\/esc-elspicots\/wp-content\/uploads\/usu453\/2020\/09\/FB_IMG_1600005141382-768x576.jpg 768w, https:\/\/agora.xtec.cat\/esc-elspicots\/wp-content\/uploads\/usu453\/2020\/09\/FB_IMG_1600005141382-200x150.jpg 200w\" sizes=\"auto, (max-width: 960px) 100vw, 960px\" \/><\/a><\/td>\n<\/tr>\n<tr>\n<td style=\"width: 50%;\"><a href=\"https:\/\/agora.xtec.cat\/esc-elspicots\/wp-content\/uploads\/usu453\/2021\/08\/Screenshot_20210125_184014.jpg\"><img loading=\"lazy\" decoding=\"async\" class=\"alignnone size-large wp-image-4157\" src=\"https:\/\/agora.xtec.cat\/esc-elspicots\/wp-content\/uploads\/usu453\/2021\/08\/Screenshot_20210125_184014-771x1024.jpg\" alt=\"\" width=\"771\" height=\"1024\" srcset=\"https:\/\/agora.xtec.cat\/esc-elspicots\/wp-content\/uploads\/usu453\/2021\/08\/Screenshot_20210125_184014-771x1024.jpg 771w, https:\/\/agora.xtec.cat\/esc-elspicots\/wp-content\/uploads\/usu453\/2021\/08\/Screenshot_20210125_184014-226x300.jpg 226w, https:\/\/agora.xtec.cat\/esc-elspicots\/wp-content\/uploads\/usu453\/2021\/08\/Screenshot_20210125_184014-768x1020.jpg 768w, https:\/\/agora.xtec.cat\/esc-elspicots\/wp-content\/uploads\/usu453\/2021\/08\/Screenshot_20210125_184014.jpg 1080w\" sizes=\"auto, (max-width: 771px) 100vw, 771px\" \/><\/a><\/td>\n<td style=\"width: 50%;\"><a href=\"https:\/\/agora.xtec.cat\/esc-elspicots\/wp-content\/uploads\/usu453\/2020\/09\/FB_IMG_1600005193382.jpg\"><img loading=\"lazy\" decoding=\"async\" class=\"alignnone size-large wp-image-3541\" src=\"https:\/\/agora.xtec.cat\/esc-elspicots\/wp-content\/uploads\/usu453\/2020\/09\/FB_IMG_1600005193382.jpg\" alt=\"\" width=\"960\" height=\"721\" srcset=\"https:\/\/agora.xtec.cat\/esc-elspicots\/wp-content\/uploads\/usu453\/2020\/09\/FB_IMG_1600005193382.jpg 960w, https:\/\/agora.xtec.cat\/esc-elspicots\/wp-content\/uploads\/usu453\/2020\/09\/FB_IMG_1600005193382-300x225.jpg 300w, https:\/\/agora.xtec.cat\/esc-elspicots\/wp-content\/uploads\/usu453\/2020\/09\/FB_IMG_1600005193382-768x577.jpg 768w, https:\/\/agora.xtec.cat\/esc-elspicots\/wp-content\/uploads\/usu453\/2020\/09\/FB_IMG_1600005193382-200x150.jpg 200w\" sizes=\"auto, (max-width: 960px) 100vw, 960px\" \/><\/a><\/td>\n<\/tr>\n<\/tbody>\n<\/table>\n","protected":false},"excerpt":{"rendered":"<p>Per millorar l&#8217;alimentaci\u00f3 i la salut dels nostres infants, tant els dimarts com els dijous celebrem el dia de la fruita. Aix\u00ed que per esmorzar recomanem fruita de temporada, que pot anar acompanyat d&#8217;un altre complement com un entrep\u00e0. A m\u00e9s, el nostre centre participa en el Pla de Consum de fruita\u00a0a les escoles de [&hellip;]<\/p>\n","protected":false},"author":1,"featured_media":0,"parent":30,"menu_order":12,"comment_status":"closed","ping_status":"closed","template":"","meta":{"_bbp_topic_count":0,"_bbp_reply_count":0,"_bbp_total_topic_count":0,"_bbp_total_reply_count":0,"_bbp_voice_count":0,"_bbp_anonymous_reply_count":0,"_bbp_topic_count_hidden":0,"_bbp_reply_count_hidden":0,"_bbp_forum_subforum_count":0,"site-sidebar-layout":"default","site-content-layout":"","ast-site-content-layout":"default","site-content-style":"default","site-sidebar-style":"default","ast-global-header-display":"","ast-banner-title-visibility":"","ast-main-header-display":"","ast-hfb-above-header-display":"","ast-hfb-below-header-display":"","ast-hfb-mobile-header-display":"","site-post-title":"","ast-breadcrumbs-content":"","ast-featured-img":"","footer-sml-layout":"","theme-transparent-header-meta":"","adv-header-id-meta":"","stick-header-meta":"","header-above-stick-meta":"","header-main-stick-meta":"","header-below-stick-meta":"","astra-migrate-meta-layouts":"set","ast-page-background-enabled":"default","ast-page-background-meta":{"desktop":{"background-color":"var(--ast-global-color-4)","background-image":"","background-repeat":"repeat","background-position":"center center","background-size":"auto","background-attachment":"scroll","background-type":"","background-media":"","overlay-type":"","overlay-color":"","overlay-opacity":"","overlay-gradient":""},"tablet":{"background-color":"","background-image":"","background-repeat":"repeat","background-position":"center center","background-size":"auto","background-attachment":"scroll","background-type":"","background-media":"","overlay-type":"","overlay-color":"","overlay-opacity":"","overlay-gradient":""},"mobile":{"background-color":"","background-image":"","background-repeat":"repeat","background-position":"center center","background-size":"auto","background-attachment":"scroll","background-type":"","background-media":"","overlay-type":"","overlay-color":"","overlay-opacity":"","overlay-gradient":""}},"ast-content-background-meta":{"desktop":{"background-color":"var(--ast-global-color-5)","background-image":"","background-repeat":"repeat","background-position":"center center","background-size":"auto","background-attachment":"scroll","background-type":"","background-media":"","overlay-type":"","overlay-color":"","overlay-opacity":"","overlay-gradient":""},"tablet":{"background-color":"var(--ast-global-color-5)","background-image":"","background-repeat":"repeat","background-position":"center center","background-size":"auto","background-attachment":"scroll","background-type":"","background-media":"","overlay-type":"","overlay-color":"","overlay-opacity":"","overlay-gradient":""},"mobile":{"background-color":"var(--ast-global-color-5)","background-image":"","background-repeat":"repeat","background-position":"center center","background-size":"auto","background-attachment":"scroll","background-type":"","background-media":"","overlay-type":"","overlay-color":"","overlay-opacity":"","overlay-gradient":""}},"footnotes":""},"class_list":["post-3532","page","type-page","status-publish","hentry"],"post_mailing_queue_ids":[],"_links":{"self":[{"href":"https:\/\/agora.xtec.cat\/esc-elspicots\/wp-json\/wp\/v2\/pages\/3532","targetHints":{"allow":["GET"]}}],"collection":[{"href":"https:\/\/agora.xtec.cat\/esc-elspicots\/wp-json\/wp\/v2\/pages"}],"about":[{"href":"https:\/\/agora.xtec.cat\/esc-elspicots\/wp-json\/wp\/v2\/types\/page"}],"author":[{"embeddable":true,"href":"https:\/\/agora.xtec.cat\/esc-elspicots\/wp-json\/wp\/v2\/users\/1"}],"replies":[{"embeddable":true,"href":"https:\/\/agora.xtec.cat\/esc-elspicots\/wp-json\/wp\/v2\/comments?post=3532"}],"version-history":[{"count":6,"href":"https:\/\/agora.xtec.cat\/esc-elspicots\/wp-json\/wp\/v2\/pages\/3532\/revisions"}],"predecessor-version":[{"id":7180,"href":"https:\/\/agora.xtec.cat\/esc-elspicots\/wp-json\/wp\/v2\/pages\/3532\/revisions\/7180"}],"up":[{"embeddable":true,"href":"https:\/\/agora.xtec.cat\/esc-elspicots\/wp-json\/wp\/v2\/pages\/30"}],"wp:attachment":[{"href":"https:\/\/agora.xtec.cat\/esc-elspicots\/wp-json\/wp\/v2\/media?parent=3532"}],"curies":[{"name":"wp","href":"https:\/\/api.w.org\/{rel}","templated":true}]}}