{"id":3411,"date":"2020-09-12T10:30:33","date_gmt":"2020-09-12T08:30:33","guid":{"rendered":"https:\/\/agora.xtec.cat\/esc-elspicots\/?page_id=3411"},"modified":"2025-09-18T09:04:25","modified_gmt":"2025-09-18T07:04:25","slug":"convocatories-i-actes-de-reunions","status":"publish","type":"page","link":"https:\/\/agora.xtec.cat\/esc-elspicots\/afa\/convocatories-i-actes-de-reunions\/","title":{"rendered":"Convocat\u00f2ries i actes de reunions"},"content":{"rendered":"<h3><span style=\"color: #000000; font-family: arial, sans-serif; font-size: large; font-weight: normal;\">A continuaci\u00f3 trobareu les convocat\u00f2ries i actes de les assemblees generals de l&#8217;AFA:<\/span><\/h3>\n<h3><span style=\"color: #000000; font-family: arial, sans-serif; font-size: large; font-weight: normal;\">Curs 25-26<\/span><\/h3>\n<p>* <a href=\"https:\/\/agora.xtec.cat\/esc-elspicots\/wp-content\/uploads\/usu453\/2025\/09\/2025-Convocatoria-Assemblea-Ordinaria-AFA.pdf\">Convocat\u00f2ria<\/a>\u00a0ordin\u00e0ria 2 d&#8217;octubre de 2025<\/p>\n<p>&nbsp;<\/p>\n<h3><span style=\"color: #000000; font-family: arial, sans-serif; font-size: large; font-weight: normal;\">Curs 24-25<\/span><\/h3>\n<p>* <a href=\"https:\/\/agora.xtec.cat\/esc-elspicots\/wp-content\/uploads\/usu453\/2024\/09\/7-10-2024.-Convocatoria-Assemblea-inici-curs.pdf\">Convocat\u00f2ria<\/a> ordin\u00e0ria 7 d&#8217;octubre de 2024<\/p>\n<p>* <a href=\"https:\/\/agora.xtec.cat\/esc-elspicots\/wp-content\/uploads\/usu453\/2024\/10\/20241007_Acta_Assemblea.pdf\">Acta<\/a>\u00a0ordin\u00e0ria 7 d&#8217;octubre de 2024<\/p>\n<p>&nbsp;<\/p>\n<h3><span style=\"color: #000000; font-family: arial, sans-serif; font-size: large; font-weight: normal;\">C<\/span><span style=\"color: #000000; font-family: arial, sans-serif; font-size: large; font-weight: normal;\">urs 23-24<\/span><\/h3>\n<p>* <a href=\"https:\/\/agora.xtec.cat\/esc-elspicots\/wp-content\/uploads\/usu453\/2024\/04\/Assemblea-General-Abril-2024-1.pdf\">Convocat\u00f2ria<\/a> ordin\u00e0ria\u00a05 d&#8217;abril 2024.<\/p>\n<p>* <a href=\"https:\/\/agora.xtec.cat\/esc-elspicots\/wp-content\/uploads\/usu453\/2024\/04\/Assemblea-General-Abril-2024.pdf\">Acta <\/a>5 d&#8217;abril de 2024.<\/p>\n<p>* <a href=\"https:\/\/agora.xtec.cat\/esc-elspicots\/wp-content\/uploads\/usu453\/2024\/04\/Assemblea-General-extraordinaria-3-mayo.docx.pdf\">Convocat\u00f2ria <\/a>extraordin\u00e0ria 3 de maig 2024.<\/p>\n<p>&nbsp;<\/p>\n<h3><span style=\"color: #000000; font-family: arial, sans-serif; font-size: large; font-weight: normal;\">Curs 22-23<\/span><\/h3>\n<p>* <a href=\"https:\/\/agora.xtec.cat\/esc-elspicots\/wp-content\/uploads\/usu453\/2023\/05\/Convocatoria-Assemblea-Ampa-Picots.pdf\">Convocat\u00f2ria ordin\u00e0ria<\/a> 15 de maig 2023.<\/p>\n<p>* <a href=\"https:\/\/agora.xtec.cat\/esc-elspicots\/wp-content\/uploads\/usu453\/2023\/05\/Acta-Assemblea-Gral-Ord-AMPA-Els-Picots-15052023-1.pdf\">Acta<\/a>\u00a015 de maig de 2023.<\/p>\n<p>&nbsp;<\/p>\n<p><span style=\"color: #000000; font-family: arial, sans-serif; font-size: large;\">Curs 21-22<\/span><\/p>\n<p>* <a href=\"https:\/\/agora.xtec.cat\/esc-elspicots\/wp-content\/uploads\/usu453\/2022\/04\/CONVOCATORIA-ASSEMBLEA-GENERAL-ORDINARIA-AMPA-9-5-22.pdf\">Convocat\u00f2ria ordin\u00e0ria<\/a> 9 de maig 2022.<\/p>\n<p>* Acta 9 de maig de 2022.<\/p>\n<p>&nbsp;<\/p>\n<p><span style=\"color: #000000; font-family: arial, sans-serif; font-size: large;\">Curs 20-21 <\/span><\/p>\n<p>* Convocat\u00f2ria ordin\u00e0ria 2021.<\/p>\n<p>* Acta abril de 2021.<\/p>\n<p>&nbsp;<\/p>\n<p><span style=\"color: #000000; font-family: arial, sans-serif; font-size: large;\">Curs 19-20 <\/span><\/p>\n<p>* Convocat\u00f2ria ordin\u00e0ria\u00a0 2020.<\/p>\n<p>* Acta\u00a0 de 2020.<\/p>\n<p>&nbsp;<\/p>\n<p><span style=\"color: #000000; font-family: arial, sans-serif; font-size: large;\">Curs 18-19 <\/span><\/p>\n<p>* Convocat\u00f2ria ordin\u00e0ria 11 d&#8217;abril 2019.<\/p>\n<p>* Acta de 2019.<\/p>\n<p>&nbsp;<\/p>\n<p><span style=\"color: #000000; font-family: arial, sans-serif; font-size: large;\">Curs 17-18 <\/span><\/p>\n<p>* <a href=\"https:\/\/agora.xtec.cat\/esc-elspicots\/wp-content\/uploads\/usu453\/2023\/05\/Acta-03-2018.pdf\">Acta<\/a>\u00a08 de maig de 2018.<\/p>\n<p>* <a href=\"https:\/\/agora.xtec.cat\/esc-elspicots\/wp-content\/uploads\/usu453\/2023\/05\/Acta-02-2018.pdf\">Acta<\/a>\u00a026 de mar\u00e7 de 2018.<\/p>\n<p>* <a href=\"https:\/\/agora.xtec.cat\/esc-elspicots\/wp-content\/uploads\/usu453\/2023\/05\/Acta-01-2018.pdf\">Acta<\/a>\u00a05 de mar\u00e7 de 2018.<\/p>\n<p>&nbsp;<\/p>\n<p><span style=\"color: #000000; font-family: arial, sans-serif; font-size: large;\">Curs 16-17 <\/span><\/p>\n<p>* Acta\u00a0 de 2017.<\/p>\n<p>&nbsp;<\/p>\n<p><span style=\"color: #000000; font-family: arial, sans-serif; font-size: large;\">Curs 15-16<\/span><\/p>\n<p>* <a href=\"https:\/\/agora.xtec.cat\/esc-elspicots\/wp-content\/uploads\/usu453\/2023\/05\/Acta-7-curs-2015-2016.pdf\">Acta<\/a>\u00a0de 22 de febrer de 2016<\/p>\n<p>* <a href=\"https:\/\/agora.xtec.cat\/esc-elspicots\/wp-content\/uploads\/usu453\/2023\/05\/Acta-6-curs-2015-2016.pdf\">Acta<\/a> de l&#8217;1 de febrer de 2016<\/p>\n<p>* <a href=\"https:\/\/agora.xtec.cat\/esc-elspicots\/wp-content\/uploads\/usu453\/2023\/05\/Acta-5-curs-2015-2016.pdf\">Acta<\/a> del 3 de desembre de 2015<\/p>\n<p>* <a href=\"https:\/\/agora.xtec.cat\/esc-elspicots\/wp-content\/uploads\/usu453\/2023\/05\/Acta-4-curs-2015-2016.pdf\">Acta<\/a> del 22 de novembre de 2015<\/p>\n<p>* <a href=\"https:\/\/agora.xtec.cat\/esc-elspicots\/wp-content\/uploads\/usu453\/2023\/05\/Acta-3-curs-2015-2016.pdf\">Acta<\/a> de l&#8217;1 d&#8217;octubre de 2015<\/p>\n<p>* <a href=\"https:\/\/agora.xtec.cat\/esc-elspicots\/wp-content\/uploads\/usu453\/2023\/05\/Acta-2-curs-2015-2016.pdf\">Acta<\/a> de 28 de setembre de 2015<\/p>\n<p>* <a href=\"https:\/\/agora.xtec.cat\/esc-elspicots\/wp-content\/uploads\/usu453\/2023\/05\/Acta-1-curs-2015-2016.pdf\">Acta<\/a> de 7 de setembre de 2015<\/p>\n","protected":false},"excerpt":{"rendered":"<p>A continuaci\u00f3 trobareu les convocat\u00f2ries i actes de les assemblees generals de l&#8217;AFA: Curs 25-26 * Convocat\u00f2ria\u00a0ordin\u00e0ria 2 d&#8217;octubre de 2025 &nbsp; Curs 24-25 * Convocat\u00f2ria ordin\u00e0ria 7 d&#8217;octubre de 2024 * Acta\u00a0ordin\u00e0ria 7 d&#8217;octubre de 2024 &nbsp; Curs 23-24 * Convocat\u00f2ria ordin\u00e0ria\u00a05 d&#8217;abril 2024. * Acta 5 d&#8217;abril de 2024. * Convocat\u00f2ria extraordin\u00e0ria 3 [&hellip;]<\/p>\n","protected":false},"author":1,"featured_media":0,"parent":66,"menu_order":70,"comment_status":"closed","ping_status":"closed","template":"page-templates\/side-menu.php","meta":{"_bbp_topic_count":0,"_bbp_reply_count":0,"_bbp_total_topic_count":0,"_bbp_total_reply_count":0,"_bbp_voice_count":0,"_bbp_anonymous_reply_count":0,"_bbp_topic_count_hidden":0,"_bbp_reply_count_hidden":0,"_bbp_forum_subforum_count":0,"site-sidebar-layout":"default","site-content-layout":"","ast-site-content-layout":"","site-content-style":"default","site-sidebar-style":"default","ast-global-header-display":"","ast-banner-title-visibility":"","ast-main-header-display":"","ast-hfb-above-header-display":"","ast-hfb-below-header-display":"","ast-hfb-mobile-header-display":"","site-post-title":"","ast-breadcrumbs-content":"","ast-featured-img":"","footer-sml-layout":"","theme-transparent-header-meta":"","adv-header-id-meta":"","stick-header-meta":"","header-above-stick-meta":"","header-main-stick-meta":"","header-below-stick-meta":"","astra-migrate-meta-layouts":"default","ast-page-background-enabled":"default","ast-page-background-meta":{"desktop":{"background-color":"var(--ast-global-color-4)","background-image":"","background-repeat":"repeat","background-position":"center center","background-size":"auto","background-attachment":"scroll","background-type":"","background-media":"","overlay-type":"","overlay-color":"","overlay-opacity":"","overlay-gradient":""},"tablet":{"background-color":"","background-image":"","background-repeat":"repeat","background-position":"center center","background-size":"auto","background-attachment":"scroll","background-type":"","background-media":"","overlay-type":"","overlay-color":"","overlay-opacity":"","overlay-gradient":""},"mobile":{"background-color":"","background-image":"","background-repeat":"repeat","background-position":"center center","background-size":"auto","background-attachment":"scroll","background-type":"","background-media":"","overlay-type":"","overlay-color":"","overlay-opacity":"","overlay-gradient":""}},"ast-content-background-meta":{"desktop":{"background-color":"var(--ast-global-color-5)","background-image":"","background-repeat":"repeat","background-position":"center center","background-size":"auto","background-attachment":"scroll","background-type":"","background-media":"","overlay-type":"","overlay-color":"","overlay-opacity":"","overlay-gradient":""},"tablet":{"background-color":"var(--ast-global-color-5)","background-image":"","background-repeat":"repeat","background-position":"center center","background-size":"auto","background-attachment":"scroll","background-type":"","background-media":"","overlay-type":"","overlay-color":"","overlay-opacity":"","overlay-gradient":""},"mobile":{"background-color":"var(--ast-global-color-5)","background-image":"","background-repeat":"repeat","background-position":"center center","background-size":"auto","background-attachment":"scroll","background-type":"","background-media":"","overlay-type":"","overlay-color":"","overlay-opacity":"","overlay-gradient":""}},"footnotes":""},"class_list":["post-3411","page","type-page","status-publish","hentry"],"post_mailing_queue_ids":[],"_links":{"self":[{"href":"https:\/\/agora.xtec.cat\/esc-elspicots\/wp-json\/wp\/v2\/pages\/3411","targetHints":{"allow":["GET"]}}],"collection":[{"href":"https:\/\/agora.xtec.cat\/esc-elspicots\/wp-json\/wp\/v2\/pages"}],"about":[{"href":"https:\/\/agora.xtec.cat\/esc-elspicots\/wp-json\/wp\/v2\/types\/page"}],"author":[{"embeddable":true,"href":"https:\/\/agora.xtec.cat\/esc-elspicots\/wp-json\/wp\/v2\/users\/1"}],"replies":[{"embeddable":true,"href":"https:\/\/agora.xtec.cat\/esc-elspicots\/wp-json\/wp\/v2\/comments?post=3411"}],"version-history":[{"count":6,"href":"https:\/\/agora.xtec.cat\/esc-elspicots\/wp-json\/wp\/v2\/pages\/3411\/revisions"}],"predecessor-version":[{"id":7110,"href":"https:\/\/agora.xtec.cat\/esc-elspicots\/wp-json\/wp\/v2\/pages\/3411\/revisions\/7110"}],"up":[{"embeddable":true,"href":"https:\/\/agora.xtec.cat\/esc-elspicots\/wp-json\/wp\/v2\/pages\/66"}],"wp:attachment":[{"href":"https:\/\/agora.xtec.cat\/esc-elspicots\/wp-json\/wp\/v2\/media?parent=3411"}],"curies":[{"name":"wp","href":"https:\/\/api.w.org\/{rel}","templated":true}]}}