{"id":3381,"date":"2020-09-12T09:31:40","date_gmt":"2020-09-12T07:31:40","guid":{"rendered":"https:\/\/agora.xtec.cat\/esc-elspicots\/?page_id=3381"},"modified":"2025-09-01T18:12:47","modified_gmt":"2025-09-01T16:12:47","slug":"xarxes-socials","status":"publish","type":"page","link":"https:\/\/agora.xtec.cat\/esc-elspicots\/afa\/xarxes-socials\/","title":{"rendered":"Segueix-nos a les xarxes socials!"},"content":{"rendered":"<p>Des de l&#8217;AFA us volem informar que tenim diferents canals de comunicaci\u00f3. Ens podeu seguir tant al Twitter (X), com Facebook com Instagram i con\u00e8ixer de primera m\u00e0 tot el que fem a l&#8217;escola!<\/p>\n<p><a href=\"https:\/\/twitter.com\/afaelspicots\"><img loading=\"lazy\" decoding=\"async\" class=\"alignnone wp-image-5796\" src=\"https:\/\/agora.xtec.cat\/esc-elspicots\/wp-content\/uploads\/usu453\/2023\/09\/Twitter.png\" alt=\"\" width=\"300\" height=\"169\" srcset=\"https:\/\/agora.xtec.cat\/esc-elspicots\/wp-content\/uploads\/usu453\/2023\/09\/Twitter.png 862w, https:\/\/agora.xtec.cat\/esc-elspicots\/wp-content\/uploads\/usu453\/2023\/09\/Twitter-300x169.png 300w, https:\/\/agora.xtec.cat\/esc-elspicots\/wp-content\/uploads\/usu453\/2023\/09\/Twitter-768x432.png 768w\" sizes=\"auto, (max-width: 300px) 100vw, 300px\" \/><\/a>\u00a0 \u00a0 \u00a0 \u00a0 \u00a0 \u00a0 \u00a0 \u00a0 \u00a0 \u00a0 \u00a0 \u00a0 \u00a0 \u00a0 \u00a0 <a href=\"https:\/\/www.facebook.com\/p\/AMPA-Escola-Els-Picots-100063544063372\/\"><img loading=\"lazy\" decoding=\"async\" class=\"alignnone wp-image-724\" src=\"http:\/\/agora.xtec.cat\/esc-elspicots\/wp-content\/uploads\/usu453\/2015\/07\/fb_icon_325x325.png\" alt=\"fb_icon_325x325\" width=\"165\" height=\"165\" srcset=\"https:\/\/agora.xtec.cat\/esc-elspicots\/wp-content\/uploads\/usu453\/2015\/07\/fb_icon_325x325.png 325w, https:\/\/agora.xtec.cat\/esc-elspicots\/wp-content\/uploads\/usu453\/2015\/07\/fb_icon_325x325-150x150.png 150w, https:\/\/agora.xtec.cat\/esc-elspicots\/wp-content\/uploads\/usu453\/2015\/07\/fb_icon_325x325-300x300.png 300w\" sizes=\"auto, (max-width: 165px) 100vw, 165px\" \/><\/a> \u00a0 \u00a0 \u00a0 \u00a0 \u00a0 \u00a0 \u00a0 \u00a0 \u00a0 \u00a0 \u00a0 \u00a0 \u00a0 \u00a0 <a href=\"https:\/\/www.instagram.com\/afaescolaelspicots\/\"><img loading=\"lazy\" decoding=\"async\" class=\"wp-image-3348 alignnone\" src=\"https:\/\/agora.xtec.cat\/esc-elspicots\/wp-content\/uploads\/usu453\/2020\/09\/Instagram-logo-150x150.png\" alt=\"\" width=\"171\" height=\"171\" srcset=\"https:\/\/agora.xtec.cat\/esc-elspicots\/wp-content\/uploads\/usu453\/2020\/09\/Instagram-logo-150x150.png 150w, https:\/\/agora.xtec.cat\/esc-elspicots\/wp-content\/uploads\/usu453\/2020\/09\/Instagram-logo.png 300w\" sizes=\"auto, (max-width: 171px) 100vw, 171px\" \/><\/a><\/p>\n","protected":false},"excerpt":{"rendered":"<p>Des de l&#8217;AFA us volem informar que tenim diferents canals de comunicaci\u00f3. Ens podeu seguir tant al Twitter (X), com Facebook com Instagram i con\u00e8ixer de primera m\u00e0 tot el que fem a l&#8217;escola! \u00a0 \u00a0 \u00a0 \u00a0 \u00a0 \u00a0 \u00a0 \u00a0 \u00a0 \u00a0 \u00a0 \u00a0 \u00a0 \u00a0 \u00a0 \u00a0 \u00a0 \u00a0 \u00a0 \u00a0 \u00a0 [&hellip;]<\/p>\n","protected":false},"author":1,"featured_media":0,"parent":66,"menu_order":30,"comment_status":"closed","ping_status":"closed","template":"page-templates\/side-menu.php","meta":{"_bbp_topic_count":0,"_bbp_reply_count":0,"_bbp_total_topic_count":0,"_bbp_total_reply_count":0,"_bbp_voice_count":0,"_bbp_anonymous_reply_count":0,"_bbp_topic_count_hidden":0,"_bbp_reply_count_hidden":0,"_bbp_forum_subforum_count":0,"site-sidebar-layout":"default","site-content-layout":"","ast-site-content-layout":"","site-content-style":"default","site-sidebar-style":"default","ast-global-header-display":"","ast-banner-title-visibility":"","ast-main-header-display":"","ast-hfb-above-header-display":"","ast-hfb-below-header-display":"","ast-hfb-mobile-header-display":"","site-post-title":"","ast-breadcrumbs-content":"","ast-featured-img":"","footer-sml-layout":"","theme-transparent-header-meta":"","adv-header-id-meta":"","stick-header-meta":"","header-above-stick-meta":"","header-main-stick-meta":"","header-below-stick-meta":"","astra-migrate-meta-layouts":"default","ast-page-background-enabled":"default","ast-page-background-meta":{"desktop":{"background-color":"var(--ast-global-color-4)","background-image":"","background-repeat":"repeat","background-position":"center center","background-size":"auto","background-attachment":"scroll","background-type":"","background-media":"","overlay-type":"","overlay-color":"","overlay-opacity":"","overlay-gradient":""},"tablet":{"background-color":"","background-image":"","background-repeat":"repeat","background-position":"center center","background-size":"auto","background-attachment":"scroll","background-type":"","background-media":"","overlay-type":"","overlay-color":"","overlay-opacity":"","overlay-gradient":""},"mobile":{"background-color":"","background-image":"","background-repeat":"repeat","background-position":"center center","background-size":"auto","background-attachment":"scroll","background-type":"","background-media":"","overlay-type":"","overlay-color":"","overlay-opacity":"","overlay-gradient":""}},"ast-content-background-meta":{"desktop":{"background-color":"var(--ast-global-color-5)","background-image":"","background-repeat":"repeat","background-position":"center center","background-size":"auto","background-attachment":"scroll","background-type":"","background-media":"","overlay-type":"","overlay-color":"","overlay-opacity":"","overlay-gradient":""},"tablet":{"background-color":"var(--ast-global-color-5)","background-image":"","background-repeat":"repeat","background-position":"center center","background-size":"auto","background-attachment":"scroll","background-type":"","background-media":"","overlay-type":"","overlay-color":"","overlay-opacity":"","overlay-gradient":""},"mobile":{"background-color":"var(--ast-global-color-5)","background-image":"","background-repeat":"repeat","background-position":"center center","background-size":"auto","background-attachment":"scroll","background-type":"","background-media":"","overlay-type":"","overlay-color":"","overlay-opacity":"","overlay-gradient":""}},"footnotes":""},"class_list":["post-3381","page","type-page","status-publish","hentry"],"post_mailing_queue_ids":[],"_links":{"self":[{"href":"https:\/\/agora.xtec.cat\/esc-elspicots\/wp-json\/wp\/v2\/pages\/3381","targetHints":{"allow":["GET"]}}],"collection":[{"href":"https:\/\/agora.xtec.cat\/esc-elspicots\/wp-json\/wp\/v2\/pages"}],"about":[{"href":"https:\/\/agora.xtec.cat\/esc-elspicots\/wp-json\/wp\/v2\/types\/page"}],"author":[{"embeddable":true,"href":"https:\/\/agora.xtec.cat\/esc-elspicots\/wp-json\/wp\/v2\/users\/1"}],"replies":[{"embeddable":true,"href":"https:\/\/agora.xtec.cat\/esc-elspicots\/wp-json\/wp\/v2\/comments?post=3381"}],"version-history":[{"count":6,"href":"https:\/\/agora.xtec.cat\/esc-elspicots\/wp-json\/wp\/v2\/pages\/3381\/revisions"}],"predecessor-version":[{"id":4164,"href":"https:\/\/agora.xtec.cat\/esc-elspicots\/wp-json\/wp\/v2\/pages\/3381\/revisions\/4164"}],"up":[{"embeddable":true,"href":"https:\/\/agora.xtec.cat\/esc-elspicots\/wp-json\/wp\/v2\/pages\/66"}],"wp:attachment":[{"href":"https:\/\/agora.xtec.cat\/esc-elspicots\/wp-json\/wp\/v2\/media?parent=3381"}],"curies":[{"name":"wp","href":"https:\/\/api.w.org\/{rel}","templated":true}]}}