{"id":328,"date":"2015-07-21T09:53:00","date_gmt":"2015-07-21T08:53:00","guid":{"rendered":"http:\/\/agora.xtec.cat\/esc-elspicots\/?page_id=328"},"modified":"2024-09-08T01:10:14","modified_gmt":"2024-09-07T23:10:14","slug":"mestres","status":"publish","type":"page","link":"https:\/\/agora.xtec.cat\/esc-elspicots\/enllacos\/mestres\/","title":{"rendered":"Mestres"},"content":{"rendered":"<p><a href=\"http:\/\/ensenyament.gencat.cat\/ca\/inici\"><img loading=\"lazy\" decoding=\"async\" class=\"size-full wp-image-3494 aligncenter\" src=\"https:\/\/agora.xtec.cat\/esc-elspicots\/wp-content\/uploads\/usu453\/2020\/09\/departament-deducaci\u00f3.png\" alt=\"\" width=\"369\" height=\"137\" srcset=\"https:\/\/agora.xtec.cat\/esc-elspicots\/wp-content\/uploads\/usu453\/2020\/09\/departament-deducaci\u00f3.png 369w, https:\/\/agora.xtec.cat\/esc-elspicots\/wp-content\/uploads\/usu453\/2020\/09\/departament-deducaci\u00f3-300x111.png 300w\" sizes=\"auto, (max-width: 369px) 100vw, 369px\" \/><\/a><\/p>\n<p style=\"text-align: center;\"><span style=\"color: #000000; font-family: inherit; font-size: 1em;\">Generalitat de Catalunya. Departament d&#8217;Educaci\u00f3<\/span><\/p>\n<p>&nbsp;<\/p>\n<p style=\"text-align: center;\"><a href=\"http:\/\/xtec.gencat.cat\/ca\/\"><img loading=\"lazy\" decoding=\"async\" class=\"alignnone wp-image-1680\" src=\"http:\/\/agora.xtec.cat\/esc-elspicots\/wp-content\/uploads\/usu453\/2015\/07\/xtec.jpg\" alt=\"\" width=\"96\" height=\"96\" srcset=\"https:\/\/agora.xtec.cat\/esc-elspicots\/wp-content\/uploads\/usu453\/2015\/07\/xtec.jpg 512w, https:\/\/agora.xtec.cat\/esc-elspicots\/wp-content\/uploads\/usu453\/2015\/07\/xtec-150x150.jpg 150w, https:\/\/agora.xtec.cat\/esc-elspicots\/wp-content\/uploads\/usu453\/2015\/07\/xtec-300x300.jpg 300w\" sizes=\"auto, (max-width: 96px) 100vw, 96px\" \/><\/a><\/p>\n<p style=\"text-align: center;\"><span class=\"st\">Recull de recursos i p\u00e0gines per a l&#8217;ensenyament de diversos nivells.<\/span><\/p>\n<p>&nbsp;<\/p>\n<p>&nbsp;<\/p>\n<p><a href=\"https:\/\/serveiseducatius.xtec.cat\/vallesoriental4\/\"><img loading=\"lazy\" decoding=\"async\" class=\"size-full wp-image-3511 aligncenter\" src=\"https:\/\/agora.xtec.cat\/esc-elspicots\/wp-content\/uploads\/usu453\/2020\/09\/CRP-Vall\u00e8s-oriental-IV.jpg\" alt=\"\" width=\"225\" height=\"225\" srcset=\"https:\/\/agora.xtec.cat\/esc-elspicots\/wp-content\/uploads\/usu453\/2020\/09\/CRP-Vall\u00e8s-oriental-IV.jpg 225w, https:\/\/agora.xtec.cat\/esc-elspicots\/wp-content\/uploads\/usu453\/2020\/09\/CRP-Vall\u00e8s-oriental-IV-150x150.jpg 150w\" sizes=\"auto, (max-width: 225px) 100vw, 225px\" \/><\/a><\/p>\n<p style=\"text-align: center;\">CRP Vall\u00e8s Oriental IV<\/p>\n<p>&nbsp;<\/p>\n<p>&nbsp;<\/p>\n<p style=\"text-align: center;\"><a href=\"https:\/\/atriportal.gencat.cat\/siteminderagent\/forms\/gicar2019pc\/loginCorp2019v16.fcc?TYPE=33554433&amp;REALMOID=06-00047051-2c0f-1161-958c-802b0a340000&amp;GUID=&amp;SMAUTHREASON=0&amp;METHOD=GET&amp;SMAGENTNAME=-SM-8lb%2fxXoApeXisjUXNeoApUsPfGupVjvfS0%2bmShEy%2fowahvICN2Hrm%2bF3Ao5QaQS2&amp;TARGET=-SM-HTTPS%3a%2f%2fatriportal%2egencat%2ecat%2fSirhTokenHandler--web%2frestapi%2fext%2ftoken%2fgeneraAccessToken%3fapp%3datri_inet%26ts%3d1663022292459\"><img loading=\"lazy\" decoding=\"async\" class=\"alignnone size-full wp-image-1681\" src=\"http:\/\/agora.xtec.cat\/esc-elspicots\/wp-content\/uploads\/usu453\/2015\/07\/atri.png\" alt=\"\" width=\"173\" height=\"66\" \/><\/a><\/p>\n<p style=\"text-align: center;\"><span style=\"color: #000000;\">Atri<\/span><\/p>\n<p>&nbsp;<\/p>\n<p>&nbsp;<\/p>\n<p><a href=\"https:\/\/classroom.google.com\/u\/0\/h?hl=es\"><img loading=\"lazy\" decoding=\"async\" class=\"size-full wp-image-3495 aligncenter\" src=\"https:\/\/agora.xtec.cat\/esc-elspicots\/wp-content\/uploads\/usu453\/2020\/09\/classroom.png\" alt=\"\" width=\"276\" height=\"182\" \/><\/a><\/p>\n<p style=\"text-align: center;\">Google Classroom. Crea i classifica tasques<\/p>\n<p>&nbsp;<\/p>\n<p style=\"text-align: center;\"><a href=\"https:\/\/projectes.xtec.cat\/digital\/\"><img loading=\"lazy\" decoding=\"async\" class=\"alignnone size-full wp-image-6471\" src=\"https:\/\/agora.xtec.cat\/esc-elspicots\/wp-content\/uploads\/usu453\/2024\/09\/digital.png\" alt=\"\" width=\"614\" height=\"129\" srcset=\"https:\/\/agora.xtec.cat\/esc-elspicots\/wp-content\/uploads\/usu453\/2024\/09\/digital.png 614w, https:\/\/agora.xtec.cat\/esc-elspicots\/wp-content\/uploads\/usu453\/2024\/09\/digital-300x63.png 300w\" sizes=\"auto, (max-width: 614px) 100vw, 614px\" \/><\/a><\/p>\n<p style=\"text-align: center;\">Informaci\u00f3 relacionada amb la digitalitzaci\u00f3 dels centres educatius impulsada pel Departament d&#8217;Educaci\u00f3 de Catalunya<\/p>\n<p>&nbsp;<\/p>\n<p style=\"text-align: center;\"><a href=\"http:\/\/clic.xtec.cat\/ca\/jclic\/\" target=\"_blank\" rel=\"noopener noreferrer\"><img loading=\"lazy\" decoding=\"async\" class=\"alignnone\" src=\"http:\/\/clic.xtec.cat\/es\/jclic\/curs\/d73m5\/zonaclic1.gif\" alt=\"Zona clic\" width=\"192\" height=\"145\" \/><\/a><\/p>\n<p style=\"text-align: center;\">Plataforma d&#8217;exercicis did\u00e0ctics en format digital<\/p>\n<p>&nbsp;<\/p>\n<p>&nbsp;<\/p>\n<p style=\"text-align: center;\"><a href=\"http:\/\/alexandria.xtec.cat\/?lang=es\"><img loading=\"lazy\" decoding=\"async\" class=\"aligncenter\" src=\"http:\/\/ateneu.xtec.cat\/wikiform\/wikiexport\/_media\/cmd\/tac\/spi\/creacio\/alexandria.314x109.png?w=314&amp;tok=4ae49f\" alt=\"Alexandria\" width=\"314\" height=\"109\" \/><\/a><\/p>\n<p style=\"text-align: center;\">Biblioteca de recuros digitals per a l&#8217;aula<\/p>\n<p>&nbsp;<\/p>\n<p>&nbsp;<\/p>\n<p style=\"text-align: center;\"><span style=\"color: #000000;\"><a style=\"color: #000000;\" href=\"https:\/\/merli.xtec.cat\/merli\/cerca\/directoriInicial.jsp\" target=\"_blank\" rel=\"noopener noreferrer\"><img loading=\"lazy\" decoding=\"async\" class=\"aligncenter\" src=\"https:\/\/recursosticmestre.files.wordpress.com\/2009\/01\/portal_merli1.png\" alt=\"Merli\" width=\"280\" height=\"110\" \/><\/a><span style=\"color: #000000;\">Merl\u00ed \u00e9s un cat\u00e0leg de recursos educatius digitals desenvolupat pel Departament d&#8217;Ensenyament amb l&#8217;objectiu de proporcionar a la comunitat educativa un entorn de catalogaci\u00f3, indexaci\u00f3 i cerca de materials did\u00e0ctics.<\/span><\/span><\/p>\n<p>&nbsp;<\/p>\n<p><a href=\"https:\/\/www.educaciontrespuntocero.com\/\"><img loading=\"lazy\" decoding=\"async\" class=\"wp-image-6312 aligncenter\" src=\"https:\/\/agora.xtec.cat\/esc-elspicots\/wp-content\/uploads\/usu453\/2024\/05\/portada-educacion-tres-punto-cero.png\" alt=\"\" width=\"154\" height=\"154\" srcset=\"https:\/\/agora.xtec.cat\/esc-elspicots\/wp-content\/uploads\/usu453\/2024\/05\/portada-educacion-tres-punto-cero.png 300w, https:\/\/agora.xtec.cat\/esc-elspicots\/wp-content\/uploads\/usu453\/2024\/05\/portada-educacion-tres-punto-cero-150x150.png 150w\" sizes=\"auto, (max-width: 154px) 100vw, 154px\" \/><\/a><\/p>\n<p style=\"text-align: center;\">Educaci\u00f3n 3.0. Educaci\u00f3n 3.0 es la revista del aula del siglo XXI.<\/p>\n","protected":false},"excerpt":{"rendered":"<p>Generalitat de Catalunya. Departament d&#8217;Educaci\u00f3 &nbsp; Recull de recursos i p\u00e0gines per a l&#8217;ensenyament de diversos nivells. &nbsp; &nbsp; CRP Vall\u00e8s Oriental IV &nbsp; &nbsp; Atri &nbsp; &nbsp; Google Classroom. Crea i classifica tasques &nbsp; Informaci\u00f3 relacionada amb la digitalitzaci\u00f3 dels centres educatius impulsada pel Departament d&#8217;Educaci\u00f3 de Catalunya &nbsp; Plataforma d&#8217;exercicis did\u00e0ctics en format [&hellip;]<\/p>\n","protected":false},"author":1,"featured_media":0,"parent":321,"menu_order":30,"comment_status":"closed","ping_status":"closed","template":"page-templates\/side-menu.php","meta":{"_bbp_topic_count":0,"_bbp_reply_count":0,"_bbp_total_topic_count":0,"_bbp_total_reply_count":0,"_bbp_voice_count":0,"_bbp_anonymous_reply_count":0,"_bbp_topic_count_hidden":0,"_bbp_reply_count_hidden":0,"_bbp_forum_subforum_count":0,"site-sidebar-layout":"default","site-content-layout":"","ast-site-content-layout":"","site-content-style":"default","site-sidebar-style":"default","ast-global-header-display":"","ast-banner-title-visibility":"","ast-main-header-display":"","ast-hfb-above-header-display":"","ast-hfb-below-header-display":"","ast-hfb-mobile-header-display":"","site-post-title":"","ast-breadcrumbs-content":"","ast-featured-img":"","footer-sml-layout":"","theme-transparent-header-meta":"","adv-header-id-meta":"","stick-header-meta":"","header-above-stick-meta":"","header-main-stick-meta":"","header-below-stick-meta":"","astra-migrate-meta-layouts":"default","ast-page-background-enabled":"default","ast-page-background-meta":{"desktop":{"background-color":"var(--ast-global-color-4)","background-image":"","background-repeat":"repeat","background-position":"center center","background-size":"auto","background-attachment":"scroll","background-type":"","background-media":"","overlay-type":"","overlay-color":"","overlay-opacity":"","overlay-gradient":""},"tablet":{"background-color":"","background-image":"","background-repeat":"repeat","background-position":"center center","background-size":"auto","background-attachment":"scroll","background-type":"","background-media":"","overlay-type":"","overlay-color":"","overlay-opacity":"","overlay-gradient":""},"mobile":{"background-color":"","background-image":"","background-repeat":"repeat","background-position":"center center","background-size":"auto","background-attachment":"scroll","background-type":"","background-media":"","overlay-type":"","overlay-color":"","overlay-opacity":"","overlay-gradient":""}},"ast-content-background-meta":{"desktop":{"background-color":"var(--ast-global-color-5)","background-image":"","background-repeat":"repeat","background-position":"center center","background-size":"auto","background-attachment":"scroll","background-type":"","background-media":"","overlay-type":"","overlay-color":"","overlay-opacity":"","overlay-gradient":""},"tablet":{"background-color":"var(--ast-global-color-5)","background-image":"","background-repeat":"repeat","background-position":"center center","background-size":"auto","background-attachment":"scroll","background-type":"","background-media":"","overlay-type":"","overlay-color":"","overlay-opacity":"","overlay-gradient":""},"mobile":{"background-color":"var(--ast-global-color-5)","background-image":"","background-repeat":"repeat","background-position":"center center","background-size":"auto","background-attachment":"scroll","background-type":"","background-media":"","overlay-type":"","overlay-color":"","overlay-opacity":"","overlay-gradient":""}},"footnotes":""},"class_list":["post-328","page","type-page","status-publish","hentry"],"post_mailing_queue_ids":[],"_links":{"self":[{"href":"https:\/\/agora.xtec.cat\/esc-elspicots\/wp-json\/wp\/v2\/pages\/328","targetHints":{"allow":["GET"]}}],"collection":[{"href":"https:\/\/agora.xtec.cat\/esc-elspicots\/wp-json\/wp\/v2\/pages"}],"about":[{"href":"https:\/\/agora.xtec.cat\/esc-elspicots\/wp-json\/wp\/v2\/types\/page"}],"author":[{"embeddable":true,"href":"https:\/\/agora.xtec.cat\/esc-elspicots\/wp-json\/wp\/v2\/users\/1"}],"replies":[{"embeddable":true,"href":"https:\/\/agora.xtec.cat\/esc-elspicots\/wp-json\/wp\/v2\/comments?post=328"}],"version-history":[{"count":6,"href":"https:\/\/agora.xtec.cat\/esc-elspicots\/wp-json\/wp\/v2\/pages\/328\/revisions"}],"predecessor-version":[{"id":6472,"href":"https:\/\/agora.xtec.cat\/esc-elspicots\/wp-json\/wp\/v2\/pages\/328\/revisions\/6472"}],"up":[{"embeddable":true,"href":"https:\/\/agora.xtec.cat\/esc-elspicots\/wp-json\/wp\/v2\/pages\/321"}],"wp:attachment":[{"href":"https:\/\/agora.xtec.cat\/esc-elspicots\/wp-json\/wp\/v2\/media?parent=328"}],"curies":[{"name":"wp","href":"https:\/\/api.w.org\/{rel}","templated":true}]}}