{"id":323,"date":"2015-07-21T09:51:54","date_gmt":"2015-07-21T08:51:54","guid":{"rendered":"http:\/\/agora.xtec.cat\/esc-elspicots\/?page_id=323"},"modified":"2024-05-17T09:26:05","modified_gmt":"2024-05-17T07:26:05","slug":"enllacos-dinteres-educatiu","status":"publish","type":"page","link":"https:\/\/agora.xtec.cat\/esc-elspicots\/enllacos\/enllacos-dinteres-educatiu\/","title":{"rendered":"Alumnes"},"content":{"rendered":"<p style=\"text-align: center;\"><a href=\"http:\/\/edu365.cat\/\"><img loading=\"lazy\" decoding=\"async\" class=\"alignnone size-full wp-image-1687\" src=\"http:\/\/agora.xtec.cat\/esc-elspicots\/wp-content\/uploads\/usu453\/2015\/07\/edu365-logo-125.jpg\" alt=\"\" width=\"125\" height=\"125\" \/><\/a><\/p>\n<p style=\"text-align: center;\">Portal del Departament d\u2019Ensenyament on podeu trobar recursos per a totes les etapes educatives.<\/p>\n<p>&nbsp;<\/p>\n<p>&nbsp;<\/p>\n<p><a href=\"http:\/\/www.casadelesvidues.cat\/wp-content\/uploads\/2020\/03\/10-apps-de-rob%C3%B2tica-i-programaci%C3%B3.pdf\"><img loading=\"lazy\" decoding=\"async\" class=\"size-full wp-image-3508 aligncenter\" src=\"https:\/\/agora.xtec.cat\/esc-elspicots\/wp-content\/uploads\/usu453\/2020\/09\/PROGRAMACI\u00d3-I-ROB\u00d2TICA.png\" alt=\"\" width=\"296\" height=\"170\" \/><\/a><\/p>\n<p style=\"text-align: center;\">Programaci\u00f3 i rob\u00f2tica. Recull de webs<\/p>\n<p>&nbsp;<\/p>\n<p>&nbsp;<\/p>\n<p><a href=\"https:\/\/www.ccma.cat\/tv3\/super3\/infok\/\"><img loading=\"lazy\" decoding=\"async\" class=\"size-full wp-image-3504 aligncenter\" src=\"https:\/\/agora.xtec.cat\/esc-elspicots\/wp-content\/uploads\/usu453\/2020\/09\/INFOK.jpg\" alt=\"\" width=\"299\" height=\"169\" \/><\/a><\/p>\n<p style=\"text-align: center;\">Web de l\u2019InfoK, l\u2019informatiu de TV3 adre\u00e7at a les nenes i els nens.<\/p>\n<p>&nbsp;<\/p>\n<p><a href=\"https:\/\/lichess.org\/learn#\/\"><img loading=\"lazy\" decoding=\"async\" class=\" wp-image-6317 aligncenter\" src=\"https:\/\/agora.xtec.cat\/esc-elspicots\/wp-content\/uploads\/usu453\/2024\/05\/lichess.png\" alt=\"\" width=\"178\" height=\"178\" srcset=\"https:\/\/agora.xtec.cat\/esc-elspicots\/wp-content\/uploads\/usu453\/2024\/05\/lichess.png 225w, https:\/\/agora.xtec.cat\/esc-elspicots\/wp-content\/uploads\/usu453\/2024\/05\/lichess-150x150.png 150w\" sizes=\"auto, (max-width: 178px) 100vw, 178px\" \/><\/a><\/p>\n<p style=\"text-align: center;\">Recursos digitals per aprendre estrat\u00e8gies d&#8217;escacs<\/p>\n<p>&nbsp;<\/p>\n<p>&nbsp;<\/p>\n<p style=\"text-align: center;\"><a href=\"http:\/\/www.ceip-diputacio.com\/la%20motxilla.htm\" target=\"_blank\" rel=\"noopener noreferrer\"><img loading=\"lazy\" decoding=\"async\" class=\"aligncenter\" src=\"http:\/\/mestreacasa.gva.es\/c\/document_library\/get_file?folderId=500005488175&amp;name=DLFE-354337.jpg\" alt=\"Benvinguts a la motxilla\" width=\"194\" height=\"224\" \/><\/a>Espai educatiu de l\u2019Escola Diputaci\u00f3 de Barcelona<\/p>\n<p>&nbsp;<\/p>\n<p style=\"text-align: center;\"><a href=\"http:\/\/www.ccma.cat\/tv3\/super3\/\"><img loading=\"lazy\" decoding=\"async\" class=\"alignnone wp-image-1689\" src=\"http:\/\/agora.xtec.cat\/esc-elspicots\/wp-content\/uploads\/usu453\/2015\/07\/super-3.jpg\" alt=\"\" width=\"213\" height=\"155\" srcset=\"https:\/\/agora.xtec.cat\/esc-elspicots\/wp-content\/uploads\/usu453\/2015\/07\/super-3.jpg 550w, https:\/\/agora.xtec.cat\/esc-elspicots\/wp-content\/uploads\/usu453\/2015\/07\/super-3-300x218.jpg 300w\" sizes=\"auto, (max-width: 213px) 100vw, 213px\" \/><\/a><\/p>\n<p style=\"text-align: center;\">P\u00e0gina web del canal <em>S\u00faper3<\/em> (Televisi\u00f3 de Catalunya)<\/p>\n<p>&nbsp;<\/p>\n<p style=\"text-align: center;\"><a href=\"http:\/\/clic.xtec.cat\/ca\/index.htm\"><img loading=\"lazy\" decoding=\"async\" class=\"alignnone\" src=\"http:\/\/clic.xtec.cat\/es\/jclic\/curs\/d73m5\/zonaclic1.gif\" alt=\"Zona clic\" width=\"170\" height=\"128\" \/><\/a><\/p>\n<p style=\"text-align: center;\">El <em>ZonaClic <\/em>\u00e9s un servei del Departament d\u2019Ensenyament per fer jclics.<\/p>\n<p>&nbsp;<\/p>\n<p style=\"text-align: center;\"><a href=\"http:\/\/cavallfort.cat\/\"><img loading=\"lazy\" decoding=\"async\" class=\"alignnone wp-image-1688\" src=\"http:\/\/agora.xtec.cat\/esc-elspicots\/wp-content\/uploads\/usu453\/2015\/07\/cavall-fort.png\" alt=\"\" width=\"289\" height=\"124\" srcset=\"https:\/\/agora.xtec.cat\/esc-elspicots\/wp-content\/uploads\/usu453\/2015\/07\/cavall-fort.png 343w, https:\/\/agora.xtec.cat\/esc-elspicots\/wp-content\/uploads\/usu453\/2015\/07\/cavall-fort-300x129.png 300w\" sizes=\"auto, (max-width: 289px) 100vw, 289px\" \/><\/a><\/p>\n<p style=\"text-align: center;\">Portal de les revistes <em>Cavall Fort <\/em>i <em>El tatano<\/em><\/p>\n<p>&nbsp;<\/p>\n<p>&nbsp;<\/p>\n<p><a href=\"https:\/\/www.ccma.cat\/tv3\/super3\/una-ma-de-contes\/\"><img loading=\"lazy\" decoding=\"async\" class=\"size-full wp-image-3506 aligncenter\" src=\"https:\/\/agora.xtec.cat\/esc-elspicots\/wp-content\/uploads\/usu453\/2020\/09\/UNA-M\u00c0-DE-CONTES.jpg\" alt=\"\" width=\"310\" height=\"163\" srcset=\"https:\/\/agora.xtec.cat\/esc-elspicots\/wp-content\/uploads\/usu453\/2020\/09\/UNA-M\u00c0-DE-CONTES.jpg 310w, https:\/\/agora.xtec.cat\/esc-elspicots\/wp-content\/uploads\/usu453\/2020\/09\/UNA-M\u00c0-DE-CONTES-300x158.jpg 300w\" sizes=\"auto, (max-width: 310px) 100vw, 310px\" \/><\/a><\/p>\n<p style=\"text-align: center;\">Web del programa <em>Una m\u00e0 de contes <\/em>(Televisi\u00f3 de Catalunya), que barreja aquest g\u00e8nere narratiu amb l\u2019art, la literatura, la m\u00fasica i els mitjans audiovisuals<\/p>\n<p>&nbsp;<\/p>\n<p>&nbsp;<\/p>\n<p style=\"text-align: center;\"><a href=\"https:\/\/www.contes.cat\/\"><img loading=\"lazy\" decoding=\"async\" class=\"alignnone size-full wp-image-1693\" src=\"http:\/\/agora.xtec.cat\/esc-elspicots\/wp-content\/uploads\/usu453\/2015\/07\/contes.png\" alt=\"\" width=\"299\" height=\"61\" \/><\/a><\/p>\n<p style=\"text-align: center;\"><em>Contes.cat. Contes i dibuixos animats<\/em><\/p>\n<p>&nbsp;<\/p>\n<p>&nbsp;<\/p>\n<p style=\"text-align: center;\"><a href=\"http:\/\/www.dicdidac.cat\/\"><img loading=\"lazy\" decoding=\"async\" class=\"\" src=\"https:\/\/images-na.ssl-images-amazon.com\/images\/I\/71ntju+guFL.jpg\" alt=\"DIDAC: Diccionari de catal\u00e0: 20 (Diccionaris de la llengua) : Diversos autors: Amazon.es: Libros\" width=\"160\" height=\"221\" \/><\/a><\/p>\n<p style=\"text-align: center;\">Diccionari DIDAC de catal\u00e0 per a alumnes de prim\u00e0ria i de primer cicle d\u2019ESO, del Grup Enciclop\u00e8dia Catalana<\/p>\n<p>&nbsp;<\/p>\n<p style=\"text-align: center;\"><a href=\"https:\/\/www.softcatala.org\/traductor\"><img loading=\"lazy\" decoding=\"async\" class=\"\" src=\"https:\/\/www.softcatala.org\/uploads\/2021\/07\/Softcatala-460ppi.png\" alt=\"Traductor catal\u00e0 \/ valenci\u00e0 - castell\u00e0 \/ espanyol, angl\u00e8s, franc\u00e8s, portugu\u00e8s | Softcatal\u00e0\" width=\"207\" height=\"118\" \/><\/a><\/p>\n<p style=\"text-align: center;\">Traductor catal\u00e0-castell\u00e0 i viceversa<\/p>\n<p>&nbsp;<\/p>\n<p style=\"text-align: center;\"><a href=\"http:\/\/www.elpuntavui.cat\/serveis\/diccionaris\/sinonims.html\"><img loading=\"lazy\" decoding=\"async\" class=\"aligncenter\" src=\"http:\/\/cdn.capside.com\/wp-content\/uploads\/el-punt-avui-640x126.png\" alt=\"El punt avui. Diccionari de sin\u00f2nims\" width=\"447\" height=\"88\" \/><\/a>Diccionari de sin\u00f2nims del diari <em>El Punt<\/em><\/p>\n<p>&nbsp;<\/p>\n<p>&nbsp;<\/p>\n<div style=\"text-align: center;\"><a href=\"http:\/\/www.enciclopedia.cat\/\"><img loading=\"lazy\" decoding=\"async\" class=\"alignnone wp-image-1691\" src=\"http:\/\/agora.xtec.cat\/esc-elspicots\/wp-content\/uploads\/usu453\/2015\/07\/enciclop\u00e8dia-catalana.jpg\" alt=\"\" width=\"112\" height=\"112\" srcset=\"https:\/\/agora.xtec.cat\/esc-elspicots\/wp-content\/uploads\/usu453\/2015\/07\/enciclop\u00e8dia-catalana.jpg 160w, https:\/\/agora.xtec.cat\/esc-elspicots\/wp-content\/uploads\/usu453\/2015\/07\/enciclop\u00e8dia-catalana-150x150.jpg 150w\" sizes=\"auto, (max-width: 112px) 100vw, 112px\" \/><\/a><\/div>\n<div>\n<div style=\"text-align: center;\">ENCICLOP\u00c8DIA CATALANA<\/div>\n<\/div>\n","protected":false},"excerpt":{"rendered":"<p>Portal del Departament d\u2019Ensenyament on podeu trobar recursos per a totes les etapes educatives. &nbsp; &nbsp; Programaci\u00f3 i rob\u00f2tica. Recull de webs &nbsp; &nbsp; Web de l\u2019InfoK, l\u2019informatiu de TV3 adre\u00e7at a les nenes i els nens. &nbsp; Recursos digitals per aprendre estrat\u00e8gies d&#8217;escacs &nbsp; &nbsp; Espai educatiu de l\u2019Escola Diputaci\u00f3 de Barcelona &nbsp; P\u00e0gina [&hellip;]<\/p>\n","protected":false},"author":1,"featured_media":0,"parent":321,"menu_order":10,"comment_status":"closed","ping_status":"closed","template":"page-templates\/side-menu.php","meta":{"_bbp_topic_count":0,"_bbp_reply_count":0,"_bbp_total_topic_count":0,"_bbp_total_reply_count":0,"_bbp_voice_count":0,"_bbp_anonymous_reply_count":0,"_bbp_topic_count_hidden":0,"_bbp_reply_count_hidden":0,"_bbp_forum_subforum_count":0,"site-sidebar-layout":"default","site-content-layout":"","ast-site-content-layout":"","site-content-style":"default","site-sidebar-style":"default","ast-global-header-display":"","ast-banner-title-visibility":"","ast-main-header-display":"","ast-hfb-above-header-display":"","ast-hfb-below-header-display":"","ast-hfb-mobile-header-display":"","site-post-title":"","ast-breadcrumbs-content":"","ast-featured-img":"","footer-sml-layout":"","theme-transparent-header-meta":"","adv-header-id-meta":"","stick-header-meta":"","header-above-stick-meta":"","header-main-stick-meta":"","header-below-stick-meta":"","astra-migrate-meta-layouts":"default","ast-page-background-enabled":"default","ast-page-background-meta":{"desktop":{"background-color":"var(--ast-global-color-4)","background-image":"","background-repeat":"repeat","background-position":"center center","background-size":"auto","background-attachment":"scroll","background-type":"","background-media":"","overlay-type":"","overlay-color":"","overlay-opacity":"","overlay-gradient":""},"tablet":{"background-color":"","background-image":"","background-repeat":"repeat","background-position":"center center","background-size":"auto","background-attachment":"scroll","background-type":"","background-media":"","overlay-type":"","overlay-color":"","overlay-opacity":"","overlay-gradient":""},"mobile":{"background-color":"","background-image":"","background-repeat":"repeat","background-position":"center center","background-size":"auto","background-attachment":"scroll","background-type":"","background-media":"","overlay-type":"","overlay-color":"","overlay-opacity":"","overlay-gradient":""}},"ast-content-background-meta":{"desktop":{"background-color":"var(--ast-global-color-5)","background-image":"","background-repeat":"repeat","background-position":"center center","background-size":"auto","background-attachment":"scroll","background-type":"","background-media":"","overlay-type":"","overlay-color":"","overlay-opacity":"","overlay-gradient":""},"tablet":{"background-color":"var(--ast-global-color-5)","background-image":"","background-repeat":"repeat","background-position":"center center","background-size":"auto","background-attachment":"scroll","background-type":"","background-media":"","overlay-type":"","overlay-color":"","overlay-opacity":"","overlay-gradient":""},"mobile":{"background-color":"var(--ast-global-color-5)","background-image":"","background-repeat":"repeat","background-position":"center center","background-size":"auto","background-attachment":"scroll","background-type":"","background-media":"","overlay-type":"","overlay-color":"","overlay-opacity":"","overlay-gradient":""}},"footnotes":""},"class_list":["post-323","page","type-page","status-publish","hentry"],"post_mailing_queue_ids":[],"_links":{"self":[{"href":"https:\/\/agora.xtec.cat\/esc-elspicots\/wp-json\/wp\/v2\/pages\/323","targetHints":{"allow":["GET"]}}],"collection":[{"href":"https:\/\/agora.xtec.cat\/esc-elspicots\/wp-json\/wp\/v2\/pages"}],"about":[{"href":"https:\/\/agora.xtec.cat\/esc-elspicots\/wp-json\/wp\/v2\/types\/page"}],"author":[{"embeddable":true,"href":"https:\/\/agora.xtec.cat\/esc-elspicots\/wp-json\/wp\/v2\/users\/1"}],"replies":[{"embeddable":true,"href":"https:\/\/agora.xtec.cat\/esc-elspicots\/wp-json\/wp\/v2\/comments?post=323"}],"version-history":[{"count":6,"href":"https:\/\/agora.xtec.cat\/esc-elspicots\/wp-json\/wp\/v2\/pages\/323\/revisions"}],"predecessor-version":[{"id":6318,"href":"https:\/\/agora.xtec.cat\/esc-elspicots\/wp-json\/wp\/v2\/pages\/323\/revisions\/6318"}],"up":[{"embeddable":true,"href":"https:\/\/agora.xtec.cat\/esc-elspicots\/wp-json\/wp\/v2\/pages\/321"}],"wp:attachment":[{"href":"https:\/\/agora.xtec.cat\/esc-elspicots\/wp-json\/wp\/v2\/media?parent=323"}],"curies":[{"name":"wp","href":"https:\/\/api.w.org\/{rel}","templated":true}]}}