{"id":32,"date":"2014-09-18T12:31:33","date_gmt":"2014-09-18T12:31:33","guid":{"rendered":"http:\/\/agora.xtec.cat\/esc-elspicots\/?page_id=32"},"modified":"2025-09-01T17:44:41","modified_gmt":"2025-09-01T15:44:41","slug":"calendari-del-curs","status":"publish","type":"page","link":"https:\/\/agora.xtec.cat\/esc-elspicots\/lescola\/calendari-del-curs\/","title":{"rendered":"Calendari i horari"},"content":{"rendered":"<h4><a href=\"https:\/\/agora.xtec.cat\/esc-elspicots\/wp-content\/uploads\/usu453\/2025\/09\/CALENDARI-ESCOLAR-25-26.pdf\">CALENDARI ESCOLAR 25-26<\/a><\/h4>\n<p>L&#8217;escola comen\u00e7ar\u00e0 el dilluns 8 de setembre de 2025 i finalitzar\u00e0 el 19 de juny de 2026.<\/p>\n<h4><strong>1r trimestre:<\/strong><\/h4>\n<ul>\n<li>11 de setembre. Festiu. La Diada.<\/li>\n<li>12 de setembre. Festiu local.<\/li>\n<li>3 de novembre. Dia de lliure disposici\u00f3.<\/li>\n<li>5 de desembre. Dia de lliure disposici\u00f3.<\/li>\n<li>8 de desembre. Festiu. La Constituci\u00f3<\/li>\n<li>Del 22 de desembre al 7 de gener (ambd\u00f3s inclosos). Vacances de Nadal.<\/li>\n<\/ul>\n<p>&nbsp;<\/p>\n<h4><strong>2n trimestre:<\/strong><\/h4>\n<ul>\n<li>7 de gener. Festiu local.<\/li>\n<li>16 de febrer. Dia de lliure disposici\u00f3.<\/li>\n<li>Del 30 de mar\u00e7 al 6 d&#8217;abril (ambd\u00f3s inclosos). Vacances de Setmana Santa<\/li>\n<\/ul>\n<p>&nbsp;<\/p>\n<h4><strong>3r trimestre:<\/strong><\/h4>\n<ul>\n<li>1 de maig. Festiu. Dia del treballador\/a.<\/li>\n<li>4 de maig. Dia de lliure disposici\u00f3.<\/li>\n<li>25 de maig. Dia de lliure disposici\u00f3.<\/li>\n<\/ul>\n<p>&nbsp;<\/p>\n<h4><strong>Jornada intensiva:<\/strong><\/h4>\n<p>El 19 de desembre de 2025 i del 8 al 19 de juny de 2026 (ambd\u00f3s inclosos). L&#8217;horari d&#8217;aquests dies \u00e9s de 8:30 a 12:30h.<\/p>\n<p>&nbsp;<\/p>\n<h4><strong>Horari lectiu:<\/strong><\/h4>\n<p>L\u2019horari lectiu del centre \u00e9s de 8:30 a 12:00h i de 15:00 a 16:30h.<\/p>\n<p>Durant els primers dies d\u2019escola, es flexibilitzar\u00e0 l\u2019organitzaci\u00f3 hor\u00e0ria pels infants d&#8217;I3. Es dur\u00e0 a terme aquesta adaptaci\u00f3 per garantir una atenci\u00f3 m\u00e9s individualitzada i afavorir aix\u00ed que el primer contacte dels nous infants amb l\u2019escola sigui un moment relaxat i agradable.<\/p>\n<p>Aix\u00ed doncs, la primera setmana de curs l\u2019horari ser\u00e0 el seg\u00fcent:<\/p>\n<p><strong>Dilluns 8 de setembre:<\/strong> les fam\u00edlies, juntament amb el seu fill\/a, poden visitar la classe dintre de l&#8217;horari de torn que els hi correspongui (primer o segon torn).<\/p>\n<p><strong>Dimarts 9 de setembre:<\/strong> els infants estaran a classe, sense les fam\u00edlies, nom\u00e9s al mat\u00ed i amb dos torns d\u2019entrada:<br \/>\n* Primer torn: de 8:45 a 10:15h.<\/p>\n<p>* Segon torn: de 10:30 a 12:15h.<\/p>\n<p>&#8211; Excepcionalment, aquests primers dies (8, 9 i 10), tant l\u2019entrada com la sortida es far\u00e0 per la porta del vest\u00edbul i els infants aniran directament a l\u2019aula acompanyats per un familiar de refer\u00e8ncia.<\/p>\n<p><strong>Dimecres 10 de setembre:<\/strong>\u00a0els infants estaran a classe, sense les fam\u00edlies, nom\u00e9s al mat\u00ed i amb dos torns d\u2019entrada:<br \/>\n* Primer torn: de 8:45 a 10:15h.<br \/>\n* Segon torn: de 10:30 a 12:15h.<\/p>\n<p><strong>Dijous 11 de setembre:<\/strong> festiu. La Diada.<\/p>\n<p><strong>Divendres 12 de setembre:<\/strong> festiu local.<\/p>\n<p><strong>Dilluns 15 de setembre:<\/strong> els infants estaran a classe, sense les fam\u00edlies, nom\u00e9s al mat\u00ed i (de 8:45 a 12:15h)<\/p>\n<p><strong>Dimarts 16 de setembre:<\/strong> els infants estaran a classe, sense les fam\u00edlies, nom\u00e9s al mat\u00ed i (de 8:45 a 12:15h)<\/p>\n<p>* Es recomana que, durant aquests dies, no es faci \u00fas del servei de menjador.<\/p>\n<p><strong>A partir del dimecres 17 de setembre<\/strong> els nens\/es entraran per la porta principal en horari normal, efectuant les entrades i les sortides com s&#8217;explica a la normativa general de curs. Aix\u00ed i tot, us demanem flexibilitat perqu\u00e8 l&#8217;adaptaci\u00f3 es pugui allargar m\u00e9s dies, tenint en compte cada cas particular.<\/p>\n","protected":false},"excerpt":{"rendered":"<p>CALENDARI ESCOLAR 25-26 L&#8217;escola comen\u00e7ar\u00e0 el dilluns 8 de setembre de 2025 i finalitzar\u00e0 el 19 de juny de 2026. 1r trimestre: 11 de setembre. Festiu. La Diada. 12 de setembre. Festiu local. 3 de novembre. Dia de lliure disposici\u00f3. 5 de desembre. Dia de lliure disposici\u00f3. 8 de desembre. Festiu. La Constituci\u00f3 Del 22 [&hellip;]<\/p>\n","protected":false},"author":2,"featured_media":0,"parent":342,"menu_order":80,"comment_status":"closed","ping_status":"closed","template":"page-templates\/side-menu.php","meta":{"_bbp_topic_count":0,"_bbp_reply_count":0,"_bbp_total_topic_count":0,"_bbp_total_reply_count":0,"_bbp_voice_count":0,"_bbp_anonymous_reply_count":0,"_bbp_topic_count_hidden":0,"_bbp_reply_count_hidden":0,"_bbp_forum_subforum_count":0,"site-sidebar-layout":"default","site-content-layout":"","ast-site-content-layout":"","site-content-style":"default","site-sidebar-style":"default","ast-global-header-display":"","ast-banner-title-visibility":"","ast-main-header-display":"","ast-hfb-above-header-display":"","ast-hfb-below-header-display":"","ast-hfb-mobile-header-display":"","site-post-title":"","ast-breadcrumbs-content":"","ast-featured-img":"","footer-sml-layout":"","theme-transparent-header-meta":"","adv-header-id-meta":"","stick-header-meta":"","header-above-stick-meta":"","header-main-stick-meta":"","header-below-stick-meta":"","astra-migrate-meta-layouts":"default","ast-page-background-enabled":"default","ast-page-background-meta":{"desktop":{"background-color":"var(--ast-global-color-4)","background-image":"","background-repeat":"repeat","background-position":"center center","background-size":"auto","background-attachment":"scroll","background-type":"","background-media":"","overlay-type":"","overlay-color":"","overlay-opacity":"","overlay-gradient":""},"tablet":{"background-color":"","background-image":"","background-repeat":"repeat","background-position":"center center","background-size":"auto","background-attachment":"scroll","background-type":"","background-media":"","overlay-type":"","overlay-color":"","overlay-opacity":"","overlay-gradient":""},"mobile":{"background-color":"","background-image":"","background-repeat":"repeat","background-position":"center center","background-size":"auto","background-attachment":"scroll","background-type":"","background-media":"","overlay-type":"","overlay-color":"","overlay-opacity":"","overlay-gradient":""}},"ast-content-background-meta":{"desktop":{"background-color":"var(--ast-global-color-5)","background-image":"","background-repeat":"repeat","background-position":"center center","background-size":"auto","background-attachment":"scroll","background-type":"","background-media":"","overlay-type":"","overlay-color":"","overlay-opacity":"","overlay-gradient":""},"tablet":{"background-color":"var(--ast-global-color-5)","background-image":"","background-repeat":"repeat","background-position":"center center","background-size":"auto","background-attachment":"scroll","background-type":"","background-media":"","overlay-type":"","overlay-color":"","overlay-opacity":"","overlay-gradient":""},"mobile":{"background-color":"var(--ast-global-color-5)","background-image":"","background-repeat":"repeat","background-position":"center center","background-size":"auto","background-attachment":"scroll","background-type":"","background-media":"","overlay-type":"","overlay-color":"","overlay-opacity":"","overlay-gradient":""}},"footnotes":""},"class_list":["post-32","page","type-page","status-publish","hentry"],"post_mailing_queue_ids":[],"_links":{"self":[{"href":"https:\/\/agora.xtec.cat\/esc-elspicots\/wp-json\/wp\/v2\/pages\/32","targetHints":{"allow":["GET"]}}],"collection":[{"href":"https:\/\/agora.xtec.cat\/esc-elspicots\/wp-json\/wp\/v2\/pages"}],"about":[{"href":"https:\/\/agora.xtec.cat\/esc-elspicots\/wp-json\/wp\/v2\/types\/page"}],"author":[{"embeddable":true,"href":"https:\/\/agora.xtec.cat\/esc-elspicots\/wp-json\/wp\/v2\/users\/2"}],"replies":[{"embeddable":true,"href":"https:\/\/agora.xtec.cat\/esc-elspicots\/wp-json\/wp\/v2\/comments?post=32"}],"version-history":[{"count":5,"href":"https:\/\/agora.xtec.cat\/esc-elspicots\/wp-json\/wp\/v2\/pages\/32\/revisions"}],"predecessor-version":[{"id":6933,"href":"https:\/\/agora.xtec.cat\/esc-elspicots\/wp-json\/wp\/v2\/pages\/32\/revisions\/6933"}],"up":[{"embeddable":true,"href":"https:\/\/agora.xtec.cat\/esc-elspicots\/wp-json\/wp\/v2\/pages\/342"}],"wp:attachment":[{"href":"https:\/\/agora.xtec.cat\/esc-elspicots\/wp-json\/wp\/v2\/media?parent=32"}],"curies":[{"name":"wp","href":"https:\/\/api.w.org\/{rel}","templated":true}]}}