{"id":270,"date":"2015-07-20T15:58:59","date_gmt":"2015-07-20T14:58:59","guid":{"rendered":"http:\/\/agora.xtec.cat\/esc-elspicots\/?page_id=270"},"modified":"2025-09-10T15:05:02","modified_gmt":"2025-09-10T13:05:02","slug":"colonies","status":"publish","type":"page","link":"https:\/\/agora.xtec.cat\/esc-elspicots\/atencio-families\/colonies\/","title":{"rendered":"Col\u00f2nies"},"content":{"rendered":"<p style=\"text-align: justify;\"><strong>COL\u00d2NIES CURS 2025-2026<\/strong><\/p>\n<p style=\"text-align: justify;\">A l\u2019escola anem de col\u00f2nies:<\/p>\n<ul style=\"text-align: justify;\">\n<li>L\u2019alumnat d&#8217;<strong>I5<\/strong>\u00a0(final d\u2019educaci\u00f3 infantil)<\/li>\n<li>L&#8217;alumnat de <strong>2n <\/strong>(final de cicle inicial)<\/li>\n<li>L&#8217;alumnat de <strong>4t<\/strong> (final de cicle mitj\u00e0)<\/li>\n<li>L\u2019alumnat de <strong>6\u00e8<\/strong> (final de cicle superior i de l\u2019etapa de prim\u00e0ria)<\/li>\n<\/ul>\n<p style=\"text-align: justify;\">Creiem que aquesta activitat \u00e9s de gran valor educatiu, donen autonomia, fomenten la cohesi\u00f3, el nostre alumnat conviu i es diverteix amb els seus companys i companyes de classe, lluny de l\u2019entorn familiar, a la vegada que gaudeix d\u2019un entorn natural privilegiat i tornen a casa amb un munt de viv\u00e8ncies personals! Per tant, tot i l&#8217;organitzaci\u00f3 interna del centre \u00e9s treballar per comunitats, creiem oport\u00fa continuar fent les col\u00f2nies cada dos anys.<\/p>\n<p style=\"text-align: justify;\">A les col\u00f2nies es duen a terme activitats formatives que complementen el curr\u00edculum de l\u2019alumnat.<\/p>\n<p style=\"text-align: justify;\">Enguany anirem de col\u00f2nies a:<\/p>\n<table style=\"width: 87.8605%;\">\n<tbody>\n<tr>\n<td style=\"width: 100%;\">\n<table style=\"width: 97.47%; height: 140px;\" width=\"707\">\n<tbody>\n<tr style=\"height: 28px;\">\n<td style=\"text-align: center; width: 17.3494%; height: 28px;\"><strong>CURS<\/strong><\/td>\n<td style=\"text-align: center; width: 23.7647%; height: 28px;\">DATA<\/td>\n<td style=\"text-align: center; width: 23.4642%; height: 28px;\">CASA DE COL\u00d2NIES<\/td>\n<td style=\"text-align: center; width: 206.314%; height: 28px;\">POBLACI\u00d3<\/td>\n<\/tr>\n<tr style=\"height: 28px;\">\n<td style=\"text-align: center; width: 17.3494%; height: 28px;\" width=\"172\"><strong>COL\u00d2NIES I5<\/strong><\/td>\n<td style=\"text-align: center; width: 23.7647%; height: 28px;\" width=\"135\">13 i 14 d&#8217;abril<\/td>\n<td style=\"text-align: center; width: 23.4642%; height: 28px;\" width=\"400\"><a href=\"https:\/\/www.mascanpic.cat\/\">Mas Can Pic<\/a><\/td>\n<td style=\"text-align: center; width: 206.314%; height: 28px;\" width=\"400\">Taradell<\/td>\n<\/tr>\n<tr style=\"height: 28px;\">\n<td style=\"text-align: center; width: 17.3494%; height: 28px;\" width=\"172\"><strong>COL\u00d2NIES 2n<\/strong><\/td>\n<td style=\"text-align: center; width: 23.7647%; height: 28px;\" width=\"135\">16 i 17 d&#8217;abril<\/td>\n<td style=\"text-align: center; width: 23.4642%; height: 28px;\" width=\"400\"><a href=\"https:\/\/canribascasadecolonies.cat\/\">Can Ribas<\/a><\/td>\n<td style=\"text-align: center; width: 206.314%; height: 28px;\" width=\"400\">Bigues i Riells<\/td>\n<\/tr>\n<tr style=\"height: 28px;\">\n<td style=\"text-align: center; width: 17.3494%; height: 28px;\" width=\"172\"><strong>COL\u00d2NIES <\/strong><strong>4t<\/strong><\/td>\n<td style=\"text-align: center; width: 23.7647%; height: 28px;\" width=\"135\">7 i 8 d&#8217;octubre<\/td>\n<td style=\"text-align: center; width: 23.4642%; height: 28px;\" width=\"400\"><a href=\"https:\/\/www.molidelariera.com\/\">Mol\u00ed de la Riera<\/a><\/td>\n<td style=\"text-align: center; width: 206.314%; height: 28px;\" width=\"400\">Sant Pere de Torell\u00f3<\/td>\n<\/tr>\n<tr style=\"height: 28px;\">\n<td style=\"text-align: center; width: 17.3494%; height: 28px;\" width=\"172\"><strong>COL\u00d2NIES 6\u00e8<\/strong><\/td>\n<td style=\"text-align: center; width: 23.7647%; height: 28px;\" width=\"135\">13,14 i 15 de maig<\/td>\n<td style=\"text-align: center; width: 23.4642%; height: 28px;\" width=\"400\"><a href=\"https:\/\/www.rosadelsvents.es\/casa-de-colonias\/marcel-maillot\/\">Marcel Maillot<\/a><\/td>\n<td style=\"text-align: center; width: 206.314%; height: 28px;\" width=\"400\">L&#8217;Estartit<\/td>\n<\/tr>\n<\/tbody>\n<\/table>\n<\/td>\n<\/tr>\n<\/tbody>\n<\/table>\n<ul>\n<li>Al gener es realitza un sondeig per veure l&#8217;assist\u00e8ncia a les col\u00f2nies. Com estableix les NOFC, aquesta assist\u00e8ncia ha de ser superior al 70% perqu\u00e8 es puguin realitzar.<\/li>\n<li>Una vegada realitzat el sondeig i tenint en compte el nombre d&#8217;alumnes que hi aniran, es calcular\u00e0 el preu definitiu de les col\u00f2nies. S&#8217;informar\u00e0 mitjan\u00e7ant correu electr\u00f2nic i s&#8217;haur\u00e0 de fer el pagament en dos terminis.<\/li>\n<\/ul>\n","protected":false},"excerpt":{"rendered":"<p>COL\u00d2NIES CURS 2025-2026 A l\u2019escola anem de col\u00f2nies: L\u2019alumnat d&#8217;I5\u00a0(final d\u2019educaci\u00f3 infantil) L&#8217;alumnat de 2n (final de cicle inicial) L&#8217;alumnat de 4t (final de cicle mitj\u00e0) L\u2019alumnat de 6\u00e8 (final de cicle superior i de l\u2019etapa de prim\u00e0ria) Creiem que aquesta activitat \u00e9s de gran valor educatiu, donen autonomia, fomenten la cohesi\u00f3, el nostre alumnat [&hellip;]<\/p>\n","protected":false},"author":1,"featured_media":0,"parent":237,"menu_order":130,"comment_status":"closed","ping_status":"closed","template":"page-templates\/side-menu.php","meta":{"_bbp_topic_count":0,"_bbp_reply_count":0,"_bbp_total_topic_count":0,"_bbp_total_reply_count":0,"_bbp_voice_count":0,"_bbp_anonymous_reply_count":0,"_bbp_topic_count_hidden":0,"_bbp_reply_count_hidden":0,"_bbp_forum_subforum_count":0,"site-sidebar-layout":"default","site-content-layout":"","ast-site-content-layout":"","site-content-style":"default","site-sidebar-style":"default","ast-global-header-display":"","ast-banner-title-visibility":"","ast-main-header-display":"","ast-hfb-above-header-display":"","ast-hfb-below-header-display":"","ast-hfb-mobile-header-display":"","site-post-title":"","ast-breadcrumbs-content":"","ast-featured-img":"","footer-sml-layout":"","theme-transparent-header-meta":"","adv-header-id-meta":"","stick-header-meta":"","header-above-stick-meta":"","header-main-stick-meta":"","header-below-stick-meta":"","astra-migrate-meta-layouts":"default","ast-page-background-enabled":"default","ast-page-background-meta":{"desktop":{"background-color":"var(--ast-global-color-4)","background-image":"","background-repeat":"repeat","background-position":"center center","background-size":"auto","background-attachment":"scroll","background-type":"","background-media":"","overlay-type":"","overlay-color":"","overlay-opacity":"","overlay-gradient":""},"tablet":{"background-color":"","background-image":"","background-repeat":"repeat","background-position":"center center","background-size":"auto","background-attachment":"scroll","background-type":"","background-media":"","overlay-type":"","overlay-color":"","overlay-opacity":"","overlay-gradient":""},"mobile":{"background-color":"","background-image":"","background-repeat":"repeat","background-position":"center center","background-size":"auto","background-attachment":"scroll","background-type":"","background-media":"","overlay-type":"","overlay-color":"","overlay-opacity":"","overlay-gradient":""}},"ast-content-background-meta":{"desktop":{"background-color":"var(--ast-global-color-5)","background-image":"","background-repeat":"repeat","background-position":"center center","background-size":"auto","background-attachment":"scroll","background-type":"","background-media":"","overlay-type":"","overlay-color":"","overlay-opacity":"","overlay-gradient":""},"tablet":{"background-color":"var(--ast-global-color-5)","background-image":"","background-repeat":"repeat","background-position":"center center","background-size":"auto","background-attachment":"scroll","background-type":"","background-media":"","overlay-type":"","overlay-color":"","overlay-opacity":"","overlay-gradient":""},"mobile":{"background-color":"var(--ast-global-color-5)","background-image":"","background-repeat":"repeat","background-position":"center center","background-size":"auto","background-attachment":"scroll","background-type":"","background-media":"","overlay-type":"","overlay-color":"","overlay-opacity":"","overlay-gradient":""}},"footnotes":""},"class_list":["post-270","page","type-page","status-publish","hentry"],"post_mailing_queue_ids":[],"_links":{"self":[{"href":"https:\/\/agora.xtec.cat\/esc-elspicots\/wp-json\/wp\/v2\/pages\/270","targetHints":{"allow":["GET"]}}],"collection":[{"href":"https:\/\/agora.xtec.cat\/esc-elspicots\/wp-json\/wp\/v2\/pages"}],"about":[{"href":"https:\/\/agora.xtec.cat\/esc-elspicots\/wp-json\/wp\/v2\/types\/page"}],"author":[{"embeddable":true,"href":"https:\/\/agora.xtec.cat\/esc-elspicots\/wp-json\/wp\/v2\/users\/1"}],"replies":[{"embeddable":true,"href":"https:\/\/agora.xtec.cat\/esc-elspicots\/wp-json\/wp\/v2\/comments?post=270"}],"version-history":[{"count":6,"href":"https:\/\/agora.xtec.cat\/esc-elspicots\/wp-json\/wp\/v2\/pages\/270\/revisions"}],"predecessor-version":[{"id":7090,"href":"https:\/\/agora.xtec.cat\/esc-elspicots\/wp-json\/wp\/v2\/pages\/270\/revisions\/7090"}],"up":[{"embeddable":true,"href":"https:\/\/agora.xtec.cat\/esc-elspicots\/wp-json\/wp\/v2\/pages\/237"}],"wp:attachment":[{"href":"https:\/\/agora.xtec.cat\/esc-elspicots\/wp-json\/wp\/v2\/media?parent=270"}],"curies":[{"name":"wp","href":"https:\/\/api.w.org\/{rel}","templated":true}]}}