{"id":268,"date":"2015-07-20T15:58:43","date_gmt":"2015-07-20T14:58:43","guid":{"rendered":"http:\/\/agora.xtec.cat\/esc-elspicots\/?page_id=268"},"modified":"2025-09-23T16:26:44","modified_gmt":"2025-09-23T14:26:44","slug":"sortides","status":"publish","type":"page","link":"https:\/\/agora.xtec.cat\/esc-elspicots\/atencio-families\/sortides\/","title":{"rendered":"Sortides"},"content":{"rendered":"<p style=\"text-align: justify;\"><strong>SORTIDES CURS 2025-2026<\/strong><\/p>\n<p>Els i les mestres consensuen les sortides a realitzar durant el curs actual. Aquestes s\u00f3n:<\/p>\n<p style=\"text-align: left;\"><strong>COMUNITAT DE PETITS\/ES\u00a0<\/strong><\/p>\n<table style=\"width: 81.6616%; height: 212px;\">\n<tbody>\n<tr style=\"height: 232px;\">\n<td style=\"width: 100%; height: 212px;\">\n<table style=\"width: 100.003%; height: 253px;\" width=\"707\">\n<tbody>\n<tr style=\"height: 29px;\">\n<td style=\"text-align: center; width: 16.0751%; height: 29px;\" width=\"172\"><strong>CURS<\/strong><\/td>\n<td style=\"text-align: center; width: 24.0898%; height: 29px;\" width=\"219\">DATA<\/td>\n<td style=\"width: 21.1431%; height: 29px;\" width=\"316\">TEM\u00c0TICA<\/td>\n<td style=\"width: 70.2859%; height: 29px;\" width=\"316\">LLOC<\/td>\n<\/tr>\n<tr style=\"height: 29px;\">\n<td style=\"text-align: center; width: 16.0751%; height: 29px;\">I3<\/td>\n<td style=\"width: 24.0898%; height: 29px;\" width=\"225\">19 de mar\u00e7<\/td>\n<td style=\"width: 21.1431%; height: 29px;\" width=\"302\">La granja<\/td>\n<td style=\"width: 70.2859%; height: 29px;\" width=\"198\"><a href=\"https:\/\/www.aularuralpalaudaries.cat\/la-granja\/\">Palaud\u00e0ries<\/a><\/td>\n<\/tr>\n<tr style=\"height: 29px;\">\n<td style=\"text-align: center; width: 16.0751%; height: 29px;\">I3<\/td>\n<td style=\"width: 24.0898%; height: 29px;\">15 d&#8217;abril<\/td>\n<td style=\"width: 21.1431%; height: 29px;\" width=\"302\">La Biblioteca<\/td>\n<td style=\"width: 70.2859%; height: 29px;\" width=\"198\"><a href=\"https:\/\/bibliotecallicamunt.wordpress.com\/\">Lli\u00e7\u00e0 d&#8217;Amunt<\/a><\/td>\n<\/tr>\n<tr style=\"height: 29px;\">\n<td style=\"text-align: center; width: 16.0751%; height: 21px;\" width=\"172\">I4<\/td>\n<td style=\"width: 24.0898%; height: 21px;\" width=\"225\"><span style=\"font-weight: 400;\">4 de mar\u00e7<\/span><\/td>\n<td style=\"width: 21.1431%; height: 21px;\" width=\"302\">El circ<\/td>\n<td style=\"width: 70.2859%; height: 21px;\" width=\"198\"><a href=\"https:\/\/mogent.maristes.cat\/ca\">Can Mogent. Llinars del Vall\u00e8s<\/a><\/td>\n<\/tr>\n<tr style=\"height: 29px;\">\n<td style=\"text-align: center; width: 16.0751%; height: 29px;\">I4<\/td>\n<td style=\"width: 24.0898%; height: 29px;\"><span style=\"font-weight: 400;\">25 de mar\u00e7<\/span><\/td>\n<td style=\"width: 21.1431%; height: 29px;\">La biblioteca<\/td>\n<td style=\"width: 70.2859%; height: 29px;\"><a href=\"https:\/\/bibliotecallicamunt.wordpress.com\/\">Lli\u00e7\u00e0 d&#8217;Amunt<\/a><\/td>\n<\/tr>\n<tr style=\"height: 29px;\">\n<td style=\"text-align: center; width: 16.0751%; height: 29px;\">I5<\/td>\n<td style=\"width: 24.0898%; height: 29px;\"><span style=\"font-weight: 400;\">I5A. 18 de mar\u00e7 (mat\u00ed)\u00a0 I5B. 11 de mar\u00e7 (mat\u00ed)<\/span><\/td>\n<td style=\"width: 21.1431%; height: 29px;\">La biblioteca<\/td>\n<td style=\"width: 70.2859%; height: 29px;\"><a href=\"https:\/\/bibliotecallicamunt.wordpress.com\/\">Lli\u00e7\u00e0 d&#8217;Amunt<\/a><\/td>\n<\/tr>\n<tr style=\"height: 29px;\">\n<td style=\"text-align: center; width: 16.0751%; height: 29px;\">I5<\/td>\n<td style=\"width: 24.0898%; height: 29px;\"><span style=\"font-weight: 400;\">22 de maig<\/span><\/td>\n<td style=\"width: 21.1431%; height: 29px;\">Fem dansa!!<\/td>\n<td style=\"width: 70.2859%; height: 29px;\">La Garriga<\/td>\n<\/tr>\n<tr style=\"height: 29px;\">\n<td style=\"text-align: center; width: 16.0751%; height: 29px;\">I4 i I5<\/td>\n<td style=\"width: 24.0898%; height: 29px;\"><span style=\"font-weight: 400;\">15 d&#8217;octubre<\/span><\/td>\n<td style=\"width: 21.1431%; height: 29px;\">La tardor<\/td>\n<td style=\"width: 70.2859%; height: 29px;\">Can Pou. Sant Antoni de Vilamajor<\/td>\n<\/tr>\n<tr style=\"height: 29px;\">\n<td style=\"text-align: center; width: 16.0751%; height: 29px;\">I3, I4 i I5<\/td>\n<td style=\"width: 24.0898%; height: 29px;\"><span style=\"font-weight: 400;\">14 de maig<\/span><\/td>\n<td style=\"width: 21.1431%; height: 29px;\">L\u00fadica<\/td>\n<td style=\"width: 70.2859%; height: 29px;\">Parc del Falgar (Les Franqueses)<\/td>\n<\/tr>\n<\/tbody>\n<\/table>\n<\/td>\n<\/tr>\n<\/tbody>\n<\/table>\n<p>&nbsp;<\/p>\n<p><strong>COMUNITAT DE MITJANS \/ ES<\/strong><\/p>\n<table style=\"width: 81.6616%; height: 232px;\">\n<tbody>\n<tr style=\"height: 232px;\">\n<td style=\"width: 100%; height: 232px;\">\n<table style=\"width: 100.003%; height: 349px;\" width=\"707\">\n<tbody>\n<tr style=\"height: 29px;\">\n<td style=\"text-align: center; width: 16.0751%; height: 29px;\" width=\"172\"><strong>CURS<\/strong><\/td>\n<td style=\"text-align: center; width: 24.0898%; height: 29px;\" width=\"219\">DATA<\/td>\n<td style=\"width: 28.0647%; height: 29px;\" width=\"316\">TEM\u00c0TICA<\/td>\n<td style=\"width: 63.3643%; height: 29px;\" width=\"316\">LLOC<\/td>\n<\/tr>\n<tr style=\"height: 29px;\">\n<td style=\"text-align: center; width: 16.0751%; height: 29px;\" width=\"172\">1r<\/td>\n<td style=\"width: 24.0898%; height: 29px;\" width=\"225\">28 d&#8217;octubre<\/td>\n<td style=\"width: 28.0647%; height: 29px;\" width=\"302\">Descobrim l&#8217;hort<\/td>\n<td style=\"width: 63.3643%; height: 29px;\" width=\"198\">Manresa<\/td>\n<\/tr>\n<tr style=\"height: 42px;\">\n<td style=\"text-align: center; width: 16.0751%; height: 12px;\">1r<\/td>\n<td style=\"width: 24.0898%; height: 12px;\" width=\"225\">A determinar<\/td>\n<td style=\"width: 28.0647%; height: 12px;\" width=\"302\">Activitat amb la Gent Gran<\/td>\n<td style=\"width: 63.3643%; height: 12px;\" width=\"198\">Lli\u00e7\u00e0 d&#8217;Amunt<\/td>\n<\/tr>\n<tr style=\"height: 43px;\">\n<td style=\"text-align: center; width: 16.0751%; height: 19px;\">1r<\/td>\n<td style=\"width: 24.0898%; height: 19px;\">A determinar<\/td>\n<td style=\"width: 28.0647%; height: 19px;\">Biblioteca<\/td>\n<td style=\"width: 63.3643%; height: 19px;\"><a href=\"https:\/\/bibliotecallicamunt.wordpress.com\/\">Lli\u00e7\u00e0 d&#8217;Amunt<\/a><\/td>\n<\/tr>\n<tr style=\"height: 43px;\">\n<td style=\"text-align: center; width: 16.0751%; height: 17px;\">1r<\/td>\n<td style=\"width: 24.0898%; height: 17px;\">24 de novembre<\/td>\n<td style=\"width: 28.0647%; height: 17px;\">Sons metall<\/td>\n<td style=\"width: 63.3643%; height: 17px;\">Auditori de Barcelona<\/td>\n<\/tr>\n<tr style=\"height: 43px;\">\n<td style=\"text-align: center; width: 16.0751%; height: 10px;\">1r<\/td>\n<td style=\"width: 24.0898%; height: 10px;\">12 de maig<\/td>\n<td style=\"width: 28.0647%; height: 10px;\">Treball sensorial<\/td>\n<td style=\"width: 63.3643%; height: 10px;\"><a href=\"https:\/\/parcdelesolors.com\/\">Natura. Parc de les olors<\/a><\/td>\n<\/tr>\n<tr style=\"height: 43px;\">\n<td style=\"text-align: center; width: 16.0751%; height: 20px;\">2n<\/td>\n<td style=\"width: 24.0898%; height: 20px;\">A determinar<\/td>\n<td style=\"width: 28.0647%; height: 20px;\">Coneixen\u00e7a del poble<\/td>\n<td style=\"width: 63.3643%; height: 20px;\">Lli\u00e7\u00e0 d&#8217;Amunt<\/td>\n<\/tr>\n<tr style=\"height: 29px;\">\n<td style=\"text-align: center; width: 16.0751%; height: 29px;\" width=\"172\">2n<\/td>\n<td style=\"width: 24.0898%; height: 29px;\" width=\"225\">5 de novembre<\/td>\n<td style=\"width: 28.0647%; height: 29px;\" width=\"302\">La granja<\/td>\n<td style=\"width: 63.3643%; height: 29px;\" width=\"198\"><a href=\"https:\/\/www.granjanatura.com\/\">El Mujal. Nav\u00e0s<\/a><\/td>\n<\/tr>\n<tr style=\"height: 29px;\">\n<td style=\"text-align: center; width: 16.0751%; height: 29px;\">2n<\/td>\n<td style=\"width: 24.0898%; height: 29px;\">Maig (a determinar el dia)<\/td>\n<td style=\"width: 28.0647%; height: 29px;\">La Clika<\/td>\n<td style=\"width: 63.3643%; height: 29px;\">Granollers<\/td>\n<\/tr>\n<tr style=\"height: 29px;\">\n<td style=\"text-align: center; width: 16.0751%; height: 29px;\">3r<\/td>\n<td style=\"width: 24.0898%; height: 29px;\" width=\"225\">21 de novembre<\/td>\n<td style=\"width: 28.0647%; height: 29px;\" width=\"302\">Prehist\u00f2ria<\/td>\n<td style=\"width: 63.3643%; height: 29px;\" width=\"198\"><a href=\"https:\/\/covesdeltoll.com\/\">Coves del Toll. Moi\u00e0<\/a><\/td>\n<\/tr>\n<tr style=\"height: 29px;\">\n<td style=\"text-align: center; width: 16.0751%; height: 29px;\">3r<\/td>\n<td style=\"width: 24.0898%; height: 29px;\">6 de febrer<\/td>\n<td style=\"width: 28.0647%; height: 29px;\">Palau de la m\u00fasica<\/td>\n<td style=\"width: 63.3643%; height: 29px;\">Barcelona<\/td>\n<\/tr>\n<tr style=\"height: 29px;\">\n<td style=\"text-align: center; width: 16.0751%; height: 29px;\">3r<\/td>\n<td style=\"width: 24.0898%; height: 29px;\">A determinar<\/td>\n<td style=\"width: 28.0647%; height: 29px;\">Biblioteca<\/td>\n<td style=\"width: 63.3643%; height: 29px;\"><a href=\"https:\/\/bibliotecallicamunt.wordpress.com\/\">Lli\u00e7\u00e0 d&#8217;Amunt<\/a><\/td>\n<\/tr>\n<tr style=\"height: 29px;\">\n<td style=\"text-align: center; width: 16.0751%; height: 29px;\">3r<\/td>\n<td style=\"width: 24.0898%; height: 29px;\">A determinar<\/td>\n<td style=\"width: 28.0647%; height: 29px;\">Ajuntament<\/td>\n<td style=\"width: 63.3643%; height: 29px;\">Lli\u00e7\u00e0 d&#8217;Amunt<\/td>\n<\/tr>\n<tr style=\"height: 29px;\">\n<td style=\"text-align: center; width: 16.0751%; height: 29px;\">3r<\/td>\n<td style=\"width: 24.0898%; height: 29px;\">A determinar<\/td>\n<td style=\"width: 28.0647%; height: 29px;\">Visita a les masies i ermites<\/td>\n<td style=\"width: 63.3643%; height: 29px;\">Lli\u00e7\u00e0 d&#8217;Amunt<\/td>\n<\/tr>\n<tr style=\"height: 36px;\">\n<td style=\"text-align: center; width: 16.0751%; height: 10px;\">3r<\/td>\n<td style=\"width: 24.0898%; height: 10px;\" width=\"225\">28 de maig<\/td>\n<td style=\"width: 28.0647%; height: 10px;\" width=\"302\">Quixot de 8<\/td>\n<td style=\"width: 63.3643%; height: 10px;\" width=\"198\"><a href=\"https:\/\/www.taradell.cat\/guixot-de-8-100.html\">Can Guixot. Taradell.<\/a><\/td>\n<\/tr>\n<\/tbody>\n<\/table>\n<\/td>\n<\/tr>\n<\/tbody>\n<\/table>\n<p>&nbsp;<\/p>\n<p><strong>COMUNITAT DE GRANS<\/strong><\/p>\n<table style=\"width: 81.3554%; height: 262px;\">\n<tbody>\n<tr style=\"height: 262px;\">\n<td style=\"width: 100%; height: 262px;\">\n<table style=\"width: 100.371%; height: 220px;\" width=\"707\">\n<tbody>\n<tr style=\"height: 29px;\">\n<td style=\"text-align: center; width: 15.9031%; height: 29px;\"><strong>CURS<\/strong><\/td>\n<td style=\"text-align: center; width: 19.8368%; height: 29px;\">DATA<\/td>\n<td style=\"text-align: center; width: 26.7897%; height: 29px;\">TEM\u00c0TICA<\/td>\n<td style=\"width: 57.8416%; height: 29px;\">LLOC<\/td>\n<\/tr>\n<tr style=\"height: 50px;\">\n<td style=\"text-align: center; width: 15.9031%; height: 24px;\">4t<\/td>\n<td style=\"width: 19.8368%; height: 24px;\" width=\"225\">29 de gener<\/td>\n<td style=\"width: 26.7897%; height: 24px;\" width=\"302\">Catalunya en miniatura<\/td>\n<td style=\"width: 57.8416%; height: 24px;\" width=\"198\"><a href=\"https:\/\/www.catalunyaenminiatura.com\/ca\/\">Torrelles de Llobregat<\/a><\/td>\n<\/tr>\n<tr style=\"height: 50px;\">\n<td style=\"text-align: center; width: 15.9031%; height: 10px;\">4t<\/td>\n<td style=\"width: 19.8368%; height: 10px;\" width=\"225\">A determinar<\/td>\n<td style=\"width: 26.7897%; height: 10px;\" width=\"302\">Bassa de Can Duny\u00f3<\/td>\n<td style=\"width: 57.8416%; height: 10px;\" width=\"198\"><a href=\"https:\/\/ca.wikipedia.org\/wiki\/Bassa_de_Can_Duny%C3%B3\">Lli\u00e7\u00e0 d&#8217;Amunt<\/a><\/td>\n<\/tr>\n<tr style=\"height: 43px;\">\n<td style=\"text-align: center; width: 15.9031%; height: 16px;\">4t<\/td>\n<td style=\"width: 19.8368%; height: 16px;\">A determinar<\/td>\n<td style=\"width: 26.7897%; height: 16px;\">Biblioteca<\/td>\n<td style=\"width: 57.8416%; height: 16px;\">Lli\u00e7\u00e0 d&#8217;Amunt<\/td>\n<\/tr>\n<tr style=\"height: 29px;\">\n<td style=\"text-align: center; width: 15.9031%; height: 10px;\">5\u00e8<\/td>\n<td style=\"width: 19.8368%; height: 10px;\">12 de novembre<\/td>\n<td style=\"width: 26.7897%; height: 10px;\">M\u00f3n Sant Benet<\/td>\n<td style=\"width: 57.8416%; height: 10px;\"><a href=\"https:\/\/monsantbenet.com\/ca\/\">Sant Fruit\u00f3s de Bages<\/a><\/td>\n<\/tr>\n<tr style=\"height: 57px;\">\n<td style=\"text-align: center; width: 15.9031%; height: 19px;\">5\u00e8<\/td>\n<td style=\"width: 19.8368%; height: 19px;\">A determinar<\/td>\n<td style=\"width: 26.7897%; height: 19px;\">Biblioteca<\/td>\n<td style=\"width: 57.8416%; height: 19px;\"><a href=\"https:\/\/bibliotecallicamunt.wordpress.com\/\">Lli\u00e7\u00e0 d&#8217;Amunt<\/a><\/td>\n<\/tr>\n<tr style=\"height: 29px;\">\n<td style=\"text-align: center; width: 15.9031%; height: 29px;\">5\u00e8<\/td>\n<td style=\"width: 19.8368%; height: 29px;\" width=\"225\">14 d&#8217;abril<\/td>\n<td style=\"width: 26.7897%; height: 29px;\" width=\"302\">Croscat. Natura<\/td>\n<td style=\"width: 57.8416%; height: 29px;\" width=\"198\"><a href=\"https:\/\/es.turismegarrotxa.com\/27-lugares-de-interes-de-la-garrotxa\/reserva-natural-de-la-fageda-d-en-jorda\/\">Olot i la Fageda d&#8217;en Jord\u00e0<\/a><\/td>\n<\/tr>\n<tr style=\"height: 29px;\">\n<td style=\"text-align: center; width: 15.9031%; height: 29px;\">5\u00e8<\/td>\n<td style=\"width: 19.8368%; height: 29px;\" width=\"225\">A determinar<\/td>\n<td style=\"width: 26.7897%; height: 29px;\" width=\"302\">L&#8217;ermita de Santa Justa i masies<\/td>\n<td style=\"width: 57.8416%; height: 29px;\" width=\"198\">Lli\u00e7\u00e0 d&#8217;Amunt<\/td>\n<\/tr>\n<tr style=\"height: 15px;\">\n<td style=\"text-align: center; width: 15.9031%; height: 15px;\">6\u00e8<\/td>\n<td style=\"width: 19.8368%; height: 15px;\">29 de setembre<\/td>\n<td style=\"width: 26.7897%; height: 15px;\">Treball de les matem\u00e0tiques<\/td>\n<td style=\"width: 57.8416%; height: 15px;\"><a href=\"https:\/\/mmaca.cat\/\">Museu de les matem\u00e0tiques de Catalunya. Cornell\u00e0 de Llobregat<\/a><\/td>\n<\/tr>\n<tr style=\"height: 29px;\">\n<td style=\"text-align: center; width: 15.9031%; height: 29px;\">6\u00e8<\/td>\n<td style=\"width: 19.8368%; height: 29px;\">A determinar<\/td>\n<td style=\"width: 26.7897%; height: 29px;\">Biblioteca i Galliner<\/td>\n<td style=\"width: 57.8416%; height: 29px;\"><a href=\"https:\/\/bibliotecallicamunt.wordpress.com\/\">Lli\u00e7\u00e0 d&#8217;Amunt<\/a><\/td>\n<\/tr>\n<tr style=\"height: 10px;\">\n<td style=\"text-align: center; width: 15.9031%; height: 10px;\">6\u00e8<\/td>\n<td style=\"width: 19.8368%; height: 10px;\">3r trimestre<\/td>\n<td style=\"width: 26.7897%; height: 10px;\">Coneixen\u00e7a del poble<\/td>\n<td style=\"width: 57.8416%; height: 10px;\">Lli\u00e7\u00e0 d&#8217;Amunt<\/td>\n<\/tr>\n<\/tbody>\n<\/table>\n<\/td>\n<\/tr>\n<\/tbody>\n<\/table>\n<p><strong>TOTA L&#8217;ESCOLA<\/strong><\/p>\n<table style=\"width: 81.3554%;\">\n<tbody>\n<tr>\n<td style=\"width: 100%;\">\n<table style=\"width: 100.371%; height: 39px;\" width=\"707\">\n<tbody>\n<tr style=\"height: 29px;\">\n<td style=\"text-align: center; width: 15.9031%; height: 29px;\"><strong>CURS<\/strong><\/td>\n<td style=\"text-align: center; width: 27.8439%; height: 29px;\">DATA<\/td>\n<td style=\"text-align: center; width: 29.2808%; height: 29px;\">TEM\u00c0TICA<\/td>\n<td style=\"width: 47.3434%; height: 29px;\">LLOC<\/td>\n<\/tr>\n<tr style=\"height: 50px;\">\n<td style=\"text-align: center; width: 15.9031%; height: 10px;\">I3-6\u00e8<\/td>\n<td style=\"width: 27.8439%; height: 10px;\" width=\"225\">Fi de curs<\/td>\n<td style=\"width: 29.2808%; height: 10px;\" width=\"302\">L\u00fadica esportiva<\/td>\n<td style=\"width: 47.3434%; height: 10px;\" width=\"198\"><a href=\"https:\/\/estimadaterra.wordpress.com\/2018\/05\/01\/parc-de-la-riera-de-llica-damunt\/\">Parc de la Riera<\/a><\/td>\n<\/tr>\n<\/tbody>\n<\/table>\n<\/td>\n<\/tr>\n<\/tbody>\n<\/table>\n","protected":false},"excerpt":{"rendered":"<p>SORTIDES CURS 2025-2026 Els i les mestres consensuen les sortides a realitzar durant el curs actual. Aquestes s\u00f3n: COMUNITAT DE PETITS\/ES\u00a0 CURS DATA TEM\u00c0TICA LLOC I3 19 de mar\u00e7 La granja Palaud\u00e0ries I3 15 d&#8217;abril La Biblioteca Lli\u00e7\u00e0 d&#8217;Amunt I4 4 de mar\u00e7 El circ Can Mogent. Llinars del Vall\u00e8s I4 25 de mar\u00e7 La [&hellip;]<\/p>\n","protected":false},"author":1,"featured_media":0,"parent":237,"menu_order":120,"comment_status":"closed","ping_status":"closed","template":"page-templates\/side-menu.php","meta":{"_bbp_topic_count":0,"_bbp_reply_count":0,"_bbp_total_topic_count":0,"_bbp_total_reply_count":0,"_bbp_voice_count":0,"_bbp_anonymous_reply_count":0,"_bbp_topic_count_hidden":0,"_bbp_reply_count_hidden":0,"_bbp_forum_subforum_count":0,"site-sidebar-layout":"default","site-content-layout":"","ast-site-content-layout":"","site-content-style":"default","site-sidebar-style":"default","ast-global-header-display":"","ast-banner-title-visibility":"","ast-main-header-display":"","ast-hfb-above-header-display":"","ast-hfb-below-header-display":"","ast-hfb-mobile-header-display":"","site-post-title":"","ast-breadcrumbs-content":"","ast-featured-img":"","footer-sml-layout":"","theme-transparent-header-meta":"","adv-header-id-meta":"","stick-header-meta":"","header-above-stick-meta":"","header-main-stick-meta":"","header-below-stick-meta":"","astra-migrate-meta-layouts":"default","ast-page-background-enabled":"default","ast-page-background-meta":{"desktop":{"background-color":"var(--ast-global-color-4)","background-image":"","background-repeat":"repeat","background-position":"center center","background-size":"auto","background-attachment":"scroll","background-type":"","background-media":"","overlay-type":"","overlay-color":"","overlay-opacity":"","overlay-gradient":""},"tablet":{"background-color":"","background-image":"","background-repeat":"repeat","background-position":"center center","background-size":"auto","background-attachment":"scroll","background-type":"","background-media":"","overlay-type":"","overlay-color":"","overlay-opacity":"","overlay-gradient":""},"mobile":{"background-color":"","background-image":"","background-repeat":"repeat","background-position":"center center","background-size":"auto","background-attachment":"scroll","background-type":"","background-media":"","overlay-type":"","overlay-color":"","overlay-opacity":"","overlay-gradient":""}},"ast-content-background-meta":{"desktop":{"background-color":"var(--ast-global-color-5)","background-image":"","background-repeat":"repeat","background-position":"center center","background-size":"auto","background-attachment":"scroll","background-type":"","background-media":"","overlay-type":"","overlay-color":"","overlay-opacity":"","overlay-gradient":""},"tablet":{"background-color":"var(--ast-global-color-5)","background-image":"","background-repeat":"repeat","background-position":"center center","background-size":"auto","background-attachment":"scroll","background-type":"","background-media":"","overlay-type":"","overlay-color":"","overlay-opacity":"","overlay-gradient":""},"mobile":{"background-color":"var(--ast-global-color-5)","background-image":"","background-repeat":"repeat","background-position":"center center","background-size":"auto","background-attachment":"scroll","background-type":"","background-media":"","overlay-type":"","overlay-color":"","overlay-opacity":"","overlay-gradient":""}},"footnotes":""},"class_list":["post-268","page","type-page","status-publish","hentry"],"post_mailing_queue_ids":[],"_links":{"self":[{"href":"https:\/\/agora.xtec.cat\/esc-elspicots\/wp-json\/wp\/v2\/pages\/268","targetHints":{"allow":["GET"]}}],"collection":[{"href":"https:\/\/agora.xtec.cat\/esc-elspicots\/wp-json\/wp\/v2\/pages"}],"about":[{"href":"https:\/\/agora.xtec.cat\/esc-elspicots\/wp-json\/wp\/v2\/types\/page"}],"author":[{"embeddable":true,"href":"https:\/\/agora.xtec.cat\/esc-elspicots\/wp-json\/wp\/v2\/users\/1"}],"replies":[{"embeddable":true,"href":"https:\/\/agora.xtec.cat\/esc-elspicots\/wp-json\/wp\/v2\/comments?post=268"}],"version-history":[{"count":6,"href":"https:\/\/agora.xtec.cat\/esc-elspicots\/wp-json\/wp\/v2\/pages\/268\/revisions"}],"predecessor-version":[{"id":7112,"href":"https:\/\/agora.xtec.cat\/esc-elspicots\/wp-json\/wp\/v2\/pages\/268\/revisions\/7112"}],"up":[{"embeddable":true,"href":"https:\/\/agora.xtec.cat\/esc-elspicots\/wp-json\/wp\/v2\/pages\/237"}],"wp:attachment":[{"href":"https:\/\/agora.xtec.cat\/esc-elspicots\/wp-json\/wp\/v2\/media?parent=268"}],"curies":[{"name":"wp","href":"https:\/\/api.w.org\/{rel}","templated":true}]}}