{"id":26,"date":"2014-09-18T12:24:32","date_gmt":"2014-09-18T12:24:32","guid":{"rendered":"http:\/\/agora.xtec.cat\/esc-elspicots\/?page_id=26"},"modified":"2024-09-29T23:28:39","modified_gmt":"2024-09-29T21:28:39","slug":"historia","status":"publish","type":"page","link":"https:\/\/agora.xtec.cat\/esc-elspicots\/lescola\/historia\/","title":{"rendered":"Hist\u00f2ria"},"content":{"rendered":"<div id=\"apDiv19\">\n<p align=\"center\"><span style=\"text-decoration: underline;\">ESCOLA P\u00daBLICA I DOCUMENTADA<\/span><\/p>\n<p>No hi ha dates precises del comen\u00e7ament de l\u2019escola a Lli\u00e7\u00e0, per\u00f2 els testimonis\u00a0 orals i els records m\u00e9s antics ens indiquen que a finals del segle XIX ja hi devia haver algun tipus d\u2019ensenyament a Lli\u00e7\u00e0. Per\u00f2 s\u00ed que hi ha dates i fotografies de l\u2019edifici que encara avui es pot veure en estat ru\u00efn\u00f3s (fa uns anys era una quadra de vaques) situat al carrer d\u2019en Bosc a prop de Can Tuixells i que s\u2019anomenava Escoles Nacionals el 1921.\u00a0 L\u2019anomenaven escola unit\u00e0ria perqu\u00e8 s\u2019agrupaven en una mateixa aula alumnes de 6 a 14 anys i estaven separats els nens i les nenes.<\/p>\n<p align=\"center\"><span style=\"text-decoration: underline;\">Escola Nacional de Nens<\/span><\/p>\n<p>Dels primers mestres dels quals es t\u00e9 const\u00e0ncia de la seva estada a les Escoles Nacionals podem esmentar el mestre Joaquim, el mestre\u00a0 Palomo, el mestre Jaume o el mestre Jes\u00fas Rioja. Tots ells exerciren durant l d\u00e8cada del 10 al 20.<\/p>\n<p>El mestre Policarpo Cavalar Calv\u00f3 va ser un mestre molt especial. Tot i ser molt sever, va estar a Lli\u00e7\u00e0 del 1926 al 1942.\u00a0 Va ser substitu\u00eft pel mestre Salvador Nadal, tamb\u00e9 molt apreciat per pares i alumnes. Va ser a Lli\u00e7\u00e0 fins aproximadament l\u2019any 1950, quan va ser substitu\u00eft pel Sr. Mario, un mestre inter\u00ed de la \u201cFalange Espa\u00f1ola\u201d.<\/p>\n<p>Despr\u00e9s d\u2019ell, el mestre de l&#8217;escola va ser l\u2019Emilio Esmatges, el qual\u00a0 va romandre a Lli\u00e7\u00e0 fins que amb la nova llei d\u2019educaci\u00f3 del 1970, s\u2019introdu\u00ed l\u2019E.G.B. i establia l\u2019agrupaci\u00f3 dels nois i noies per cursos segons l&#8217;edat, tot i que tamb\u00e9 es podia agrupar alumnes de diversos nivells en una mateixa aula.<\/p>\n<p>Val a dir que durant tots aquests anys els\u00a0 i les mestres vivien al pis de dalt de l\u2019escola (encara es pot veure actualment).<\/p>\n<p>Durant els anys 50 i 60 els mestres de nois seguien fent un ensenyament d&#8217;acord amb la doctrina del r\u00e8gim (rigor i patriotisme espanyol). Mentrestant, les noies s&#8217;educaven d&#8217;acord amb el sexisme femen\u00ed (casa i \u201clabors\u201d).<\/p>\n<p align=\"center\"><span style=\"text-decoration: underline;\">Escola Nacional de Nenes<\/span><\/p>\n<p>Dels primers anys del carrer d\u2019en Bosc en queden poques refer\u00e8ncies. Tenim coneixement de la Sra. Encarnaci\u00f3n i de la Srta Serafina ambdues a finals del segle XIX, comen\u00e7ament del XX.<\/p>\n<p>Despr\u00e9s la mestra fou Do\u00f1a Josefa Dabau (1910-1936). Aquesta mestra encara es recordada per les generacions m\u00e9s grans de Lli\u00e7\u00e0 d\u2019Amunt, com una dona recta, de car\u00e0cter fort, que imposava disciplina a l\u2019aula. Va marxar amb l\u2019esclat de la Guerra Civil, per tornar-hi durant un per\u00edode curt, despr\u00e9s del conflicte. Durant aquest lapsus de temps va ser substitu\u00efda per la Sra. Isabel Manzaco i la Sra. Raquel.<\/p>\n<p>La Srta. Montserrat Piqu\u00e9 va ser mestra dels anys 1941 al 1945. L\u2019any 1946 va venir a Lli\u00e7\u00e0 una mestra, Rosa Oriol, que va marcar d\u2019una manera molt positiva unes generacions de noies que encara avui la recorden com una persona dialogant i comprensiva que va saber transmetre no nom\u00e9s els\u00a0 coneixements sin\u00f3 tamb\u00e9 el catal\u00e0 mitjan\u00e7ant can\u00e7ons, poemes i obres de teatre. Durant la seva estada, fins a l\u2019any 1966, les noies de Lli\u00e7\u00e0, impulsades per la mestra varen representar obres de teatre a L\u2019Alian\u00e7a o al Centre Parroquial.<\/p>\n<p>Val a dir que les nenes, a difer\u00e8ncia dels nens, aprenien a fer \u201clabors\u201d, que si feia bon temps es feien al pati.<\/p>\n<p>El curs 66-67 les nenes es van traslladar a les dues aules constru\u00efdes (l\u2019actual edifici dels Galliners). Llavors les mestres eren la Srta. Maria Antonijoan i una mestra interina anomenada Maria Tint\u00f3. Aquesta \u00faltima hi va estar fins a l\u2019any 1969 fins que va arribar la Srta. Elvira Clot.<\/p>\n<p>En aquestes dates les noies, igual que els nois, s\u2019agrupaven de 5 anys a 4t d\u2019E.G.B. amb la Srta. Elvira Clot, i de 5\u00e8 a 8\u00e8 amb la Srta Maria Antonijoan amb unes classes molt massificades (entre 52 i 55 alumnes) i amb pocs recursos.<\/p>\n<p>Els nens varen continuar a l\u2019escola del Carrer d\u2019en Bosc, ocupant les dues aules amb el mestre Francisco Morales primer i Fernando Mestre que va venir l\u2019any 70. All\u00e0 varen estar-hi durant tres cursos, fins que es van construir les altres aules als actuals Galliners.<\/p>\n<p>El curs 71-72 ja es va organitzar l\u2019escola mixta amb tots els alumnes. Es va anomenar Grup Escolar Mixt. En aquell moment es varen reagrupar en dos cursos a la mateixa aula. La Maria Antonijoan n&#8217;era la directora. Tamb\u00e9 hi havia l\u2019esposa de Sr. Morales, la Srta. Anna Parera.<\/p>\n<p>Amb aquesta organitzaci\u00f3 es va arribar fins el curs 80-81. A partir d&#8217;aleshores es van organitzar per cursos i van arribar una colla de mestres nous, amb un tutor per a cada curs. L\u2019escola va canviar de nom passant a anomenar-se Escola Pa\u00efsos Catalans.<\/p>\n<p>L\u2019escola anava creixent i l\u2019Ajuntament va construir l\u2019edifici del Carrer Folch i Torres (actual Casal d\u2019Avis i l\u2019 IES 2) on s&#8217;hi va traslladar el cicle mitj\u00e0. Per tant, l\u2019Escola Pa\u00efsos Catalans estava ubicada en tres edificis.<\/p>\n<p>La poblaci\u00f3 de Lli\u00e7\u00e0 d\u2019Amunt s\u2019anava massificant amb la construcci\u00f3 de les urbanitzacions (van comen\u00e7ar aproximadament l&#8217;any 65) i l&#8217;any 84 es va construir un nou edifici (l&#8217;antiga Escola Sant Baldiri) on es va traslladar el Cicle Superior. El Cicle Inicial va romandre als Galliners. Durant aquests anys ja s\u2019havia fet obligatori l\u2019ensenyament de P-4 i P-5.<\/p>\n<p>Aix\u00ed va continuar fins al curs 93-94 on l&#8217;Escola Pa\u00efsos Catalans es va dividir: C.E.I.P. Sant Baldiri (que va quedar ubicat on hi havia cicle superior) i C.E.I.P. Pa\u00efsos Catalans va quedar a la resta d\u2019edificis (als actuals Galliners, amb aules de P-3, P-4 i P-5 i a l\u2019edifici de Folch i Torres i en unes cargoleres provisionals s\u2019ubicaven els cicles mitj\u00e0 i superior, la biblioteca, el despatx de Direcci\u00f3 i el menjador). Mentre es constru\u00efa l\u2019actual edifici.<\/p>\n<p>El trasllat a la nova escola Pa\u00efsos Catalans es va fer el gener del 1999 i la inauguraci\u00f3 oficial la va anar a c\u00e0rrec de l\u2019Honorable Sr. Jordi Pujol, el President de la Generalitat de Catalunya, el dia 22 de maig d\u2019aquest mateix any.<\/p>\n<p>Despr\u00e9s de 22 anys separats, el dest\u00ed ha volgut que l&#8217;escola Sant Baldiri i l&#8217;escola Pa\u00efsos Catalans tornin a ser una gran escola: <a href=\"https:\/\/el9nou.cat\/valles-oriental\/actualitat\/reconnexio-escolar-a-llica-damunt\/\">l&#8217;escola de Lli\u00e7\u00e0 d&#8217;Amunt<\/a>. Igual que aleshores, a l&#8217;edifici gran estan els nens i nenes d&#8217;infantil, cicle inicial i cicle mitj\u00e0 i a l&#8217;edifici petit est\u00e0 l&#8217;alumnat de cicle superior.<\/p>\n<p>Han sigut molts i moltes els i les mestres que han passat i passaran per les seves aules. Tots ells amb un \u00fanic objectiu: la formaci\u00f3 de l&#8217;alumnat com a persona, inculcant-los bons h\u00e0bits tant de treball com d&#8217;estudi.<\/p>\n<p>Despr\u00e9s d&#8217;uns cursos amb el nom d&#8217;Escola de Lli\u00e7\u00e0 d&#8217;Amunt, es va plantejar l&#8217;opci\u00f3 de canviar de nom de l&#8217;escola. Aix\u00ed doncs, en sessi\u00f3 de Consell Escolar de gener de 2018 es van establir uns criteris per fer les propostes de noms.<\/p>\n<p>Al febrer va haver-hi moltes propostes de nom per part de tota la comunitat educativa. D&#8217;aquests, es va fer un primer triatge a les classes i despr\u00e9s en sessi\u00f3 de Consell Escolar es van escollir els 3 finalistes:<\/p>\n<ul>\n<li>Escola Cam\u00ed de la Serra.<\/li>\n<li>Escola Els Picots.<\/li>\n<li>Escola Boira Baixa.<\/li>\n<\/ul>\n<p>L&#8217;alumnat de 6\u00e8 va crear un v\u00eddeo explicatiu amb els noms dels finalistes i el dia de votacions.<\/p>\n<p>El 22 de mar\u00e7 de 2018 es va votar el nom definitiu de l&#8217;Escola. Fam\u00edlies, personal docent i no docent varen donar la seva opini\u00f3 i aquest va ser el resultat:<\/p>\n<p><a href=\"https:\/\/agora.xtec.cat\/esc-elspicots\/wp-content\/uploads\/usu453\/2019\/09\/votacions-escola-els-picots.png\"><img loading=\"lazy\" decoding=\"async\" class=\"size-full wp-image-2522 aligncenter\" src=\"https:\/\/agora.xtec.cat\/esc-elspicots\/wp-content\/uploads\/usu453\/2019\/09\/votacions-escola-els-picots.png\" alt=\"\" width=\"474\" height=\"290\" srcset=\"https:\/\/agora.xtec.cat\/esc-elspicots\/wp-content\/uploads\/usu453\/2019\/09\/votacions-escola-els-picots.png 474w, https:\/\/agora.xtec.cat\/esc-elspicots\/wp-content\/uploads\/usu453\/2019\/09\/votacions-escola-els-picots-300x184.png 300w\" sizes=\"auto, (max-width: 474px) 100vw, 474px\" \/><\/a><\/p>\n<p>A continuaci\u00f3 es va aprovar en sessi\u00f3 de Consell Escolar i es va comunicar a l&#8217;Ajuntament per aprovar-se al ple i fer posteriorment les gestions amb el Departament.<\/p>\n<p>El 19 de desembre de 2018 es va celebrar la festa d&#8217;Inauguraci\u00f3 de l&#8217;Escola Els Picots, la nostra escola!<\/p>\n<p><span style=\"font-family: inherit; font-size: 1em;\"><a href=\"https:\/\/agora.xtec.cat\/esc-elspicots\/wp-content\/uploads\/usu453\/2018\/12\/Fullet\u00f3-Festa-Inauguraci\u00f3-Escola-Els-Picots.png\"><img loading=\"lazy\" decoding=\"async\" class=\"wp-image-2321 aligncenter\" src=\"https:\/\/agora.xtec.cat\/esc-elspicots\/wp-content\/uploads\/usu453\/2018\/12\/Fullet\u00f3-Festa-Inauguraci\u00f3-Escola-Els-Picots-724x1024.png\" alt=\"\" width=\"384\" height=\"543\" srcset=\"https:\/\/agora.xtec.cat\/esc-elspicots\/wp-content\/uploads\/usu453\/2018\/12\/Fullet\u00f3-Festa-Inauguraci\u00f3-Escola-Els-Picots-724x1024.png 724w, https:\/\/agora.xtec.cat\/esc-elspicots\/wp-content\/uploads\/usu453\/2018\/12\/Fullet\u00f3-Festa-Inauguraci\u00f3-Escola-Els-Picots-212x300.png 212w, https:\/\/agora.xtec.cat\/esc-elspicots\/wp-content\/uploads\/usu453\/2018\/12\/Fullet\u00f3-Festa-Inauguraci\u00f3-Escola-Els-Picots-768x1087.png 768w, https:\/\/agora.xtec.cat\/esc-elspicots\/wp-content\/uploads\/usu453\/2018\/12\/Fullet\u00f3-Festa-Inauguraci\u00f3-Escola-Els-Picots.png 1191w\" sizes=\"auto, (max-width: 384px) 100vw, 384px\" \/><\/a><\/span><\/p>\n<p>A partir del curs 21-22 tot l&#8217;alumnat de l&#8217;Escola Els Picots est\u00e0 distribu\u00eft a les aules de l&#8217;edifici 1 (antiga Escola Pa\u00efsos Catalans) i l&#8217;organitzaci\u00f3 interna deixa de ser per cicles per passar a treballar per comunitats: la comunitat de petits\/es (P3,P4 i P5), comunitat de mitjans\/es (1r, 2n i 3r) i la comunitat de grans (4t, 5\u00e8 i 6\u00e8).<\/p>\n<\/div>\n<div id=\"apDiv19\">\n<p>&nbsp;<\/p>\n<\/div>\n","protected":false},"excerpt":{"rendered":"<p>ESCOLA P\u00daBLICA I DOCUMENTADA No hi ha dates precises del comen\u00e7ament de l\u2019escola a Lli\u00e7\u00e0, per\u00f2 els testimonis\u00a0 orals i els records m\u00e9s antics ens indiquen que a finals del segle XIX ja hi devia haver algun tipus d\u2019ensenyament a Lli\u00e7\u00e0. Per\u00f2 s\u00ed que hi ha dates i fotografies de l\u2019edifici que encara avui es [&hellip;]<\/p>\n","protected":false},"author":2,"featured_media":0,"parent":342,"menu_order":40,"comment_status":"closed","ping_status":"closed","template":"page-templates\/side-menu.php","meta":{"_bbp_topic_count":0,"_bbp_reply_count":0,"_bbp_total_topic_count":0,"_bbp_total_reply_count":0,"_bbp_voice_count":0,"_bbp_anonymous_reply_count":0,"_bbp_topic_count_hidden":0,"_bbp_reply_count_hidden":0,"_bbp_forum_subforum_count":0,"site-sidebar-layout":"default","site-content-layout":"","ast-site-content-layout":"","site-content-style":"default","site-sidebar-style":"default","ast-global-header-display":"","ast-banner-title-visibility":"","ast-main-header-display":"","ast-hfb-above-header-display":"","ast-hfb-below-header-display":"","ast-hfb-mobile-header-display":"","site-post-title":"","ast-breadcrumbs-content":"","ast-featured-img":"","footer-sml-layout":"","theme-transparent-header-meta":"","adv-header-id-meta":"","stick-header-meta":"","header-above-stick-meta":"","header-main-stick-meta":"","header-below-stick-meta":"","astra-migrate-meta-layouts":"default","ast-page-background-enabled":"default","ast-page-background-meta":{"desktop":{"background-color":"var(--ast-global-color-4)","background-image":"","background-repeat":"repeat","background-position":"center center","background-size":"auto","background-attachment":"scroll","background-type":"","background-media":"","overlay-type":"","overlay-color":"","overlay-opacity":"","overlay-gradient":""},"tablet":{"background-color":"","background-image":"","background-repeat":"repeat","background-position":"center center","background-size":"auto","background-attachment":"scroll","background-type":"","background-media":"","overlay-type":"","overlay-color":"","overlay-opacity":"","overlay-gradient":""},"mobile":{"background-color":"","background-image":"","background-repeat":"repeat","background-position":"center center","background-size":"auto","background-attachment":"scroll","background-type":"","background-media":"","overlay-type":"","overlay-color":"","overlay-opacity":"","overlay-gradient":""}},"ast-content-background-meta":{"desktop":{"background-color":"var(--ast-global-color-5)","background-image":"","background-repeat":"repeat","background-position":"center center","background-size":"auto","background-attachment":"scroll","background-type":"","background-media":"","overlay-type":"","overlay-color":"","overlay-opacity":"","overlay-gradient":""},"tablet":{"background-color":"var(--ast-global-color-5)","background-image":"","background-repeat":"repeat","background-position":"center center","background-size":"auto","background-attachment":"scroll","background-type":"","background-media":"","overlay-type":"","overlay-color":"","overlay-opacity":"","overlay-gradient":""},"mobile":{"background-color":"var(--ast-global-color-5)","background-image":"","background-repeat":"repeat","background-position":"center center","background-size":"auto","background-attachment":"scroll","background-type":"","background-media":"","overlay-type":"","overlay-color":"","overlay-opacity":"","overlay-gradient":""}},"footnotes":""},"class_list":["post-26","page","type-page","status-publish","hentry"],"post_mailing_queue_ids":[],"_links":{"self":[{"href":"https:\/\/agora.xtec.cat\/esc-elspicots\/wp-json\/wp\/v2\/pages\/26","targetHints":{"allow":["GET"]}}],"collection":[{"href":"https:\/\/agora.xtec.cat\/esc-elspicots\/wp-json\/wp\/v2\/pages"}],"about":[{"href":"https:\/\/agora.xtec.cat\/esc-elspicots\/wp-json\/wp\/v2\/types\/page"}],"author":[{"embeddable":true,"href":"https:\/\/agora.xtec.cat\/esc-elspicots\/wp-json\/wp\/v2\/users\/2"}],"replies":[{"embeddable":true,"href":"https:\/\/agora.xtec.cat\/esc-elspicots\/wp-json\/wp\/v2\/comments?post=26"}],"version-history":[{"count":4,"href":"https:\/\/agora.xtec.cat\/esc-elspicots\/wp-json\/wp\/v2\/pages\/26\/revisions"}],"predecessor-version":[{"id":6514,"href":"https:\/\/agora.xtec.cat\/esc-elspicots\/wp-json\/wp\/v2\/pages\/26\/revisions\/6514"}],"up":[{"embeddable":true,"href":"https:\/\/agora.xtec.cat\/esc-elspicots\/wp-json\/wp\/v2\/pages\/342"}],"wp:attachment":[{"href":"https:\/\/agora.xtec.cat\/esc-elspicots\/wp-json\/wp\/v2\/media?parent=26"}],"curies":[{"name":"wp","href":"https:\/\/api.w.org\/{rel}","templated":true}]}}