{"id":2570,"date":"2019-09-10T17:46:14","date_gmt":"2019-09-10T15:46:14","guid":{"rendered":"https:\/\/agora.xtec.cat\/esc-elspicots\/?page_id=2570"},"modified":"2025-09-01T18:14:15","modified_gmt":"2025-09-01T16:14:15","slug":"fer-se-soci-a","status":"publish","type":"page","link":"https:\/\/agora.xtec.cat\/esc-elspicots\/afa\/fer-se-soci-a\/","title":{"rendered":"Com puc fer-me soci\/s\u00f2cia?"},"content":{"rendered":"<p>Per fer-se soci o s\u00f2cia de l&#8217;AFA cal omplir aquest <a href=\"https:\/\/agora.xtec.cat\/esc-elspicots\/wp-content\/uploads\/usu453\/2025\/06\/ALTA-DE-SOCI.pdf\">document<\/a> d&#8217;alta de nou soci\/s\u00f2cia i el m\u00e8tode de pagament de la quota<a href=\"https:\/\/agora.xtec.cat\/esc-elspicots\/wp-content\/uploads\/usu453\/2020\/09\/AUTORITZACI\u00d3-REN\u00daNCIA-DOMICILIACI\u00d3-BANC\u00c0RIA-AMPA.pdf\">,<\/a> signar-lo i entregar-lo mitjan\u00e7ant correu electr\u00f2nic o a l&#8217;espai de l&#8217;AFA.<\/p>\n<p>Aquest document servir\u00e0 per <strong>domiciliar<\/strong> el rebut de la quota de l&#8217;AFA que es cobrar\u00e0 a l&#8217;agost.<\/p>\n<p>Si, en canvi, <strong>no voleu domiciliar<\/strong>, cal que feu el pagament o transfer\u00e8ncia al compte bancari de l&#8217;<span class=\"il\">AFA<\/span> (ES79 0049 2275 5125 1401 0381). <span style=\"text-align: justify;\">Recordeu indicar a la transfer\u00e8ncia nom, primer cognom i curs del nen \/ nena.<\/span><span style=\"font-family: inherit; font-size: 1em;\">\u00a0Si escolliu aquesta opci\u00f3 tamb\u00e9 heu d&#8217;omplir i retornar signat el document adjunt.<\/span><\/p>\n<p>Tamb\u00e9 ho podeu pagar en efectiu.<\/p>\n<p>Totes tres opcions et permeten gaudir dels <a href=\"https:\/\/agora.xtec.cat\/esc-elspicots\/wp-content\/uploads\/usu453\/2025\/06\/Carta_Families.pdf\">avantatges, descomptes i regals que ofereix l&#8217;AFA <\/a>a tots els seus socis i s\u00f2cies.<\/p>\n<p>Recordeu que la quota per ser socis\/s\u00f2cies\u00a0\u00e9s de 25\u20ac per fam\u00edlia i tot i que tingueu m\u00e9s d&#8217;un fill\/a a l&#8217;Escola Els Picots, sols haureu d&#8217;enviar una vegada el document adjunt.<\/p>\n<p><span style=\"text-align: justify;\">Les fam\u00edlies que necessitin fraccionar el pagament cal que us poseu en contacte amb l\u2019AFA.\u00a0<\/span><\/p>\n<p>&nbsp;<\/p>\n<div class=\"gmail_default\">\n<p dir=\"ltr\"><b>DADES <span class=\"il\">AFA<\/span>:<\/b><\/p>\n<p dir=\"ltr\">Correu: <a href=\"mailto:ampa@escolaelspicots.cat\" target=\"_blank\" rel=\"noopener noreferrer\"><span class=\"il\">afa<\/span><span class=\"\">@escolaelspicots.cat<\/span><\/a><\/p>\n<\/div>\n<div id=\"gtx-trans\" style=\"position: absolute; left: 0px; top: 580.93px;\">\n<div class=\"gtx-trans-icon\"><\/div>\n<\/div>\n","protected":false},"excerpt":{"rendered":"<p>Per fer-se soci o s\u00f2cia de l&#8217;AFA cal omplir aquest document d&#8217;alta de nou soci\/s\u00f2cia i el m\u00e8tode de pagament de la quota, signar-lo i entregar-lo mitjan\u00e7ant correu electr\u00f2nic o a l&#8217;espai de l&#8217;AFA. Aquest document servir\u00e0 per domiciliar el rebut de la quota de l&#8217;AFA que es cobrar\u00e0 a l&#8217;agost. Si, en canvi, no [&hellip;]<\/p>\n","protected":false},"author":1,"featured_media":0,"parent":66,"menu_order":30,"comment_status":"closed","ping_status":"closed","template":"page-templates\/side-menu.php","meta":{"_bbp_topic_count":0,"_bbp_reply_count":0,"_bbp_total_topic_count":0,"_bbp_total_reply_count":0,"_bbp_voice_count":0,"_bbp_anonymous_reply_count":0,"_bbp_topic_count_hidden":0,"_bbp_reply_count_hidden":0,"_bbp_forum_subforum_count":0,"site-sidebar-layout":"default","site-content-layout":"","ast-site-content-layout":"","site-content-style":"default","site-sidebar-style":"default","ast-global-header-display":"","ast-banner-title-visibility":"","ast-main-header-display":"","ast-hfb-above-header-display":"","ast-hfb-below-header-display":"","ast-hfb-mobile-header-display":"","site-post-title":"","ast-breadcrumbs-content":"","ast-featured-img":"","footer-sml-layout":"","theme-transparent-header-meta":"","adv-header-id-meta":"","stick-header-meta":"","header-above-stick-meta":"","header-main-stick-meta":"","header-below-stick-meta":"","astra-migrate-meta-layouts":"default","ast-page-background-enabled":"default","ast-page-background-meta":{"desktop":{"background-color":"var(--ast-global-color-4)","background-image":"","background-repeat":"repeat","background-position":"center center","background-size":"auto","background-attachment":"scroll","background-type":"","background-media":"","overlay-type":"","overlay-color":"","overlay-opacity":"","overlay-gradient":""},"tablet":{"background-color":"","background-image":"","background-repeat":"repeat","background-position":"center center","background-size":"auto","background-attachment":"scroll","background-type":"","background-media":"","overlay-type":"","overlay-color":"","overlay-opacity":"","overlay-gradient":""},"mobile":{"background-color":"","background-image":"","background-repeat":"repeat","background-position":"center center","background-size":"auto","background-attachment":"scroll","background-type":"","background-media":"","overlay-type":"","overlay-color":"","overlay-opacity":"","overlay-gradient":""}},"ast-content-background-meta":{"desktop":{"background-color":"var(--ast-global-color-5)","background-image":"","background-repeat":"repeat","background-position":"center center","background-size":"auto","background-attachment":"scroll","background-type":"","background-media":"","overlay-type":"","overlay-color":"","overlay-opacity":"","overlay-gradient":""},"tablet":{"background-color":"var(--ast-global-color-5)","background-image":"","background-repeat":"repeat","background-position":"center center","background-size":"auto","background-attachment":"scroll","background-type":"","background-media":"","overlay-type":"","overlay-color":"","overlay-opacity":"","overlay-gradient":""},"mobile":{"background-color":"var(--ast-global-color-5)","background-image":"","background-repeat":"repeat","background-position":"center center","background-size":"auto","background-attachment":"scroll","background-type":"","background-media":"","overlay-type":"","overlay-color":"","overlay-opacity":"","overlay-gradient":""}},"footnotes":""},"class_list":["post-2570","page","type-page","status-publish","hentry"],"post_mailing_queue_ids":[],"_links":{"self":[{"href":"https:\/\/agora.xtec.cat\/esc-elspicots\/wp-json\/wp\/v2\/pages\/2570","targetHints":{"allow":["GET"]}}],"collection":[{"href":"https:\/\/agora.xtec.cat\/esc-elspicots\/wp-json\/wp\/v2\/pages"}],"about":[{"href":"https:\/\/agora.xtec.cat\/esc-elspicots\/wp-json\/wp\/v2\/types\/page"}],"author":[{"embeddable":true,"href":"https:\/\/agora.xtec.cat\/esc-elspicots\/wp-json\/wp\/v2\/users\/1"}],"replies":[{"embeddable":true,"href":"https:\/\/agora.xtec.cat\/esc-elspicots\/wp-json\/wp\/v2\/comments?post=2570"}],"version-history":[{"count":6,"href":"https:\/\/agora.xtec.cat\/esc-elspicots\/wp-json\/wp\/v2\/pages\/2570\/revisions"}],"predecessor-version":[{"id":6946,"href":"https:\/\/agora.xtec.cat\/esc-elspicots\/wp-json\/wp\/v2\/pages\/2570\/revisions\/6946"}],"up":[{"embeddable":true,"href":"https:\/\/agora.xtec.cat\/esc-elspicots\/wp-json\/wp\/v2\/pages\/66"}],"wp:attachment":[{"href":"https:\/\/agora.xtec.cat\/esc-elspicots\/wp-json\/wp\/v2\/media?parent=2570"}],"curies":[{"name":"wp","href":"https:\/\/api.w.org\/{rel}","templated":true}]}}