{"id":254,"date":"2015-07-20T15:53:02","date_gmt":"2015-07-20T14:53:02","guid":{"rendered":"http:\/\/agora.xtec.cat\/esc-elspicots\/?page_id=254"},"modified":"2025-09-03T20:55:16","modified_gmt":"2025-09-03T18:55:16","slug":"autoritzacions","status":"publish","type":"page","link":"https:\/\/agora.xtec.cat\/esc-elspicots\/atencio-families\/autoritzacions\/","title":{"rendered":"Autoritzacions"},"content":{"rendered":"<p><a href=\"https:\/\/agora.xtec.cat\/esc-elspicots\/wp-content\/uploads\/usu453\/2024\/09\/14-AUTORITZACIO-RENUNCIA-DOMICILIACIO-BANCARIA.pdf\">Autoritzaci\u00f3 &#8211; ren\u00fancia domiciliaci\u00f3 banc\u00e0ria\u00a0<\/a><\/p>\n<p><a href=\"https:\/\/agora.xtec.cat\/esc-elspicots\/wp-content\/uploads\/usu453\/2025\/06\/ALTA-DE-SOCI.pdf\">Alta de soci \/ s\u00f2cia i domiciliaci\u00f3 banc\u00e0ria AFA<\/a><\/p>\n<p><a href=\"https:\/\/agora.xtec.cat\/esc-elspicots\/wp-content\/uploads\/usu453\/2024\/09\/12-FULL-DE-DADES-ACTUALITZADES-I-AUTORITZACIONS-14.pdf\">Full de dades actualitzades i autoritzacions educaci\u00f3 infantil i prim\u00e0ria<\/a><\/p>\n<p><a href=\"https:\/\/agora.xtec.cat\/esc-elspicots\/wp-content\/uploads\/usu453\/2024\/09\/05-MEDICACIO-1.pdf\">Administraci\u00f3 de medicaci\u00f3<\/a><\/p>\n<p><a href=\"https:\/\/agora.xtec.cat\/esc-elspicots\/wp-content\/uploads\/usu453\/2024\/09\/01-RECOLLIDA-EI.pdf\">Recollida alumnat d&#8217;educaci\u00f3 infantil<\/a> (S&#8217;omple a I3 i \u00e9s v\u00e0lida per I3, I4 i I5).<\/p>\n<p><a href=\"https:\/\/agora.xtec.cat\/esc-elspicots\/wp-content\/uploads\/usu453\/2024\/09\/02-RECOLLIDA-PRIMARIA.pdf\">Recollida alumnat prim\u00e0ria<\/a> (S&#8217;omple a 1r i \u00e9s v\u00e0lida per tots els cursos de prim\u00e0ria)<\/p>\n<p><a href=\"https:\/\/agora.xtec.cat\/esc-elspicots\/wp-content\/uploads\/usu453\/2024\/09\/03-SORTIR-SOL-DE-LESCOLA-3r-6e.pdf\">Sortir sol\/a de l&#8217;escola<\/a> (S&#8217;omple a 3r. \u00c9s v\u00e0lida de 3r a 6\u00e8)<\/p>\n<p><a href=\"https:\/\/agora.xtec.cat\/esc-elspicots\/wp-content\/uploads\/usu453\/2025\/09\/07-RELIGIO.pdf\">Religi\u00f3<\/a> (a partir de 1r de prim\u00e0ria)<\/p>\n<p>PROGRAMA PFIDE 1r*<\/p>\n<p>PROGRAMA PFIDE 2n*<\/p>\n<p>PROGRAMA PFIDE 3r*<\/p>\n<p>PROGRAMA PFIDE 4t*<\/p>\n<p>PROGRAMA PFIDE 5\u00e8*<\/p>\n<p>PROGRAMA PFIDE 6\u00e8*<\/p>\n<p><a href=\"https:\/\/agora.xtec.cat\/esc-elspicots\/wp-content\/uploads\/usu453\/2024\/09\/18-HISTORIAL-ALUMNES-NOUS-INFANTIL-1.pdf\">Historial alumnat nou educaci\u00f3 infantil<\/a><\/p>\n<p><a href=\"https:\/\/agora.xtec.cat\/esc-elspicots\/wp-content\/uploads\/usu453\/2024\/09\/19-HISTORIAL-ALUMNES-NOUS-PRIMARIA.pdf\">Historial alumnat nou educaci\u00f3 prim\u00e0ria<\/a><\/p>\n<p><a href=\"https:\/\/agora.xtec.cat\/esc-elspicots\/wp-content\/uploads\/usu453\/2025\/09\/38A.-CORREU-CORPORATIU-INFANTS.pdf\">Correu corporatiu infants<\/a><\/p>\n<p><a href=\"https:\/\/agora.xtec.cat\/esc-elspicots\/wp-content\/uploads\/usu453\/2025\/09\/11-CARTA-COMPROMIS-EDUCATIU.pdf\">Carta comprom\u00eds educatiu<\/a><\/p>\n<p><a href=\"https:\/\/agora.xtec.cat\/esc-elspicots\/wp-content\/uploads\/usu453\/2025\/09\/06-JUSTIFICANT-DABSENCIES.pdf\">Justificant d&#8217;abs\u00e8ncies<\/a><\/p>\n<p>Sortides 25-26. I3\u00a0 \u00a0I4\u00a0 \u00a0I5 \u00a01r \u00a02n \u00a03r \u00a04t \u00a05\u00e8 \u00a06\u00e8 (es reparteix a l&#8217;octubre).<\/p>\n<p>* Per saber la quota de material com tamb\u00e9 altra informaci\u00f3 diversa, cal anar a l&#8217;apartat circulars.<\/p>\n","protected":false},"excerpt":{"rendered":"<p>Autoritzaci\u00f3 &#8211; ren\u00fancia domiciliaci\u00f3 banc\u00e0ria\u00a0 Alta de soci \/ s\u00f2cia i domiciliaci\u00f3 banc\u00e0ria AFA Full de dades actualitzades i autoritzacions educaci\u00f3 infantil i prim\u00e0ria Administraci\u00f3 de medicaci\u00f3 Recollida alumnat d&#8217;educaci\u00f3 infantil (S&#8217;omple a I3 i \u00e9s v\u00e0lida per I3, I4 i I5). Recollida alumnat prim\u00e0ria (S&#8217;omple a 1r i \u00e9s v\u00e0lida per tots els cursos [&hellip;]<\/p>\n","protected":false},"author":1,"featured_media":0,"parent":237,"menu_order":80,"comment_status":"closed","ping_status":"closed","template":"page-templates\/side-menu.php","meta":{"_bbp_topic_count":0,"_bbp_reply_count":0,"_bbp_total_topic_count":0,"_bbp_total_reply_count":0,"_bbp_voice_count":0,"_bbp_anonymous_reply_count":0,"_bbp_topic_count_hidden":0,"_bbp_reply_count_hidden":0,"_bbp_forum_subforum_count":0,"site-sidebar-layout":"default","site-content-layout":"","ast-site-content-layout":"","site-content-style":"default","site-sidebar-style":"default","ast-global-header-display":"","ast-banner-title-visibility":"","ast-main-header-display":"","ast-hfb-above-header-display":"","ast-hfb-below-header-display":"","ast-hfb-mobile-header-display":"","site-post-title":"","ast-breadcrumbs-content":"","ast-featured-img":"","footer-sml-layout":"","theme-transparent-header-meta":"","adv-header-id-meta":"","stick-header-meta":"","header-above-stick-meta":"","header-main-stick-meta":"","header-below-stick-meta":"","astra-migrate-meta-layouts":"default","ast-page-background-enabled":"default","ast-page-background-meta":{"desktop":{"background-color":"var(--ast-global-color-4)","background-image":"","background-repeat":"repeat","background-position":"center center","background-size":"auto","background-attachment":"scroll","background-type":"","background-media":"","overlay-type":"","overlay-color":"","overlay-opacity":"","overlay-gradient":""},"tablet":{"background-color":"","background-image":"","background-repeat":"repeat","background-position":"center center","background-size":"auto","background-attachment":"scroll","background-type":"","background-media":"","overlay-type":"","overlay-color":"","overlay-opacity":"","overlay-gradient":""},"mobile":{"background-color":"","background-image":"","background-repeat":"repeat","background-position":"center center","background-size":"auto","background-attachment":"scroll","background-type":"","background-media":"","overlay-type":"","overlay-color":"","overlay-opacity":"","overlay-gradient":""}},"ast-content-background-meta":{"desktop":{"background-color":"var(--ast-global-color-5)","background-image":"","background-repeat":"repeat","background-position":"center center","background-size":"auto","background-attachment":"scroll","background-type":"","background-media":"","overlay-type":"","overlay-color":"","overlay-opacity":"","overlay-gradient":""},"tablet":{"background-color":"var(--ast-global-color-5)","background-image":"","background-repeat":"repeat","background-position":"center center","background-size":"auto","background-attachment":"scroll","background-type":"","background-media":"","overlay-type":"","overlay-color":"","overlay-opacity":"","overlay-gradient":""},"mobile":{"background-color":"var(--ast-global-color-5)","background-image":"","background-repeat":"repeat","background-position":"center center","background-size":"auto","background-attachment":"scroll","background-type":"","background-media":"","overlay-type":"","overlay-color":"","overlay-opacity":"","overlay-gradient":""}},"footnotes":""},"class_list":["post-254","page","type-page","status-publish","hentry"],"post_mailing_queue_ids":[],"_links":{"self":[{"href":"https:\/\/agora.xtec.cat\/esc-elspicots\/wp-json\/wp\/v2\/pages\/254","targetHints":{"allow":["GET"]}}],"collection":[{"href":"https:\/\/agora.xtec.cat\/esc-elspicots\/wp-json\/wp\/v2\/pages"}],"about":[{"href":"https:\/\/agora.xtec.cat\/esc-elspicots\/wp-json\/wp\/v2\/types\/page"}],"author":[{"embeddable":true,"href":"https:\/\/agora.xtec.cat\/esc-elspicots\/wp-json\/wp\/v2\/users\/1"}],"replies":[{"embeddable":true,"href":"https:\/\/agora.xtec.cat\/esc-elspicots\/wp-json\/wp\/v2\/comments?post=254"}],"version-history":[{"count":6,"href":"https:\/\/agora.xtec.cat\/esc-elspicots\/wp-json\/wp\/v2\/pages\/254\/revisions"}],"predecessor-version":[{"id":1237,"href":"https:\/\/agora.xtec.cat\/esc-elspicots\/wp-json\/wp\/v2\/pages\/254\/revisions\/1237"}],"up":[{"embeddable":true,"href":"https:\/\/agora.xtec.cat\/esc-elspicots\/wp-json\/wp\/v2\/pages\/237"}],"wp:attachment":[{"href":"https:\/\/agora.xtec.cat\/esc-elspicots\/wp-json\/wp\/v2\/media?parent=254"}],"curies":[{"name":"wp","href":"https:\/\/api.w.org\/{rel}","templated":true}]}}