{"id":2257,"date":"2018-11-02T20:40:40","date_gmt":"2018-11-02T19:40:40","guid":{"rendered":"http:\/\/agora.xtec.cat\/esc-elspicots\/?page_id=2257"},"modified":"2026-03-02T12:08:31","modified_gmt":"2026-03-02T11:08:31","slug":"escacs-a-lescola","status":"publish","type":"page","link":"https:\/\/agora.xtec.cat\/esc-elspicots\/projectes\/escacs-a-lescola\/","title":{"rendered":"Escacs a l&#8217;escola"},"content":{"rendered":"<p>El projecte destaca la relaci\u00f3 i utilitat del joc dels escacs en l\u2019\u00e0mbit educatiu. \u00c9s un recurs que potencia el desenvolupament de les estructures cognitives, el raonament i el pensament l\u00f2gicomatem\u00e0tic, les habilitats ling\u00fc\u00edstiques i els h\u00e0bits de conducta.<\/p>\n<p>A l\u2019escola el comencem a 1r de prim\u00e0ria i el continuem durant tota la comunitat de mitjans. Al voltant dels 6 anys \u00e9s l\u2019edat id\u00f2nia per iniciar-se en la seq\u00fc\u00e8ncia observo\u2013penso\u2013jugo, que es practica en el joc i s\u2019intenta fer extensiva a la vida.<\/p>\n<p>A 1r els infants reben la formaci\u00f3 a trav\u00e9s d\u2019un\/a formador\/a professional que ve a la classe durant 8 sessions durant el curs. A 2n i 3r continuen aquesta formaci\u00f3 durant 4 sessions m\u00e9s. Paral\u00b7lelament es fan racons de jocs setmanals on poden dur a terme la pr\u00e0ctica dels escacs, sigui amb un tauler gegant o de sobretaula.<\/p>\n<p>Diferents mestres de l&#8217;escola hem fet formaci\u00f3 d&#8217;iniciaci\u00f3 als escacs (escacs a l&#8217;escola 1 i 2) per con\u00e8ixer la t\u00e8cnica i les estrat\u00e8gies del joc d&#8217;escacs i la seva aplicaci\u00f3 a l&#8217;aula.<\/p>\n<p>Els escacs esdevenen un joc que potencia un desenvolupament integral dels nostres alumnes.\u00a0 Permeten treballar i enriquir diferents aspectes:<\/p>\n<ul style=\"list-style-type: circle;\">\n<li><strong>A NIVELL INTEL\u00b7LECTUAL<\/strong>\n<ul style=\"list-style-type: disc;\">\n<li>El raonament l\u00f2gicomatem\u00e0tic<\/li>\n<li>La percepci\u00f3 i organitzaci\u00f3 espacial<\/li>\n<li>La capacitat d\u2019an\u00e0lisi<\/li>\n<li>La creaci\u00f3 d\u2019estrat\u00e8gies de joc<\/li>\n<li>L\u2019exercitaci\u00f3 de la mem\u00f2ria<\/li>\n<li>La creaci\u00f3 de vocabulari i llenguatge elaborat<\/li>\n<\/ul>\n<\/li>\n<\/ul>\n<ul style=\"list-style-type: circle;\">\n<li>A NIVELL PERSONAL\n<ul style=\"list-style-type: disc;\">\n<li><span style=\"font-family: inherit; font-size: 1em;\">L\u2019autocontrol personal<\/span><\/li>\n<li>L\u2019acceptaci\u00f3 de regles de joc<\/li>\n<li>La conviv\u00e8ncia, toler\u00e0ncia i companyonia.<\/li>\n<li><\/li>\n<\/ul>\n<\/li>\n<li>CAMPIONATS:\n<ul style=\"list-style-type: disc;\">\n<li><strong><span style=\"font-family: inherit; font-size: 1em;\">CURS 21-22. I TORNEIG D&#8217;ESCACS A L&#8217;ESCOLA ELS PICOTS:<\/span><\/strong><a href=\"https:\/\/agora.xtec.cat\/esc-elspicots\/wp-content\/uploads\/usu453\/2024\/09\/I-torneig-descacs.png\"><br \/>\n<img loading=\"lazy\" decoding=\"async\" class=\"size-full wp-image-6459 aligncenter\" src=\"https:\/\/agora.xtec.cat\/esc-elspicots\/wp-content\/uploads\/usu453\/2024\/09\/I-torneig-descacs.png\" alt=\"\" width=\"698\" height=\"693\" srcset=\"https:\/\/agora.xtec.cat\/esc-elspicots\/wp-content\/uploads\/usu453\/2024\/09\/I-torneig-descacs.png 698w, https:\/\/agora.xtec.cat\/esc-elspicots\/wp-content\/uploads\/usu453\/2024\/09\/I-torneig-descacs-300x298.png 300w, https:\/\/agora.xtec.cat\/esc-elspicots\/wp-content\/uploads\/usu453\/2024\/09\/I-torneig-descacs-150x150.png 150w\" sizes=\"auto, (max-width: 698px) 100vw, 698px\" \/><\/a><\/li>\n<li><strong><span style=\"font-family: inherit; font-size: 1em;\">CURS 22-23. II TORNEIG D&#8217;ESCACS A L&#8217;ESCOLA ELS PICOTS:<\/span><\/strong><a href=\"https:\/\/agora.xtec.cat\/esc-elspicots\/wp-content\/uploads\/usu453\/2024\/09\/II-torneig-descacs.png\"><img loading=\"lazy\" decoding=\"async\" class=\"size-full wp-image-6458 aligncenter\" src=\"https:\/\/agora.xtec.cat\/esc-elspicots\/wp-content\/uploads\/usu453\/2024\/09\/II-torneig-descacs.png\" alt=\"\" width=\"838\" height=\"540\" srcset=\"https:\/\/agora.xtec.cat\/esc-elspicots\/wp-content\/uploads\/usu453\/2024\/09\/II-torneig-descacs.png 838w, https:\/\/agora.xtec.cat\/esc-elspicots\/wp-content\/uploads\/usu453\/2024\/09\/II-torneig-descacs-300x193.png 300w, https:\/\/agora.xtec.cat\/esc-elspicots\/wp-content\/uploads\/usu453\/2024\/09\/II-torneig-descacs-768x495.png 768w\" sizes=\"auto, (max-width: 838px) 100vw, 838px\" \/><\/a><\/li>\n<li><strong><span style=\"font-family: inherit; font-size: 1em;\">CURS 23-24. III TORNEIG D&#8217;ESCACS A L&#8217;ESCOLA ELS PICOTS:\u00a0<\/span><\/strong><\/li>\n<\/ul>\n<\/li>\n<\/ul>\n<p><a href=\"https:\/\/agora.xtec.cat\/esc-elspicots\/wp-content\/uploads\/usu453\/2024\/09\/III-campionat-descacs.png\"><img loading=\"lazy\" decoding=\"async\" class=\"size-full wp-image-6457 aligncenter\" src=\"https:\/\/agora.xtec.cat\/esc-elspicots\/wp-content\/uploads\/usu453\/2024\/09\/III-campionat-descacs.png\" alt=\"\" width=\"859\" height=\"499\" srcset=\"https:\/\/agora.xtec.cat\/esc-elspicots\/wp-content\/uploads\/usu453\/2024\/09\/III-campionat-descacs.png 859w, https:\/\/agora.xtec.cat\/esc-elspicots\/wp-content\/uploads\/usu453\/2024\/09\/III-campionat-descacs-300x174.png 300w, https:\/\/agora.xtec.cat\/esc-elspicots\/wp-content\/uploads\/usu453\/2024\/09\/III-campionat-descacs-768x446.png 768w\" sizes=\"auto, (max-width: 859px) 100vw, 859px\" \/><\/a><\/p>\n<ul>\n<li><strong><span style=\"font-family: inherit; font-size: 1em;\">CURS 24-25. IV TORNEIG D&#8217;ESCACS A L&#8217;ESCOLA ELS PICOTS:<\/span><\/strong><a href=\"https:\/\/agora.xtec.cat\/esc-elspicots\/wp-content\/uploads\/usu453\/2025\/09\/Escacs-Picots-24-25.png\"><img loading=\"lazy\" decoding=\"async\" class=\"wp-image-6977 aligncenter\" src=\"https:\/\/agora.xtec.cat\/esc-elspicots\/wp-content\/uploads\/usu453\/2025\/09\/Escacs-Picots-24-25-1024x611.png\" alt=\"\" width=\"870\" height=\"519\" srcset=\"https:\/\/agora.xtec.cat\/esc-elspicots\/wp-content\/uploads\/usu453\/2025\/09\/Escacs-Picots-24-25-1024x611.png 1024w, https:\/\/agora.xtec.cat\/esc-elspicots\/wp-content\/uploads\/usu453\/2025\/09\/Escacs-Picots-24-25-300x179.png 300w, https:\/\/agora.xtec.cat\/esc-elspicots\/wp-content\/uploads\/usu453\/2025\/09\/Escacs-Picots-24-25-768x458.png 768w, https:\/\/agora.xtec.cat\/esc-elspicots\/wp-content\/uploads\/usu453\/2025\/09\/Escacs-Picots-24-25.png 1079w\" sizes=\"auto, (max-width: 870px) 100vw, 870px\" \/><\/a><\/li>\n<\/ul>\n<ul>\n<li style=\"list-style-type: none;\">\n<ul style=\"list-style-type: disc;\">\n<li>M\u00e9s informaci\u00f3 <a href=\"http:\/\/ateneu.xtec.cat\/wikiform\/wikiexport\/cursos\/curriculum\/inf_pri\/escacs\/index?_ga=2.7946482.15295704.1617295004-897742345.1616020808\">Ateneu. Els escacs a l&#8217;escola<\/a><a href=\"https:\/\/sites.google.com\/xtec.cat\/cesire-matematiques-campanyes\/v%C3%ADdeomat-plus\/escac-i-mat\">CESIRE. Escac i mat<\/a><br \/>\n<table style=\"border-collapse: collapse; width: 100%; height: 1298px;\">\n<tbody>\n<tr style=\"height: 32px;\">\n<td style=\"width: 50%; height: 32px;\"><a href=\"https:\/\/agora.xtec.cat\/esc-elspicots\/wp-content\/uploads\/usu453\/2022\/09\/escaque.jpg\"><img loading=\"lazy\" decoding=\"async\" class=\"alignnone wp-image-5221\" src=\"https:\/\/agora.xtec.cat\/esc-elspicots\/wp-content\/uploads\/usu453\/2022\/09\/escaque-1024x772.jpg\" alt=\"\" width=\"1024\" height=\"772\" srcset=\"https:\/\/agora.xtec.cat\/esc-elspicots\/wp-content\/uploads\/usu453\/2022\/09\/escaque-1024x772.jpg 1024w, https:\/\/agora.xtec.cat\/esc-elspicots\/wp-content\/uploads\/usu453\/2022\/09\/escaque-300x226.jpg 300w, https:\/\/agora.xtec.cat\/esc-elspicots\/wp-content\/uploads\/usu453\/2022\/09\/escaque-768x579.jpg 768w, https:\/\/agora.xtec.cat\/esc-elspicots\/wp-content\/uploads\/usu453\/2022\/09\/escaque-200x150.jpg 200w, https:\/\/agora.xtec.cat\/esc-elspicots\/wp-content\/uploads\/usu453\/2022\/09\/escaque.jpg 1440w\" sizes=\"auto, (max-width: 1024px) 100vw, 1024px\" \/><\/a><\/td>\n<td style=\"width: 50%; height: 32px;\"><a href=\"https:\/\/agora.xtec.cat\/esc-elspicots\/wp-content\/uploads\/usu453\/2022\/09\/final-escacs.jpg\"><img loading=\"lazy\" decoding=\"async\" class=\"alignnone size-large wp-image-5222\" src=\"https:\/\/agora.xtec.cat\/esc-elspicots\/wp-content\/uploads\/usu453\/2022\/09\/final-escacs-1024x768.jpg\" alt=\"\" width=\"1024\" height=\"768\" srcset=\"https:\/\/agora.xtec.cat\/esc-elspicots\/wp-content\/uploads\/usu453\/2022\/09\/final-escacs-1024x768.jpg 1024w, https:\/\/agora.xtec.cat\/esc-elspicots\/wp-content\/uploads\/usu453\/2022\/09\/final-escacs-300x225.jpg 300w, https:\/\/agora.xtec.cat\/esc-elspicots\/wp-content\/uploads\/usu453\/2022\/09\/final-escacs-768x576.jpg 768w, https:\/\/agora.xtec.cat\/esc-elspicots\/wp-content\/uploads\/usu453\/2022\/09\/final-escacs-1536x1152.jpg 1536w, https:\/\/agora.xtec.cat\/esc-elspicots\/wp-content\/uploads\/usu453\/2022\/09\/final-escacs-200x150.jpg 200w, https:\/\/agora.xtec.cat\/esc-elspicots\/wp-content\/uploads\/usu453\/2022\/09\/final-escacs.jpg 2048w\" sizes=\"auto, (max-width: 1024px) 100vw, 1024px\" \/><\/a><\/td>\n<\/tr>\n<tr style=\"height: 32px;\">\n<td style=\"width: 50%; height: 32px;\"><a href=\"https:\/\/agora.xtec.cat\/esc-elspicots\/wp-content\/uploads\/usu453\/2018\/11\/20180301_183741.jpg\"><img loading=\"lazy\" decoding=\"async\" class=\"alignnone wp-image-2266\" src=\"https:\/\/agora.xtec.cat\/esc-elspicots\/wp-content\/uploads\/usu453\/2018\/11\/20180301_183741-1024x768.jpg\" alt=\"\" width=\"393\" height=\"295\" srcset=\"https:\/\/agora.xtec.cat\/esc-elspicots\/wp-content\/uploads\/usu453\/2018\/11\/20180301_183741-1024x768.jpg 1024w, https:\/\/agora.xtec.cat\/esc-elspicots\/wp-content\/uploads\/usu453\/2018\/11\/20180301_183741-300x225.jpg 300w, https:\/\/agora.xtec.cat\/esc-elspicots\/wp-content\/uploads\/usu453\/2018\/11\/20180301_183741-768x576.jpg 768w, https:\/\/agora.xtec.cat\/esc-elspicots\/wp-content\/uploads\/usu453\/2018\/11\/20180301_183741-200x150.jpg 200w\" sizes=\"auto, (max-width: 393px) 100vw, 393px\" \/><\/a><\/td>\n<td style=\"width: 50%; height: 32px;\"><a href=\"https:\/\/agora.xtec.cat\/esc-elspicots\/wp-content\/uploads\/usu453\/2018\/11\/20170123_101933.jpg\"><img loading=\"lazy\" decoding=\"async\" class=\"alignnone wp-image-2261\" src=\"https:\/\/agora.xtec.cat\/esc-elspicots\/wp-content\/uploads\/usu453\/2018\/11\/20170123_101933-1024x576.jpg\" alt=\"\" width=\"395\" height=\"222\" srcset=\"https:\/\/agora.xtec.cat\/esc-elspicots\/wp-content\/uploads\/usu453\/2018\/11\/20170123_101933-1024x576.jpg 1024w, https:\/\/agora.xtec.cat\/esc-elspicots\/wp-content\/uploads\/usu453\/2018\/11\/20170123_101933-300x169.jpg 300w, https:\/\/agora.xtec.cat\/esc-elspicots\/wp-content\/uploads\/usu453\/2018\/11\/20170123_101933-768x432.jpg 768w\" sizes=\"auto, (max-width: 395px) 100vw, 395px\" \/><\/a><\/td>\n<\/tr>\n<tr style=\"height: 32px;\">\n<td style=\"width: 50%; height: 32px;\"><a href=\"https:\/\/agora.xtec.cat\/esc-elspicots\/wp-content\/uploads\/usu453\/2018\/11\/20170123_101904.jpg\"><img loading=\"lazy\" decoding=\"async\" class=\"alignnone wp-image-2260\" src=\"https:\/\/agora.xtec.cat\/esc-elspicots\/wp-content\/uploads\/usu453\/2018\/11\/20170123_101904-1024x576.jpg\" alt=\"\" width=\"396\" height=\"223\" srcset=\"https:\/\/agora.xtec.cat\/esc-elspicots\/wp-content\/uploads\/usu453\/2018\/11\/20170123_101904-1024x576.jpg 1024w, https:\/\/agora.xtec.cat\/esc-elspicots\/wp-content\/uploads\/usu453\/2018\/11\/20170123_101904-300x169.jpg 300w, https:\/\/agora.xtec.cat\/esc-elspicots\/wp-content\/uploads\/usu453\/2018\/11\/20170123_101904-768x432.jpg 768w\" sizes=\"auto, (max-width: 396px) 100vw, 396px\" \/><\/a><\/td>\n<td style=\"width: 50%; height: 32px;\"><a href=\"https:\/\/agora.xtec.cat\/esc-elspicots\/wp-content\/uploads\/usu453\/2022\/09\/entrega-de-premis.jpg\"><img loading=\"lazy\" decoding=\"async\" class=\"alignnone size-large wp-image-5224\" src=\"https:\/\/agora.xtec.cat\/esc-elspicots\/wp-content\/uploads\/usu453\/2022\/09\/entrega-de-premis-1024x576.jpg\" alt=\"\" width=\"1024\" height=\"576\" srcset=\"https:\/\/agora.xtec.cat\/esc-elspicots\/wp-content\/uploads\/usu453\/2022\/09\/entrega-de-premis-1024x576.jpg 1024w, https:\/\/agora.xtec.cat\/esc-elspicots\/wp-content\/uploads\/usu453\/2022\/09\/entrega-de-premis-300x169.jpg 300w, https:\/\/agora.xtec.cat\/esc-elspicots\/wp-content\/uploads\/usu453\/2022\/09\/entrega-de-premis-768x432.jpg 768w, https:\/\/agora.xtec.cat\/esc-elspicots\/wp-content\/uploads\/usu453\/2022\/09\/entrega-de-premis-1536x864.jpg 1536w, https:\/\/agora.xtec.cat\/esc-elspicots\/wp-content\/uploads\/usu453\/2022\/09\/entrega-de-premis.jpg 1600w\" sizes=\"auto, (max-width: 1024px) 100vw, 1024px\" \/><\/a><\/td>\n<\/tr>\n<tr>\n<td style=\"width: 50%;\"><a style=\"font-family: inherit; font-size: 1em;\" href=\"https:\/\/agora.xtec.cat\/esc-elspicots\/wp-content\/uploads\/usu453\/2018\/11\/20170206_085602.jpg\"><img loading=\"lazy\" decoding=\"async\" class=\"alignnone wp-image-2258\" src=\"https:\/\/agora.xtec.cat\/esc-elspicots\/wp-content\/uploads\/usu453\/2018\/11\/20170206_085602-768x1024.jpg\" alt=\"\" width=\"245\" height=\"327\" srcset=\"https:\/\/agora.xtec.cat\/esc-elspicots\/wp-content\/uploads\/usu453\/2018\/11\/20170206_085602-768x1024.jpg 768w, https:\/\/agora.xtec.cat\/esc-elspicots\/wp-content\/uploads\/usu453\/2018\/11\/20170206_085602-225x300.jpg 225w\" sizes=\"auto, (max-width: 245px) 100vw, 245px\" \/><\/a><\/td>\n<td style=\"width: 50%;\"><\/td>\n<\/tr>\n<tr>\n<td style=\"width: 50%;\"><a style=\"font-family: inherit; font-size: 1em;\" href=\"https:\/\/agora.xtec.cat\/esc-elspicots\/wp-content\/uploads\/usu453\/2018\/11\/20170220_090908.jpg\"><img loading=\"lazy\" decoding=\"async\" class=\"alignnone wp-image-2263\" src=\"https:\/\/agora.xtec.cat\/esc-elspicots\/wp-content\/uploads\/usu453\/2018\/11\/20170220_090908-1024x768.jpg\" alt=\"\" width=\"389\" height=\"291\" srcset=\"https:\/\/agora.xtec.cat\/esc-elspicots\/wp-content\/uploads\/usu453\/2018\/11\/20170220_090908-1024x768.jpg 1024w, https:\/\/agora.xtec.cat\/esc-elspicots\/wp-content\/uploads\/usu453\/2018\/11\/20170220_090908-300x225.jpg 300w, https:\/\/agora.xtec.cat\/esc-elspicots\/wp-content\/uploads\/usu453\/2018\/11\/20170220_090908-768x576.jpg 768w, https:\/\/agora.xtec.cat\/esc-elspicots\/wp-content\/uploads\/usu453\/2018\/11\/20170220_090908-200x150.jpg 200w\" sizes=\"auto, (max-width: 389px) 100vw, 389px\" \/><\/a><\/td>\n<td style=\"width: 50%;\"><a href=\"https:\/\/agora.xtec.cat\/esc-elspicots\/wp-content\/uploads\/usu453\/2018\/11\/20170220_090438.jpg\"><img loading=\"lazy\" decoding=\"async\" class=\"alignnone wp-image-2262\" src=\"https:\/\/agora.xtec.cat\/esc-elspicots\/wp-content\/uploads\/usu453\/2018\/11\/20170220_090438-1024x768.jpg\" alt=\"\" width=\"394\" height=\"295\" srcset=\"https:\/\/agora.xtec.cat\/esc-elspicots\/wp-content\/uploads\/usu453\/2018\/11\/20170220_090438-1024x768.jpg 1024w, https:\/\/agora.xtec.cat\/esc-elspicots\/wp-content\/uploads\/usu453\/2018\/11\/20170220_090438-300x225.jpg 300w, https:\/\/agora.xtec.cat\/esc-elspicots\/wp-content\/uploads\/usu453\/2018\/11\/20170220_090438-768x576.jpg 768w, https:\/\/agora.xtec.cat\/esc-elspicots\/wp-content\/uploads\/usu453\/2018\/11\/20170220_090438-200x150.jpg 200w\" sizes=\"auto, (max-width: 394px) 100vw, 394px\" \/><\/a><\/td>\n<\/tr>\n<tr>\n<td style=\"width: 50%;\"><a href=\"https:\/\/agora.xtec.cat\/esc-elspicots\/wp-content\/uploads\/usu453\/2018\/11\/20171127_084756.jpg\"><img loading=\"lazy\" decoding=\"async\" class=\"alignnone wp-image-2264\" src=\"https:\/\/agora.xtec.cat\/esc-elspicots\/wp-content\/uploads\/usu453\/2018\/11\/20171127_084756-1024x768.jpg\" alt=\"\" width=\"394\" height=\"296\" srcset=\"https:\/\/agora.xtec.cat\/esc-elspicots\/wp-content\/uploads\/usu453\/2018\/11\/20171127_084756-1024x768.jpg 1024w, https:\/\/agora.xtec.cat\/esc-elspicots\/wp-content\/uploads\/usu453\/2018\/11\/20171127_084756-300x225.jpg 300w, https:\/\/agora.xtec.cat\/esc-elspicots\/wp-content\/uploads\/usu453\/2018\/11\/20171127_084756-768x576.jpg 768w, https:\/\/agora.xtec.cat\/esc-elspicots\/wp-content\/uploads\/usu453\/2018\/11\/20171127_084756-200x150.jpg 200w\" sizes=\"auto, (max-width: 394px) 100vw, 394px\" \/><\/a><\/td>\n<td style=\"width: 50%;\"><a href=\"https:\/\/agora.xtec.cat\/esc-elspicots\/wp-content\/uploads\/usu453\/2018\/11\/20180129_102442.jpg\"><img loading=\"lazy\" decoding=\"async\" class=\"alignnone wp-image-2265\" src=\"https:\/\/agora.xtec.cat\/esc-elspicots\/wp-content\/uploads\/usu453\/2018\/11\/20180129_102442-1024x768.jpg\" alt=\"\" width=\"395\" height=\"297\" srcset=\"https:\/\/agora.xtec.cat\/esc-elspicots\/wp-content\/uploads\/usu453\/2018\/11\/20180129_102442-1024x768.jpg 1024w, https:\/\/agora.xtec.cat\/esc-elspicots\/wp-content\/uploads\/usu453\/2018\/11\/20180129_102442-300x225.jpg 300w, https:\/\/agora.xtec.cat\/esc-elspicots\/wp-content\/uploads\/usu453\/2018\/11\/20180129_102442-768x576.jpg 768w, https:\/\/agora.xtec.cat\/esc-elspicots\/wp-content\/uploads\/usu453\/2018\/11\/20180129_102442-200x150.jpg 200w\" sizes=\"auto, (max-width: 395px) 100vw, 395px\" \/><\/a><\/td>\n<\/tr>\n<tr>\n<td style=\"width: 50%;\"><a href=\"https:\/\/agora.xtec.cat\/esc-elspicots\/wp-content\/uploads\/usu453\/2022\/09\/campionat-escacs-1.jpg\"><img loading=\"lazy\" decoding=\"async\" class=\"alignnone wp-image-5219\" src=\"https:\/\/agora.xtec.cat\/esc-elspicots\/wp-content\/uploads\/usu453\/2022\/09\/campionat-escacs-1-819x1024.jpg\" alt=\"\" width=\"421\" height=\"527\" srcset=\"https:\/\/agora.xtec.cat\/esc-elspicots\/wp-content\/uploads\/usu453\/2022\/09\/campionat-escacs-1-819x1024.jpg 819w, https:\/\/agora.xtec.cat\/esc-elspicots\/wp-content\/uploads\/usu453\/2022\/09\/campionat-escacs-1-240x300.jpg 240w, https:\/\/agora.xtec.cat\/esc-elspicots\/wp-content\/uploads\/usu453\/2022\/09\/campionat-escacs-1-768x960.jpg 768w, https:\/\/agora.xtec.cat\/esc-elspicots\/wp-content\/uploads\/usu453\/2022\/09\/campionat-escacs-1-1229x1536.jpg 1229w, https:\/\/agora.xtec.cat\/esc-elspicots\/wp-content\/uploads\/usu453\/2022\/09\/campionat-escacs-1.jpg 1440w\" sizes=\"auto, (max-width: 421px) 100vw, 421px\" \/><\/a><\/td>\n<td style=\"width: 50%;\"><a href=\"https:\/\/agora.xtec.cat\/esc-elspicots\/wp-content\/uploads\/usu453\/2022\/09\/campionat-escacs.jpg\"><img loading=\"lazy\" decoding=\"async\" class=\"alignnone wp-image-5220\" src=\"https:\/\/agora.xtec.cat\/esc-elspicots\/wp-content\/uploads\/usu453\/2022\/09\/campionat-escacs-821x1024.jpg\" alt=\"\" width=\"432\" height=\"539\" srcset=\"https:\/\/agora.xtec.cat\/esc-elspicots\/wp-content\/uploads\/usu453\/2022\/09\/campionat-escacs-821x1024.jpg 821w, https:\/\/agora.xtec.cat\/esc-elspicots\/wp-content\/uploads\/usu453\/2022\/09\/campionat-escacs-241x300.jpg 241w, https:\/\/agora.xtec.cat\/esc-elspicots\/wp-content\/uploads\/usu453\/2022\/09\/campionat-escacs-768x957.jpg 768w, https:\/\/agora.xtec.cat\/esc-elspicots\/wp-content\/uploads\/usu453\/2022\/09\/campionat-escacs-1232x1536.jpg 1232w, https:\/\/agora.xtec.cat\/esc-elspicots\/wp-content\/uploads\/usu453\/2022\/09\/campionat-escacs.jpg 1440w\" sizes=\"auto, (max-width: 432px) 100vw, 432px\" \/><\/a><\/td>\n<\/tr>\n<\/tbody>\n<\/table>\n<\/li>\n<\/ul>\n<\/li>\n<\/ul>\n<ul style=\"list-style-type: circle;\">\n<li style=\"list-style-type: none;\"><\/li>\n<\/ul>\n","protected":false},"excerpt":{"rendered":"<p>El projecte destaca la relaci\u00f3 i utilitat del joc dels escacs en l\u2019\u00e0mbit educatiu. \u00c9s un recurs que potencia el desenvolupament de les estructures cognitives, el raonament i el pensament l\u00f2gicomatem\u00e0tic, les habilitats ling\u00fc\u00edstiques i els h\u00e0bits de conducta. A l\u2019escola el comencem a 1r de prim\u00e0ria i el continuem durant tota la comunitat de [&hellip;]<\/p>\n","protected":false},"author":1,"featured_media":0,"parent":30,"menu_order":15,"comment_status":"closed","ping_status":"closed","template":"","meta":{"_bbp_topic_count":0,"_bbp_reply_count":0,"_bbp_total_topic_count":0,"_bbp_total_reply_count":0,"_bbp_voice_count":0,"_bbp_anonymous_reply_count":0,"_bbp_topic_count_hidden":0,"_bbp_reply_count_hidden":0,"_bbp_forum_subforum_count":0,"site-sidebar-layout":"default","site-content-layout":"","ast-site-content-layout":"","site-content-style":"default","site-sidebar-style":"default","ast-global-header-display":"","ast-banner-title-visibility":"","ast-main-header-display":"","ast-hfb-above-header-display":"","ast-hfb-below-header-display":"","ast-hfb-mobile-header-display":"","site-post-title":"","ast-breadcrumbs-content":"","ast-featured-img":"","footer-sml-layout":"","theme-transparent-header-meta":"","adv-header-id-meta":"","stick-header-meta":"","header-above-stick-meta":"","header-main-stick-meta":"","header-below-stick-meta":"","astra-migrate-meta-layouts":"default","ast-page-background-enabled":"default","ast-page-background-meta":{"desktop":{"background-color":"var(--ast-global-color-4)","background-image":"","background-repeat":"repeat","background-position":"center center","background-size":"auto","background-attachment":"scroll","background-type":"","background-media":"","overlay-type":"","overlay-color":"","overlay-opacity":"","overlay-gradient":""},"tablet":{"background-color":"","background-image":"","background-repeat":"repeat","background-position":"center center","background-size":"auto","background-attachment":"scroll","background-type":"","background-media":"","overlay-type":"","overlay-color":"","overlay-opacity":"","overlay-gradient":""},"mobile":{"background-color":"","background-image":"","background-repeat":"repeat","background-position":"center center","background-size":"auto","background-attachment":"scroll","background-type":"","background-media":"","overlay-type":"","overlay-color":"","overlay-opacity":"","overlay-gradient":""}},"ast-content-background-meta":{"desktop":{"background-color":"var(--ast-global-color-5)","background-image":"","background-repeat":"repeat","background-position":"center center","background-size":"auto","background-attachment":"scroll","background-type":"","background-media":"","overlay-type":"","overlay-color":"","overlay-opacity":"","overlay-gradient":""},"tablet":{"background-color":"var(--ast-global-color-5)","background-image":"","background-repeat":"repeat","background-position":"center center","background-size":"auto","background-attachment":"scroll","background-type":"","background-media":"","overlay-type":"","overlay-color":"","overlay-opacity":"","overlay-gradient":""},"mobile":{"background-color":"var(--ast-global-color-5)","background-image":"","background-repeat":"repeat","background-position":"center center","background-size":"auto","background-attachment":"scroll","background-type":"","background-media":"","overlay-type":"","overlay-color":"","overlay-opacity":"","overlay-gradient":""}},"footnotes":""},"class_list":["post-2257","page","type-page","status-publish","hentry"],"post_mailing_queue_ids":[],"_links":{"self":[{"href":"https:\/\/agora.xtec.cat\/esc-elspicots\/wp-json\/wp\/v2\/pages\/2257","targetHints":{"allow":["GET"]}}],"collection":[{"href":"https:\/\/agora.xtec.cat\/esc-elspicots\/wp-json\/wp\/v2\/pages"}],"about":[{"href":"https:\/\/agora.xtec.cat\/esc-elspicots\/wp-json\/wp\/v2\/types\/page"}],"author":[{"embeddable":true,"href":"https:\/\/agora.xtec.cat\/esc-elspicots\/wp-json\/wp\/v2\/users\/1"}],"replies":[{"embeddable":true,"href":"https:\/\/agora.xtec.cat\/esc-elspicots\/wp-json\/wp\/v2\/comments?post=2257"}],"version-history":[{"count":5,"href":"https:\/\/agora.xtec.cat\/esc-elspicots\/wp-json\/wp\/v2\/pages\/2257\/revisions"}],"predecessor-version":[{"id":2451,"href":"https:\/\/agora.xtec.cat\/esc-elspicots\/wp-json\/wp\/v2\/pages\/2257\/revisions\/2451"}],"up":[{"embeddable":true,"href":"https:\/\/agora.xtec.cat\/esc-elspicots\/wp-json\/wp\/v2\/pages\/30"}],"wp:attachment":[{"href":"https:\/\/agora.xtec.cat\/esc-elspicots\/wp-json\/wp\/v2\/media?parent=2257"}],"curies":[{"name":"wp","href":"https:\/\/api.w.org\/{rel}","templated":true}]}}