{"id":225,"date":"2015-07-20T15:35:00","date_gmt":"2015-07-20T14:35:00","guid":{"rendered":"http:\/\/agora.xtec.cat\/esc-elspicots\/?page_id=225"},"modified":"2026-03-02T12:08:06","modified_gmt":"2026-03-02T11:08:06","slug":"cantania","status":"publish","type":"page","link":"https:\/\/agora.xtec.cat\/esc-elspicots\/projectes\/cantania\/","title":{"rendered":"Projecte Cant\u00e0nia"},"content":{"rendered":"<p>Els infants de 5\u00e8 de la nostra escola participen en el projecte de la Cant\u00e0nia, que consisteix en la preparaci\u00f3 i interpretaci\u00f3 d&#8217;una cantata.<\/p>\n<p>Aquest projecte engloba tant a l\u2019alumnat com al professorat, ja que consta de diferents fases d\u2019actuaci\u00f3: sessions de formaci\u00f3 amb el professorat, treball dels i les mestres amb el seu alumnat i concerts finals interpretats pels infants.<\/p>\n<p>Cada curs, l&#8217;Auditori de Barcelona, el principal promotor, estrena una nova cantata, per a 9 instrumentistes i cor, signada per excel\u00b7lents m\u00fasics i lletristes catalans\/es. Al Vall\u00e8s Oriental qui en porta l\u2019organitzaci\u00f3 \u00e9s l\u2019Associaci\u00f3 Cultural de Granollers. Durant tot el curs escolar a l\u2019aula amb l\u2019objectiu d\u2019organitzar un acte per als i les alumnes que, per les caracter\u00edstiques globals pensades exclusivament per a ells, per la qualitat i per la implicaci\u00f3 personal i col\u00b7lectiva en l\u2019acte, es converteixi en una viv\u00e8ncia musical important i inoblidable per a tots i totes.<\/p>\n<p>Per preparar la cantata, la Conxi assisteix a tres sessions de formaci\u00f3, on se li dona les eines necess\u00e0ries per fer el treball d&#8217;aula amb els i les infants. El projecte acaba amb un concert al Teatre Auditori de Granollers, on participen de forma conjunta totes les escoles inscrites, acompanyades en directe de m\u00fasics i actors\/actrius professionals.<\/p>\n<p><strong>OBJECTIUS<\/strong><\/p>\n<ul>\n<li>Participar en el proc\u00e9s d&#8217;aprenentatge d&#8217;una cantata.<\/li>\n<li>Participar de forma conjunta alumnes de centres diferents, en la posada en escena de la cantata treballada, amb m\u00fasics professionals en directe.<\/li>\n<li>Viure una experi\u00e8ncia personal i professional, alumnat i professorat respectivament, a trav\u00e9s de la m\u00fasica.<\/li>\n<\/ul>\n<p>&nbsp;<\/p>\n<p><strong>METODOLOGIA<\/strong><\/p>\n<ul>\n<li>3 sessions de formaci\u00f3 pel professorat (Conxi. Especialista de m\u00fasica)<\/li>\n<li>Treball a l&#8217;aula (aproximadament s&#8217;hi destinen 2 trimestres)<\/li>\n<li>Assaig conjunt de les escoles participants (el mateix dia del concert)<\/li>\n<li>Posada en escena de la cantata al Teatre Auditori de Granollers.<\/li>\n<\/ul>\n<p>&nbsp;<\/p>\n<p><strong>Pr\u00f2ximament, us informarem del dia i hora de la Cant\u00e0nia del curs 25-26 que els infants de 5\u00e8 realitzaran al Teatre Auditori de Granollers.<\/strong><\/p>\n<p>&nbsp;<\/p>\n<p>Per a m\u00e9s informaci\u00f3, cliqueu <a href=\"https:\/\/www.teatreauditoridegranollers.cat\/ca\/cantania.html\">aqu\u00ed<\/a>.<\/p>\n<p>Pr\u00f2ximament adjuntarem aquesta documentaci\u00f3:<\/p>\n<p>CARTA INFORMATIVA. CANT\u00c0NIA 2025-2026<\/p>\n<p>MANUAL PROC\u00c9S DE COMPRA D&#8217;ENTRADES. CANT\u00c0NIA 2025-2026<\/p>\n<p>V\u00cdDEO EXPLICATIU PROC\u00c9S DE COMPRA D&#8217;ENTRADES. CANT\u00c0NIA 2025-2026<\/p>\n<p>&nbsp;<\/p>\n<p><strong>El nostre alumnat en diu aix\u00f2:<\/strong><\/p>\n<p><em>\u201cDurant molts mesos hem estat assajant les can\u00e7ons i els moviments i hem fet els materials pl\u00e0stics. Ha estat una experi\u00e8ncia \u00fanica!. <\/em><\/p>\n<p><em>El dia del concert al Teatre Auditori de Granollers est\u00e0vem molt nerviosos i nervioses, i tot i que ens vam haver d\u2019esperar 30 minuts, finalment\u00a0 vam entrar a fer l\u2019assaig. Vam con\u00e8ixer al nostre director que es deia Oriol i era molt simp\u00e0tic. Vam poder repassar totes les can\u00e7ons i els moviments. <\/em><\/p>\n<p><em>Despr\u00e9s de l\u2019assaig vam anar a berenar, i molts de nosaltres est\u00e0vem hist\u00e8rics perqu\u00e8 sab\u00edem que ja arribava l\u2019hora de cantar. <\/em><\/p>\n<p><em>Acompanyats del G\u00f3mez, l\u2019Estela, el director i els m\u00fasics vam comen\u00e7ar el concert que va ser una experi\u00e8ncia incre\u00efble i inoblidable!<\/em><\/p>\n<p><em>Aquell dia va ser \u00fanic.<\/em><\/p>\n<p><em>Nens i nenes del futur cinqu\u00e8: us espera una gran oportunitat, aprofiteu-la!!!\u201d<\/em><\/p>\n<p>&nbsp;<\/p>\n<p>I tamb\u00e9:<\/p>\n<p>&nbsp;<\/p>\n<p><em>\u201cEl passat 7 de juny vam anar al Teatre Auditori de Granollers a presentar l\u2019esfor\u00e7 que hem realitzat durant tot el curs assajant totes les can\u00e7ons i moviments de la cantata. A part d\u2019aprendre les can\u00e7ons i els moviments tamb\u00e9 vam preparar uns materials pl\u00e0stics que vam utilitzar el dia del concert.<\/em><\/p>\n<p><em>Va ser una experi\u00e8ncia inoblidable, impressionant, \u00fanica&#8230; gr\u00e0cies a totes les hores de treball que finalment han valgut\u00a0 la pena, el resultat de la cantata ha sigut un \u00e8xit.<\/em><\/p>\n<p><em>Per acabar volem agrair a la nostra mestra de m\u00fasica tot el que ha fet per nosaltres, tamb\u00e9 a l\u2019Oriol el nostre director durant la cantata i tamb\u00e9 a tots els m\u00fasics i actors que hi ha participat com tamb\u00e9 amb la gran col\u00b7laboraci\u00f3 del nostre tutor.<\/em><\/p>\n<p><em>Esperem que els nens i nenes que participaran en el projecte l\u2019any vinent, els agradi tant com nosaltres.\u201d<\/em><\/p>\n","protected":false},"excerpt":{"rendered":"<p>Els infants de 5\u00e8 de la nostra escola participen en el projecte de la Cant\u00e0nia, que consisteix en la preparaci\u00f3 i interpretaci\u00f3 d&#8217;una cantata. Aquest projecte engloba tant a l\u2019alumnat com al professorat, ja que consta de diferents fases d\u2019actuaci\u00f3: sessions de formaci\u00f3 amb el professorat, treball dels i les mestres amb el seu alumnat [&hellip;]<\/p>\n","protected":false},"author":1,"featured_media":0,"parent":30,"menu_order":16,"comment_status":"closed","ping_status":"closed","template":"","meta":{"_bbp_topic_count":0,"_bbp_reply_count":0,"_bbp_total_topic_count":0,"_bbp_total_reply_count":0,"_bbp_voice_count":0,"_bbp_anonymous_reply_count":0,"_bbp_topic_count_hidden":0,"_bbp_reply_count_hidden":0,"_bbp_forum_subforum_count":0,"site-sidebar-layout":"default","site-content-layout":"","ast-site-content-layout":"","site-content-style":"default","site-sidebar-style":"default","ast-global-header-display":"","ast-banner-title-visibility":"","ast-main-header-display":"","ast-hfb-above-header-display":"","ast-hfb-below-header-display":"","ast-hfb-mobile-header-display":"","site-post-title":"","ast-breadcrumbs-content":"","ast-featured-img":"","footer-sml-layout":"","theme-transparent-header-meta":"","adv-header-id-meta":"","stick-header-meta":"","header-above-stick-meta":"","header-main-stick-meta":"","header-below-stick-meta":"","astra-migrate-meta-layouts":"default","ast-page-background-enabled":"default","ast-page-background-meta":{"desktop":{"background-color":"var(--ast-global-color-4)","background-image":"","background-repeat":"repeat","background-position":"center center","background-size":"auto","background-attachment":"scroll","background-type":"","background-media":"","overlay-type":"","overlay-color":"","overlay-opacity":"","overlay-gradient":""},"tablet":{"background-color":"","background-image":"","background-repeat":"repeat","background-position":"center center","background-size":"auto","background-attachment":"scroll","background-type":"","background-media":"","overlay-type":"","overlay-color":"","overlay-opacity":"","overlay-gradient":""},"mobile":{"background-color":"","background-image":"","background-repeat":"repeat","background-position":"center center","background-size":"auto","background-attachment":"scroll","background-type":"","background-media":"","overlay-type":"","overlay-color":"","overlay-opacity":"","overlay-gradient":""}},"ast-content-background-meta":{"desktop":{"background-color":"var(--ast-global-color-5)","background-image":"","background-repeat":"repeat","background-position":"center center","background-size":"auto","background-attachment":"scroll","background-type":"","background-media":"","overlay-type":"","overlay-color":"","overlay-opacity":"","overlay-gradient":""},"tablet":{"background-color":"var(--ast-global-color-5)","background-image":"","background-repeat":"repeat","background-position":"center center","background-size":"auto","background-attachment":"scroll","background-type":"","background-media":"","overlay-type":"","overlay-color":"","overlay-opacity":"","overlay-gradient":""},"mobile":{"background-color":"var(--ast-global-color-5)","background-image":"","background-repeat":"repeat","background-position":"center center","background-size":"auto","background-attachment":"scroll","background-type":"","background-media":"","overlay-type":"","overlay-color":"","overlay-opacity":"","overlay-gradient":""}},"footnotes":""},"class_list":["post-225","page","type-page","status-publish","hentry"],"post_mailing_queue_ids":[],"_links":{"self":[{"href":"https:\/\/agora.xtec.cat\/esc-elspicots\/wp-json\/wp\/v2\/pages\/225","targetHints":{"allow":["GET"]}}],"collection":[{"href":"https:\/\/agora.xtec.cat\/esc-elspicots\/wp-json\/wp\/v2\/pages"}],"about":[{"href":"https:\/\/agora.xtec.cat\/esc-elspicots\/wp-json\/wp\/v2\/types\/page"}],"author":[{"embeddable":true,"href":"https:\/\/agora.xtec.cat\/esc-elspicots\/wp-json\/wp\/v2\/users\/1"}],"replies":[{"embeddable":true,"href":"https:\/\/agora.xtec.cat\/esc-elspicots\/wp-json\/wp\/v2\/comments?post=225"}],"version-history":[{"count":6,"href":"https:\/\/agora.xtec.cat\/esc-elspicots\/wp-json\/wp\/v2\/pages\/225\/revisions"}],"predecessor-version":[{"id":6975,"href":"https:\/\/agora.xtec.cat\/esc-elspicots\/wp-json\/wp\/v2\/pages\/225\/revisions\/6975"}],"up":[{"embeddable":true,"href":"https:\/\/agora.xtec.cat\/esc-elspicots\/wp-json\/wp\/v2\/pages\/30"}],"wp:attachment":[{"href":"https:\/\/agora.xtec.cat\/esc-elspicots\/wp-json\/wp\/v2\/media?parent=225"}],"curies":[{"name":"wp","href":"https:\/\/api.w.org\/{rel}","templated":true}]}}