{"id":221,"date":"2015-07-20T15:33:52","date_gmt":"2015-07-20T14:33:52","guid":{"rendered":"http:\/\/agora.xtec.cat\/esc-elspicots\/?page_id=221"},"modified":"2026-03-02T12:07:48","modified_gmt":"2026-03-02T11:07:48","slug":"ambients","status":"publish","type":"page","link":"https:\/\/agora.xtec.cat\/esc-elspicots\/projectes\/ambients\/","title":{"rendered":"Ci\u00e8ncies 3-6"},"content":{"rendered":"<p>La base metodol\u00f2gica d\u2019aquest projecte parteix del fet que els infants, per con\u00e8ixer l\u2019entorn, han d\u2019establir-hi una interacci\u00f3. Cal que hi hagi la possibilitat d\u2019actuar utilitzant tots els sentits, plantejant-se problemes, q\u00fcestions, contrastant opinions\u2026<\/p>\n<ul>\n<li>Els nens comencen amb una observaci\u00f3 directa , manipulaci\u00f3 i exploraci\u00f3 del material proposat.<\/li>\n<li>Posteriorment experimenten, comparen, classifiquen, \u2026 i creen prediccions causa-efecte. L\u2019ajuda i el treball en petit grup millora i amplia els coneixements assimilats.<\/li>\n<li>Per \u00faltim elaboren una informaci\u00f3 pr\u00f2pia i la comuniquen a la resta de companys a nivell verbal, corporal o gr\u00e0fic. Aquesta comunicaci\u00f3 \u00e9s imprescindible perqu\u00e8 el nen estructuri mentalment all\u00f2 que ha apr\u00e8s.<\/li>\n<\/ul>\n<p>Els diferents materials que presentem als alumnes s\u00f3n els seg\u00fcents: boles, rampes, tubs, pinces, cadenes, bigudins, aigua i botons. Les activitats que realitzem estan seq\u00fcenciades per nivells i els materials poden presentar-se sols o combinats amb d\u2019altres, afegint, aix\u00ed , dificultat a l\u2019activitat.<\/p>\n<p>Aquest tipus de material aplicat a partir d\u2019una metodologia basada en l\u2019observaci\u00f3, la manipulaci\u00f3 i la creaci\u00f3 i verificaci\u00f3 d\u2019hip\u00f2tesi fa que els nens assimilin i relacionin conceptes m\u00e9s complexos. Tot aix\u00f2 \u00e9s apr\u00e8s, comunicat i interioritzat d\u2019una manera motivadora i natural.<\/p>\n","protected":false},"excerpt":{"rendered":"<p>La base metodol\u00f2gica d\u2019aquest projecte parteix del fet que els infants, per con\u00e8ixer l\u2019entorn, han d\u2019establir-hi una interacci\u00f3. Cal que hi hagi la possibilitat d\u2019actuar utilitzant tots els sentits, plantejant-se problemes, q\u00fcestions, contrastant opinions\u2026 Els nens comencen amb una observaci\u00f3 directa , manipulaci\u00f3 i exploraci\u00f3 del material proposat. Posteriorment experimenten, comparen, classifiquen, \u2026 i creen [&hellip;]<\/p>\n","protected":false},"author":1,"featured_media":0,"parent":30,"menu_order":14,"comment_status":"closed","ping_status":"closed","template":"","meta":{"_bbp_topic_count":0,"_bbp_reply_count":0,"_bbp_total_topic_count":0,"_bbp_total_reply_count":0,"_bbp_voice_count":0,"_bbp_anonymous_reply_count":0,"_bbp_topic_count_hidden":0,"_bbp_reply_count_hidden":0,"_bbp_forum_subforum_count":0,"site-sidebar-layout":"default","site-content-layout":"","ast-site-content-layout":"default","site-content-style":"default","site-sidebar-style":"default","ast-global-header-display":"","ast-banner-title-visibility":"","ast-main-header-display":"","ast-hfb-above-header-display":"","ast-hfb-below-header-display":"","ast-hfb-mobile-header-display":"","site-post-title":"","ast-breadcrumbs-content":"","ast-featured-img":"","footer-sml-layout":"","theme-transparent-header-meta":"","adv-header-id-meta":"","stick-header-meta":"","header-above-stick-meta":"","header-main-stick-meta":"","header-below-stick-meta":"","astra-migrate-meta-layouts":"set","ast-page-background-enabled":"default","ast-page-background-meta":{"desktop":{"background-color":"var(--ast-global-color-4)","background-image":"","background-repeat":"repeat","background-position":"center center","background-size":"auto","background-attachment":"scroll","background-type":"","background-media":"","overlay-type":"","overlay-color":"","overlay-opacity":"","overlay-gradient":""},"tablet":{"background-color":"","background-image":"","background-repeat":"repeat","background-position":"center center","background-size":"auto","background-attachment":"scroll","background-type":"","background-media":"","overlay-type":"","overlay-color":"","overlay-opacity":"","overlay-gradient":""},"mobile":{"background-color":"","background-image":"","background-repeat":"repeat","background-position":"center center","background-size":"auto","background-attachment":"scroll","background-type":"","background-media":"","overlay-type":"","overlay-color":"","overlay-opacity":"","overlay-gradient":""}},"ast-content-background-meta":{"desktop":{"background-color":"var(--ast-global-color-5)","background-image":"","background-repeat":"repeat","background-position":"center center","background-size":"auto","background-attachment":"scroll","background-type":"","background-media":"","overlay-type":"","overlay-color":"","overlay-opacity":"","overlay-gradient":""},"tablet":{"background-color":"var(--ast-global-color-5)","background-image":"","background-repeat":"repeat","background-position":"center center","background-size":"auto","background-attachment":"scroll","background-type":"","background-media":"","overlay-type":"","overlay-color":"","overlay-opacity":"","overlay-gradient":""},"mobile":{"background-color":"var(--ast-global-color-5)","background-image":"","background-repeat":"repeat","background-position":"center center","background-size":"auto","background-attachment":"scroll","background-type":"","background-media":"","overlay-type":"","overlay-color":"","overlay-opacity":"","overlay-gradient":""}},"footnotes":""},"class_list":["post-221","page","type-page","status-publish","hentry"],"post_mailing_queue_ids":[],"_links":{"self":[{"href":"https:\/\/agora.xtec.cat\/esc-elspicots\/wp-json\/wp\/v2\/pages\/221","targetHints":{"allow":["GET"]}}],"collection":[{"href":"https:\/\/agora.xtec.cat\/esc-elspicots\/wp-json\/wp\/v2\/pages"}],"about":[{"href":"https:\/\/agora.xtec.cat\/esc-elspicots\/wp-json\/wp\/v2\/types\/page"}],"author":[{"embeddable":true,"href":"https:\/\/agora.xtec.cat\/esc-elspicots\/wp-json\/wp\/v2\/users\/1"}],"replies":[{"embeddable":true,"href":"https:\/\/agora.xtec.cat\/esc-elspicots\/wp-json\/wp\/v2\/comments?post=221"}],"version-history":[{"count":4,"href":"https:\/\/agora.xtec.cat\/esc-elspicots\/wp-json\/wp\/v2\/pages\/221\/revisions"}],"predecessor-version":[{"id":7240,"href":"https:\/\/agora.xtec.cat\/esc-elspicots\/wp-json\/wp\/v2\/pages\/221\/revisions\/7240"}],"up":[{"embeddable":true,"href":"https:\/\/agora.xtec.cat\/esc-elspicots\/wp-json\/wp\/v2\/pages\/30"}],"wp:attachment":[{"href":"https:\/\/agora.xtec.cat\/esc-elspicots\/wp-json\/wp\/v2\/media?parent=221"}],"curies":[{"name":"wp","href":"https:\/\/api.w.org\/{rel}","templated":true}]}}