{"id":1937,"date":"2017-10-22T19:32:03","date_gmt":"2017-10-22T17:32:03","guid":{"rendered":"http:\/\/agora.xtec.cat\/esc-elspicots\/?page_id=1937"},"modified":"2026-04-17T09:41:15","modified_gmt":"2026-04-17T07:41:15","slug":"documents-oficials","status":"publish","type":"page","link":"https:\/\/agora.xtec.cat\/esc-elspicots\/lescola\/documents-oficials\/","title":{"rendered":"Documents oficials"},"content":{"rendered":"<p><a href=\"https:\/\/agora.xtec.cat\/esc-elspicots\/wp-content\/uploads\/usu453\/2021\/04\/PROJECTE-EDUCATIU-DE-CENTRE.pdf\">PEC<\/a> (Projecte Educatiu de Centre)<\/p>\n<p><a href=\"https:\/\/agora.xtec.cat\/esc-elspicots\/wp-content\/uploads\/usu453\/2022\/09\/Projecte-Linguistic-de-centre-28-6-22.pdf\">PLC<\/a> (Projecte Ling\u00fc\u00edstic de Centre)<\/p>\n<p><a href=\"https:\/\/agora.xtec.cat\/esc-elspicots\/wp-content\/uploads\/usu453\/2021\/07\/Projecte-de-conviv\u00e8ncia.pdf\">PdC<\/a> (Projecte de conviv\u00e8ncia)<\/p>\n<p><a href=\"https:\/\/agora.xtec.cat\/esc-elspicots\/wp-content\/uploads\/usu453\/2024\/09\/NOFC_-2024.pdf\">NOFC <\/a>(Normes d&#8217;Organitzaci\u00f3 i de Funcionament del Centre)<\/p>\n<p><a href=\"https:\/\/sites.google.com\/escolaelspicots.cat\/pladigitalescolaelspicots\">Pla digital de centre<\/a><\/p>\n<p><a href=\"https:\/\/agora.xtec.cat\/esc-elspicots\/wp-content\/uploads\/usu453\/2024\/09\/CARTA-COMPROMIS-EDUCATIU.pdf\">CARTA COMPROM\u00cdS EDUCATIU<\/a> (se signa al formalitzar la matr\u00edcula)<\/p>\n<p><a href=\"https:\/\/agora.xtec.cat\/esc-elspicots\/wp-content\/uploads\/usu453\/2026\/04\/PGA-25-26-ESCOLA-ELS-PICOTS.pdf\">PGA\u00a0<\/a>(Pla General Anual curs 25-26)<\/p>\n<p><a href=\"https:\/\/agora.xtec.cat\/esc-elspicots\/wp-content\/uploads\/usu453\/2025\/02\/Dades-del-pressupost-2025.pdf\">Dades del pressupost exercici 2025<\/a><\/p>\n<p>Escola sostenible<\/p>\n<p>PAT (Pla d&#8217;acci\u00f3 tutorial) <a href=\"https:\/\/agora.xtec.cat\/esc-elspicots\/wp-content\/uploads\/usu453\/2024\/11\/PAT-1r-i-2n.pdf\">PAT 1r i 2n<\/a> ; <a href=\"https:\/\/agora.xtec.cat\/esc-elspicots\/wp-content\/uploads\/usu453\/2024\/11\/PAT-3r-i-4t.pdf\">PAT 3r i 4t<\/a> ; <a href=\"https:\/\/agora.xtec.cat\/esc-elspicots\/wp-content\/uploads\/usu453\/2024\/11\/PAT-5e-i-6e.pdf\">PAT 5\u00e8 i 6\u00e8<\/a><\/p>\n<p><a href=\"https:\/\/agora.xtec.cat\/esc-elspicots\/wp-content\/uploads\/usu453\/2021\/02\/Pla-TAC.pdf\">Pla TAC. Estrat\u00e8gia digital de centre <\/a><span style=\"font-family: inherit; font-size: 1em;\">(Tecnologies per a l&#8217;aprenentatge i el coneixement)<\/span><\/p>\n<p><a href=\"https:\/\/agora.xtec.cat\/esc-elspicots\/wp-content\/uploads\/usu453\/2024\/02\/pla-demergencia-23-24.pdf\">Pla d&#8217;emerg\u00e8ncia 23-24<\/a><\/p>\n<p>Perfil i traject\u00f2ria professional <a href=\"https:\/\/agora.xtec.cat\/esc-elspicots\/wp-content\/uploads\/usu453\/2024\/09\/Perfil-i-trajectoria-Gina.pdf\">directora<\/a>, <a href=\"https:\/\/agora.xtec.cat\/esc-elspicots\/wp-content\/uploads\/usu453\/2024\/09\/Perfil-i-trajectoria-Mel.pdf\">cap d&#8217;estudis<\/a>\u00a0i <a href=\"https:\/\/agora.xtec.cat\/esc-elspicots\/wp-content\/uploads\/usu453\/2024\/09\/Perfil-i-trajectoria-Santi.pdf\">secretari<\/a><\/p>\n\n\n<p><\/p>\n","protected":false},"excerpt":{"rendered":"<p>PEC (Projecte Educatiu de Centre) PLC (Projecte Ling\u00fc\u00edstic de Centre) PdC (Projecte de conviv\u00e8ncia) NOFC (Normes d&#8217;Organitzaci\u00f3 i de Funcionament del Centre) Pla digital de centre CARTA COMPROM\u00cdS EDUCATIU (se signa al formalitzar la matr\u00edcula) PGA\u00a0(Pla General Anual curs 25-26) Dades del pressupost exercici 2025 Escola sostenible PAT (Pla d&#8217;acci\u00f3 tutorial) PAT 1r i 2n [&hellip;]<\/p>\n","protected":false},"author":1,"featured_media":0,"parent":342,"menu_order":60,"comment_status":"closed","ping_status":"closed","template":"","meta":{"_bbp_topic_count":0,"_bbp_reply_count":0,"_bbp_total_topic_count":0,"_bbp_total_reply_count":0,"_bbp_voice_count":0,"_bbp_anonymous_reply_count":0,"_bbp_topic_count_hidden":0,"_bbp_reply_count_hidden":0,"_bbp_forum_subforum_count":0,"site-sidebar-layout":"default","site-content-layout":"","ast-site-content-layout":"default","site-content-style":"default","site-sidebar-style":"default","ast-global-header-display":"","ast-banner-title-visibility":"","ast-main-header-display":"","ast-hfb-above-header-display":"","ast-hfb-below-header-display":"","ast-hfb-mobile-header-display":"","site-post-title":"","ast-breadcrumbs-content":"","ast-featured-img":"","footer-sml-layout":"","theme-transparent-header-meta":"","adv-header-id-meta":"","stick-header-meta":"","header-above-stick-meta":"","header-main-stick-meta":"","header-below-stick-meta":"","astra-migrate-meta-layouts":"set","ast-page-background-enabled":"default","ast-page-background-meta":{"desktop":{"background-color":"var(--ast-global-color-4)","background-image":"","background-repeat":"repeat","background-position":"center center","background-size":"auto","background-attachment":"scroll","background-type":"","background-media":"","overlay-type":"","overlay-color":"","overlay-opacity":"","overlay-gradient":""},"tablet":{"background-color":"","background-image":"","background-repeat":"repeat","background-position":"center center","background-size":"auto","background-attachment":"scroll","background-type":"","background-media":"","overlay-type":"","overlay-color":"","overlay-opacity":"","overlay-gradient":""},"mobile":{"background-color":"","background-image":"","background-repeat":"repeat","background-position":"center center","background-size":"auto","background-attachment":"scroll","background-type":"","background-media":"","overlay-type":"","overlay-color":"","overlay-opacity":"","overlay-gradient":""}},"ast-content-background-meta":{"desktop":{"background-color":"var(--ast-global-color-5)","background-image":"","background-repeat":"repeat","background-position":"center center","background-size":"auto","background-attachment":"scroll","background-type":"","background-media":"","overlay-type":"","overlay-color":"","overlay-opacity":"","overlay-gradient":""},"tablet":{"background-color":"var(--ast-global-color-5)","background-image":"","background-repeat":"repeat","background-position":"center center","background-size":"auto","background-attachment":"scroll","background-type":"","background-media":"","overlay-type":"","overlay-color":"","overlay-opacity":"","overlay-gradient":""},"mobile":{"background-color":"var(--ast-global-color-5)","background-image":"","background-repeat":"repeat","background-position":"center center","background-size":"auto","background-attachment":"scroll","background-type":"","background-media":"","overlay-type":"","overlay-color":"","overlay-opacity":"","overlay-gradient":""}},"footnotes":""},"class_list":["post-1937","page","type-page","status-publish","hentry"],"post_mailing_queue_ids":[],"_links":{"self":[{"href":"https:\/\/agora.xtec.cat\/esc-elspicots\/wp-json\/wp\/v2\/pages\/1937","targetHints":{"allow":["GET"]}}],"collection":[{"href":"https:\/\/agora.xtec.cat\/esc-elspicots\/wp-json\/wp\/v2\/pages"}],"about":[{"href":"https:\/\/agora.xtec.cat\/esc-elspicots\/wp-json\/wp\/v2\/types\/page"}],"author":[{"embeddable":true,"href":"https:\/\/agora.xtec.cat\/esc-elspicots\/wp-json\/wp\/v2\/users\/1"}],"replies":[{"embeddable":true,"href":"https:\/\/agora.xtec.cat\/esc-elspicots\/wp-json\/wp\/v2\/comments?post=1937"}],"version-history":[{"count":6,"href":"https:\/\/agora.xtec.cat\/esc-elspicots\/wp-json\/wp\/v2\/pages\/1937\/revisions"}],"predecessor-version":[{"id":7375,"href":"https:\/\/agora.xtec.cat\/esc-elspicots\/wp-json\/wp\/v2\/pages\/1937\/revisions\/7375"}],"up":[{"embeddable":true,"href":"https:\/\/agora.xtec.cat\/esc-elspicots\/wp-json\/wp\/v2\/pages\/342"}],"wp:attachment":[{"href":"https:\/\/agora.xtec.cat\/esc-elspicots\/wp-json\/wp\/v2\/media?parent=1937"}],"curies":[{"name":"wp","href":"https:\/\/api.w.org\/{rel}","templated":true}]}}