{"id":1397,"date":"2016-09-29T23:10:05","date_gmt":"2016-09-29T22:10:05","guid":{"rendered":"http:\/\/agora.xtec.cat\/esc-elspicots\/?page_id=1397"},"modified":"2025-09-10T15:40:30","modified_gmt":"2025-09-10T13:40:30","slug":"activitats-culturals","status":"publish","type":"page","link":"https:\/\/agora.xtec.cat\/esc-elspicots\/atencio-families\/activitats-culturals\/","title":{"rendered":"Activitats culturals"},"content":{"rendered":"<p style=\"text-align: justify;\"><strong>ACTIVITATS CULTURALS CURS 2025-2026<\/strong><\/p>\n<ul>\n<li>La Fundaci\u00f3 privada cultural de Granollers A.C. \u00e9s qui gestiona les activitats culturals.<\/li>\n<li>El preu de les activitats culturals est\u00e0 incl\u00f2s en el preu de les sortides del curs 25-26 i que s&#8217;abonaran durant els mesos de novembre i desembre.<\/li>\n<li>L&#8217;equip de mestres consensua quines es realitzaran aquest any.<\/li>\n<\/ul>\n<p><strong>I3, I4 i I5<\/strong><\/p>\n<table style=\"border-collapse: collapse; width: 63.1617%; height: 125px;\">\n<tbody>\n<tr style=\"height: 48px;\">\n<td style=\"text-align: center; width: 13.8901%; height: 48px;\">DATES APROXIMADES<\/td>\n<td style=\"width: 14.9552%; height: 48px;\">G\u00c8NERE<\/td>\n<td style=\"width: 35.4899%; height: 48px;\">ESPECTACLE<\/td>\n<td style=\"width: 18.5543%; height: 48px;\">COMPANYIA<\/td>\n<td style=\"width: 29.6984%; height: 48px;\">ESPAI<\/td>\n<\/tr>\n<tr style=\"height: 32px;\">\n<td style=\"width: 13.8901%; height: 32px;\" width=\"177\">24 d&#8217;octubre<\/td>\n<td style=\"width: 14.9552%; height: 32px;\" width=\"106\">Titelles<\/td>\n<td style=\"width: 35.4899%; height: 32px;\" width=\"142\">Tanaka<\/td>\n<td style=\"width: 18.5543%; height: 32px;\" width=\"139\">El peix irisat<\/td>\n<td style=\"width: 29.6984%; height: 32px;\" width=\"161\">L&#8217;Alian\u00e7a<\/td>\n<\/tr>\n<tr style=\"height: 32px;\">\n<td style=\"width: 13.8901%; height: 32px;\" width=\"177\">29 de gener<\/td>\n<td style=\"width: 14.9552%; height: 32px;\" width=\"106\">M\u00fasica<\/td>\n<td style=\"width: 35.4899%; height: 32px;\" width=\"142\">Un jard\u00ed ple de m\u00fasica<\/td>\n<td style=\"width: 18.5543%; height: 32px;\" width=\"139\">Petita m\u00fasica<\/td>\n<td style=\"width: 29.6984%; height: 32px;\" width=\"161\">L&#8217;Alian\u00e7a<\/td>\n<\/tr>\n<tr style=\"height: 32px;\">\n<td style=\"width: 13.8901%; height: 13px;\" width=\"177\">6 de maig<\/td>\n<td style=\"width: 14.9552%; height: 13px;\" width=\"106\">Titelles<\/td>\n<td style=\"width: 35.4899%; height: 13px;\" width=\"142\">El cargol i l\u2019herba de poniol<\/td>\n<td style=\"width: 18.5543%; height: 13px;\" width=\"139\">Sgratta<\/td>\n<td style=\"width: 29.6984%; height: 13px;\" width=\"161\">L&#8217;Alian\u00e7a<\/td>\n<\/tr>\n<\/tbody>\n<\/table>\n<p>&nbsp;<\/p>\n<p><strong>1r i 2n<\/strong><\/p>\n<table style=\"border-collapse: collapse; width: 63.1617%; height: 208px;\">\n<tbody>\n<tr style=\"height: 48px;\">\n<td style=\"text-align: center; width: 13.8901%; height: 48px;\">DATES APROXIMADES<\/td>\n<td style=\"width: 14.9552%; height: 48px;\">G\u00c8NERE<\/td>\n<td style=\"width: 35.4899%; height: 48px;\">ESPECTACLE<\/td>\n<td style=\"width: 18.5543%; height: 48px;\">COMPANYIA<\/td>\n<td style=\"width: 29.6984%; height: 48px;\">ESPAI<\/td>\n<\/tr>\n<tr style=\"height: 48px;\">\n<td style=\"width: 13.8901%; height: 48px;\" width=\"177\">22 d\u2019octubre<\/td>\n<td style=\"width: 14.9552%; height: 48px;\" width=\"106\">Teatre<\/td>\n<td style=\"width: 35.4899%; height: 48px;\" width=\"142\">Les sirenes s\u00f3n calbes<\/td>\n<td style=\"width: 18.5543%; height: 48px;\" width=\"139\">Deliri<\/td>\n<td style=\"width: 29.6984%; height: 48px;\" width=\"161\">L&#8217;Alian\u00e7a<\/td>\n<\/tr>\n<tr style=\"height: 32px;\">\n<td style=\"width: 13.8901%; height: 32px;\" width=\"177\">19 de febrer<\/td>\n<td style=\"width: 14.9552%; height: 32px;\" width=\"106\">Teatre en angl\u00e8s<\/td>\n<td style=\"width: 35.4899%; height: 32px;\" width=\"142\">Goldilocks<\/td>\n<td style=\"width: 18.5543%; height: 32px;\" width=\"139\">Theatre4schools<\/td>\n<td style=\"width: 29.6984%; height: 32px;\" width=\"161\">L&#8217;Alian\u00e7a<\/td>\n<\/tr>\n<tr style=\"height: 48px;\">\n<td style=\"width: 13.8901%; height: 48px;\" width=\"177\">20 de mar\u00e7<\/td>\n<td style=\"width: 14.9552%; height: 48px;\" width=\"106\">M\u00fasica<\/td>\n<td style=\"width: 35.4899%; height: 48px;\" width=\"142\">Bon vent<\/td>\n<td style=\"width: 18.5543%; height: 48px;\" width=\"139\">Ebri Knight<\/td>\n<td style=\"width: 29.6984%; height: 48px;\" width=\"161\">L&#8217;Alian\u00e7a<\/td>\n<\/tr>\n<tr style=\"height: 32px;\">\n<td style=\"width: 13.8901%; height: 32px;\" width=\"177\">28 de maig<\/td>\n<td style=\"width: 14.9552%; height: 32px;\" width=\"106\">M\u00fasica i teatre<\/td>\n<td style=\"width: 35.4899%; height: 32px;\" width=\"142\">Un tros de pa<\/td>\n<td style=\"width: 18.5543%; height: 32px;\" width=\"139\">Les pinyes<\/td>\n<td style=\"width: 29.6984%; height: 32px;\" width=\"161\">L&#8217;Alian\u00e7a<\/td>\n<\/tr>\n<\/tbody>\n<\/table>\n<p><strong><br \/>\n3r, 4t, 5\u00e8 i 6\u00e8<br \/>\n<\/strong><\/p>\n<table style=\"border-collapse: collapse; width: 63.1617%; height: 256px;\">\n<tbody>\n<tr style=\"height: 48px;\">\n<td style=\"text-align: center; width: 13.8901%; height: 48px;\">DATES APROXIMADES<\/td>\n<td style=\"width: 14.9552%; height: 48px;\">G\u00c8NERE<\/td>\n<td style=\"width: 35.4899%; height: 48px;\">ESPECTACLE<\/td>\n<td style=\"width: 18.5543%; height: 48px;\">COMPANYIA<\/td>\n<td style=\"width: 29.6984%; height: 48px;\">ESPAI<\/td>\n<\/tr>\n<tr style=\"height: 32px;\">\n<td style=\"width: 13.8901%; height: 32px;\" width=\"177\">28 d\u2019octubre<\/td>\n<td style=\"width: 14.9552%; height: 32px;\" width=\"106\">Teatre<\/td>\n<td style=\"width: 35.4899%; height: 32px;\" width=\"142\">La camisa de l\u2019home feli\u00e7<\/td>\n<td style=\"width: 18.5543%; height: 32px;\" width=\"139\">Zum zum teatre<\/td>\n<td style=\"width: 29.6984%; height: 32px;\" width=\"161\">L&#8217;Alian\u00e7a<\/td>\n<\/tr>\n<tr style=\"height: 32px;\">\n<td style=\"width: 13.8901%; height: 32px;\" width=\"177\">19 de febrer (3r)<\/td>\n<td style=\"width: 14.9552%; height: 32px;\" width=\"106\">Teatre angl\u00e8s<\/td>\n<td style=\"width: 35.4899%; height: 32px;\" width=\"142\">Goldilocks<\/td>\n<td style=\"width: 18.5543%; height: 32px;\">Theatre4schools<\/td>\n<td style=\"width: 29.6984%; height: 32px;\">L&#8217;Alian\u00e7a<\/td>\n<\/tr>\n<tr style=\"height: 32px;\">\n<td style=\"width: 13.8901%; height: 32px;\" width=\"177\">20 de mar\u00e7 (3r i 4t)<\/td>\n<td style=\"width: 14.9552%; height: 32px;\" width=\"106\">M\u00fasica<\/td>\n<td style=\"width: 35.4899%; height: 32px;\" width=\"142\">Bon vent<\/td>\n<td style=\"width: 18.5543%; height: 32px;\" width=\"139\">Ebri Knoght<\/td>\n<td style=\"width: 29.6984%; height: 32px;\" width=\"161\">L&#8217;Alian\u00e7a<\/td>\n<\/tr>\n<tr style=\"height: 32px;\">\n<td style=\"width: 13.8901%; height: 32px;\" width=\"177\">22 de maig (3r i 4t)<\/td>\n<td style=\"width: 14.9552%; height: 32px;\" width=\"106\">Clown i m\u00e0gia<\/td>\n<td style=\"width: 35.4899%; height: 32px;\" width=\"142\">Gota<\/td>\n<td style=\"width: 18.5543%; height: 32px;\" width=\"139\">Txema Mu\u00f1oz<\/td>\n<td style=\"width: 29.6984%; height: 32px;\" width=\"161\">L&#8217;Alian\u00e7a<\/td>\n<\/tr>\n<tr style=\"height: 32px;\">\n<td style=\"width: 13.8901%; height: 32px;\" width=\"177\">\u00a014 de gener (5\u00e8 i 6\u00e8)<\/td>\n<td style=\"width: 14.9552%; height: 32px;\" width=\"106\">Teatre<\/td>\n<td style=\"width: 35.4899%; height: 32px;\" width=\"142\">Fantasmes de guerra<\/td>\n<td style=\"width: 18.5543%; height: 32px;\" width=\"139\">La baldufa<\/td>\n<td style=\"width: 29.6984%; height: 32px;\" width=\"161\">L&#8217;Alian\u00e7a<\/td>\n<\/tr>\n<tr style=\"height: 48px;\">\n<td style=\"width: 13.8901%; height: 48px;\">19 de febrer (4t, 5\u00e8 i 6\u00e8)<\/td>\n<td style=\"width: 14.9552%; height: 48px;\">Teatre angl\u00e8s<\/td>\n<td style=\"width: 35.4899%; height: 48px;\">Ulysses<\/td>\n<td style=\"width: 18.5543%; height: 48px;\">Theatre4schools<\/td>\n<td style=\"width: 29.6984%; height: 48px;\">L&#8217;Alian\u00e7a<\/td>\n<\/tr>\n<tr>\n<td style=\"width: 13.8901%;\">21 d\u2019abril (5\u00e8 i 6\u00e8)<\/td>\n<td style=\"width: 14.9552%;\">M\u00fasica<\/td>\n<td style=\"width: 35.4899%;\">Anem de rumba<\/td>\n<td style=\"width: 18.5543%;\">Litus<\/td>\n<td style=\"width: 29.6984%;\">L&#8217;Alian\u00e7a<\/td>\n<\/tr>\n<\/tbody>\n<\/table>\n<p>&nbsp;<\/p>\n","protected":false},"excerpt":{"rendered":"<p>ACTIVITATS CULTURALS CURS 2025-2026 La Fundaci\u00f3 privada cultural de Granollers A.C. \u00e9s qui gestiona les activitats culturals. El preu de les activitats culturals est\u00e0 incl\u00f2s en el preu de les sortides del curs 25-26 i que s&#8217;abonaran durant els mesos de novembre i desembre. L&#8217;equip de mestres consensua quines es realitzaran aquest any. I3, I4 [&hellip;]<\/p>\n","protected":false},"author":1,"featured_media":0,"parent":237,"menu_order":140,"comment_status":"closed","ping_status":"closed","template":"page-templates\/side-menu.php","meta":{"_bbp_topic_count":0,"_bbp_reply_count":0,"_bbp_total_topic_count":0,"_bbp_total_reply_count":0,"_bbp_voice_count":0,"_bbp_anonymous_reply_count":0,"_bbp_topic_count_hidden":0,"_bbp_reply_count_hidden":0,"_bbp_forum_subforum_count":0,"site-sidebar-layout":"default","site-content-layout":"","ast-site-content-layout":"","site-content-style":"default","site-sidebar-style":"default","ast-global-header-display":"","ast-banner-title-visibility":"","ast-main-header-display":"","ast-hfb-above-header-display":"","ast-hfb-below-header-display":"","ast-hfb-mobile-header-display":"","site-post-title":"","ast-breadcrumbs-content":"","ast-featured-img":"","footer-sml-layout":"","theme-transparent-header-meta":"","adv-header-id-meta":"","stick-header-meta":"","header-above-stick-meta":"","header-main-stick-meta":"","header-below-stick-meta":"","astra-migrate-meta-layouts":"default","ast-page-background-enabled":"default","ast-page-background-meta":{"desktop":{"background-color":"var(--ast-global-color-4)","background-image":"","background-repeat":"repeat","background-position":"center center","background-size":"auto","background-attachment":"scroll","background-type":"","background-media":"","overlay-type":"","overlay-color":"","overlay-opacity":"","overlay-gradient":""},"tablet":{"background-color":"","background-image":"","background-repeat":"repeat","background-position":"center center","background-size":"auto","background-attachment":"scroll","background-type":"","background-media":"","overlay-type":"","overlay-color":"","overlay-opacity":"","overlay-gradient":""},"mobile":{"background-color":"","background-image":"","background-repeat":"repeat","background-position":"center center","background-size":"auto","background-attachment":"scroll","background-type":"","background-media":"","overlay-type":"","overlay-color":"","overlay-opacity":"","overlay-gradient":""}},"ast-content-background-meta":{"desktop":{"background-color":"var(--ast-global-color-5)","background-image":"","background-repeat":"repeat","background-position":"center center","background-size":"auto","background-attachment":"scroll","background-type":"","background-media":"","overlay-type":"","overlay-color":"","overlay-opacity":"","overlay-gradient":""},"tablet":{"background-color":"var(--ast-global-color-5)","background-image":"","background-repeat":"repeat","background-position":"center center","background-size":"auto","background-attachment":"scroll","background-type":"","background-media":"","overlay-type":"","overlay-color":"","overlay-opacity":"","overlay-gradient":""},"mobile":{"background-color":"var(--ast-global-color-5)","background-image":"","background-repeat":"repeat","background-position":"center center","background-size":"auto","background-attachment":"scroll","background-type":"","background-media":"","overlay-type":"","overlay-color":"","overlay-opacity":"","overlay-gradient":""}},"footnotes":""},"class_list":["post-1397","page","type-page","status-publish","hentry"],"post_mailing_queue_ids":[],"_links":{"self":[{"href":"https:\/\/agora.xtec.cat\/esc-elspicots\/wp-json\/wp\/v2\/pages\/1397","targetHints":{"allow":["GET"]}}],"collection":[{"href":"https:\/\/agora.xtec.cat\/esc-elspicots\/wp-json\/wp\/v2\/pages"}],"about":[{"href":"https:\/\/agora.xtec.cat\/esc-elspicots\/wp-json\/wp\/v2\/types\/page"}],"author":[{"embeddable":true,"href":"https:\/\/agora.xtec.cat\/esc-elspicots\/wp-json\/wp\/v2\/users\/1"}],"replies":[{"embeddable":true,"href":"https:\/\/agora.xtec.cat\/esc-elspicots\/wp-json\/wp\/v2\/comments?post=1397"}],"version-history":[{"count":6,"href":"https:\/\/agora.xtec.cat\/esc-elspicots\/wp-json\/wp\/v2\/pages\/1397\/revisions"}],"predecessor-version":[{"id":7092,"href":"https:\/\/agora.xtec.cat\/esc-elspicots\/wp-json\/wp\/v2\/pages\/1397\/revisions\/7092"}],"up":[{"embeddable":true,"href":"https:\/\/agora.xtec.cat\/esc-elspicots\/wp-json\/wp\/v2\/pages\/237"}],"wp:attachment":[{"href":"https:\/\/agora.xtec.cat\/esc-elspicots\/wp-json\/wp\/v2\/media?parent=1397"}],"curies":[{"name":"wp","href":"https:\/\/api.w.org\/{rel}","templated":true}]}}