{"id":508,"date":"2016-10-03T13:25:36","date_gmt":"2016-10-03T11:25:36","guid":{"rendered":"http:\/\/agora.xtec.cat\/esc-elsalocs\/?page_id=508"},"modified":"2025-06-19T12:28:15","modified_gmt":"2025-06-19T10:28:15","slug":"primaria-que-cal-portar","status":"publish","type":"page","link":"https:\/\/agora.xtec.cat\/esc-elsalocs\/informacions-generals\/primaria-que-cal-portar\/","title":{"rendered":"Qu\u00e8 cal portar a 1r i 2n"},"content":{"rendered":"<p>En aquesta p\u00e0gina podreu veure el material que cal portar els cursos de primer i segon:<\/p>\n<h4><span style=\"color: #cc99ff;\"><strong>Material per l&#8217;aula<\/strong><\/span><\/h4>\n<p style=\"text-align: justify;\">Una <strong><span style=\"color: #339966;\">bata<\/span> <\/strong>cordada al davant amb goma als punys i goma el\u00e0stica per penjar-la b\u00e9. Servir\u00e0 per dur a terme activitats de pl\u00e0stica o tallers de cuina. Se l&#8217;emporten quan es cregui oport\u00fa. Recordeu posar-hi el nom!<\/p>\n<p style=\"text-align: justify;\">Una <span style=\"color: #339966;\"><strong>bosseta i tovall\u00f3<\/strong> <\/span>per l\u2019esmorzar (el tovall\u00f3 nom\u00e9s en el cas de primer que durant un temps esmorzaran a l\u2019aula). Us demanem que reserveu les motxilles per a quan anem d\u2019excursi\u00f3 per facilitar l\u2019organitzaci\u00f3 de l\u2019aula.<\/p>\n<p style=\"text-align: justify;\">Una <strong><span style=\"color: #339966;\">ampolla<\/span><\/strong>, tipus cantimplora o termo petit. Aquesta cantimplora ha de cabre dins la bosseta de l\u2019esmorzar perqu\u00e8 anir\u00e0 i vindr\u00e0 de l\u2019escola a casa i de casa a l\u2019escola cada dia.<\/p>\n<p style=\"text-align: justify;\">Una capsa de <span style=\"color: #339966;\"><strong>mocadors de paper<\/strong><span style=\"color: #000000;\">. S\u00f3n d&#8217;\u00fas col\u00b7lectiu i en tornarem a demanar quan s&#8217;acabin.<\/span><\/span><\/p>\n<h4><strong><span style=\"color: #cc99ff;\">Material per fer educaci\u00f3 f\u00edsica i coreografia<\/span><\/strong><\/h4>\n<p class=\"p1\" style=\"text-align: justify;\">Xandall o <strong><span style=\"color: #339966;\">roba esportiva<\/span><\/strong>.<\/p>\n<p class=\"p1\" style=\"text-align: justify;\"><strong><span style=\"color: #339966;\">Sabatilles esportives<\/span><\/strong> espec\u00edfiques per utilitzar al gimn\u00e0s <span style=\"text-decoration: underline;\">(noves o amb la sola neta)<\/span>.<\/p>\n<p class=\"p1\" style=\"text-align: justify;\"><span style=\"color: #339966;\"><strong>Necesser<\/strong> <\/span>(tovallola, pinta o raspall) i <strong><span style=\"color: #339966;\">samarreta de recanvi.<\/span><\/strong><\/p>\n<p class=\"p1\" style=\"text-align: justify;\">El dia que fan educaci\u00f3 f\u00edsica poden portar una <strong><span style=\"color: #339966;\">bossa espec\u00edfica<\/span><\/strong> amb tot aquest material.<\/p>\n<p class=\"p1\" style=\"text-align: justify;\"><strong><span style=\"color: #339966;\">Mitjons antilliscants<\/span><\/strong> per fer dansa al gimn\u00e0s (es quedaran a l\u2019aula). Els dies que fan dansa tamb\u00e9 cal que portin roba c\u00f2moda.<\/p>\n<h4><strong><span style=\"color: #cc99ff;\">Material per l&#8217;activitat de nataci\u00f3<\/span><\/strong><\/h4>\n<p class=\"p1\">Primer far\u00e0 l\u2019activitat de nataci\u00f3 durant el tercer trimestre i segon durant el primer trimestre.<\/p>\n<p class=\"p1\"><span style=\"color: #339966;\"><strong>Vestit de bany<\/strong><\/span><\/p>\n<p class=\"p1\"><strong><span style=\"color: #339966;\">Casquet de bany<\/span><\/strong><\/p>\n<p class=\"p1\">Ulleres de nedar (opcional)<\/p>\n<p class=\"p1\"><strong><span style=\"color: #339966;\">Tovallola<\/span><\/strong><\/p>\n<h4><strong><span style=\"color: #cc99ff;\">Material per l&#8217;espai del migdia<\/span><\/strong><\/h4>\n<p class=\"p1\"><strong><span style=\"color: #339966;\">Tovall\u00f3 de roba i got<\/span> <\/strong>per desar-lo.<\/p>\n","protected":false},"excerpt":{"rendered":"<p>En aquesta p\u00e0gina podreu veure el material que cal portar els cursos de primer i segon: Material per l&#8217;aula Una bata cordada al davant amb goma als punys i goma el\u00e0stica per penjar-la b\u00e9. Servir\u00e0 per dur a terme activitats de pl\u00e0stica o tallers de cuina. Se l&#8217;emporten quan es cregui oport\u00fa. Recordeu posar-hi el [&hellip;]<\/p>\n","protected":false},"author":1,"featured_media":0,"parent":501,"menu_order":5,"comment_status":"closed","ping_status":"closed","template":"page-templates\/side-menu.php","meta":{"_bbp_topic_count":0,"_bbp_reply_count":0,"_bbp_total_topic_count":0,"_bbp_total_reply_count":0,"_bbp_voice_count":0,"_bbp_anonymous_reply_count":0,"_bbp_topic_count_hidden":0,"_bbp_reply_count_hidden":0,"_bbp_forum_subforum_count":0,"site-sidebar-layout":"default","site-content-layout":"","ast-site-content-layout":"","site-content-style":"default","site-sidebar-style":"default","ast-global-header-display":"","ast-banner-title-visibility":"","ast-main-header-display":"","ast-hfb-above-header-display":"","ast-hfb-below-header-display":"","ast-hfb-mobile-header-display":"","site-post-title":"","ast-breadcrumbs-content":"","ast-featured-img":"","footer-sml-layout":"","theme-transparent-header-meta":"","adv-header-id-meta":"","stick-header-meta":"","header-above-stick-meta":"","header-main-stick-meta":"","header-below-stick-meta":"","astra-migrate-meta-layouts":"default","ast-page-background-enabled":"default","ast-page-background-meta":{"desktop":{"background-color":"var(--ast-global-color-4)","background-image":"","background-repeat":"repeat","background-position":"center center","background-size":"auto","background-attachment":"scroll","background-type":"","background-media":"","overlay-type":"","overlay-color":"","overlay-opacity":"","overlay-gradient":""},"tablet":{"background-color":"","background-image":"","background-repeat":"repeat","background-position":"center center","background-size":"auto","background-attachment":"scroll","background-type":"","background-media":"","overlay-type":"","overlay-color":"","overlay-opacity":"","overlay-gradient":""},"mobile":{"background-color":"","background-image":"","background-repeat":"repeat","background-position":"center center","background-size":"auto","background-attachment":"scroll","background-type":"","background-media":"","overlay-type":"","overlay-color":"","overlay-opacity":"","overlay-gradient":""}},"ast-content-background-meta":{"desktop":{"background-color":"var(--ast-global-color-5)","background-image":"","background-repeat":"repeat","background-position":"center center","background-size":"auto","background-attachment":"scroll","background-type":"","background-media":"","overlay-type":"","overlay-color":"","overlay-opacity":"","overlay-gradient":""},"tablet":{"background-color":"var(--ast-global-color-5)","background-image":"","background-repeat":"repeat","background-position":"center center","background-size":"auto","background-attachment":"scroll","background-type":"","background-media":"","overlay-type":"","overlay-color":"","overlay-opacity":"","overlay-gradient":""},"mobile":{"background-color":"var(--ast-global-color-5)","background-image":"","background-repeat":"repeat","background-position":"center center","background-size":"auto","background-attachment":"scroll","background-type":"","background-media":"","overlay-type":"","overlay-color":"","overlay-opacity":"","overlay-gradient":""}},"footnotes":""},"class_list":["post-508","page","type-page","status-publish","hentry"],"post_mailing_queue_ids":[],"_links":{"self":[{"href":"https:\/\/agora.xtec.cat\/esc-elsalocs\/wp-json\/wp\/v2\/pages\/508","targetHints":{"allow":["GET"]}}],"collection":[{"href":"https:\/\/agora.xtec.cat\/esc-elsalocs\/wp-json\/wp\/v2\/pages"}],"about":[{"href":"https:\/\/agora.xtec.cat\/esc-elsalocs\/wp-json\/wp\/v2\/types\/page"}],"author":[{"embeddable":true,"href":"https:\/\/agora.xtec.cat\/esc-elsalocs\/wp-json\/wp\/v2\/users\/1"}],"replies":[{"embeddable":true,"href":"https:\/\/agora.xtec.cat\/esc-elsalocs\/wp-json\/wp\/v2\/comments?post=508"}],"version-history":[{"count":5,"href":"https:\/\/agora.xtec.cat\/esc-elsalocs\/wp-json\/wp\/v2\/pages\/508\/revisions"}],"predecessor-version":[{"id":5073,"href":"https:\/\/agora.xtec.cat\/esc-elsalocs\/wp-json\/wp\/v2\/pages\/508\/revisions\/5073"}],"up":[{"embeddable":true,"href":"https:\/\/agora.xtec.cat\/esc-elsalocs\/wp-json\/wp\/v2\/pages\/501"}],"wp:attachment":[{"href":"https:\/\/agora.xtec.cat\/esc-elsalocs\/wp-json\/wp\/v2\/media?parent=508"}],"curies":[{"name":"wp","href":"https:\/\/api.w.org\/{rel}","templated":true}]}}