{"id":5077,"date":"2025-06-19T12:49:17","date_gmt":"2025-06-19T10:49:17","guid":{"rendered":"https:\/\/agora.xtec.cat\/esc-elsalocs\/?page_id=5077"},"modified":"2025-06-19T12:49:36","modified_gmt":"2025-06-19T10:49:36","slug":"que-cal-portar-a-i3","status":"publish","type":"page","link":"https:\/\/agora.xtec.cat\/esc-elsalocs\/informacions-generals\/que-cal-portar-a-i3\/","title":{"rendered":"Qu\u00e8 cal portar a i3"},"content":{"rendered":"<p class=\"p1\">En aquesta p\u00e0gina us expliquem el material que cal portar el curs d&#8217;i3. Tot el material s&#8217;ha de marcar amb el nom!<\/p>\n<h4><strong><span style=\"color: #cc99ff;\">Material per l&#8217;aula\u00a0<\/span><\/strong><\/h4>\n<p style=\"text-align: justify;\">Una <strong><span style=\"color: #339966;\">bata<\/span><\/strong> cordada al davant amb goma als punys i goma el\u00e0stica per penjar-la b\u00e9. La bata tornar\u00e0 a casa quan es cregui oport\u00fa. Recordeu posar-hi el nom!<\/p>\n<p style=\"text-align: justify;\">Una <strong><span style=\"color: #339966;\">bosseta i tovall\u00f3<\/span><\/strong> per l\u2019esmorzar.<\/p>\n<p style=\"text-align: justify;\">Una <strong><span style=\"color: #339966;\">ampolla<\/span><\/strong>, tipus cantimplora o termo petit. Aquesta cantimplora ha de cabre dins la bosseta de l\u2019esmorzar perqu\u00e8 anir\u00e0 i vindr\u00e0 de l\u2019escola a casa i de casa a l\u2019escola cada dia.<\/p>\n<p style=\"text-align: justify;\">Una <strong><span style=\"color: #339966;\">muda<\/span><\/strong> completa a dins d\u2019una bossa. Les mestres us avisaran per canviar la muda quan canvi\u00ef el temps.<\/p>\n<p style=\"text-align: justify;\">Una capsa de <span style=\"color: #339966;\"><strong>mocadors de paper<\/strong><\/span>. S\u00f3n d&#8217;\u00fas col\u00b7lectiu i en tornarem a demanar quan s&#8217;acabin.<\/p>\n<p style=\"text-align: justify;\">Una capsa de <strong><span style=\"color: #339966;\">tovalloletes humides<\/span><\/strong>. S\u00f3n d&#8217;\u00fas col\u00b7lectiu i en tornarem a demanar quan s&#8217;acabin.<\/p>\n<p style=\"text-align: justify;\">Uns <span style=\"color: #339966;\"><strong>mitjons antilliscants<\/strong><\/span> per anar al gimn\u00e0s marcats amb el nom. Serviran per a l&#8217;activitat de psicomotricitat i dansa. Es quedaran a l&#8217;escola.<\/p>\n<p style=\"text-align: justify;\">Una <strong><span style=\"color: #339966;\">fotografia de les vacances<\/span><\/strong>: <span style=\"font-weight: 400;\">mida 10 x 15 cm o 13 x 18 cm. Q<\/span><span style=\"font-weight: 400;\">ue hi surti el nen o nena amb els familiars m\u00e9s propers. Ser\u00e0 <\/span><span style=\"font-weight: 400;\">per tenir el referent de casa els primers dies d\u2019escola.<\/span><\/p>\n<h4><strong><span style=\"color: #cc99ff;\">Material per l&#8217;espai del migdia\u00a0<\/span><\/strong><\/h4>\n<p style=\"text-align: justify;\"><span style=\"font-weight: 400;\">Nom\u00e9s pels nens i nenes que es quedaran a dinar a l\u2019escola. Tot el material que us demanem a continuaci\u00f3, haur\u00e0 d\u2019anar dins d\u2019una bossa de roba diferent de la de l\u2019esmorzar.<\/span><\/p>\n<p style=\"text-align: justify;\">Una <span style=\"color: #339966;\"><strong>bata\u00a0<\/strong><span style=\"color: #000000;\">amb <\/span><\/span><span style=\"font-weight: 400;\">una veta llarga, marcada amb el nom i <\/span><span style=\"font-weight: 400;\">tancada (amb goma per passar-la pel <\/span><span style=\"font-weight: 400;\">cap). Va a casa els divendres.<\/span><\/p>\n<p class=\"p1\" style=\"text-align: justify;\"><span style=\"color: #339966;\"><strong>Tovall\u00f3 de roba i got<\/strong><\/span> de pl\u00e0stic per desar-lo. El proporciona l&#8217;escola i torna a casa divendres.<\/p>\n<p style=\"text-align: justify;\"><span style=\"font-weight: 400;\"><span style=\"color: #339966;\"><strong>Llen\u00e7ol<\/strong><\/span> que proporcionar\u00e0 l&#8217;escola. Marcat amb el nom segons instruccions i que tornar\u00e0 a casa cada 15 dies.\u00a0<\/span><\/p>\n<p style=\"text-align: justify;\"><span style=\"font-weight: 400;\"><strong><span style=\"color: #339966;\">Peluix per dormir<\/span><\/strong> per qui ho necessiti. A<\/span><span style=\"font-weight: 400;\">l vostre criteri i nom\u00e9s en cas que ho <\/span><span style=\"font-weight: 400;\">creieu necessari. A<\/span><span style=\"font-weight: 400;\">lguns nens i nenes \u00a0 necessiten tocar alguna cosa suau per fer venir la son.<\/span><\/p>\n<h4><span style=\"color: #cc99ff;\">Observacions generals<\/span><\/h4>\n<p style=\"text-align: justify;\"><span style=\"color: #339966;\"><b>Prepareu conjuntament<\/b><\/span><span style=\"font-weight: 400;\"> amb el vostre fill\/a tot <\/span><span style=\"color: #339966;\"><b>el material<\/b><\/span><span style=\"font-weight: 400;\"> que haureu de portar a l\u2019escola el primer dia. \u00c9s una manera de fer-lo participar d\u2019aquest esdeveniment tan important de la seva vida i establir complicitats amb l\u2019escola.<\/span><\/p>\n<p><span style=\"font-weight: 400;\">Cal que els nens\/es vinguin <\/span><span style=\"color: #339966;\"><b>sempre<\/b><\/span><span style=\"font-weight: 400;\"> a l\u2019escola amb <\/span><span style=\"color: #339966;\"><b>roba c\u00f2moda<\/b><\/span><span style=\"font-weight: 400;\"> que faciliti la seva autonomia. Aconsellem pantalons amb goma, cal\u00e7at amb velcro,\u00a0 xandall o similar&#8230;<\/span><\/p>\n<p><span style=\"font-weight: 400;\">Podeu marcar tot el material amb <\/span><b><span style=\"color: #339966;\">lletra maj\u00fascula<\/span><\/b>. Per tal que<span style=\"font-weight: 400;\">\u00a0puguin identificar el seu nom m\u00e9s f\u00e0cilment.<\/span><\/p>\n","protected":false},"excerpt":{"rendered":"<p>En aquesta p\u00e0gina us expliquem el material que cal portar el curs d&#8217;i3. Tot el material s&#8217;ha de marcar amb el nom! Material per l&#8217;aula\u00a0 Una bata cordada al davant amb goma als punys i goma el\u00e0stica per penjar-la b\u00e9. La bata tornar\u00e0 a casa quan es cregui oport\u00fa. Recordeu posar-hi el nom! Una bosseta [&hellip;]<\/p>\n","protected":false},"author":5,"featured_media":0,"parent":501,"menu_order":3,"comment_status":"closed","ping_status":"closed","template":"page-templates\/side-menu.php","meta":{"_bbp_topic_count":0,"_bbp_reply_count":0,"_bbp_total_topic_count":0,"_bbp_total_reply_count":0,"_bbp_voice_count":0,"_bbp_anonymous_reply_count":0,"_bbp_topic_count_hidden":0,"_bbp_reply_count_hidden":0,"_bbp_forum_subforum_count":0,"site-sidebar-layout":"default","site-content-layout":"","ast-site-content-layout":"","site-content-style":"default","site-sidebar-style":"default","ast-global-header-display":"","ast-banner-title-visibility":"","ast-main-header-display":"","ast-hfb-above-header-display":"","ast-hfb-below-header-display":"","ast-hfb-mobile-header-display":"","site-post-title":"","ast-breadcrumbs-content":"","ast-featured-img":"","footer-sml-layout":"","theme-transparent-header-meta":"","adv-header-id-meta":"","stick-header-meta":"","header-above-stick-meta":"","header-main-stick-meta":"","header-below-stick-meta":"","astra-migrate-meta-layouts":"default","ast-page-background-enabled":"default","ast-page-background-meta":{"desktop":{"background-color":"var(--ast-global-color-4)","background-image":"","background-repeat":"repeat","background-position":"center center","background-size":"auto","background-attachment":"scroll","background-type":"","background-media":"","overlay-type":"","overlay-color":"","overlay-opacity":"","overlay-gradient":""},"tablet":{"background-color":"","background-image":"","background-repeat":"repeat","background-position":"center center","background-size":"auto","background-attachment":"scroll","background-type":"","background-media":"","overlay-type":"","overlay-color":"","overlay-opacity":"","overlay-gradient":""},"mobile":{"background-color":"","background-image":"","background-repeat":"repeat","background-position":"center center","background-size":"auto","background-attachment":"scroll","background-type":"","background-media":"","overlay-type":"","overlay-color":"","overlay-opacity":"","overlay-gradient":""}},"ast-content-background-meta":{"desktop":{"background-color":"var(--ast-global-color-5)","background-image":"","background-repeat":"repeat","background-position":"center center","background-size":"auto","background-attachment":"scroll","background-type":"","background-media":"","overlay-type":"","overlay-color":"","overlay-opacity":"","overlay-gradient":""},"tablet":{"background-color":"var(--ast-global-color-5)","background-image":"","background-repeat":"repeat","background-position":"center center","background-size":"auto","background-attachment":"scroll","background-type":"","background-media":"","overlay-type":"","overlay-color":"","overlay-opacity":"","overlay-gradient":""},"mobile":{"background-color":"var(--ast-global-color-5)","background-image":"","background-repeat":"repeat","background-position":"center center","background-size":"auto","background-attachment":"scroll","background-type":"","background-media":"","overlay-type":"","overlay-color":"","overlay-opacity":"","overlay-gradient":""}},"footnotes":""},"class_list":["post-5077","page","type-page","status-publish","hentry"],"post_mailing_queue_ids":[],"_links":{"self":[{"href":"https:\/\/agora.xtec.cat\/esc-elsalocs\/wp-json\/wp\/v2\/pages\/5077","targetHints":{"allow":["GET"]}}],"collection":[{"href":"https:\/\/agora.xtec.cat\/esc-elsalocs\/wp-json\/wp\/v2\/pages"}],"about":[{"href":"https:\/\/agora.xtec.cat\/esc-elsalocs\/wp-json\/wp\/v2\/types\/page"}],"author":[{"embeddable":true,"href":"https:\/\/agora.xtec.cat\/esc-elsalocs\/wp-json\/wp\/v2\/users\/5"}],"replies":[{"embeddable":true,"href":"https:\/\/agora.xtec.cat\/esc-elsalocs\/wp-json\/wp\/v2\/comments?post=5077"}],"version-history":[{"count":4,"href":"https:\/\/agora.xtec.cat\/esc-elsalocs\/wp-json\/wp\/v2\/pages\/5077\/revisions"}],"predecessor-version":[{"id":5081,"href":"https:\/\/agora.xtec.cat\/esc-elsalocs\/wp-json\/wp\/v2\/pages\/5077\/revisions\/5081"}],"up":[{"embeddable":true,"href":"https:\/\/agora.xtec.cat\/esc-elsalocs\/wp-json\/wp\/v2\/pages\/501"}],"wp:attachment":[{"href":"https:\/\/agora.xtec.cat\/esc-elsalocs\/wp-json\/wp\/v2\/media?parent=5077"}],"curies":[{"name":"wp","href":"https:\/\/api.w.org\/{rel}","templated":true}]}}