{"id":482,"date":"2016-10-03T09:56:52","date_gmt":"2016-10-03T07:56:52","guid":{"rendered":"http:\/\/agora.xtec.cat\/esc-elsalocs\/?page_id=482"},"modified":"2025-06-19T10:01:08","modified_gmt":"2025-06-19T08:01:08","slug":"el-nom-de-lescola","status":"publish","type":"page","link":"https:\/\/agora.xtec.cat\/esc-elsalocs\/lescola\/el-nom-de-lescola\/","title":{"rendered":"El nom de l&#8217;escola"},"content":{"rendered":"<p><a href=\"http:\/\/agora.xtec.cat\/esc-elsalocs\/wp-content\/uploads\/usu1474\/2016\/10\/Imagen1.jpg\"><img loading=\"lazy\" decoding=\"async\" class=\" wp-image-489 alignleft\" src=\"http:\/\/agora.xtec.cat\/esc-elsalocs\/wp-content\/uploads\/usu1474\/2016\/10\/Imagen1.jpg\" alt=\"imagen1\" width=\"183\" height=\"545\" srcset=\"https:\/\/agora.xtec.cat\/esc-elsalocs\/wp-content\/uploads\/usu1474\/2016\/10\/Imagen1.jpg 277w, https:\/\/agora.xtec.cat\/esc-elsalocs\/wp-content\/uploads\/usu1474\/2016\/10\/Imagen1-101x300.jpg 101w\" sizes=\"auto, (max-width: 183px) 100vw, 183px\" \/><\/a>Busc\u00e0vem un nom que vincul\u00e9s l\u2019escola amb el seu entorn, que son\u00e9s b\u00e9, que ens defin\u00eds&#8230; El nom d\u2019un top\u00f2nim, d\u2019una planta aut\u00f2ctona, algun element relacionat amb el mar, amb les flors, amb les rieres, amb l\u2019art, amb els nens i nenes&#8230;<\/p>\n<p><strong><span style=\"color: #cc99ff;\">Els Alocs<\/span><\/strong><\/p>\n<p>L\u2019aloc, de nom cient\u00edfic Vitex agnus-castus, \u00e9s un arbust caducifoli d\u2019al\u00e7\u00e0ria compresa entre els 1 i 3 metres que es caracteritza per tenir les fulles oposades, llargament peciolades i palmades; les flors, d\u2019un blau lil\u00f3s, es reuneixen en llargues i estretes espigues molt flairoses i vistoses a l\u2019estiu; el fruit \u00e9s petit, esf\u00e8ric i de color negre.<\/p>\n<p>T\u00e9 m\u00faltiples usos i virtuts medicinals.<\/p>\n<p>Tradicionalment, havia estat usat per la pagesia per consolidar les motes de terra aix\u00ed com per fer estris de v\u00edmet i foragitar els polls del bestiar.<\/p>\n<p>A Catalunya viu associat als marges de les rieres, torrents i rambles del litoral sil\u00edcic, i \u00e9s al Maresme on es troba m\u00e9s ben representat.<\/p>\n<p>Malauradament, passejant per les nostres rieres es pot comprovar que cada cop \u00e9s m\u00e9s dif\u00edcil trobar-ne.<\/p>\n<p><a href=\"http:\/\/ca.wikipedia.org\/wiki\/Aloc\">saber-ne m\u00e9s<\/a><\/p>\n<h3><span style=\"color: #339966;\">El logotip de l&#8217;escola<\/span><\/h3>\n<p><strong><span style=\"color: #cc99ff;\">Per qu\u00e8 aquests colors?<\/span><\/strong><a href=\"http:\/\/agora.xtec.cat\/esc-elsalocs\/wp-content\/uploads\/usu1474\/2016\/10\/logo.gif\"><img loading=\"lazy\" decoding=\"async\" class=\"size-full wp-image-487 alignright\" src=\"http:\/\/agora.xtec.cat\/esc-elsalocs\/wp-content\/uploads\/usu1474\/2016\/10\/logo.gif\" alt=\"logo\" width=\"277\" height=\"175\" \/><\/a><\/p>\n<p>Cada color simbolitza o l&#8217;aloc pr\u00f2piament o b\u00e9 all\u00f2 que li dona vida.<\/p>\n<p>El groc fa refer\u00e8ncia al sol, gr\u00e0cies al qual l&#8217;aloc fa la fotos\u00edntesi; el blau fa refer\u00e8ncia a l&#8217;aigua, que el rega i dona lloc a un dels seus principals ecosistemes, la riera; el verd i el blau lil\u00f3s simbolitzen la tija, les fulles i la flor respectivament, els tres elements b\u00e0sics d&#8217;aquest arbust.<\/p>\n<p>El vermell de les lletres \u00e9s simplement per complementar est\u00e8ticament el conjunt.<\/p>\n<p><strong><span style=\"color: #cc99ff;\">Per qu\u00e8 aquesta forma i aquesta composici\u00f3?<\/span><\/strong><\/p>\n<p>L&#8217;espiral representa la hist\u00f2ria particular de cadascun dels elements comentats anteriorment, que al mateix temps s&#8217;entrecreuen entre ells representant aix\u00ed els lligams i les relacions que hi ha entre aquests elements.<\/p>\n<p>Aquesta composici\u00f3, per\u00f2, permet una segona lectura:<\/p>\n<p>Cada espiral representa un individu (infant de l&#8217;escola), per aix\u00f2 les espirals s\u00f3n de mides diferents, per representar diferents edats. En aquesta lectura els colors passen a fer refer\u00e8ncia a la cultura i car\u00e0cter particular de cada individu, que igual que l&#8217;aloc, el sol i l&#8217;aigua, tamb\u00e9 es relacionen entre ells i creen lligams (en aquest cas socials).<\/p>\n<p><span style=\"color: #cc99ff;\"><strong>Per qu\u00e8 aquesta t\u00e8cnica?<\/strong><\/span><\/p>\n<p>S&#8217;ha emprat la t\u00e8cnica dels colors de fusta perqu\u00e8 \u00e9s una t\u00e8cnica molt propera a qualsevol infant.<\/p>\n","protected":false},"excerpt":{"rendered":"<p>Busc\u00e0vem un nom que vincul\u00e9s l\u2019escola amb el seu entorn, que son\u00e9s b\u00e9, que ens defin\u00eds&#8230; El nom d\u2019un top\u00f2nim, d\u2019una planta aut\u00f2ctona, algun element relacionat amb el mar, amb les flors, amb les rieres, amb l\u2019art, amb els nens i nenes&#8230; Els Alocs L\u2019aloc, de nom cient\u00edfic Vitex agnus-castus, \u00e9s un arbust caducifoli d\u2019al\u00e7\u00e0ria [&hellip;]<\/p>\n","protected":false},"author":1,"featured_media":0,"parent":22,"menu_order":1,"comment_status":"closed","ping_status":"closed","template":"page-templates\/side-menu.php","meta":{"_bbp_topic_count":0,"_bbp_reply_count":0,"_bbp_total_topic_count":0,"_bbp_total_reply_count":0,"_bbp_voice_count":0,"_bbp_anonymous_reply_count":0,"_bbp_topic_count_hidden":0,"_bbp_reply_count_hidden":0,"_bbp_forum_subforum_count":0,"site-sidebar-layout":"default","site-content-layout":"","ast-site-content-layout":"","site-content-style":"default","site-sidebar-style":"default","ast-global-header-display":"","ast-banner-title-visibility":"","ast-main-header-display":"","ast-hfb-above-header-display":"","ast-hfb-below-header-display":"","ast-hfb-mobile-header-display":"","site-post-title":"","ast-breadcrumbs-content":"","ast-featured-img":"","footer-sml-layout":"","theme-transparent-header-meta":"","adv-header-id-meta":"","stick-header-meta":"","header-above-stick-meta":"","header-main-stick-meta":"","header-below-stick-meta":"","astra-migrate-meta-layouts":"default","ast-page-background-enabled":"default","ast-page-background-meta":{"desktop":{"background-color":"var(--ast-global-color-4)","background-image":"","background-repeat":"repeat","background-position":"center center","background-size":"auto","background-attachment":"scroll","background-type":"","background-media":"","overlay-type":"","overlay-color":"","overlay-opacity":"","overlay-gradient":""},"tablet":{"background-color":"","background-image":"","background-repeat":"repeat","background-position":"center center","background-size":"auto","background-attachment":"scroll","background-type":"","background-media":"","overlay-type":"","overlay-color":"","overlay-opacity":"","overlay-gradient":""},"mobile":{"background-color":"","background-image":"","background-repeat":"repeat","background-position":"center center","background-size":"auto","background-attachment":"scroll","background-type":"","background-media":"","overlay-type":"","overlay-color":"","overlay-opacity":"","overlay-gradient":""}},"ast-content-background-meta":{"desktop":{"background-color":"var(--ast-global-color-5)","background-image":"","background-repeat":"repeat","background-position":"center center","background-size":"auto","background-attachment":"scroll","background-type":"","background-media":"","overlay-type":"","overlay-color":"","overlay-opacity":"","overlay-gradient":""},"tablet":{"background-color":"var(--ast-global-color-5)","background-image":"","background-repeat":"repeat","background-position":"center center","background-size":"auto","background-attachment":"scroll","background-type":"","background-media":"","overlay-type":"","overlay-color":"","overlay-opacity":"","overlay-gradient":""},"mobile":{"background-color":"var(--ast-global-color-5)","background-image":"","background-repeat":"repeat","background-position":"center center","background-size":"auto","background-attachment":"scroll","background-type":"","background-media":"","overlay-type":"","overlay-color":"","overlay-opacity":"","overlay-gradient":""}},"footnotes":""},"class_list":["post-482","page","type-page","status-publish","hentry"],"post_mailing_queue_ids":[],"_links":{"self":[{"href":"https:\/\/agora.xtec.cat\/esc-elsalocs\/wp-json\/wp\/v2\/pages\/482","targetHints":{"allow":["GET"]}}],"collection":[{"href":"https:\/\/agora.xtec.cat\/esc-elsalocs\/wp-json\/wp\/v2\/pages"}],"about":[{"href":"https:\/\/agora.xtec.cat\/esc-elsalocs\/wp-json\/wp\/v2\/types\/page"}],"author":[{"embeddable":true,"href":"https:\/\/agora.xtec.cat\/esc-elsalocs\/wp-json\/wp\/v2\/users\/1"}],"replies":[{"embeddable":true,"href":"https:\/\/agora.xtec.cat\/esc-elsalocs\/wp-json\/wp\/v2\/comments?post=482"}],"version-history":[{"count":6,"href":"https:\/\/agora.xtec.cat\/esc-elsalocs\/wp-json\/wp\/v2\/pages\/482\/revisions"}],"predecessor-version":[{"id":5033,"href":"https:\/\/agora.xtec.cat\/esc-elsalocs\/wp-json\/wp\/v2\/pages\/482\/revisions\/5033"}],"up":[{"embeddable":true,"href":"https:\/\/agora.xtec.cat\/esc-elsalocs\/wp-json\/wp\/v2\/pages\/22"}],"wp:attachment":[{"href":"https:\/\/agora.xtec.cat\/esc-elsalocs\/wp-json\/wp\/v2\/media?parent=482"}],"curies":[{"name":"wp","href":"https:\/\/api.w.org\/{rel}","templated":true}]}}