{"id":478,"date":"2016-10-03T09:46:57","date_gmt":"2016-10-03T07:46:57","guid":{"rendered":"http:\/\/agora.xtec.cat\/esc-elsalocs\/?page_id=478"},"modified":"2026-03-22T10:38:14","modified_gmt":"2026-03-22T09:38:14","slug":"documents-descola","status":"publish","type":"page","link":"https:\/\/agora.xtec.cat\/esc-elsalocs\/lescola\/documents-descola\/","title":{"rendered":"Documents d&#8217;escola"},"content":{"rendered":"<p>Aquest apartat pret\u00e9n anar recollint aquells documents que ens defineixen com a escola i que marquen el nostre full de ruta:<\/p>\n<h4><a href=\"https:\/\/drive.google.com\/file\/d\/1ruHBvHcmAD0nvigNKzfbGJD5kgG7tIRz\/view?usp=sharing\">Projecte educatiu<\/a><\/h4>\n<h4><a href=\"https:\/\/drive.google.com\/file\/d\/1pAgD4Kz0uBzdiAGr5ZJws8yfyOki7NV9\/view?usp=sharing\">La documentaci\u00f3 pedag\u00f2gica a l&#8217;escola Els Alocs<\/a><\/h4>\n<h4><a href=\"https:\/\/drive.google.com\/file\/d\/1rO_cB8RgctaEJ8gpsgHAuTwiPDp_wsBC\/view?usp=sharing\">Avaluaci\u00f3. El retorn<\/a><\/h4>\n<h4><a href=\"https:\/\/drive.google.com\/file\/d\/1U02y_fCEtVGslsJaRoDP1L9FP5LaXh22\/view?usp=sharing\" target=\"_blank\" rel=\"noopener noreferrer\">Repensar temps d&#8217;escola<\/a><\/h4>\n<h4><a href=\"https:\/\/drive.google.com\/file\/d\/1tIW9aTtYWB_Bc7mFpOWc4gG7M0ELpTBs\/view?usp=sharing\" target=\"_blank\" rel=\"noopener noreferrer\">El menjador que volem<\/a><\/h4>\n<h4><a href=\"https:\/\/drive.google.com\/file\/d\/1quEPDUMsKnYwhlAYXTWzTRQQcg3VoS-n\/view?usp=sharing\" target=\"_blank\" rel=\"noopener noreferrer\">Projec<\/a><a href=\"https:\/\/drive.google.com\/file\/d\/1e1HU_TM74WeiPod0Ouqh5eN-mG9fGB7e\/view?usp=sharing\" target=\"_blank\" rel=\"noopener noreferrer\">te ling\u00fc\u00edstic<\/a><\/h4>\n<h4><a href=\"https:\/\/drive.google.com\/file\/d\/1ZwQQfhd_3GdptXBJW70es7pZ0B-dCMnO\/view?usp=sharing\">Un llenguatge m\u00e9s. escriptura coreogr\u00e0f<span style=\"color: #00ccff;\">ica<\/span><\/a><\/h4>\n<h4><a href=\"https:\/\/drive.google.com\/file\/d\/1WWrKtYjSv0dV3CmD9B4mS6jUtYcUxJfw\/view?usp=sharing\" target=\"_blank\" rel=\"noopener noreferrer\">Normes d&#8217;organitzaci\u00f3 i funcionament<\/a><\/h4>\n<h4><a href=\"https:\/\/drive.google.com\/file\/d\/14TCaT1_qo8HToSQIy1UUFfLZpXVFs9s_\/view?usp=sharing\">Pla d&#8217;acollida<\/a><\/h4>\n<h4><a href=\"https:\/\/drive.google.com\/file\/d\/1lGGUVFxNfpBcME8jYb3hy8bWM3BwTq3c\/view?usp=sharing\" target=\"_blank\" rel=\"noopener noreferrer\">Projecte de conviv\u00e8ncia<\/a><\/h4>\n<h4><a href=\"https:\/\/agora.xtec.cat\/esc-elsalocs\/lescola\/\">L&#8217;escola: visi\u00f3, valors i comprom\u00eds<\/a><\/h4>\n<h4><a href=\"https:\/\/drive.google.com\/file\/d\/1miV8VXsTdGyLBzdLTksrsoH_IPdBlU2D\/view?usp=sharing\">Llibret de les portes obertes<\/a><\/h4>\n<h4><a href=\"https:\/\/drive.google.com\/file\/d\/1A25_wlj-qLLiLoz-v-LS_d578BFjZU4Q\/view?usp=sharing\"><strong>V\u00eddeo escola Els Alocs<\/strong><\/a><\/h4>\n<h4><a href=\"https:\/\/sites.google.com\/xtec.cat\/edc-els-alocs\/cultura-digital\/compet%C3%A8ncia-digital-de-lalumnat\">Estrat\u00e8gia digital de centre<\/a><\/h4>\n<h4>Com s&#8217;apr\u00e8n: <strong><span style=\"color: #ff6600;\"><a style=\"color: #ff6600;\" href=\"https:\/\/drive.google.com\/file\/d\/1hhgv5bIhNw-MLmDhIOtfhbAhCGGfWW6l\/view?usp=sharing\">flexibilitat<\/a><\/span><\/strong>, <a href=\"https:\/\/drive.google.com\/file\/d\/1KPY5-IiypQLQ0GsMrDZydocOONqEkpNn\/view?usp=sharing\"><strong><span style=\"color: #0000ff;\">autonomia<\/span><\/strong><\/a>, <a href=\"https:\/\/drive.google.com\/file\/d\/1_r9YnbuONVWMUSBxDQLHqZ8Wz8ZkCqo0\/view?usp=sharing\"><strong><span style=\"color: #ff00ff;\">consci\u00e8ncia d&#8217;un mateix<\/span><\/strong><\/a>, <strong><a href=\"https:\/\/drive.google.com\/file\/d\/175EajIyAIOhtUDnttz1USdxpSbifejiF\/view?usp=sharing\"><span style=\"color: #ff9900;\">motivaci\u00f3<\/span><\/a> <\/strong>i <span style=\"color: #008000;\"><strong><a style=\"color: #008000;\" href=\"https:\/\/drive.google.com\/file\/d\/1F6M2OZbregYMpBcdUnE3Z4ZyYeZh45-6\/view?usp=sharing\">conversa<\/a><\/strong>.<\/span><\/h4>\n<div class=\"itanywhere-activator\" style=\"left: 0px; top: 133px; display: none;\" title=\"Google Translator Anywhere\"><\/div>\n","protected":false},"excerpt":{"rendered":"<p>Aquest apartat pret\u00e9n anar recollint aquells documents que ens defineixen com a escola i que marquen el nostre full de ruta: Projecte educatiu La documentaci\u00f3 pedag\u00f2gica a l&#8217;escola Els Alocs Avaluaci\u00f3. El retorn Repensar temps d&#8217;escola El menjador que volem Projecte ling\u00fc\u00edstic Un llenguatge m\u00e9s. escriptura coreogr\u00e0fica Normes d&#8217;organitzaci\u00f3 i funcionament Pla d&#8217;acollida Projecte de [&hellip;]<\/p>\n","protected":false},"author":1,"featured_media":0,"parent":22,"menu_order":2,"comment_status":"closed","ping_status":"closed","template":"page-templates\/side-menu.php","meta":{"_bbp_topic_count":0,"_bbp_reply_count":0,"_bbp_total_topic_count":0,"_bbp_total_reply_count":0,"_bbp_voice_count":0,"_bbp_anonymous_reply_count":0,"_bbp_topic_count_hidden":0,"_bbp_reply_count_hidden":0,"_bbp_forum_subforum_count":0,"site-sidebar-layout":"default","site-content-layout":"","ast-site-content-layout":"","site-content-style":"default","site-sidebar-style":"default","ast-global-header-display":"","ast-banner-title-visibility":"","ast-main-header-display":"","ast-hfb-above-header-display":"","ast-hfb-below-header-display":"","ast-hfb-mobile-header-display":"","site-post-title":"","ast-breadcrumbs-content":"","ast-featured-img":"","footer-sml-layout":"","theme-transparent-header-meta":"","adv-header-id-meta":"","stick-header-meta":"","header-above-stick-meta":"","header-main-stick-meta":"","header-below-stick-meta":"","astra-migrate-meta-layouts":"default","ast-page-background-enabled":"default","ast-page-background-meta":{"desktop":{"background-color":"var(--ast-global-color-4)","background-image":"","background-repeat":"repeat","background-position":"center center","background-size":"auto","background-attachment":"scroll","background-type":"","background-media":"","overlay-type":"","overlay-color":"","overlay-opacity":"","overlay-gradient":""},"tablet":{"background-color":"","background-image":"","background-repeat":"repeat","background-position":"center center","background-size":"auto","background-attachment":"scroll","background-type":"","background-media":"","overlay-type":"","overlay-color":"","overlay-opacity":"","overlay-gradient":""},"mobile":{"background-color":"","background-image":"","background-repeat":"repeat","background-position":"center center","background-size":"auto","background-attachment":"scroll","background-type":"","background-media":"","overlay-type":"","overlay-color":"","overlay-opacity":"","overlay-gradient":""}},"ast-content-background-meta":{"desktop":{"background-color":"var(--ast-global-color-5)","background-image":"","background-repeat":"repeat","background-position":"center center","background-size":"auto","background-attachment":"scroll","background-type":"","background-media":"","overlay-type":"","overlay-color":"","overlay-opacity":"","overlay-gradient":""},"tablet":{"background-color":"var(--ast-global-color-5)","background-image":"","background-repeat":"repeat","background-position":"center center","background-size":"auto","background-attachment":"scroll","background-type":"","background-media":"","overlay-type":"","overlay-color":"","overlay-opacity":"","overlay-gradient":""},"mobile":{"background-color":"var(--ast-global-color-5)","background-image":"","background-repeat":"repeat","background-position":"center center","background-size":"auto","background-attachment":"scroll","background-type":"","background-media":"","overlay-type":"","overlay-color":"","overlay-opacity":"","overlay-gradient":""}},"footnotes":""},"class_list":["post-478","page","type-page","status-publish","hentry"],"post_mailing_queue_ids":[],"_links":{"self":[{"href":"https:\/\/agora.xtec.cat\/esc-elsalocs\/wp-json\/wp\/v2\/pages\/478","targetHints":{"allow":["GET"]}}],"collection":[{"href":"https:\/\/agora.xtec.cat\/esc-elsalocs\/wp-json\/wp\/v2\/pages"}],"about":[{"href":"https:\/\/agora.xtec.cat\/esc-elsalocs\/wp-json\/wp\/v2\/types\/page"}],"author":[{"embeddable":true,"href":"https:\/\/agora.xtec.cat\/esc-elsalocs\/wp-json\/wp\/v2\/users\/1"}],"replies":[{"embeddable":true,"href":"https:\/\/agora.xtec.cat\/esc-elsalocs\/wp-json\/wp\/v2\/comments?post=478"}],"version-history":[{"count":8,"href":"https:\/\/agora.xtec.cat\/esc-elsalocs\/wp-json\/wp\/v2\/pages\/478\/revisions"}],"predecessor-version":[{"id":5290,"href":"https:\/\/agora.xtec.cat\/esc-elsalocs\/wp-json\/wp\/v2\/pages\/478\/revisions\/5290"}],"up":[{"embeddable":true,"href":"https:\/\/agora.xtec.cat\/esc-elsalocs\/wp-json\/wp\/v2\/pages\/22"}],"wp:attachment":[{"href":"https:\/\/agora.xtec.cat\/esc-elsalocs\/wp-json\/wp\/v2\/media?parent=478"}],"curies":[{"name":"wp","href":"https:\/\/api.w.org\/{rel}","templated":true}]}}