{"id":467,"date":"2016-10-03T09:20:04","date_gmt":"2016-10-03T07:20:04","guid":{"rendered":"http:\/\/agora.xtec.cat\/esc-elsalocs\/?page_id=467"},"modified":"2026-01-08T13:40:10","modified_gmt":"2026-01-08T12:40:10","slug":"consell-escolar-2","status":"publish","type":"page","link":"https:\/\/agora.xtec.cat\/esc-elsalocs\/lescola\/consell-escolar-2\/","title":{"rendered":"Consell escolar"},"content":{"rendered":"<h3><strong>Composici\u00f3<\/strong><\/h3>\n<table style=\"height: 730px; width: 57.699%;\" width=\"570\">\n<tbody>\n<tr style=\"height: 60px;\">\n<td style=\"height: 60px; width: 5.86146%;\"><\/td>\n<td style=\"height: 60px; width: 52.9307%;\"><strong>Llu\u00eds Rodr\u00edguez i Lago<\/strong><\/td>\n<td style=\"height: 60px; width: 7.1048%;\"><\/td>\n<td style=\"height: 60px; width: 24.6891%;\">president<\/td>\n<\/tr>\n<tr style=\"height: 60px;\">\n<td style=\"height: 60px; width: 5.86146%;\"><\/td>\n<td style=\"height: 60px; width: 52.9307%;\"><strong>Agn\u00e8s Mar\u00ed de la Torre<\/strong><\/td>\n<td style=\"height: 60px; width: 7.1048%;\"><\/td>\n<td style=\"height: 60px; width: 24.6891%;\">cap d&#8217;estudis<\/td>\n<\/tr>\n<tr style=\"height: 10px;\">\n<td style=\"height: 10px; width: 5.86146%;\"><\/td>\n<td style=\"height: 10px; width: 52.9307%;\"><strong>X\u00e8nia And\u00fajar i S\u00e9ller<\/strong><\/td>\n<td style=\"height: 10px; width: 7.1048%;\"><\/td>\n<td style=\"height: 10px; width: 24.6891%;\">secret\u00e0ria<\/td>\n<\/tr>\n<tr style=\"height: 60px;\">\n<td style=\"height: 60px; width: 5.86146%;\"><\/td>\n<td style=\"height: 60px; width: 52.9307%;\"><b>Gl\u00f2ria Mart\u00ednez Valero<\/b><\/td>\n<td style=\"height: 60px; width: 7.1048%;\"><\/td>\n<td style=\"height: 60px; width: 24.6891%;\">mestra<\/td>\n<\/tr>\n<tr style=\"height: 60px;\">\n<td style=\"height: 60px; width: 5.86146%;\"><\/td>\n<td style=\"height: 60px; width: 52.9307%;\"><strong>Ingrid Tena Bellver<\/strong><\/td>\n<td style=\"height: 60px; width: 7.1048%;\"><\/td>\n<td style=\"height: 60px; width: 24.6891%;\">mestra<\/td>\n<\/tr>\n<tr style=\"height: 60px;\">\n<td style=\"height: 60px; width: 5.86146%;\"><\/td>\n<td style=\"height: 60px; width: 52.9307%;\"><strong>Tere Serra Lleonart<\/strong><\/td>\n<td style=\"height: 60px; width: 7.1048%;\"><\/td>\n<td style=\"height: 60px; width: 24.6891%;\">mestra<\/td>\n<\/tr>\n<tr style=\"height: 60px;\">\n<td style=\"height: 60px; width: 5.86146%;\"><\/td>\n<td style=\"height: 60px; width: 52.9307%;\"><strong>Helena Bueno Sanz<\/strong><\/td>\n<td style=\"height: 60px; width: 7.1048%;\"><\/td>\n<td style=\"height: 60px; width: 24.6891%;\">mestra<\/td>\n<\/tr>\n<tr style=\"height: 60px;\">\n<td style=\"height: 60px; width: 5.86146%;\"><\/td>\n<td style=\"height: 60px; width: 52.9307%;\"><strong>F\u00e0tima Silvestre<\/strong><\/td>\n<td style=\"height: 60px; width: 7.1048%;\"><\/td>\n<td style=\"height: 60px; width: 24.6891%;\">mestra<\/td>\n<\/tr>\n<tr style=\"height: 60px;\">\n<td style=\"height: 60px; width: 5.86146%;\"><\/td>\n<td style=\"height: 60px; width: 52.9307%;\"><strong>Laia Jim\u00e9nez<\/strong><\/td>\n<td style=\"height: 60px; width: 7.1048%;\"><\/td>\n<td style=\"height: 60px; width: 24.6891%;\">mare<\/td>\n<\/tr>\n<tr style=\"height: 60px;\">\n<td style=\"height: 60px; width: 5.86146%;\"><\/td>\n<td style=\"height: 60px; width: 52.9307%;\"><strong>Laia Guti\u00e9rrez<\/strong><\/td>\n<td style=\"height: 60px; width: 7.1048%;\"><\/td>\n<td style=\"height: 60px; width: 24.6891%;\">mare<\/td>\n<\/tr>\n<tr style=\"height: 60px;\">\n<td style=\"height: 60px; width: 5.86146%;\"><\/td>\n<td style=\"height: 60px; width: 52.9307%;\"><strong>Laia Serra<\/strong><\/td>\n<td style=\"height: 60px; width: 7.1048%;\"><\/td>\n<td style=\"height: 60px; width: 24.6891%;\">mare<\/td>\n<\/tr>\n<tr style=\"height: 60px;\">\n<td style=\"height: 60px; width: 5.86146%;\"><\/td>\n<td style=\"height: 60px; width: 52.9307%;\"><strong>Allarna Jansen<\/strong><\/td>\n<td style=\"height: 60px; width: 7.1048%;\"><\/td>\n<td style=\"height: 60px; width: 24.6891%;\">mare<\/td>\n<\/tr>\n<tr style=\"height: 60px;\">\n<td style=\"height: 60px; width: 5.86146%;\"><\/td>\n<td style=\"height: 60px; width: 52.9307%;\"><strong>Albert Garriga<\/strong><\/td>\n<td style=\"height: 60px; width: 7.1048%;\"><\/td>\n<td style=\"height: 60px; width: 24.6891%;\">administratiu<\/td>\n<\/tr>\n<tr>\n<td style=\"width: 5.86146%;\"><\/td>\n<td style=\"height: 60px; width: 52.9307%;\"><strong>Rafel L\u00f3pez<\/strong><\/td>\n<td style=\"height: 60px; width: 7.1048%;\"><\/td>\n<td style=\"height: 60px; width: 24.6891%;\">ajuntament<\/td>\n<\/tr>\n<tr>\n<td style=\"width: 5.86146%;\"><\/td>\n<td style=\"width: 52.9307%;\"><strong>Laura Bravo<\/strong><\/td>\n<td style=\"width: 7.1048%;\"><\/td>\n<td style=\"width: 24.6891%;\">AFA<\/td>\n<\/tr>\n<\/tbody>\n<\/table>\n<h3><strong>Comissions (pendent d&#8217;actualitzar)<\/strong><\/h3>\n<table style=\"height: 781px; width: 34.4796%;\" width=\"463\">\n<tbody>\n<tr style=\"height: 137px;\">\n<td style=\"height: 137px; width: 34.8739%;\"><strong>permanent<\/strong><\/td>\n<td style=\"height: 137px; width: 6.93277%;\"><\/td>\n<td style=\"height: 137px; width: 56.0924%;\">Llu\u00eds Rodr\u00edguez<\/p>\n<p>Ingrid Tena<\/p>\n<p>Allarna Jansen<\/td>\n<\/tr>\n<tr style=\"height: 177px;\">\n<td style=\"height: 177px; width: 34.8739%;\"><strong>econ\u00f2mica<\/strong><\/td>\n<td style=\"height: 177px; width: 6.93277%;\"><\/td>\n<td style=\"height: 177px; width: 56.0924%;\">X\u00e8nia And\u00fajar<\/p>\n<p>Laia Guti\u00e9rrez<\/p>\n<p>Rafel L\u00f3pez<\/p>\n<p>Albert Garriga<\/td>\n<\/tr>\n<tr style=\"height: 153px;\">\n<td style=\"height: 153px; width: 34.8739%;\"><strong>menjador<\/strong><\/td>\n<td style=\"height: 153px; width: 6.93277%;\"><\/td>\n<td style=\"height: 153px; width: 56.0924%;\">Llu\u00eds Rodr\u00edguez Lago<\/p>\n<p>Tere Serra<\/p>\n<p>Laia Jim\u00e9nez<\/td>\n<\/tr>\n<tr style=\"height: 177px;\">\n<td style=\"height: 177px; width: 34.8739%;\"><b>cooperaci\u00f3<\/b><\/td>\n<td style=\"height: 177px; width: 6.93277%;\"><\/td>\n<td style=\"height: 177px; width: 56.0924%;\">Agn\u00e8s Mar\u00ed<\/p>\n<p>F\u00e0tima Silvestre<\/p>\n<p>Laia Guti\u00e9rrez<\/p>\n<p>Laia Serra<\/td>\n<\/tr>\n<tr style=\"height: 137px;\">\n<td style=\"height: 137px; width: 34.8739%;\"><b>conviv\u00e8ncia<\/b><\/td>\n<td style=\"height: 137px; width: 6.93277%;\"><\/td>\n<td style=\"height: 137px; width: 56.0924%;\">Llu\u00eds Rodr\u00edguez i Lago<\/p>\n<p>Helena Bueno<\/p>\n<p>Laura Bravo<\/td>\n<\/tr>\n<\/tbody>\n<\/table>\n","protected":false},"excerpt":{"rendered":"<p>Composici\u00f3 Llu\u00eds Rodr\u00edguez i Lago president Agn\u00e8s Mar\u00ed de la Torre cap d&#8217;estudis X\u00e8nia And\u00fajar i S\u00e9ller secret\u00e0ria Gl\u00f2ria Mart\u00ednez Valero mestra Ingrid Tena Bellver mestra Tere Serra Lleonart mestra Helena Bueno Sanz mestra F\u00e0tima Silvestre mestra Laia Jim\u00e9nez mare Laia Guti\u00e9rrez mare Laia Serra mare Allarna Jansen mare Albert Garriga administratiu Rafel L\u00f3pez ajuntament [&hellip;]<\/p>\n","protected":false},"author":1,"featured_media":0,"parent":22,"menu_order":3,"comment_status":"closed","ping_status":"closed","template":"page-templates\/side-menu.php","meta":{"_bbp_topic_count":0,"_bbp_reply_count":0,"_bbp_total_topic_count":0,"_bbp_total_reply_count":0,"_bbp_voice_count":0,"_bbp_anonymous_reply_count":0,"_bbp_topic_count_hidden":0,"_bbp_reply_count_hidden":0,"_bbp_forum_subforum_count":0,"site-sidebar-layout":"default","site-content-layout":"","ast-site-content-layout":"","site-content-style":"default","site-sidebar-style":"default","ast-global-header-display":"","ast-banner-title-visibility":"","ast-main-header-display":"","ast-hfb-above-header-display":"","ast-hfb-below-header-display":"","ast-hfb-mobile-header-display":"","site-post-title":"","ast-breadcrumbs-content":"","ast-featured-img":"","footer-sml-layout":"","theme-transparent-header-meta":"","adv-header-id-meta":"","stick-header-meta":"","header-above-stick-meta":"","header-main-stick-meta":"","header-below-stick-meta":"","astra-migrate-meta-layouts":"default","ast-page-background-enabled":"default","ast-page-background-meta":{"desktop":{"background-color":"var(--ast-global-color-4)","background-image":"","background-repeat":"repeat","background-position":"center center","background-size":"auto","background-attachment":"scroll","background-type":"","background-media":"","overlay-type":"","overlay-color":"","overlay-opacity":"","overlay-gradient":""},"tablet":{"background-color":"","background-image":"","background-repeat":"repeat","background-position":"center center","background-size":"auto","background-attachment":"scroll","background-type":"","background-media":"","overlay-type":"","overlay-color":"","overlay-opacity":"","overlay-gradient":""},"mobile":{"background-color":"","background-image":"","background-repeat":"repeat","background-position":"center center","background-size":"auto","background-attachment":"scroll","background-type":"","background-media":"","overlay-type":"","overlay-color":"","overlay-opacity":"","overlay-gradient":""}},"ast-content-background-meta":{"desktop":{"background-color":"var(--ast-global-color-5)","background-image":"","background-repeat":"repeat","background-position":"center center","background-size":"auto","background-attachment":"scroll","background-type":"","background-media":"","overlay-type":"","overlay-color":"","overlay-opacity":"","overlay-gradient":""},"tablet":{"background-color":"var(--ast-global-color-5)","background-image":"","background-repeat":"repeat","background-position":"center center","background-size":"auto","background-attachment":"scroll","background-type":"","background-media":"","overlay-type":"","overlay-color":"","overlay-opacity":"","overlay-gradient":""},"mobile":{"background-color":"var(--ast-global-color-5)","background-image":"","background-repeat":"repeat","background-position":"center center","background-size":"auto","background-attachment":"scroll","background-type":"","background-media":"","overlay-type":"","overlay-color":"","overlay-opacity":"","overlay-gradient":""}},"footnotes":""},"class_list":["post-467","page","type-page","status-publish","hentry"],"post_mailing_queue_ids":[],"_links":{"self":[{"href":"https:\/\/agora.xtec.cat\/esc-elsalocs\/wp-json\/wp\/v2\/pages\/467","targetHints":{"allow":["GET"]}}],"collection":[{"href":"https:\/\/agora.xtec.cat\/esc-elsalocs\/wp-json\/wp\/v2\/pages"}],"about":[{"href":"https:\/\/agora.xtec.cat\/esc-elsalocs\/wp-json\/wp\/v2\/types\/page"}],"author":[{"embeddable":true,"href":"https:\/\/agora.xtec.cat\/esc-elsalocs\/wp-json\/wp\/v2\/users\/1"}],"replies":[{"embeddable":true,"href":"https:\/\/agora.xtec.cat\/esc-elsalocs\/wp-json\/wp\/v2\/comments?post=467"}],"version-history":[{"count":8,"href":"https:\/\/agora.xtec.cat\/esc-elsalocs\/wp-json\/wp\/v2\/pages\/467\/revisions"}],"predecessor-version":[{"id":5197,"href":"https:\/\/agora.xtec.cat\/esc-elsalocs\/wp-json\/wp\/v2\/pages\/467\/revisions\/5197"}],"up":[{"embeddable":true,"href":"https:\/\/agora.xtec.cat\/esc-elsalocs\/wp-json\/wp\/v2\/pages\/22"}],"wp:attachment":[{"href":"https:\/\/agora.xtec.cat\/esc-elsalocs\/wp-json\/wp\/v2\/media?parent=467"}],"curies":[{"name":"wp","href":"https:\/\/api.w.org\/{rel}","templated":true}]}}