{"id":278,"date":"2015-02-06T12:15:39","date_gmt":"2015-02-06T11:15:39","guid":{"rendered":"http:\/\/agora.xtec.cat\/esc-elgegantdelrec\/?page_id=278"},"modified":"2024-02-05T12:44:45","modified_gmt":"2024-02-05T11:44:45","slug":"educacio-especial","status":"publish","type":"page","link":"https:\/\/agora.xtec.cat\/esc-elgegantdelrec\/educacio-especial\/","title":{"rendered":"Educaci\u00f3 Especial"},"content":{"rendered":"<p align=\"justify\">Hola a tothom, us volem presentar la nova aula d\u2019Educaci\u00f3 Especial.<\/p>\n<p align=\"justify\">La nostra aula es troba a l\u2019edifici d\u2019infantil i tenim de ve\u00efns el despatx de l\u2019Educador\/a social i Integrador\/a social.<\/p>\n<p align=\"justify\">En aquesta aula aprenem al nostre ritme i amb els materials necessaris per poder avan\u00e7ar en els nostres aprenentatges. Quan som m\u00e9s petits, treballem per caixes tem\u00e0tiques, \u00e9s a dir, per petits projectes de coses que ens motiven. Aix\u00ed treballar les lletres i els nombres \u00e9s m\u00e9s divertit.<\/p>\n<p align=\"justify\">Quan ens fem grans, treballem amb material adaptat i de forma manipulativa. Per\u00f3, tant si som petits o grans, donem molta import\u00e0ncia a les nostres emocions.<\/p>\n<p>A l\u2019aula tenim diferents espais com ara:<\/p>\n<ul>\n<li>El calendari<\/li>\n<li>Un rac\u00f3 per penjar els projectes que realitzem<\/li>\n<li>La nostra petita biblioteca d\u2019aula<\/li>\n<li>Divers material per treballar les lletres i els nombres.<\/li>\n<li>Jocs per poder treballar l\u2019atenci\u00f3 i la planificaci\u00f3 d\u2019estrat\u00e8gies.<\/li>\n<\/ul>\n<p><img loading=\"lazy\" decoding=\"async\" class=\"wp-image-22558 aligncenter\" src=\"https:\/\/agora.xtec.cat\/esc-elgegantdelrec\/wp-content\/uploads\/usu182\/2024\/02\/WhatsApp-Image-2024-02-05-at-12.41.24.jpeg\" alt=\"\" width=\"494\" height=\"372\" srcset=\"https:\/\/agora.xtec.cat\/esc-elgegantdelrec\/wp-content\/uploads\/usu182\/2024\/02\/WhatsApp-Image-2024-02-05-at-12.41.24.jpeg 2040w, https:\/\/agora.xtec.cat\/esc-elgegantdelrec\/wp-content\/uploads\/usu182\/2024\/02\/WhatsApp-Image-2024-02-05-at-12.41.24-300x226.jpeg 300w, https:\/\/agora.xtec.cat\/esc-elgegantdelrec\/wp-content\/uploads\/usu182\/2024\/02\/WhatsApp-Image-2024-02-05-at-12.41.24-150x113.jpeg 150w, https:\/\/agora.xtec.cat\/esc-elgegantdelrec\/wp-content\/uploads\/usu182\/2024\/02\/WhatsApp-Image-2024-02-05-at-12.41.24-768x578.jpeg 768w, https:\/\/agora.xtec.cat\/esc-elgegantdelrec\/wp-content\/uploads\/usu182\/2024\/02\/WhatsApp-Image-2024-02-05-at-12.41.24-1536x1157.jpeg 1536w, https:\/\/agora.xtec.cat\/esc-elgegantdelrec\/wp-content\/uploads\/usu182\/2024\/02\/WhatsApp-Image-2024-02-05-at-12.41.24-200x150.jpeg 200w\" sizes=\"auto, (max-width: 494px) 100vw, 494px\" \/><\/p>\n<p>&nbsp;<\/p>\n","protected":false},"excerpt":{"rendered":"<p>Hola a tothom, us volem presentar la nova aula d\u2019Educaci\u00f3 Especial. La nostra aula es troba a l\u2019edifici d\u2019infantil i tenim de ve\u00efns el despatx de l\u2019Educador\/a social i Integrador\/a social. En aquesta aula aprenem al nostre ritme i amb els materials necessaris per poder avan\u00e7ar en els nostres aprenentatges. Quan som m\u00e9s petits, treballem [&hellip;]<\/p>\n","protected":false},"author":1,"featured_media":0,"parent":0,"menu_order":0,"comment_status":"closed","ping_status":"closed","template":"","meta":{"_bbp_topic_count":0,"_bbp_reply_count":0,"_bbp_total_topic_count":0,"_bbp_total_reply_count":0,"_bbp_voice_count":0,"_bbp_anonymous_reply_count":0,"_bbp_topic_count_hidden":0,"_bbp_reply_count_hidden":0,"_bbp_forum_subforum_count":0,"site-sidebar-layout":"default","site-content-layout":"","ast-site-content-layout":"","site-content-style":"default","site-sidebar-style":"default","ast-global-header-display":"","ast-banner-title-visibility":"","ast-main-header-display":"","ast-hfb-above-header-display":"","ast-hfb-below-header-display":"","ast-hfb-mobile-header-display":"","site-post-title":"","ast-breadcrumbs-content":"","ast-featured-img":"","footer-sml-layout":"","theme-transparent-header-meta":"","adv-header-id-meta":"","stick-header-meta":"","header-above-stick-meta":"","header-main-stick-meta":"","header-below-stick-meta":"","astra-migrate-meta-layouts":"default","ast-page-background-enabled":"default","ast-page-background-meta":{"desktop":{"background-color":"var(--ast-global-color-4)","background-image":"","background-repeat":"repeat","background-position":"center center","background-size":"auto","background-attachment":"scroll","background-type":"","background-media":"","overlay-type":"","overlay-color":"","overlay-opacity":"","overlay-gradient":""},"tablet":{"background-color":"","background-image":"","background-repeat":"repeat","background-position":"center center","background-size":"auto","background-attachment":"scroll","background-type":"","background-media":"","overlay-type":"","overlay-color":"","overlay-opacity":"","overlay-gradient":""},"mobile":{"background-color":"","background-image":"","background-repeat":"repeat","background-position":"center center","background-size":"auto","background-attachment":"scroll","background-type":"","background-media":"","overlay-type":"","overlay-color":"","overlay-opacity":"","overlay-gradient":""}},"ast-content-background-meta":{"desktop":{"background-color":"var(--ast-global-color-5)","background-image":"","background-repeat":"repeat","background-position":"center center","background-size":"auto","background-attachment":"scroll","background-type":"","background-media":"","overlay-type":"","overlay-color":"","overlay-opacity":"","overlay-gradient":""},"tablet":{"background-color":"var(--ast-global-color-5)","background-image":"","background-repeat":"repeat","background-position":"center center","background-size":"auto","background-attachment":"scroll","background-type":"","background-media":"","overlay-type":"","overlay-color":"","overlay-opacity":"","overlay-gradient":""},"mobile":{"background-color":"var(--ast-global-color-5)","background-image":"","background-repeat":"repeat","background-position":"center center","background-size":"auto","background-attachment":"scroll","background-type":"","background-media":"","overlay-type":"","overlay-color":"","overlay-opacity":"","overlay-gradient":""}},"footnotes":""},"class_list":["post-278","page","type-page","status-publish","hentry"],"post_mailing_queue_ids":[],"_links":{"self":[{"href":"https:\/\/agora.xtec.cat\/esc-elgegantdelrec\/wp-json\/wp\/v2\/pages\/278","targetHints":{"allow":["GET"]}}],"collection":[{"href":"https:\/\/agora.xtec.cat\/esc-elgegantdelrec\/wp-json\/wp\/v2\/pages"}],"about":[{"href":"https:\/\/agora.xtec.cat\/esc-elgegantdelrec\/wp-json\/wp\/v2\/types\/page"}],"author":[{"embeddable":true,"href":"https:\/\/agora.xtec.cat\/esc-elgegantdelrec\/wp-json\/wp\/v2\/users\/1"}],"replies":[{"embeddable":true,"href":"https:\/\/agora.xtec.cat\/esc-elgegantdelrec\/wp-json\/wp\/v2\/comments?post=278"}],"version-history":[{"count":5,"href":"https:\/\/agora.xtec.cat\/esc-elgegantdelrec\/wp-json\/wp\/v2\/pages\/278\/revisions"}],"predecessor-version":[{"id":22559,"href":"https:\/\/agora.xtec.cat\/esc-elgegantdelrec\/wp-json\/wp\/v2\/pages\/278\/revisions\/22559"}],"wp:attachment":[{"href":"https:\/\/agora.xtec.cat\/esc-elgegantdelrec\/wp-json\/wp\/v2\/media?parent=278"}],"curies":[{"name":"wp","href":"https:\/\/api.w.org\/{rel}","templated":true}]}}