{"id":25188,"date":"2025-11-25T15:21:48","date_gmt":"2025-11-25T14:21:48","guid":{"rendered":"https:\/\/agora.xtec.cat\/esc-elgegantdelrec\/?page_id=25188"},"modified":"2025-11-25T15:21:48","modified_gmt":"2025-11-25T14:21:48","slug":"families","status":"publish","type":"page","link":"https:\/\/agora.xtec.cat\/esc-elgegantdelrec\/families\/","title":{"rendered":"FAMILIES"},"content":{"rendered":"\n<p><strong>PARLEM:<\/strong><\/p>\n\n\n\n<p>Espai adre\u00e7at a les fam\u00edlies de l&#8217;escola per fomentar la pr\u00e0ctica oral en un entorn proper, respectu\u00f3s i l&#8217;\u00fas del catal\u00e0 en un entorn proper, respectu\u00f3s i de confian\u00e7a. L&#8217;objectiu principal \u00e9s afavorir l&#8217;aprenentatge i l&#8217;\u00fas del catal\u00e0 com a llengua de relaci\u00f3 quotidiana, tot facilitant la comunicaci\u00f3 entre fam\u00edlies, escola i comunitat.<\/p>\n\n\n\n<p><strong>CREEM:<\/strong><\/p>\n\n\n\n<p>Espai participatiu adre\u00e7at a les fam\u00edlies de l&#8217;escola, que t\u00e9 com a objectiu fomentar la implicaci\u00f3, la creativitat i el sentiment de pertinen\u00e7a a la comunitat educativa. A trav\u00e9s d&#8217;aquest espai, les fam\u00edlies col\u00b7laboren elaborant decoracions, materials i petits detalls per a l&#8217;escola, que s&#8217;utilitzen tant per ambientar els espais comuns com per organitzar recollides de forns destinats a sortides i excursions de l&#8217;alumnat.<\/p>\n\n\n\n<p><strong>XERRADES I TALLERS DE PARENTALITAT POSITIVA:<\/strong><\/p>\n\n\n\n<p>Espais adre\u00e7ats a les fam\u00edlies d&#8217;educaci\u00f3 infantil i prim\u00e0ria amb l&#8217;objectiu d&#8217;oferir un espai de reflexi\u00f3, aprenentatge i intercanvi d&#8217;experi\u00e8ncies sobre la crian\u00e7a i l&#8217;educaci\u00f3 dels seus fills i filles. Alhora, \u00e9s tamb\u00e9 un punt de trobada entre fam\u00edlies que promou la participaci\u00f3, el suport mutu i la cohesi\u00f3 dins la comunitat educativa.<\/p>\n\n\n\n<p><strong>PODCAST:<\/strong><\/p>\n\n\n\n<p>El PodCast \u00e9s una iniciativa oberta a les fam\u00edlies de l&#8217;escola que t\u00e9 com a objectiu generar di\u00e0leg, compartir experi\u00e8ncies i apropar veus de la comunitat educativa. A trav\u00e9s de converses enregistrades sobre temes d&#8217;inter\u00e8s compartit es convida les fam\u00edlies a participar activament com a protagonistes del podcast.<\/p>\n","protected":false},"excerpt":{"rendered":"<p>PARLEM: Espai adre\u00e7at a les fam\u00edlies de l&#8217;escola per fomentar la pr\u00e0ctica oral en un entorn proper, respectu\u00f3s i l&#8217;\u00fas del catal\u00e0 en un entorn proper, respectu\u00f3s i de confian\u00e7a. L&#8217;objectiu principal \u00e9s afavorir l&#8217;aprenentatge i l&#8217;\u00fas del catal\u00e0 com a llengua de relaci\u00f3 quotidiana, tot facilitant la comunicaci\u00f3 entre fam\u00edlies, escola i comunitat. CREEM: [&hellip;]<\/p>\n","protected":false},"author":1,"featured_media":0,"parent":0,"menu_order":0,"comment_status":"closed","ping_status":"close","template":"","meta":{"_bbp_topic_count":0,"_bbp_reply_count":0,"_bbp_total_topic_count":0,"_bbp_total_reply_count":0,"_bbp_voice_count":0,"_bbp_anonymous_reply_count":0,"_bbp_topic_count_hidden":0,"_bbp_reply_count_hidden":0,"_bbp_forum_subforum_count":0,"site-sidebar-layout":"default","site-content-layout":"","ast-site-content-layout":"default","site-content-style":"default","site-sidebar-style":"default","ast-global-header-display":"","ast-banner-title-visibility":"","ast-main-header-display":"","ast-hfb-above-header-display":"","ast-hfb-below-header-display":"","ast-hfb-mobile-header-display":"","site-post-title":"","ast-breadcrumbs-content":"","ast-featured-img":"","footer-sml-layout":"","theme-transparent-header-meta":"","adv-header-id-meta":"","stick-header-meta":"","header-above-stick-meta":"","header-main-stick-meta":"","header-below-stick-meta":"","astra-migrate-meta-layouts":"set","ast-page-background-enabled":"default","ast-page-background-meta":{"desktop":{"background-color":"var(--ast-global-color-4)","background-image":"","background-repeat":"repeat","background-position":"center center","background-size":"auto","background-attachment":"scroll","background-type":"","background-media":"","overlay-type":"","overlay-color":"","overlay-opacity":"","overlay-gradient":""},"tablet":{"background-color":"","background-image":"","background-repeat":"repeat","background-position":"center center","background-size":"auto","background-attachment":"scroll","background-type":"","background-media":"","overlay-type":"","overlay-color":"","overlay-opacity":"","overlay-gradient":""},"mobile":{"background-color":"","background-image":"","background-repeat":"repeat","background-position":"center center","background-size":"auto","background-attachment":"scroll","background-type":"","background-media":"","overlay-type":"","overlay-color":"","overlay-opacity":"","overlay-gradient":""}},"ast-content-background-meta":{"desktop":{"background-color":"var(--ast-global-color-5)","background-image":"","background-repeat":"repeat","background-position":"center center","background-size":"auto","background-attachment":"scroll","background-type":"","background-media":"","overlay-type":"","overlay-color":"","overlay-opacity":"","overlay-gradient":""},"tablet":{"background-color":"var(--ast-global-color-5)","background-image":"","background-repeat":"repeat","background-position":"center center","background-size":"auto","background-attachment":"scroll","background-type":"","background-media":"","overlay-type":"","overlay-color":"","overlay-opacity":"","overlay-gradient":""},"mobile":{"background-color":"var(--ast-global-color-5)","background-image":"","background-repeat":"repeat","background-position":"center center","background-size":"auto","background-attachment":"scroll","background-type":"","background-media":"","overlay-type":"","overlay-color":"","overlay-opacity":"","overlay-gradient":""}},"footnotes":""},"class_list":["post-25188","page","type-page","status-publish","hentry"],"post_mailing_queue_ids":[],"_links":{"self":[{"href":"https:\/\/agora.xtec.cat\/esc-elgegantdelrec\/wp-json\/wp\/v2\/pages\/25188","targetHints":{"allow":["GET"]}}],"collection":[{"href":"https:\/\/agora.xtec.cat\/esc-elgegantdelrec\/wp-json\/wp\/v2\/pages"}],"about":[{"href":"https:\/\/agora.xtec.cat\/esc-elgegantdelrec\/wp-json\/wp\/v2\/types\/page"}],"author":[{"embeddable":true,"href":"https:\/\/agora.xtec.cat\/esc-elgegantdelrec\/wp-json\/wp\/v2\/users\/1"}],"replies":[{"embeddable":true,"href":"https:\/\/agora.xtec.cat\/esc-elgegantdelrec\/wp-json\/wp\/v2\/comments?post=25188"}],"version-history":[{"count":1,"href":"https:\/\/agora.xtec.cat\/esc-elgegantdelrec\/wp-json\/wp\/v2\/pages\/25188\/revisions"}],"predecessor-version":[{"id":25190,"href":"https:\/\/agora.xtec.cat\/esc-elgegantdelrec\/wp-json\/wp\/v2\/pages\/25188\/revisions\/25190"}],"wp:attachment":[{"href":"https:\/\/agora.xtec.cat\/esc-elgegantdelrec\/wp-json\/wp\/v2\/media?parent=25188"}],"curies":[{"name":"wp","href":"https:\/\/api.w.org\/{rel}","templated":true}]}}