{"id":20998,"date":"2023-03-07T10:28:41","date_gmt":"2023-03-07T09:28:41","guid":{"rendered":"https:\/\/agora.xtec.cat\/esc-elgegantdelrec\/?page_id=20998"},"modified":"2025-07-17T18:31:53","modified_gmt":"2025-07-17T16:31:53","slug":"menjador-escolar","status":"publish","type":"page","link":"https:\/\/agora.xtec.cat\/esc-elgegantdelrec\/menjador-escolar\/","title":{"rendered":"Menjador escolar"},"content":{"rendered":"\n<p class=\"has-text-align-center\"><a href=\"https:\/\/agora.xtec.cat\/esc-elgegantdelrec\/menus-de-menjador\/\" data-type=\"link\" data-id=\"https:\/\/agora.xtec.cat\/esc-elgegantdelrec\/menus-de-menjador\/\">ACC\u00c8S ALS MEN\u00daS<\/a><\/p>\n\n\n\n<p class=\"has-text-align-center\"><a href=\"https:\/\/agora.xtec.cat\/esc-elgegantdelrec\/wp-content\/uploads\/usu182\/2024\/09\/Instruccions_ESCOLA-EL-GEGANT-DEL-REC_2024_2025.pdf\">INSTRUCCIONS MENJADOR_ESCOLA EL GEGANT DEL REC_2024_2025<\/a><\/p>\n\n\n\n<p class=\"has-text-align-center\"><iframe loading=\"lazy\" src=\"https:\/\/agora.xtec.cat\/esc-elgegantdelrec\/wp-content\/uploads\/usu182\/2024\/09\/Instruccions_ESCOLA-EL-GEGANT-DEL-REC_2024_2025.pdf\" width=\"800\" height=\"700\"><\/iframe><\/p>\n\n\n\n<p><strong><u>Abs\u00e8ncies del menjador<\/u><\/strong><\/p>\n\n\n\n<p>Si un alumne\/a ha de faltar al menjador ha de justificar l\u2019abs\u00e8ncia per&nbsp;<strong>Dinantia&nbsp;<\/strong>aL coordinador de menjador el mateix dia abans de les 9 h. En el cas que tamb\u00e9 <strong>s\u2019arribi m\u00e9s tard a l\u2019escola<\/strong>&nbsp;per motius justificats (visita metge, \u2026) tamb\u00e9 caldr\u00e0 avisar al servei de menjador abans de les 9 h per tal que es tingui en compte el men\u00fa.<\/p>\n\n\n\n<p><strong><u>Administraci\u00f3 de medicaments<\/u><\/strong><\/p>\n\n\n\n<p>L\u2019alumnat que hagi de prendre algun medicament a l\u2019hora del servei de menjador ha de portar:<\/p>\n\n\n\n<ul class=\"wp-block-list\">\n<li>Un escrit del pare, mare o tutor legal on es demana i s\u2019autoritza al personal del centre que administri al fill\/a la medicaci\u00f3. Aquesta sol\u00b7licitud es pot trobar a la secretaria de l\u2019escola.<\/li>\n\n\n\n<li>Recepta o informe m\u00e8dic on hi consti el nom de l\u2019alumne, el medicament, la dosi, l\u2019hora en que s\u2019ha d\u2019administrar, aix\u00ed com la durada del tractament.<\/li>\n<\/ul>\n\n\n\n<p>Si no \u00e9s amb aquestes condicions el medicament no s\u2019administrar\u00e0.<\/p>\n\n\n\n<p><strong><u>Normativa en l\u2019espai de menjador<\/u><\/strong><\/p>\n\n\n\n<p>Per assolir els h\u00e0bits que permeten potenciar l\u2019autonomia personal de l\u2019alumnat i mantenir un clima de respecte i conviv\u00e8ncia, cal seguir les seg\u00fcents normes de conducta:<\/p>\n\n\n\n<ul class=\"wp-block-list\">\n<li>Respectar les indicacions de les monitores com a responsables del servei de menjador.<\/li>\n\n\n\n<li>Respectar als companys i a tot el personal de menjador.<\/li>\n\n\n\n<li>Respectar l`horari del menjador i entrar de manera ordenada i sense cridar ni c\u00f3rrer.<\/li>\n\n\n\n<li>Rentar-se les mans abans i despr\u00e9s de menjar.<\/li>\n\n\n\n<li>Asseure\u2019s b\u00e9 a la seva cadira i en cas de necessitar alguna cosa demanar-ho a les monitores de menjador.<\/li>\n\n\n\n<li>Mantenir un to de veu baix per no molestar a ning\u00fa.<\/li>\n\n\n\n<li>Tenir cura de no fer malb\u00e9 el menjar. Caldria que els alumnes s\u2019acabessin tot el menjar del plat. En el cas que un alumne no pugui acabar-s\u2019ho tot, ho ha de notificar a una monitora i aquesta ho valorar\u00e0.<\/li>\n\n\n\n<li>S\u2019ha de menjar de tot, sense fer excepcions. Nom\u00e9s en cas justificat (malaltia,\u2026) per mitj\u00e0 d\u2019una nota dels pares, tutors, i\/o certificat metge, se servir\u00e0 men\u00fa especial. S\u2019ha d\u2019avisar amb antelaci\u00f3.<\/li>\n\n\n\n<li>Despr\u00e9s de dinar desar els plats, gots i coberts en el lloc corresponent.<\/li>\n\n\n\n<li>No sortir del recinte escolar durant l\u2019horari de menjador.<\/li>\n\n\n\n<li>Respectar les instal\u00b7lacions i els materials que es fan servir. Tenir cura i compartir els jocs i el material de menjador.<\/li>\n\n\n\n<li>Respectar els l\u00edmits dels espais marcats al pati per als diferents grups.<\/li>\n<\/ul>\n\n\n\n<p>El servei de menjador en els centres p\u00fablics del Departament d\u2019Educacio \u00e9s una prestaci\u00f3 complement\u00e0ria d\u2019ajuda a l\u2019escolaritzaci\u00f3. Per aix\u00f2, l\u2019escola El Gegant del Rec t\u00e9 aquest servei optatiu creat per atendre els alumnes, les fam\u00edlies dels quals ho desitgin o ho necessitin.<\/p>\n\n\n\n<p>El centre aposta per mecanismes de mediaci\u00f3 en la gesti\u00f3 d\u2019actuacions contr\u00e0ries a la conviv\u00e8ncia com a via paral\u00b7lela a la sanci\u00f3 disciplin\u00e0ria , sempre que signifiqui la reparaci\u00f3 d\u2019una falta , d\u2019una conducta o d\u2019una actuaci\u00f3 inapropiada segons la normativa interna del Menjador.<\/p>\n\n\n\n<p>Les fam\u00edlies resten assabentades de la normativa de funcionament del menjador i l\u2019accepten des del moment que formalitzen la inscripci\u00f3.<\/p>\n\n\n\n<p>Si a la fam\u00edlia li cal comentar qualsevol aspecte del Servei de Menjador, per qualsevol altra consulta (informaci\u00f3 espec\u00edfica del menjador, comentar incid\u00e8ncies,\u2026), cal fer-ho a trav\u00e9s del <strong>coordinador de menjador, en Francesc Reixach (Frosti)<\/strong> que el podreu trobar a l\u2019escola tots els dies lectius de 8:30 a 9 h del mat\u00ed al menjador de l\u2019escola.<\/p>\n","protected":false},"excerpt":{"rendered":"<p>ACC\u00c8S ALS MEN\u00daS INSTRUCCIONS MENJADOR_ESCOLA EL GEGANT DEL REC_2024_2025 Abs\u00e8ncies del menjador Si un alumne\/a ha de faltar al menjador ha de justificar l\u2019abs\u00e8ncia per&nbsp;Dinantia&nbsp;aL coordinador de menjador el mateix dia abans de les 9 h. En el cas que tamb\u00e9 s\u2019arribi m\u00e9s tard a l\u2019escola&nbsp;per motius justificats (visita metge, \u2026) tamb\u00e9 caldr\u00e0 avisar al [&hellip;]<\/p>\n","protected":false},"author":1,"featured_media":0,"parent":0,"menu_order":0,"comment_status":"closed","ping_status":"closed","template":"","meta":{"_bbp_topic_count":0,"_bbp_reply_count":0,"_bbp_total_topic_count":0,"_bbp_total_reply_count":0,"_bbp_voice_count":0,"_bbp_anonymous_reply_count":0,"_bbp_topic_count_hidden":0,"_bbp_reply_count_hidden":0,"_bbp_forum_subforum_count":0,"site-sidebar-layout":"default","site-content-layout":"","ast-site-content-layout":"default","site-content-style":"default","site-sidebar-style":"default","ast-global-header-display":"","ast-banner-title-visibility":"","ast-main-header-display":"","ast-hfb-above-header-display":"","ast-hfb-below-header-display":"","ast-hfb-mobile-header-display":"","site-post-title":"","ast-breadcrumbs-content":"","ast-featured-img":"","footer-sml-layout":"","theme-transparent-header-meta":"","adv-header-id-meta":"","stick-header-meta":"","header-above-stick-meta":"","header-main-stick-meta":"","header-below-stick-meta":"","astra-migrate-meta-layouts":"set","ast-page-background-enabled":"default","ast-page-background-meta":{"desktop":{"background-color":"var(--ast-global-color-4)","background-image":"","background-repeat":"repeat","background-position":"center center","background-size":"auto","background-attachment":"scroll","background-type":"","background-media":"","overlay-type":"","overlay-color":"","overlay-opacity":"","overlay-gradient":""},"tablet":{"background-color":"","background-image":"","background-repeat":"repeat","background-position":"center center","background-size":"auto","background-attachment":"scroll","background-type":"","background-media":"","overlay-type":"","overlay-color":"","overlay-opacity":"","overlay-gradient":""},"mobile":{"background-color":"","background-image":"","background-repeat":"repeat","background-position":"center center","background-size":"auto","background-attachment":"scroll","background-type":"","background-media":"","overlay-type":"","overlay-color":"","overlay-opacity":"","overlay-gradient":""}},"ast-content-background-meta":{"desktop":{"background-color":"var(--ast-global-color-5)","background-image":"","background-repeat":"repeat","background-position":"center center","background-size":"auto","background-attachment":"scroll","background-type":"","background-media":"","overlay-type":"","overlay-color":"","overlay-opacity":"","overlay-gradient":""},"tablet":{"background-color":"var(--ast-global-color-5)","background-image":"","background-repeat":"repeat","background-position":"center center","background-size":"auto","background-attachment":"scroll","background-type":"","background-media":"","overlay-type":"","overlay-color":"","overlay-opacity":"","overlay-gradient":""},"mobile":{"background-color":"var(--ast-global-color-5)","background-image":"","background-repeat":"repeat","background-position":"center center","background-size":"auto","background-attachment":"scroll","background-type":"","background-media":"","overlay-type":"","overlay-color":"","overlay-opacity":"","overlay-gradient":""}},"footnotes":""},"class_list":["post-20998","page","type-page","status-publish","hentry"],"post_mailing_queue_ids":[],"_links":{"self":[{"href":"https:\/\/agora.xtec.cat\/esc-elgegantdelrec\/wp-json\/wp\/v2\/pages\/20998","targetHints":{"allow":["GET"]}}],"collection":[{"href":"https:\/\/agora.xtec.cat\/esc-elgegantdelrec\/wp-json\/wp\/v2\/pages"}],"about":[{"href":"https:\/\/agora.xtec.cat\/esc-elgegantdelrec\/wp-json\/wp\/v2\/types\/page"}],"author":[{"embeddable":true,"href":"https:\/\/agora.xtec.cat\/esc-elgegantdelrec\/wp-json\/wp\/v2\/users\/1"}],"replies":[{"embeddable":true,"href":"https:\/\/agora.xtec.cat\/esc-elgegantdelrec\/wp-json\/wp\/v2\/comments?post=20998"}],"version-history":[{"count":6,"href":"https:\/\/agora.xtec.cat\/esc-elgegantdelrec\/wp-json\/wp\/v2\/pages\/20998\/revisions"}],"predecessor-version":[{"id":24795,"href":"https:\/\/agora.xtec.cat\/esc-elgegantdelrec\/wp-json\/wp\/v2\/pages\/20998\/revisions\/24795"}],"wp:attachment":[{"href":"https:\/\/agora.xtec.cat\/esc-elgegantdelrec\/wp-json\/wp\/v2\/media?parent=20998"}],"curies":[{"name":"wp","href":"https:\/\/api.w.org\/{rel}","templated":true}]}}