{"id":20990,"date":"2023-03-07T10:15:13","date_gmt":"2023-03-07T09:15:13","guid":{"rendered":"https:\/\/agora.xtec.cat\/esc-elgegantdelrec\/?page_id=20990"},"modified":"2025-09-29T18:21:38","modified_gmt":"2025-09-29T16:21:38","slug":"activitats-extraescolars-2","status":"publish","type":"page","link":"https:\/\/agora.xtec.cat\/esc-elgegantdelrec\/activitats-extraescolars-2\/","title":{"rendered":"Activitats extraescolars"},"content":{"rendered":"\n<figure class=\"wp-block-image size-full is-resized\"><img loading=\"lazy\" decoding=\"async\" width=\"532\" height=\"751\" src=\"https:\/\/agora.xtec.cat\/esc-elgegantdelrec\/wp-content\/uploads\/usu182\/2025\/09\/extraescolars-25-26.jpg\" alt=\"\" class=\"wp-image-24875\" style=\"width:405px;height:auto\" srcset=\"https:\/\/agora.xtec.cat\/esc-elgegantdelrec\/wp-content\/uploads\/usu182\/2025\/09\/extraescolars-25-26.jpg 532w, https:\/\/agora.xtec.cat\/esc-elgegantdelrec\/wp-content\/uploads\/usu182\/2025\/09\/extraescolars-25-26-213x300.jpg 213w, https:\/\/agora.xtec.cat\/esc-elgegantdelrec\/wp-content\/uploads\/usu182\/2025\/09\/extraescolars-25-26-106x150.jpg 106w\" sizes=\"auto, (max-width: 532px) 100vw, 532px\" \/><\/figure>\n\n\n\n<p><strong>Per\u00edode d&#8217;inscripci\u00f3: de l&#8217;11 al 18 de setembre.<\/strong><\/p>\n\n\n\n<p>Per fer la inscripci\u00f3 cal omplir aquest<a target=\"_blank\" href=\"https:\/\/app.dinantia.com\/api\/system\/track_link\/S70yYcxuD5W7\/18200368?original_url=https%3A%2F%2Fforms.gle%2FR9NpCPr47FbvneQ1A\" rel=\"noreferrer noopener\">&nbsp;<\/a><a target=\"_blank\" href=\"https:\/\/app.dinantia.com\/api\/system\/track_link\/S70yYcxuD5W7\/18200369?original_url=https%3A%2F%2Fdocs.google.com%2Fforms%2Fd%2Fe%2F1FAIpQLSe0ivMb1FZXswSdQvcoBnOasilkPPjfpKr57ER9PYayAFs4JA%2Fviewform%3Fusp%3Dheader\" rel=\"noreferrer noopener\">FORMULARI INSCRIPCI\u00d3<\/a><strong>.<\/strong><\/p>\n\n\n\n<p><strong>PAGAMENT<\/strong>:<\/p>\n\n\n\n<ul class=\"wp-block-list\">\n<li>En el cas de&nbsp;<strong>B\u00e0squet<\/strong>,&nbsp;el propi Club B\u00e0squet Salt es posaran en contacte amb els inscrits per formalitzar els pagaments.&nbsp;<\/li>\n\n\n\n<li>En el cas&nbsp;<strong>d&#8217;Angl\u00e8s<\/strong>, heu d&#8217;omplir aquest altre formulari (&nbsp;a m\u00e9s a m\u00e9s del formulari de dalt)&nbsp;<strong>entre l&#8217;11 i el 18 de setembre.&nbsp;<\/strong>Haureu de donar les vostres dades banc\u00e0ries:&nbsp;<a href=\"https:\/\/app.dinantia.com\/api\/system\/track_link\/S70yYcxuD5W7\/18200370?original_url=https%3A%2F%2Fdocs.google.com%2Fforms%2Fd%2Fe%2F1FAIpQLSeY2wkqP_FA4IMKNFN9ZBQ7j6HAEA3gWVEfvh1AHs6_8-O0ig%2Fviewform\" target=\"_blank\" rel=\"noreferrer noopener\">FORMULARI PAGAMENT ANGL\u00c8S<\/a><\/li>\n\n\n\n<li>En el cas de&nbsp;<strong>M\u00fasica&nbsp;<\/strong>i&nbsp;<strong>servei d&#8217;acollida matinal<\/strong>, un cop comenceu l&#8217;activitat, s&#8217;ha de pagar al n\u00famero de compte de l&#8217;AFA.<\/li>\n<\/ul>\n\n\n\n<p><strong>INICI DE LES ACTIVITATS:<\/strong><\/p>\n\n\n\n<ul class=\"wp-block-list\">\n<li>El servei d\u2019acollida matinal funciona des del primer dia d\u2019escola.<\/li>\n\n\n\n<li>B\u00e0squet ( I5-2n) comen\u00e7ar\u00e0 el dilluns&nbsp;<strong>22 de setembre.<\/strong><\/li>\n\n\n\n<li>Les classes d\u2019Angl\u00e8s comen\u00e7aran dilluns&nbsp;<strong>6 d\u2019octubre<\/strong>&nbsp;(aquest any es far\u00e0 els dilluns al migdia, enlloc dels dimarts).<\/li>\n\n\n\n<li>Les classes de M\u00fasica comen\u00e7aran dijous&nbsp;<strong>9 d\u2019octubre&nbsp;.<\/strong><\/li>\n<\/ul>\n\n\n\n<figure class=\"wp-block-image size-full is-resized\"><img loading=\"lazy\" decoding=\"async\" width=\"363\" height=\"139\" src=\"https:\/\/agora.xtec.cat\/esc-elgegantdelrec\/wp-content\/uploads\/usu182\/2025\/09\/conarte.png\" alt=\"\" class=\"wp-image-24899\" style=\"width:177px;height:auto\" srcset=\"https:\/\/agora.xtec.cat\/esc-elgegantdelrec\/wp-content\/uploads\/usu182\/2025\/09\/conarte.png 363w, https:\/\/agora.xtec.cat\/esc-elgegantdelrec\/wp-content\/uploads\/usu182\/2025\/09\/conarte-300x115.png 300w, https:\/\/agora.xtec.cat\/esc-elgegantdelrec\/wp-content\/uploads\/usu182\/2025\/09\/conarte-150x57.png 150w\" sizes=\"auto, (max-width: 363px) 100vw, 363px\" \/><\/figure>\n\n\n\n<p><\/p>\n","protected":false},"excerpt":{"rendered":"<p>Per\u00edode d&#8217;inscripci\u00f3: de l&#8217;11 al 18 de setembre. Per fer la inscripci\u00f3 cal omplir aquest&nbsp;FORMULARI INSCRIPCI\u00d3. PAGAMENT: INICI DE LES ACTIVITATS:<\/p>\n","protected":false},"author":1,"featured_media":0,"parent":0,"menu_order":0,"comment_status":"closed","ping_status":"closed","template":"","meta":{"_bbp_topic_count":0,"_bbp_reply_count":0,"_bbp_total_topic_count":0,"_bbp_total_reply_count":0,"_bbp_voice_count":0,"_bbp_anonymous_reply_count":0,"_bbp_topic_count_hidden":0,"_bbp_reply_count_hidden":0,"_bbp_forum_subforum_count":0,"site-sidebar-layout":"default","site-content-layout":"","ast-site-content-layout":"default","site-content-style":"default","site-sidebar-style":"default","ast-global-header-display":"","ast-banner-title-visibility":"","ast-main-header-display":"","ast-hfb-above-header-display":"","ast-hfb-below-header-display":"","ast-hfb-mobile-header-display":"","site-post-title":"","ast-breadcrumbs-content":"","ast-featured-img":"","footer-sml-layout":"","theme-transparent-header-meta":"","adv-header-id-meta":"","stick-header-meta":"","header-above-stick-meta":"","header-main-stick-meta":"","header-below-stick-meta":"","astra-migrate-meta-layouts":"set","ast-page-background-enabled":"default","ast-page-background-meta":{"desktop":{"background-color":"var(--ast-global-color-4)","background-image":"","background-repeat":"repeat","background-position":"center center","background-size":"auto","background-attachment":"scroll","background-type":"","background-media":"","overlay-type":"","overlay-color":"","overlay-opacity":"","overlay-gradient":""},"tablet":{"background-color":"","background-image":"","background-repeat":"repeat","background-position":"center center","background-size":"auto","background-attachment":"scroll","background-type":"","background-media":"","overlay-type":"","overlay-color":"","overlay-opacity":"","overlay-gradient":""},"mobile":{"background-color":"","background-image":"","background-repeat":"repeat","background-position":"center center","background-size":"auto","background-attachment":"scroll","background-type":"","background-media":"","overlay-type":"","overlay-color":"","overlay-opacity":"","overlay-gradient":""}},"ast-content-background-meta":{"desktop":{"background-color":"var(--ast-global-color-5)","background-image":"","background-repeat":"repeat","background-position":"center center","background-size":"auto","background-attachment":"scroll","background-type":"","background-media":"","overlay-type":"","overlay-color":"","overlay-opacity":"","overlay-gradient":""},"tablet":{"background-color":"var(--ast-global-color-5)","background-image":"","background-repeat":"repeat","background-position":"center center","background-size":"auto","background-attachment":"scroll","background-type":"","background-media":"","overlay-type":"","overlay-color":"","overlay-opacity":"","overlay-gradient":""},"mobile":{"background-color":"var(--ast-global-color-5)","background-image":"","background-repeat":"repeat","background-position":"center center","background-size":"auto","background-attachment":"scroll","background-type":"","background-media":"","overlay-type":"","overlay-color":"","overlay-opacity":"","overlay-gradient":""}},"footnotes":""},"class_list":["post-20990","page","type-page","status-publish","hentry"],"post_mailing_queue_ids":[],"_links":{"self":[{"href":"https:\/\/agora.xtec.cat\/esc-elgegantdelrec\/wp-json\/wp\/v2\/pages\/20990","targetHints":{"allow":["GET"]}}],"collection":[{"href":"https:\/\/agora.xtec.cat\/esc-elgegantdelrec\/wp-json\/wp\/v2\/pages"}],"about":[{"href":"https:\/\/agora.xtec.cat\/esc-elgegantdelrec\/wp-json\/wp\/v2\/types\/page"}],"author":[{"embeddable":true,"href":"https:\/\/agora.xtec.cat\/esc-elgegantdelrec\/wp-json\/wp\/v2\/users\/1"}],"replies":[{"embeddable":true,"href":"https:\/\/agora.xtec.cat\/esc-elgegantdelrec\/wp-json\/wp\/v2\/comments?post=20990"}],"version-history":[{"count":6,"href":"https:\/\/agora.xtec.cat\/esc-elgegantdelrec\/wp-json\/wp\/v2\/pages\/20990\/revisions"}],"predecessor-version":[{"id":24900,"href":"https:\/\/agora.xtec.cat\/esc-elgegantdelrec\/wp-json\/wp\/v2\/pages\/20990\/revisions\/24900"}],"wp:attachment":[{"href":"https:\/\/agora.xtec.cat\/esc-elgegantdelrec\/wp-json\/wp\/v2\/media?parent=20990"}],"curies":[{"name":"wp","href":"https:\/\/api.w.org\/{rel}","templated":true}]}}