{"id":20864,"date":"2023-03-01T12:55:53","date_gmt":"2023-03-01T11:55:53","guid":{"rendered":"https:\/\/agora.xtec.cat\/esc-elgegantdelrec\/?page_id=20864"},"modified":"2026-01-27T13:45:26","modified_gmt":"2026-01-27T12:45:26","slug":"consell-escolar","status":"publish","type":"page","link":"https:\/\/agora.xtec.cat\/esc-elgegantdelrec\/lescola\/consell-escolar\/","title":{"rendered":"Consell escolar"},"content":{"rendered":"\n<p>ACORDS DEL CONSELL ESCOLAR<\/p>\n\n\n\n<ul class=\"wp-block-list\">\n<li><a href=\"https:\/\/agora.xtec.cat\/esc-elgegantdelrec\/wp-content\/uploads\/usu182\/2024\/02\/20240131_Certificat_Acords_Consell_Escolar.pdf\">Acords 31 de gener del 2024<\/a><\/li>\n\n\n\n<li><a href=\"https:\/\/agora.xtec.cat\/esc-elgegantdelrec\/wp-content\/uploads\/usu182\/2024\/11\/20241017_Certificat_Acords_Consell_Escolar.pdf\">Acords 17 d&#8217;octubre del 2024<\/a><\/li>\n\n\n\n<li><a href=\"https:\/\/agora.xtec.cat\/esc-elgegantdelrec\/wp-content\/uploads\/usu182\/2025\/01\/20250125_Certificat_Acords_Consell_Escolar.pdf\">Acords del 25 de gener de 2025<\/a><\/li>\n\n\n\n<li><a href=\"https:\/\/agora.xtec.cat\/esc-elgegantdelrec\/wp-content\/uploads\/usu182\/2025\/09\/Acords-del-26-de-juny-de-2025.pdf\">Acords del 26 de juny de 2025<\/a><\/li>\n\n\n\n<li><a href=\"https:\/\/agora.xtec.cat\/esc-elgegantdelrec\/wp-content\/uploads\/usu182\/2025\/10\/20251021_Certificat_Acords_Consell_Escolar.pdf\" data-type=\"link\" data-id=\"https:\/\/agora.xtec.cat\/esc-elgegantdelrec\/wp-content\/uploads\/usu182\/2025\/10\/20251021_Certificat_Acords_Consell_Escolar.pdf\">Acords del 21 d&#8217;octubre del 2025<\/a><\/li>\n\n\n\n<li><a href=\"https:\/\/agora.xtec.cat\/esc-elgegantdelrec\/wp-content\/uploads\/usu182\/2026\/01\/20261026_Certificat_Acords_Consell_Escolar.pdf\">Acords del 26 de gener de 2026<\/a><\/li>\n<\/ul>\n\n\n\n<figure class=\"wp-block-table\">\n<table class=\"has-fixed-layout\" style=\"width: 99.5569%; height: 460px;\">\n<tbody>\n<tr style=\"height: 23px;\">\n<td style=\"height: 23px; width: 49.9264%;\"><strong>Directora<\/strong><\/td>\n<td class=\"has-text-align-left\" style=\"height: 23px; width: 49.4845%;\" data-align=\"left\">Carme Guti\u00e9rrez Villarejo<\/td>\n<\/tr>\n<tr style=\"height: 23px;\">\n<td style=\"height: 23px; width: 49.9264%;\"><strong>Cap d&#8217;estudis<\/strong><\/td>\n<td class=\"has-text-align-left\" style=\"height: 23px; width: 49.4845%;\" data-align=\"left\">Laura Costal Coll<\/td>\n<\/tr>\n<tr style=\"height: 23px;\">\n<td style=\"height: 23px; width: 49.9264%;\"><strong>Secret\u00e0ria<\/strong><\/td>\n<td class=\"has-text-align-left\" style=\"height: 23px; width: 49.4845%;\" data-align=\"left\">Montse Melci\u00f3 Soy<\/td>\n<\/tr>\n<tr style=\"height: 23px;\">\n<td style=\"height: 23px; width: 99.4109%;\" colspan=\"2\">\u00a0<\/td>\n<\/tr>\n<tr style=\"height: 23px;\">\n<td style=\"height: 115px; width: 49.9264%;\" rowspan=\"5\"><strong>Representant del professorat<\/strong><strong><br \/><\/strong><\/td>\n<td class=\"has-text-align-left\" style=\"height: 23px; width: 49.4845%;\" data-align=\"left\">Irene Clap\u00e9s<\/td>\n<\/tr>\n<tr style=\"height: 23px;\">\n<td style=\"height: 23px; width: 49.4845%;\"><span style=\"background-color: #ffffff;\">Mireia de Frutos<\/span><\/td>\n<\/tr>\n<tr style=\"height: 23px;\">\n<td style=\"height: 23px; width: 49.4845%;\">Anna Felip<\/td>\n<\/tr>\n<tr style=\"height: 23px;\">\n<td style=\"height: 23px; width: 49.4845%;\">Imma Roig<\/td>\n<\/tr>\n<tr style=\"height: 23px;\">\n<td style=\"height: 23px; width: 49.4845%;\">Ingrid Labian<\/td>\n<\/tr>\n<tr style=\"height: 23px;\">\n<td style=\"height: 23px; width: 99.4109%;\" colspan=\"2\">\u00a0<\/td>\n<\/tr>\n<tr style=\"height: 23px;\">\n<td style=\"height: 92px; width: 49.9264%;\" rowspan=\"4\"><strong>Representant de pares i mares<\/strong><\/td>\n<td class=\"has-text-align-left\" style=\"height: 23px; width: 49.4845%;\" data-align=\"left\">Houda<\/td>\n<\/tr>\n<tr style=\"height: 23px;\">\n<td style=\"height: 23px; width: 49.4845%;\">Sonia Fajula<\/td>\n<\/tr>\n<tr style=\"height: 23px;\">\n<td style=\"height: 23px; width: 49.4845%;\">Latifa Kathira<\/td>\n<\/tr>\n<tr style=\"height: 23px;\">\n<td style=\"height: 23px; width: 49.4845%;\">Laia Casas<\/td>\n<\/tr>\n<tr style=\"height: 23px;\">\n<td style=\"height: 23px; width: 99.4109%;\" colspan=\"2\">\u00a0<\/td>\n<\/tr>\n<tr style=\"height: 23px;\">\n<td style=\"height: 23px; width: 49.9264%;\"><strong>\u00a0Representant de l&#8217;ajuntament<\/strong><\/td>\n<td class=\"has-text-align-left\" style=\"height: 23px; width: 49.4845%;\" data-align=\"left\">N\u00faria Heras i Colomer<\/td>\n<\/tr>\n<tr style=\"height: 23px;\">\n<td style=\"height: 23px; width: 99.4109%;\" colspan=\"2\"><strong>\u00a0<\/strong><\/td>\n<\/tr>\n<tr style=\"height: 23px;\">\n<td style=\"height: 23px; width: 49.9264%;\"><strong>Representant de l&#8217;AMPA<\/strong><\/td>\n<td class=\"has-text-align-left\" style=\"height: 23px; width: 49.4845%;\" data-align=\"left\">Ferran Burch<\/td>\n<\/tr>\n<tr style=\"height: 23px;\">\n<td style=\"height: 23px; width: 99.4109%;\" colspan=\"2\"><strong>\u00a0<\/strong><\/td>\n<\/tr>\n<tr style=\"height: 23px;\">\n<td style=\"height: 23px; width: 49.9264%;\"><strong>Representant del <\/strong><strong>PAS i PAE<\/strong><\/td>\n<td class=\"has-text-align-left\" style=\"height: 23px; width: 49.4845%;\" data-align=\"left\">\n<p>Cristina F\u00e1bregas<\/p>\n<p>Sandra Comas<\/p>\n<\/td>\n<\/tr>\n<\/tbody>\n<\/table>\n<p>\u00a0<\/p>\n<\/figure>\n\n\n\n<p>&nbsp;<\/p>\n\n\n\n<p>L&#8217;Equip Directiu creu oport\u00fa crear tres tipus de comissions a fi de facilitar i agilitzar actuacions i decisions que s\u00f3n necess\u00e0ries al llarg del curs. Tamb\u00e9 &nbsp;promovem la figura del referent de Coeducaci\u00f3 per a la igualtat de g\u00e8nere (d&#8217;acord amb l&#8217;article 126.2 de la LOE)-<\/p>\n\n\n\n<p><\/p>\n","protected":false},"excerpt":{"rendered":"<p>ACORDS DEL CONSELL ESCOLAR Directora Carme Guti\u00e9rrez Villarejo Cap d&#8217;estudis Laura Costal Coll Secret\u00e0ria Montse Melci\u00f3 Soy \u00a0 Representant del professorat Irene Clap\u00e9s Mireia de Frutos Anna Felip Imma Roig Ingrid Labian \u00a0 Representant de pares i mares Houda Sonia Fajula Latifa Kathira Laia Casas \u00a0 \u00a0Representant de l&#8217;ajuntament N\u00faria Heras i Colomer \u00a0 Representant [&hellip;]<\/p>\n","protected":false},"author":1,"featured_media":0,"parent":22,"menu_order":0,"comment_status":"closed","ping_status":"closed","template":"","meta":{"_bbp_topic_count":0,"_bbp_reply_count":0,"_bbp_total_topic_count":0,"_bbp_total_reply_count":0,"_bbp_voice_count":0,"_bbp_anonymous_reply_count":0,"_bbp_topic_count_hidden":0,"_bbp_reply_count_hidden":0,"_bbp_forum_subforum_count":0,"site-sidebar-layout":"default","site-content-layout":"","ast-site-content-layout":"default","site-content-style":"default","site-sidebar-style":"default","ast-global-header-display":"","ast-banner-title-visibility":"","ast-main-header-display":"","ast-hfb-above-header-display":"","ast-hfb-below-header-display":"","ast-hfb-mobile-header-display":"","site-post-title":"","ast-breadcrumbs-content":"","ast-featured-img":"","footer-sml-layout":"","theme-transparent-header-meta":"","adv-header-id-meta":"","stick-header-meta":"","header-above-stick-meta":"","header-main-stick-meta":"","header-below-stick-meta":"","astra-migrate-meta-layouts":"set","ast-page-background-enabled":"default","ast-page-background-meta":{"desktop":{"background-color":"var(--ast-global-color-4)","background-image":"","background-repeat":"repeat","background-position":"center center","background-size":"auto","background-attachment":"scroll","background-type":"","background-media":"","overlay-type":"","overlay-color":"","overlay-opacity":"","overlay-gradient":""},"tablet":{"background-color":"","background-image":"","background-repeat":"repeat","background-position":"center center","background-size":"auto","background-attachment":"scroll","background-type":"","background-media":"","overlay-type":"","overlay-color":"","overlay-opacity":"","overlay-gradient":""},"mobile":{"background-color":"","background-image":"","background-repeat":"repeat","background-position":"center center","background-size":"auto","background-attachment":"scroll","background-type":"","background-media":"","overlay-type":"","overlay-color":"","overlay-opacity":"","overlay-gradient":""}},"ast-content-background-meta":{"desktop":{"background-color":"var(--ast-global-color-5)","background-image":"","background-repeat":"repeat","background-position":"center center","background-size":"auto","background-attachment":"scroll","background-type":"","background-media":"","overlay-type":"","overlay-color":"","overlay-opacity":"","overlay-gradient":""},"tablet":{"background-color":"var(--ast-global-color-5)","background-image":"","background-repeat":"repeat","background-position":"center center","background-size":"auto","background-attachment":"scroll","background-type":"","background-media":"","overlay-type":"","overlay-color":"","overlay-opacity":"","overlay-gradient":""},"mobile":{"background-color":"var(--ast-global-color-5)","background-image":"","background-repeat":"repeat","background-position":"center center","background-size":"auto","background-attachment":"scroll","background-type":"","background-media":"","overlay-type":"","overlay-color":"","overlay-opacity":"","overlay-gradient":""}},"footnotes":""},"class_list":["post-20864","page","type-page","status-publish","hentry"],"post_mailing_queue_ids":[],"_links":{"self":[{"href":"https:\/\/agora.xtec.cat\/esc-elgegantdelrec\/wp-json\/wp\/v2\/pages\/20864","targetHints":{"allow":["GET"]}}],"collection":[{"href":"https:\/\/agora.xtec.cat\/esc-elgegantdelrec\/wp-json\/wp\/v2\/pages"}],"about":[{"href":"https:\/\/agora.xtec.cat\/esc-elgegantdelrec\/wp-json\/wp\/v2\/types\/page"}],"author":[{"embeddable":true,"href":"https:\/\/agora.xtec.cat\/esc-elgegantdelrec\/wp-json\/wp\/v2\/users\/1"}],"replies":[{"embeddable":true,"href":"https:\/\/agora.xtec.cat\/esc-elgegantdelrec\/wp-json\/wp\/v2\/comments?post=20864"}],"version-history":[{"count":6,"href":"https:\/\/agora.xtec.cat\/esc-elgegantdelrec\/wp-json\/wp\/v2\/pages\/20864\/revisions"}],"predecessor-version":[{"id":25398,"href":"https:\/\/agora.xtec.cat\/esc-elgegantdelrec\/wp-json\/wp\/v2\/pages\/20864\/revisions\/25398"}],"up":[{"embeddable":true,"href":"https:\/\/agora.xtec.cat\/esc-elgegantdelrec\/wp-json\/wp\/v2\/pages\/22"}],"wp:attachment":[{"href":"https:\/\/agora.xtec.cat\/esc-elgegantdelrec\/wp-json\/wp\/v2\/media?parent=20864"}],"curies":[{"name":"wp","href":"https:\/\/api.w.org\/{rel}","templated":true}]}}