{"id":188,"date":"2015-02-05T10:18:45","date_gmt":"2015-02-05T09:18:45","guid":{"rendered":"http:\/\/agora.xtec.cat\/esc-elgegantdelrec\/?page_id=188"},"modified":"2024-02-05T11:20:35","modified_gmt":"2024-02-05T10:20:35","slug":"projectes-2","status":"publish","type":"page","link":"https:\/\/agora.xtec.cat\/esc-elgegantdelrec\/projectes-2\/","title":{"rendered":"Projectes educatius"},"content":{"rendered":"<ul>\n<li>\n<h4><a href=\"http:\/\/agora.xtec.cat\/esc-elgegantdelrec\/projecte-educatiu\/projectes\/projecte-de-tallers-dintel%C2%B7ligencia-emocional\/\">Projecte de tallers d&#8217;intel\u00b7lig\u00e8ncia Emocional<\/a><\/h4>\n<\/li>\n<li>\n<h4><a href=\"http:\/\/agora.xtec.cat\/esc-elgegantdelrec\/projecte-educatiu\/projectes\/projecte-de-filosofia-318\/\">Projecte de Filosofia 3\/18<\/a><\/h4>\n<\/li>\n<li>\n<h4><a href=\"http:\/\/agora.xtec.cat\/esc-elgegantdelrec\/projecte-educatiu\/projectes\/projecte-interdisciplinari-de-lhort-de-la-mifeginia\/\">Projecte interdisciplinari de l&#8217;Hort de la Mifeg\u00ednia<\/a><\/h4>\n<\/li>\n<li>\n<h4><a href=\"http:\/\/agora.xtec.cat\/esc-elgegantdelrec\/projecte-educatiu\/projectes\/pla-tac\/\">Pla TAC<\/a><\/h4>\n<\/li>\n<li>\n<h4><a href=\"http:\/\/agora.xtec.cat\/esc-elgegantdelrec\/projecte-educatiu\/projectes\/projecte-el-pelat-de-la-pilastra\/\">Projecte <em>El Pelat de la pilastra<\/em><\/a><\/h4>\n<\/li>\n<li>\n<h4><a href=\"http:\/\/agora.xtec.cat\/esc-elgegantdelrec\/projecte-educatiu\/projectes\/projecte-pati\/\">Projecte Pat\u00ed<\/a><\/h4>\n<\/li>\n<li>\n<h4><a href=\"http:\/\/agora.xtec.cat\/esc-elgegantdelrec\/projecte-educatiu\/projectes\/projecte-cocreacio-de-pati\/\">Projecte Cocreaci\u00f3 de Pat\u00ed<\/a><\/h4>\n<\/li>\n<li>\n<h4><a href=\"http:\/\/agora.xtec.cat\/esc-elgegantdelrec\/projecte-educatiu\/projectes\/projecte-de-llengua-anglesa\/\">Projecte de Llengua Anglesa<\/a><\/h4>\n<\/li>\n<li>\n<h4><a href=\"http:\/\/agora.xtec.cat\/esc-elgegantdelrec\/projecte-educatiu\/projectes\/projecte-de-socialitzacio-de-llibres-de-text\/\">Projecte de Socialitzaci\u00f3 de llibres de text<\/a><\/h4>\n<\/li>\n<li>\n<h4><a href=\"http:\/\/agora.xtec.cat\/esc-elgegantdelrec\/projecte-educatiu\/projectes\/projecte-escola-saludable-i-sostenible\/\">Projecte Escola Saludable i sostenible<\/a><\/h4>\n<\/li>\n<li>\n<h4><a href=\"http:\/\/agora.xtec.cat\/esc-elgegantdelrec\/projecte-educatiu\/projectes\/pla-catala-desports\/\">Pla Catal\u00e0 d&#8217;Esports<\/a><\/h4>\n<\/li>\n<li>\n<h4><a href=\"http:\/\/agora.xtec.cat\/esc-elgegantdelrec\/projecte-educatiu\/projectes\/projecte-musical-de-les-escoles-de-salt-emeps\/\">Projecte musical de les escoles de Salt (EMEP&#8217;S)<\/a><\/h4>\n<\/li>\n<li>\n<h4><a href=\"http:\/\/agora.xtec.cat\/esc-elgegantdelrec\/projecte-educatiu\/projectes\/projecte-el-planter\/\">Projecte &#8220;El Planter&#8221; ConArte \/ AraArt<\/a><\/h4>\n<\/li>\n<li>\n<h4><a href=\"http:\/\/agora.xtec.cat\/esc-elgegantdelrec\/projecte-educatiu\/projectes\/formem-part-del-pee-pla-educatio-dentorn\/\">Formem part del PEE (Pla Educatiu d&#8217;Entorn)<\/a><\/h4>\n<\/li>\n<li>\n<h4><a href=\"http:\/\/agora.xtec.cat\/esc-elgegantdelrec\/projecte-educatiu\/projectes\/poefe-poefa-2\/\">POEFE &#8211; POEFA <\/a><\/h4>\n<\/li>\n<li>\n<h4><a href=\"http:\/\/agora.xtec.cat\/esc-elgegantdelrec\/centre-de-practiques\/\">Centre de pr\u00e0ctiques<\/a><\/h4>\n<\/li>\n<\/ul>\n","protected":false},"excerpt":{"rendered":"<p>Projecte de tallers d&#8217;intel\u00b7lig\u00e8ncia Emocional Projecte de Filosofia 3\/18 Projecte interdisciplinari de l&#8217;Hort de la Mifeg\u00ednia Pla TAC Projecte El Pelat de la pilastra Projecte Pat\u00ed Projecte Cocreaci\u00f3 de Pat\u00ed Projecte de Llengua Anglesa Projecte de Socialitzaci\u00f3 de llibres de text Projecte Escola Saludable i sostenible Pla Catal\u00e0 d&#8217;Esports Projecte musical de les escoles de [&hellip;]<\/p>\n","protected":false},"author":1,"featured_media":0,"parent":0,"menu_order":10,"comment_status":"closed","ping_status":"closed","template":"page-templates\/side-menu.php","meta":{"_bbp_topic_count":0,"_bbp_reply_count":0,"_bbp_total_topic_count":0,"_bbp_total_reply_count":0,"_bbp_voice_count":0,"_bbp_anonymous_reply_count":0,"_bbp_topic_count_hidden":0,"_bbp_reply_count_hidden":0,"_bbp_forum_subforum_count":0,"site-sidebar-layout":"default","site-content-layout":"","ast-site-content-layout":"","site-content-style":"default","site-sidebar-style":"default","ast-global-header-display":"","ast-banner-title-visibility":"","ast-main-header-display":"","ast-hfb-above-header-display":"","ast-hfb-below-header-display":"","ast-hfb-mobile-header-display":"","site-post-title":"","ast-breadcrumbs-content":"","ast-featured-img":"","footer-sml-layout":"","theme-transparent-header-meta":"","adv-header-id-meta":"","stick-header-meta":"","header-above-stick-meta":"","header-main-stick-meta":"","header-below-stick-meta":"","astra-migrate-meta-layouts":"default","ast-page-background-enabled":"default","ast-page-background-meta":{"desktop":{"background-color":"var(--ast-global-color-4)","background-image":"","background-repeat":"repeat","background-position":"center center","background-size":"auto","background-attachment":"scroll","background-type":"","background-media":"","overlay-type":"","overlay-color":"","overlay-opacity":"","overlay-gradient":""},"tablet":{"background-color":"","background-image":"","background-repeat":"repeat","background-position":"center center","background-size":"auto","background-attachment":"scroll","background-type":"","background-media":"","overlay-type":"","overlay-color":"","overlay-opacity":"","overlay-gradient":""},"mobile":{"background-color":"","background-image":"","background-repeat":"repeat","background-position":"center center","background-size":"auto","background-attachment":"scroll","background-type":"","background-media":"","overlay-type":"","overlay-color":"","overlay-opacity":"","overlay-gradient":""}},"ast-content-background-meta":{"desktop":{"background-color":"var(--ast-global-color-5)","background-image":"","background-repeat":"repeat","background-position":"center center","background-size":"auto","background-attachment":"scroll","background-type":"","background-media":"","overlay-type":"","overlay-color":"","overlay-opacity":"","overlay-gradient":""},"tablet":{"background-color":"var(--ast-global-color-5)","background-image":"","background-repeat":"repeat","background-position":"center center","background-size":"auto","background-attachment":"scroll","background-type":"","background-media":"","overlay-type":"","overlay-color":"","overlay-opacity":"","overlay-gradient":""},"mobile":{"background-color":"var(--ast-global-color-5)","background-image":"","background-repeat":"repeat","background-position":"center center","background-size":"auto","background-attachment":"scroll","background-type":"","background-media":"","overlay-type":"","overlay-color":"","overlay-opacity":"","overlay-gradient":""}},"footnotes":""},"class_list":["post-188","page","type-page","status-publish","hentry"],"post_mailing_queue_ids":[],"_links":{"self":[{"href":"https:\/\/agora.xtec.cat\/esc-elgegantdelrec\/wp-json\/wp\/v2\/pages\/188","targetHints":{"allow":["GET"]}}],"collection":[{"href":"https:\/\/agora.xtec.cat\/esc-elgegantdelrec\/wp-json\/wp\/v2\/pages"}],"about":[{"href":"https:\/\/agora.xtec.cat\/esc-elgegantdelrec\/wp-json\/wp\/v2\/types\/page"}],"author":[{"embeddable":true,"href":"https:\/\/agora.xtec.cat\/esc-elgegantdelrec\/wp-json\/wp\/v2\/users\/1"}],"replies":[{"embeddable":true,"href":"https:\/\/agora.xtec.cat\/esc-elgegantdelrec\/wp-json\/wp\/v2\/comments?post=188"}],"version-history":[{"count":5,"href":"https:\/\/agora.xtec.cat\/esc-elgegantdelrec\/wp-json\/wp\/v2\/pages\/188\/revisions"}],"predecessor-version":[{"id":22536,"href":"https:\/\/agora.xtec.cat\/esc-elgegantdelrec\/wp-json\/wp\/v2\/pages\/188\/revisions\/22536"}],"wp:attachment":[{"href":"https:\/\/agora.xtec.cat\/esc-elgegantdelrec\/wp-json\/wp\/v2\/media?parent=188"}],"curies":[{"name":"wp","href":"https:\/\/api.w.org\/{rel}","templated":true}]}}