{"id":18532,"date":"2021-11-21T22:00:54","date_gmt":"2021-11-21T21:00:54","guid":{"rendered":"https:\/\/agora.xtec.cat\/esc-elgegantdelrec\/?page_id=18532"},"modified":"2026-02-17T09:20:53","modified_gmt":"2026-02-17T08:20:53","slug":"documents-de-gestio-2","status":"publish","type":"page","link":"https:\/\/agora.xtec.cat\/esc-elgegantdelrec\/documents-de-gestio-2\/","title":{"rendered":"Documents de gesti\u00f3"},"content":{"rendered":"<ul>\n<li><a href=\"https:\/\/agora.xtec.cat\/esc-elgegantdelrec\/pec-2\/\"><strong>Projecte educatiu del centre (PEC)<\/strong>\u00a0<\/a>que inclou el<strong>\u00a0\u200bProjecte ling\u00fc\u00edstic (PL)<\/strong><\/li>\n<li><strong><a href=\"https:\/\/agora.xtec.cat\/esc-elgegantdelrec\/nofc\/\">Les normes d\u2019organitzaci\u00f3 i funcionament del centre<\/a> (NOFC)<\/strong><\/li>\n<li><a href=\"https:\/\/agora.xtec.cat\/esc-elgegantdelrec\/carta-de-compromis-educatiu\/\"><strong>La carta de comprom\u00eds educatiu<\/strong><\/a><\/li>\n<li><strong><a href=\"https:\/\/agora.xtec.cat\/esc-elgegantdelrec\/liquidacio-2025\/\">Liquidaci\u00f3 2025<\/a>\u00a0 i\u00a0<a href=\"https:\/\/agora.xtec.cat\/esc-elgegantdelrec\/pressupost-2026\/\"> pressupost 2026<\/a><\/strong><\/li>\n<\/ul>\n\n\n<p><\/p>\n","protected":false},"excerpt":{"rendered":"<p>Projecte educatiu del centre (PEC)\u00a0que inclou el\u00a0\u200bProjecte ling\u00fc\u00edstic (PL) Les normes d\u2019organitzaci\u00f3 i funcionament del centre (NOFC) La carta de comprom\u00eds educatiu Liquidaci\u00f3 2025\u00a0 i\u00a0 pressupost 2026<\/p>\n","protected":false},"author":1,"featured_media":0,"parent":0,"menu_order":0,"comment_status":"closed","ping_status":"closed","template":"","meta":{"_bbp_topic_count":0,"_bbp_reply_count":0,"_bbp_total_topic_count":0,"_bbp_total_reply_count":0,"_bbp_voice_count":0,"_bbp_anonymous_reply_count":0,"_bbp_topic_count_hidden":0,"_bbp_reply_count_hidden":0,"_bbp_forum_subforum_count":0,"site-sidebar-layout":"default","site-content-layout":"","ast-site-content-layout":"default","site-content-style":"default","site-sidebar-style":"default","ast-global-header-display":"","ast-banner-title-visibility":"","ast-main-header-display":"","ast-hfb-above-header-display":"","ast-hfb-below-header-display":"","ast-hfb-mobile-header-display":"","site-post-title":"","ast-breadcrumbs-content":"","ast-featured-img":"","footer-sml-layout":"","theme-transparent-header-meta":"","adv-header-id-meta":"","stick-header-meta":"","header-above-stick-meta":"","header-main-stick-meta":"","header-below-stick-meta":"","astra-migrate-meta-layouts":"set","ast-page-background-enabled":"default","ast-page-background-meta":{"desktop":{"background-color":"var(--ast-global-color-4)","background-image":"","background-repeat":"repeat","background-position":"center center","background-size":"auto","background-attachment":"scroll","background-type":"","background-media":"","overlay-type":"","overlay-color":"","overlay-opacity":"","overlay-gradient":""},"tablet":{"background-color":"","background-image":"","background-repeat":"repeat","background-position":"center center","background-size":"auto","background-attachment":"scroll","background-type":"","background-media":"","overlay-type":"","overlay-color":"","overlay-opacity":"","overlay-gradient":""},"mobile":{"background-color":"","background-image":"","background-repeat":"repeat","background-position":"center center","background-size":"auto","background-attachment":"scroll","background-type":"","background-media":"","overlay-type":"","overlay-color":"","overlay-opacity":"","overlay-gradient":""}},"ast-content-background-meta":{"desktop":{"background-color":"var(--ast-global-color-5)","background-image":"","background-repeat":"repeat","background-position":"center center","background-size":"auto","background-attachment":"scroll","background-type":"","background-media":"","overlay-type":"","overlay-color":"","overlay-opacity":"","overlay-gradient":""},"tablet":{"background-color":"var(--ast-global-color-5)","background-image":"","background-repeat":"repeat","background-position":"center center","background-size":"auto","background-attachment":"scroll","background-type":"","background-media":"","overlay-type":"","overlay-color":"","overlay-opacity":"","overlay-gradient":""},"mobile":{"background-color":"var(--ast-global-color-5)","background-image":"","background-repeat":"repeat","background-position":"center center","background-size":"auto","background-attachment":"scroll","background-type":"","background-media":"","overlay-type":"","overlay-color":"","overlay-opacity":"","overlay-gradient":""}},"footnotes":""},"class_list":["post-18532","page","type-page","status-publish","hentry"],"post_mailing_queue_ids":[],"_links":{"self":[{"href":"https:\/\/agora.xtec.cat\/esc-elgegantdelrec\/wp-json\/wp\/v2\/pages\/18532","targetHints":{"allow":["GET"]}}],"collection":[{"href":"https:\/\/agora.xtec.cat\/esc-elgegantdelrec\/wp-json\/wp\/v2\/pages"}],"about":[{"href":"https:\/\/agora.xtec.cat\/esc-elgegantdelrec\/wp-json\/wp\/v2\/types\/page"}],"author":[{"embeddable":true,"href":"https:\/\/agora.xtec.cat\/esc-elgegantdelrec\/wp-json\/wp\/v2\/users\/1"}],"replies":[{"embeddable":true,"href":"https:\/\/agora.xtec.cat\/esc-elgegantdelrec\/wp-json\/wp\/v2\/comments?post=18532"}],"version-history":[{"count":6,"href":"https:\/\/agora.xtec.cat\/esc-elgegantdelrec\/wp-json\/wp\/v2\/pages\/18532\/revisions"}],"predecessor-version":[{"id":25502,"href":"https:\/\/agora.xtec.cat\/esc-elgegantdelrec\/wp-json\/wp\/v2\/pages\/18532\/revisions\/25502"}],"wp:attachment":[{"href":"https:\/\/agora.xtec.cat\/esc-elgegantdelrec\/wp-json\/wp\/v2\/media?parent=18532"}],"curies":[{"name":"wp","href":"https:\/\/api.w.org\/{rel}","templated":true}]}}