{"id":15178,"date":"2019-11-05T11:25:02","date_gmt":"2019-11-05T10:25:02","guid":{"rendered":"http:\/\/agora.xtec.cat\/esc-elgegantdelrec\/?page_id=15178"},"modified":"2025-07-17T17:16:34","modified_gmt":"2025-07-17T15:16:34","slug":"prestec-de-llibres","status":"publish","type":"page","link":"https:\/\/agora.xtec.cat\/esc-elgegantdelrec\/biblioteca\/prestec-de-llibres\/","title":{"rendered":"Pr\u00e9stec de llibres"},"content":{"rendered":"<p style=\"text-align: center;\"><strong>Emporta&#8217;t<\/strong> <span style=\"text-decoration: underline;\">cada setmana<\/span> <strong>un llibre de la biblioteca\u00a0<\/strong>de l&#8217;escola <strong>a casa!<\/strong><\/p>\n<p style=\"text-align: center;\">Converteix casa teva en un espai per pensar i llegir.<\/p>\n<p style=\"text-align: left;\"><strong>Recorda les NORMES que has de seguir per fer el pr\u00e9stec de llibres:<\/strong><\/p>\n<ol>\n<li>Retorna omplert el contracte de pr\u00e9stec.<\/li>\n<li>Nom\u00e8s es far\u00e0 pr\u00e9stec durant l&#8217;hora de biblioteca.<\/li>\n<li>Porta el llibre de pr\u00e8stec a totes les classes de biblioteca (encara que no l&#8217;hagis acabat de llegir).<\/li>\n<li>Temps de pr\u00e9stec: 15 dies. El podr\u00e0s amplicar una setmana m\u00e9s.<\/li>\n<li>Si no respectes el temps l\u00edmit de pr\u00e9stec no podr\u00e0s agafar un llibre fins el proper trimestre.<\/li>\n<li>Si malmets qualsevol llibre l&#8217;haur\u00e0s de reparar o pagar.<\/li>\n<li>Cal que t&#8217;ho passis b\u00e9 llegint! Si un llibre no t&#8217;agrada el pots tornar sense haver-lo acabat de llegir.<\/li>\n<li>Un cop llegit el llibre podr\u00e0s recomanar-lo a un altre company\/a del teu curs.<\/li>\n<\/ol>\n<p><strong>El contracte de pr\u00e9stec, per si l&#8217;has perdut, el pots tornar a imprimir aqu\u00ed.<\/strong><\/p>\n","protected":false},"excerpt":{"rendered":"<p>Emporta&#8217;t cada setmana un llibre de la biblioteca\u00a0de l&#8217;escola a casa! Converteix casa teva en un espai per pensar i llegir. Recorda les NORMES que has de seguir per fer el pr\u00e9stec de llibres: Retorna omplert el contracte de pr\u00e9stec. Nom\u00e8s es far\u00e0 pr\u00e9stec durant l&#8217;hora de biblioteca. Porta el llibre de pr\u00e8stec a totes [&hellip;]<\/p>\n","protected":false},"author":1,"featured_media":0,"parent":4863,"menu_order":0,"comment_status":"closed","ping_status":"closed","template":"","meta":{"_bbp_topic_count":0,"_bbp_reply_count":0,"_bbp_total_topic_count":0,"_bbp_total_reply_count":0,"_bbp_voice_count":0,"_bbp_anonymous_reply_count":0,"_bbp_topic_count_hidden":0,"_bbp_reply_count_hidden":0,"_bbp_forum_subforum_count":0,"site-sidebar-layout":"default","site-content-layout":"","ast-site-content-layout":"default","site-content-style":"default","site-sidebar-style":"default","ast-global-header-display":"","ast-banner-title-visibility":"","ast-main-header-display":"","ast-hfb-above-header-display":"","ast-hfb-below-header-display":"","ast-hfb-mobile-header-display":"","site-post-title":"","ast-breadcrumbs-content":"","ast-featured-img":"","footer-sml-layout":"","theme-transparent-header-meta":"","adv-header-id-meta":"","stick-header-meta":"","header-above-stick-meta":"","header-main-stick-meta":"","header-below-stick-meta":"","astra-migrate-meta-layouts":"set","ast-page-background-enabled":"default","ast-page-background-meta":{"desktop":{"background-color":"var(--ast-global-color-4)","background-image":"","background-repeat":"repeat","background-position":"center center","background-size":"auto","background-attachment":"scroll","background-type":"","background-media":"","overlay-type":"","overlay-color":"","overlay-opacity":"","overlay-gradient":""},"tablet":{"background-color":"","background-image":"","background-repeat":"repeat","background-position":"center center","background-size":"auto","background-attachment":"scroll","background-type":"","background-media":"","overlay-type":"","overlay-color":"","overlay-opacity":"","overlay-gradient":""},"mobile":{"background-color":"","background-image":"","background-repeat":"repeat","background-position":"center center","background-size":"auto","background-attachment":"scroll","background-type":"","background-media":"","overlay-type":"","overlay-color":"","overlay-opacity":"","overlay-gradient":""}},"ast-content-background-meta":{"desktop":{"background-color":"var(--ast-global-color-5)","background-image":"","background-repeat":"repeat","background-position":"center center","background-size":"auto","background-attachment":"scroll","background-type":"","background-media":"","overlay-type":"","overlay-color":"","overlay-opacity":"","overlay-gradient":""},"tablet":{"background-color":"var(--ast-global-color-5)","background-image":"","background-repeat":"repeat","background-position":"center center","background-size":"auto","background-attachment":"scroll","background-type":"","background-media":"","overlay-type":"","overlay-color":"","overlay-opacity":"","overlay-gradient":""},"mobile":{"background-color":"var(--ast-global-color-5)","background-image":"","background-repeat":"repeat","background-position":"center center","background-size":"auto","background-attachment":"scroll","background-type":"","background-media":"","overlay-type":"","overlay-color":"","overlay-opacity":"","overlay-gradient":""}},"footnotes":""},"class_list":["post-15178","page","type-page","status-publish","hentry"],"post_mailing_queue_ids":[],"_links":{"self":[{"href":"https:\/\/agora.xtec.cat\/esc-elgegantdelrec\/wp-json\/wp\/v2\/pages\/15178","targetHints":{"allow":["GET"]}}],"collection":[{"href":"https:\/\/agora.xtec.cat\/esc-elgegantdelrec\/wp-json\/wp\/v2\/pages"}],"about":[{"href":"https:\/\/agora.xtec.cat\/esc-elgegantdelrec\/wp-json\/wp\/v2\/types\/page"}],"author":[{"embeddable":true,"href":"https:\/\/agora.xtec.cat\/esc-elgegantdelrec\/wp-json\/wp\/v2\/users\/1"}],"replies":[{"embeddable":true,"href":"https:\/\/agora.xtec.cat\/esc-elgegantdelrec\/wp-json\/wp\/v2\/comments?post=15178"}],"version-history":[{"count":4,"href":"https:\/\/agora.xtec.cat\/esc-elgegantdelrec\/wp-json\/wp\/v2\/pages\/15178\/revisions"}],"predecessor-version":[{"id":24774,"href":"https:\/\/agora.xtec.cat\/esc-elgegantdelrec\/wp-json\/wp\/v2\/pages\/15178\/revisions\/24774"}],"up":[{"embeddable":true,"href":"https:\/\/agora.xtec.cat\/esc-elgegantdelrec\/wp-json\/wp\/v2\/pages\/4863"}],"wp:attachment":[{"href":"https:\/\/agora.xtec.cat\/esc-elgegantdelrec\/wp-json\/wp\/v2\/media?parent=15178"}],"curies":[{"name":"wp","href":"https:\/\/api.w.org\/{rel}","templated":true}]}}