{"id":73,"date":"2014-09-18T14:01:51","date_gmt":"2014-09-18T13:01:51","guid":{"rendered":"http:\/\/agora.xtec.cat\/esc-elfar\/?page_id=73"},"modified":"2025-09-23T13:24:06","modified_gmt":"2025-09-23T11:24:06","slug":"menjador-escolar","status":"publish","type":"page","link":"https:\/\/agora.xtec.cat\/esc-elfar\/serveis\/menjador-escolar\/","title":{"rendered":"Menjador escolar"},"content":{"rendered":"<h2>Carta de benvinguda de Serunion<\/h2>\n<p>Estimats pares i mares,<\/p>\n<p>Des del Departament de Qualitat i Nutrici\u00f3 de SERUNI\u00d3N, empresa que gestiona el servei de menjador de l\u2019escola dels vostres fills, volem informar-vos que per donar una resposta adequada a les dietes especials (intoler\u00e0ncies, al\u00b7l\u00e8rgies aliment\u00e0ries, etc.) i en compliment de la Llei de seguretat aliment\u00e0ria i nutrici\u00f3 17\/2011 (art. 40), \u00e9s indispensable emplenar la fitxa de l\u2019infant que us adjuntem, aix\u00ed com tota la documentaci\u00f3 relacionada amb la patologia que pateix.<br \/>\nPer tenir una informaci\u00f3 al m\u00e9s actualitzada possible, es demanar\u00e0, abans del comen\u00e7ament de cada curs escolar, una renovaci\u00f3 d&#8217;aquesta informaci\u00f3. En cas que durant el transcurs de l&#8217;any escolar es produeixi alguna variaci\u00f3 o es rebi l&#8217;alta m\u00e8dica per remissi\u00f3 de l&#8217;al\u00b7l\u00e8rgia, tamb\u00e9 s&#8217;haur\u00e0 de notificar.<br \/>\nUn cop rebuda tota la informaci\u00f3, des del Departament de Nutrici\u00f3 estudiarem i valorarem l&#8217;elaboraci\u00f3 de la dieta espec\u00edfica o buscarem la soluci\u00f3 m\u00e9s adequada.<br \/>\nLa nostra prioritat \u00e9s, en qualsevol cas, oferir un servei que compleixi amb totes les garanties necess\u00e0ries de seguretat aliment\u00e0ria per al comensal. Per tant, us agrair\u00edem que ens f\u00e9ssiu arribar tota la documentaci\u00f3 sol\u00b7licitada com m\u00e9s aviat millor.<br \/>\nQuedem a la vostra disposici\u00f3. Per a qualsevol consulta o aclariment podeu contactar amb nosaltres al tel\u00e8fon 902 360 030 o al correu electr\u00f2nic seg\u00fcent: nutricion360@serunion.elior.com<\/p>\n<p>&nbsp;<\/p>\n<p>Rebeu una salutaci\u00f3 cordial.<\/p>\n<p>Atentament,<br \/>\nDepartament de Qualitat i Nutrici\u00f3<br \/>\nSeruni\u00f3n, S.A.<\/p>\n<h2 style=\"text-align: justify;\"><strong>Benvinguts al menjador 25-26!<\/strong><\/h2>\n<p>L\u2019equip de Serunion us acompanyar\u00e0 durant el curs 25-26 amb una nova proposta innovadora i creativa.<br \/>\nTot l&#8217;equip del menjador estem treballant amb molta il\u00b7lusi\u00f3 pel proper curs.<br \/>\nEntenem el servei de menjador com un espai on podem aprendre a menjar sa i variat,<br \/>\nincorporant tots els grups d&#8217;aliments necessaris per al desenvolupament adequat en l&#8217;etapa de creixement.<br \/>\nPer Serunion l\u2019espai de migdia \u00e9s una prolongaci\u00f3 de la tasca educativa de l\u2019escola on fomentem la conviv\u00e8ncia, la sostenibilitat i els<br \/>\nh\u00e0bits saludables oferint una proposta l\u00fadica i educativa enfocada al benestar dels nostres infants i joves.<br \/>\nTreballarem juntament amb l\u2019equip del centre per oferir un servei de qualitat i adaptat a cada escola durant aquesta franja hor\u00e0ria.<br \/>\nPodeu visitar la nostra p\u00e0gina web, per coneixen \u2019s de m\u00e9s a prop<br \/>\n<a href=\"https:\/\/www.serunion.es\/ca\/serveis\/serunion-educa\">https:\/\/www.serunion.es\/ca\/serveis\/serunion-educa<\/a><br \/>\nPosem a la vostra disposici\u00f3 la nostra App Colechef, amb la seg\u00fcent informaci\u00f3 actualitzada.<br \/>\n\u00c9s imprescindible donar-se d\u2019alta a la APP per fer \u00fas del servei de menjador. Si escanegeu el codi QR accedireu directament a la desc\u00e0rrega de l&#8217;App Colechef.<\/p>\n<p><a href=\"https:\/\/agora.xtec.cat\/esc-elfar\/wp-content\/uploads\/usu1629\/2023\/09\/QR-app-serunion.jpg\"><img loading=\"lazy\" decoding=\"async\" class=\"alignnone wp-image-11143\" src=\"https:\/\/agora.xtec.cat\/esc-elfar\/wp-content\/uploads\/usu1629\/2023\/09\/QR-app-serunion.jpg\" alt=\"\" width=\"145\" height=\"148\" \/><\/a><\/p>\n<p>A la APP COLECHEF hi trobareu:<\/p>\n<ul>\n<li>Informaci\u00f3 clara i detallada dels men\u00fas que se serveixen di\u00e0riament, aix\u00ed com del men\u00fa mensual.<\/li>\n<li>Llibreta viatgera: amb l&#8217;informe diari dels m\u00e9s petits (Infants d\u2019I3)<\/li>\n<li>Agenda amb les activitats fetes pel nostre equip de monitors al menjador i al pati<\/li>\n<li>Possibilitat de sol\u00b7licitar \u00abdieta tova\u00bb quan els\/les vostres fills\/filles pateixin una indisposici\u00f3.<\/li>\n<li>Gesti\u00f3 di\u00e0ria d&#8217;assist\u00e8ncies extres o abs\u00e8ncies del servei de menjador escolar.<\/li>\n<li>Contractaci\u00f3 i modificaci\u00f3 dels serveis anuals del menjador escolar<\/li>\n<\/ul>\n<p>Al\u00b7l\u00e8rgies i\/o intoler\u00e0ncies alimentaries:<\/p>\n<ul>\n<li>Podreu completar i pujar la documentaci\u00f3 a la APP COLECHEF (El meu perfil (part superior esquerra) -&gt; alumne\/a)<\/li>\n<\/ul>\n<p>Apartats:<\/p>\n<ul>\n<li>Doc. Dieta especial (amb el document en PDF per descarregar i completar a m\u00e0) i pujar-lo mitjan\u00e7ant JPG o PDF<\/li>\n<li>Doc. Certificat m\u00e8dic (per pujar-lo en JPG i PDF)<\/li>\n<\/ul>\n<p>L\u2019equip de menjador rebr\u00e0 aquestes informacions per tal de vincular el men\u00fa corresponent al perfil de cada nen\/a.<\/p>\n<p>&nbsp;<\/p>\n<h5 style=\"text-align: center;\">Equip de monitores i instal\u00b7lacions:<\/h5>\n<p><a href=\"https:\/\/agora.xtec.cat\/esc-elfar\/wp-content\/uploads\/usu1629\/2025\/09\/Monitores.jpg\"><img loading=\"lazy\" decoding=\"async\" class=\"alignnone wp-image-14132 size-full\" src=\"https:\/\/agora.xtec.cat\/esc-elfar\/wp-content\/uploads\/usu1629\/2025\/09\/Monitores.jpg\" alt=\"\" width=\"925\" height=\"696\" srcset=\"https:\/\/agora.xtec.cat\/esc-elfar\/wp-content\/uploads\/usu1629\/2025\/09\/Monitores.jpg 925w, https:\/\/agora.xtec.cat\/esc-elfar\/wp-content\/uploads\/usu1629\/2025\/09\/Monitores-300x226.jpg 300w, https:\/\/agora.xtec.cat\/esc-elfar\/wp-content\/uploads\/usu1629\/2025\/09\/Monitores-768x578.jpg 768w, https:\/\/agora.xtec.cat\/esc-elfar\/wp-content\/uploads\/usu1629\/2025\/09\/Monitores-200x150.jpg 200w\" sizes=\"auto, (max-width: 925px) 100vw, 925px\" \/><\/a><\/p>\n<ul>\n<li>El menjador escolar est\u00e0 gestionat per l&#8217;empresa Serunion Educa.<\/li>\n<li>El cuinat dels men\u00fas es realitza a la cuina de l&#8217;escola Joaquim Cus\u00ed de Figueres amb professionals qualificats i \u00e9s transportat cada migdia de la cuina central al nostre centre. El transportat es fa mitjan\u00e7ant el SISTEMA EUDEC, una variant evolucionada del sistema fred, que permet donar un servei de qualitat, segur i efica\u00e7.<\/li>\n<li>A m\u00e9s del men\u00fa base, tamb\u00e9 se n\u2019ofereix de r\u00e8gim (di\u00e0riament es prepara verdura i carn o peix a la planxa pels alumnes que justifiquin l\u2019\u00fas d\u2019aquest servei) i pels alumnes amb al\u00b7l\u00e8rgies, en qu\u00e8 se segueixen les indicacions m\u00e8diques.<\/li>\n<li>Durant l\u2019estona d\u2019esbarjo en la franja d\u2019horari de menjador, les quatre monitores dinamitzen, eduquen en temes d\u2019h\u00e0bits i promouen el joc en equip mitjan\u00e7ant un projecte educatiu adequat als recursos de cada centre.<\/li>\n<li>El menjador est\u00e0 situat a la Sala de dalt del Local Social que es troba just al davant de l&#8217;escola. Un espai ampli, ben ventilat i que ofereix un bon servei als comensals. Aquest espai t\u00e9 una capacitat per uns 60 alumnes. Degut a l&#8217;elevat nombre d&#8217;usuaris d&#8217;aquest servei, es continua dinant en dos torns: el primer, pels alumnes d&#8217;Educaci\u00f3 Infantil i Cicle Inicial, de 12&#8217;30h a 13&#8217;30h i el segon torn, per la resta d&#8217;alumnes de prim\u00e0ria, de 13&#8217;30h a 14&#8217;30h.<\/li>\n<li>Les monitores que tenen cura del menjador escolar s\u00f3n la Rosa Bellido, l&#8217;Eva Hern\u00e1ndez i la Bel\u00e9n Bastida. Assumeixen la coordinaci\u00f3 d&#8217;aquest equip la Rosa Bellido i l&#8217;Eva Hern\u00e1ndez.<\/li>\n<li>La cap d&#8217;\u00e0rea i enlla\u00e7 entre l&#8217;escola i l&#8217;empresa \u00e9s la Beatriz P\u00e9rez.<\/li>\n<li>La coordinadora de zona \u00e9s la Montse Torrent\u00f3.<\/li>\n<\/ul>\n","protected":false},"excerpt":{"rendered":"<p>Carta de benvinguda de Serunion<br \/>\nEstimats pares i mares,<br \/>\nDes del Departament de Qualitat i Nutrici\u00f3 de SERUNI\u00d3N, empresa que gestiona el servei de menjador de l\u2019escola dels vostres fills, volem informar-vos que per donar una resposta adequada a les dietes especials (intoler\u00e0ncies, al\u00b7l\u00e8rgies aliment\u00e0ries, etc.) i&hellip;  <a href=\"https:\/\/agora.xtec.cat\/esc-elfar\/serveis\/menjador-escolar\/\" title=\"Read Menjador escolar\">Llegeix m\u00e9s\u00bb<\/a><\/p>\n","protected":false},"author":1,"featured_media":0,"parent":66,"menu_order":30,"comment_status":"closed","ping_status":"closed","template":"","meta":{"_bbp_topic_count":0,"_bbp_reply_count":0,"_bbp_total_topic_count":0,"_bbp_total_reply_count":0,"_bbp_voice_count":0,"_bbp_anonymous_reply_count":0,"_bbp_topic_count_hidden":0,"_bbp_reply_count_hidden":0,"_bbp_forum_subforum_count":0,"footnotes":""},"class_list":["post-73","page","type-page","status-publish","hentry"],"post_mailing_queue_ids":[],"_links":{"self":[{"href":"https:\/\/agora.xtec.cat\/esc-elfar\/wp-json\/wp\/v2\/pages\/73","targetHints":{"allow":["GET"]}}],"collection":[{"href":"https:\/\/agora.xtec.cat\/esc-elfar\/wp-json\/wp\/v2\/pages"}],"about":[{"href":"https:\/\/agora.xtec.cat\/esc-elfar\/wp-json\/wp\/v2\/types\/page"}],"author":[{"embeddable":true,"href":"https:\/\/agora.xtec.cat\/esc-elfar\/wp-json\/wp\/v2\/users\/1"}],"replies":[{"embeddable":true,"href":"https:\/\/agora.xtec.cat\/esc-elfar\/wp-json\/wp\/v2\/comments?post=73"}],"version-history":[{"count":8,"href":"https:\/\/agora.xtec.cat\/esc-elfar\/wp-json\/wp\/v2\/pages\/73\/revisions"}],"predecessor-version":[{"id":14136,"href":"https:\/\/agora.xtec.cat\/esc-elfar\/wp-json\/wp\/v2\/pages\/73\/revisions\/14136"}],"up":[{"embeddable":true,"href":"https:\/\/agora.xtec.cat\/esc-elfar\/wp-json\/wp\/v2\/pages\/66"}],"wp:attachment":[{"href":"https:\/\/agora.xtec.cat\/esc-elfar\/wp-json\/wp\/v2\/media?parent=73"}],"curies":[{"name":"wp","href":"https:\/\/api.w.org\/{rel}","templated":true}]}}