{"id":64,"date":"2014-09-18T12:39:08","date_gmt":"2014-09-18T10:39:08","guid":{"rendered":"http:\/\/agora.xtec.cat\/esc-elfar\/?page_id=64"},"modified":"2024-12-10T12:17:59","modified_gmt":"2024-12-10T11:17:59","slug":"projecte-educatiu","status":"publish","type":"page","link":"https:\/\/agora.xtec.cat\/esc-elfar\/lescola\/projecte-educatiu\/","title":{"rendered":"Projectes del centre"},"content":{"rendered":"<ul>\n<li style=\"list-style-type: none;\">\n<ul>\n<li>\n<h2><span style=\"color: #008000;\"><a style=\"color: #008000;\" href=\"https:\/\/agora.xtec.cat\/esc-elfar\/docs\/projectes-de-centre\" target=\"_blank\" rel=\"noopener\">PROJECTE DE DIRECCI\u00d3<\/a><\/span><\/h2>\n<\/li>\n<\/ul>\n<\/li>\n<li style=\"list-style-type: none;\"><iframe loading=\"lazy\" src=\"https:\/\/www.slideshare.net\/slideshow\/embed_code\/key\/XJjitRlFdSuZ?hostedIn=slideshare&amp;page=upload\" width=\"668\" height=\"714\" frameborder=\"0\" marginwidth=\"0\" marginheight=\"0\" scrolling=\"no\"><\/iframe>\n<ul>\n<li>\n<h2><a href=\"https:\/\/agora.xtec.cat\/esc-elfar\/docs\/projectes-de-centre\" target=\"_blank\" rel=\"noopener noreferrer\">PROJECTE EDUCATIU DE CENTRE (PEC)<\/a><\/h2>\n<h2><iframe loading=\"lazy\" src=\"https:\/\/www.slideshare.net\/slideshow\/embed_code\/key\/6nByCq9QK7C1PY?hostedIn=slideshare&amp;page=upload\" width=\"668\" height=\"714\" frameborder=\"0\" marginwidth=\"0\" marginheight=\"0\" scrolling=\"no\"><\/iframe><\/h2>\n<div style=\"margin-bottom: 5px;\"><\/div>\n<\/li>\n<li>\n<h2><a href=\"https:\/\/agora.xtec.cat\/esc-elfar\/wp-content\/uploads\/usu1629\/2019\/01\/PROJECTE-LING\u00dc\u00cdSTIC-DE-CENTRE-Escola-El-Far-dEmpord\u00e0.pdf\" target=\"_blank\" rel=\"noopener noreferrer\">PROJECTE LING\u00dc\u00cdSTIC DE CENTRE (PLC)<\/a><iframe loading=\"lazy\" src=\"\/\/www.slideshare.net\/slideshow\/embed_code\/key\/JuYsPhBMj19Ohx\" width=\"668\" height=\"714\" frameborder=\"0\"> <\/iframe><\/h2>\n<\/li>\n<li>\n<h2><a href=\"https:\/\/agora.xtec.cat\/esc-elfar\/wp-content\/uploads\/usu1629\/2020\/02\/Pla-dacollida-Escola-El-Far-dEmpord\u00e0.pdf\" target=\"_blank\" rel=\"noopener noreferrer\">PLA D&#8217;ACOLLIDA<\/a><\/h2>\n<\/li>\n<\/ul>\n<\/li>\n<\/ul>\n<h2><iframe loading=\"lazy\" src=\"\/\/www.slideshare.net\/slideshow\/embed_code\/key\/k6vvAZ5dTTui0l\" width=\"668\" height=\"714\" frameborder=\"0\"> <\/iframe><\/h2>\n<h2><\/h2>\n<ul>\n<li style=\"list-style-type: none;\">\n<ul>\n<li>\n<h2><a href=\"https:\/\/agora.xtec.cat\/esc-elfar\/wp-content\/uploads\/usu1629\/2023\/09\/PROJECTE-BIBILOTECA-ESCOLA-EL-FAR-DEMPORDA.pdf\" target=\"_blank\" rel=\"noopener\">PROJECTE DE BIBLIOTECA<\/a><\/h2>\n<\/li>\n<\/ul>\n<\/li>\n<li style=\"list-style-type: none;\"><iframe loading=\"lazy\" src=\"https:\/\/www.slideshare.net\/slideshow\/embed_code\/key\/MoqTH6S2Tdgkt2?hostedIn=slideshare&amp;page=upload\" width=\"668\" height=\"714\" frameborder=\"0\" marginwidth=\"0\" marginheight=\"0\" scrolling=\"no\"><\/iframe>\n<ul>\n<li>\n<h2><a href=\"https:\/\/sites.google.com\/xtec.cat\/edcescolaelfar\/presentaci%C3%B3-de-ledc\" target=\"_blank\" rel=\"noopener\">ESTRAT\u00c8GIA DIGITAL DE CENTRE<\/a><\/h2>\n<\/li>\n<\/ul>\n<\/li>\n<\/ul>\n","protected":false},"excerpt":{"rendered":"<ul>\n<li style=\"list-style-type: none;\">\n<ul>\n<li>\n<a style=\"color: #008000;\" href=\"https:\/\/agora.xtec.cat\/esc-elfar\/docs\/projectes-de-centre\" target=\"_blank\" rel=\"noopener\">PROJECTE DE DIRECCI\u00d3<\/a>\n<\/li>\n<\/ul>\n<\/li>\n<li style=\"list-style-type: none;\">\n<ul>\n<li>\n<a href=\"https:\/\/agora.xtec.cat\/esc-elfar\/docs\/projectes-de-centre\" target=\"_blank\" rel=\"noopener noreferrer\">PROJECTE EDUCATIU DE CENTRE (PEC)<\/a><\/p>\n<\/li>\n<li>\n<a href=\"https:\/\/agora.xtec.cat\/esc-elfar\/wp-content\/uploads\/usu1629\/2019\/01\/PROJECTE-LING\u00dc\u00cdSTIC-DE-CENTRE-Escola-El-Far-dEmpord\u00e0.pdf\" target=\"_blank\" rel=\"noopener noreferrer\">PROJECTE LING\u00dc\u00cdSTIC DE CENTRE (PLC)<\/a>\n<\/li>\n<li>\n<a href=\"https:\/\/agora.xtec.cat\/esc-elfar\/wp-content\/uploads\/usu1629\/2020\/02\/Pla-dacollida-Escola-El-Far-dEmpord\u00e0.pdf\" target=\"_blank\" rel=\"noopener noreferrer\">PLA D&#8217;ACOLLIDA<\/a>\n<\/li>\n<\/ul>\n<\/li>\n<\/ul>\n<ul>\n<li style=\"list-style-type: none;\">\n<ul>\n<li>\n<a href=\"https:\/\/agora.xtec.cat\/esc-elfar\/wp-content\/uploads\/usu1629\/2023\/09\/PROJECTE-BIBILOTECA-ESCOLA-EL-FAR-DEMPORDA.pdf\" target=\"_blank\" rel=\"noopener\">PROJECTE DE BIBLIOTECA<\/a>\n<\/li>\n<\/ul>\n<\/li>\n<li style=\"list-style-type: none;\">\n<ul>\n<li>\n<a href=\"https:\/\/sites.google.com\/xtec.cat\/edcescolaelfar\/presentaci%C3%B3-de-ledc\"&hellip;  <a href=\"https:\/\/agora.xtec.cat\/esc-elfar\/lescola\/projecte-educatiu\/\" title=\"Read Projectes del centre\">Llegeix m\u00e9s\u00bb<\/a><\/p>\n","protected":false},"author":1,"featured_media":0,"parent":22,"menu_order":40,"comment_status":"closed","ping_status":"closed","template":"page-templates\/side-menu.php","meta":{"_bbp_topic_count":0,"_bbp_reply_count":0,"_bbp_total_topic_count":0,"_bbp_total_reply_count":0,"_bbp_voice_count":0,"_bbp_anonymous_reply_count":0,"_bbp_topic_count_hidden":0,"_bbp_reply_count_hidden":0,"_bbp_forum_subforum_count":0,"footnotes":""},"class_list":["post-64","page","type-page","status-publish","hentry"],"post_mailing_queue_ids":[],"_links":{"self":[{"href":"https:\/\/agora.xtec.cat\/esc-elfar\/wp-json\/wp\/v2\/pages\/64","targetHints":{"allow":["GET"]}}],"collection":[{"href":"https:\/\/agora.xtec.cat\/esc-elfar\/wp-json\/wp\/v2\/pages"}],"about":[{"href":"https:\/\/agora.xtec.cat\/esc-elfar\/wp-json\/wp\/v2\/types\/page"}],"author":[{"embeddable":true,"href":"https:\/\/agora.xtec.cat\/esc-elfar\/wp-json\/wp\/v2\/users\/1"}],"replies":[{"embeddable":true,"href":"https:\/\/agora.xtec.cat\/esc-elfar\/wp-json\/wp\/v2\/comments?post=64"}],"version-history":[{"count":7,"href":"https:\/\/agora.xtec.cat\/esc-elfar\/wp-json\/wp\/v2\/pages\/64\/revisions"}],"predecessor-version":[{"id":13042,"href":"https:\/\/agora.xtec.cat\/esc-elfar\/wp-json\/wp\/v2\/pages\/64\/revisions\/13042"}],"up":[{"embeddable":true,"href":"https:\/\/agora.xtec.cat\/esc-elfar\/wp-json\/wp\/v2\/pages\/22"}],"wp:attachment":[{"href":"https:\/\/agora.xtec.cat\/esc-elfar\/wp-json\/wp\/v2\/media?parent=64"}],"curies":[{"name":"wp","href":"https:\/\/api.w.org\/{rel}","templated":true}]}}