{"id":30,"date":"2014-09-18T12:30:23","date_gmt":"2014-09-18T10:30:23","guid":{"rendered":"http:\/\/agora.xtec.cat\/esc-elfar\/?page_id=30"},"modified":"2022-10-17T09:46:02","modified_gmt":"2022-10-17T07:46:02","slug":"instal%c2%b7lacions","status":"publish","type":"page","link":"https:\/\/agora.xtec.cat\/esc-elfar\/lescola\/instal%c2%b7lacions\/","title":{"rendered":"Instal\u00b7lacions de l&#8217;escola"},"content":{"rendered":"<p>Si teniu inter\u00e8s en visitar l\u2019escola, nom\u00e9s cal concertar una visita trucant al tel\u00e8fon 972670088 o escrivint un correu electr\u00f2nic a l\u2019adre\u00e7a <a href=\"mailto:b7000068@xtec.cat\">b7000068@xtec.cat<\/a>. Us ensenyarem els espais del centre, us explicarem el Projecte Educatiu i podreu veure de primera m\u00e0 com treballem.<\/p>\n<p><iframe loading=\"lazy\" src=\"https:\/\/www.youtube.com\/embed\/u_1EK8Q46hc\" width=\"1280\" height=\"720\" frameborder=\"0\" allowfullscreen=\"allowfullscreen\"><\/iframe><\/p>\n","protected":false},"excerpt":{"rendered":"<p>Si teniu inter\u00e8s en visitar l\u2019escola, nom\u00e9s cal concertar una visita trucant al tel\u00e8fon 972670088 o escrivint un correu electr\u00f2nic a l\u2019adre\u00e7a <a href=\"mailto:b7000068@xtec.cat\">b7000068@xtec.cat<\/a>. Us ensenyarem els espais del centre, us explicarem el Projecte Educatiu i podreu veure de primera m\u00e0 com treballem.<\/p>\n","protected":false},"author":1,"featured_media":0,"parent":22,"menu_order":42,"comment_status":"closed","ping_status":"closed","template":"page-templates\/side-menu.php","meta":{"_bbp_topic_count":0,"_bbp_reply_count":0,"_bbp_total_topic_count":0,"_bbp_total_reply_count":0,"_bbp_voice_count":0,"_bbp_anonymous_reply_count":0,"_bbp_topic_count_hidden":0,"_bbp_reply_count_hidden":0,"_bbp_forum_subforum_count":0,"footnotes":""},"class_list":["post-30","page","type-page","status-publish","hentry"],"post_mailing_queue_ids":[],"_links":{"self":[{"href":"https:\/\/agora.xtec.cat\/esc-elfar\/wp-json\/wp\/v2\/pages\/30","targetHints":{"allow":["GET"]}}],"collection":[{"href":"https:\/\/agora.xtec.cat\/esc-elfar\/wp-json\/wp\/v2\/pages"}],"about":[{"href":"https:\/\/agora.xtec.cat\/esc-elfar\/wp-json\/wp\/v2\/types\/page"}],"author":[{"embeddable":true,"href":"https:\/\/agora.xtec.cat\/esc-elfar\/wp-json\/wp\/v2\/users\/1"}],"replies":[{"embeddable":true,"href":"https:\/\/agora.xtec.cat\/esc-elfar\/wp-json\/wp\/v2\/comments?post=30"}],"version-history":[{"count":4,"href":"https:\/\/agora.xtec.cat\/esc-elfar\/wp-json\/wp\/v2\/pages\/30\/revisions"}],"predecessor-version":[{"id":6729,"href":"https:\/\/agora.xtec.cat\/esc-elfar\/wp-json\/wp\/v2\/pages\/30\/revisions\/6729"}],"up":[{"embeddable":true,"href":"https:\/\/agora.xtec.cat\/esc-elfar\/wp-json\/wp\/v2\/pages\/22"}],"wp:attachment":[{"href":"https:\/\/agora.xtec.cat\/esc-elfar\/wp-json\/wp\/v2\/media?parent=30"}],"curies":[{"name":"wp","href":"https:\/\/api.w.org\/{rel}","templated":true}]}}