{"id":26,"date":"2014-09-18T12:24:32","date_gmt":"2014-09-18T11:24:32","guid":{"rendered":"http:\/\/agora.xtec.cat\/esc-elfar\/?page_id=26"},"modified":"2022-10-17T09:26:07","modified_gmt":"2022-10-17T07:26:07","slug":"historia","status":"publish","type":"page","link":"https:\/\/agora.xtec.cat\/esc-elfar\/lescola\/historia\/","title":{"rendered":"Una mica d&#8217;hist\u00f2ria"},"content":{"rendered":"<p style=\"text-align: justify;\">L&#8217;escola El Far d&#8217;Empord\u00e0 \u00e9s una escola p\u00fablica de caire rural que, any rere any, es va convertint en una escola d&#8217;una sola l\u00ednia. Actualment, compta amb noranta-nou alumnes matriculats i encara \u00e9s c\u00edclica al curs de cicle mitj\u00e0. A principis dels anys 2000, aquesta escola comptava amb una matr\u00edcula de nom\u00e9s dotze alumnes de fam\u00edlies castellano-parlants, algunes de les quals eren d&#8217;\u00e8tnia gitana. La poblaci\u00f3 aut\u00f2ctona del poble (la majoria catalano-parlants) portaven als seus fills a les escoles de Figueres. Poc a poc, la situaci\u00f3 es va anar redre\u00e7ant i les fam\u00edlies del poble varen comen\u00e7ar a apostar per aquesta escola, en un intent de no tancar-la. A partir de l&#8217;any 2008-09, amb la renovaci\u00f3 de bona part del claustre i amb una clara aposta per millorar la qualitat de l&#8217;ensenyament del centre, es va decidir iniciar un projecte dedicat a l&#8217;hort escolar. Un hort que cediria l&#8217;avi d&#8217;uns alumnes. A partir d&#8217;aquella experi\u00e8ncia es va programar cada any un projecte interdisciplinari lligat a l&#8217;entorn per tal d&#8217;obrir l&#8217;escola al poble. Un projecte que pret\u00e9n el comprom\u00eds de l\u2019equip docent i la qualitat pedag\u00f2gica de la tasca que s\u2019hi realitza, amb un plantejament on la llengua catalana hi \u00e9s present d\u2019una manera general i natural i on s\u2019estimula i es posa en relleu el treball dels alumnes, visible en diversos espais del centre (exposicions, plafons visuals, edicions en paper&#8230;), presentant el projecte a final de curs de diverses maneres i convidant a tota la comunitat educativa a prendre-hi part.<br \/>\nActualment, les fam\u00edlies integrants de l\u2019escola s\u00f3n b\u00e0sicament catalanoparlants i\/o castellano parlants. L\u2019\u00edndex d\u2019immigraci\u00f3 \u00e9s gaireb\u00e9 nul, un fet gaireb\u00e9 ins\u00f2lit si tenim en compte que el poble es troba molt a prop del nucli de Figueres on l\u2019\u00edndex d\u2019immigraci\u00f3 en els diferents centres escolars \u00e9s dels m\u00e9s elevats de les comarques gironines. A l&#8217;escola, la llengua catalana \u00e9s present al 100% en tots els \u00e0mbits comunicatius.<br \/>\nCal afegir que no nom\u00e9s el projecte afavoreix que el catal\u00e0 sigui la llengua vehicular tant a dintre com a fora de l&#8217;aula. L&#8217;escola tamb\u00e9 compta amb una biblioteca activa -La cova dels misteris- que realitza el servei de pr\u00e9stec setmanal i que programa tota una s\u00e8rie d&#8217;activitats durant el curs (visites d&#8217;autors, tr\u00edptics informatius a les jornades culturals per a les fam\u00edlies, organitzaci\u00f3 anual dels Jocs Florals lligats al projecte interdisciplinari, concurs trimestral d&#8217;enigmes matem\u00e0tics i endevinalles \u2026).<br \/>\nActualment, l&#8217;escola compta, cada any, amb un elevat \u00edndex de fam\u00edlies de fora del poble interessades a matricular els seus fills en aquesta escola.<\/p>\n<p style=\"text-align: justify;\">Durant el mes de novembre del curs escolar 2015-2016 i dins dels actes programats per la festa major de St. Mart\u00ed, es va presentar el llibre de l&#8217;escola on es recull tota l&#8217;evoluci\u00f3 del centre des dels seus or\u00edgens a finals del segle XIX i fins a l&#8217;actualitat.<\/p>\n<p style=\"text-align: left;\"><img loading=\"lazy\" decoding=\"async\" class=\"size-medium wp-image-687 alignleft\" src=\"http:\/\/agora.xtec.cat\/esc-elfar\/wp-content\/uploads\/usu1629\/2014\/09\/Llibre-Escola_portada_04-262x300.jpg\" alt=\"llibre-escola_portada_04\" width=\"262\" height=\"300\" srcset=\"https:\/\/agora.xtec.cat\/esc-elfar\/wp-content\/uploads\/usu1629\/2014\/09\/Llibre-Escola_portada_04-262x300.jpg 262w, https:\/\/agora.xtec.cat\/esc-elfar\/wp-content\/uploads\/usu1629\/2014\/09\/Llibre-Escola_portada_04-768x880.jpg 768w, https:\/\/agora.xtec.cat\/esc-elfar\/wp-content\/uploads\/usu1629\/2014\/09\/Llibre-Escola_portada_04.jpg 825w\" sizes=\"auto, (max-width: 262px) 100vw, 262px\" \/><\/p>\n<p>&nbsp;<\/p>\n","protected":false},"excerpt":{"rendered":"<p>L&#8217;escola El Far d&#8217;Empord\u00e0 \u00e9s una escola p\u00fablica de caire rural que, any rere any, es va convertint en una escola d&#8217;una sola l\u00ednia. Actualment, compta amb noranta-nou alumnes matriculats i encara \u00e9s c\u00edclica al curs de cicle mitj\u00e0. A principis dels anys 2000, aquesta&hellip;  <a href=\"https:\/\/agora.xtec.cat\/esc-elfar\/lescola\/historia\/\" title=\"Read Una mica d&#8217;hist\u00f2ria\">Llegeix m\u00e9s\u00bb<\/a><\/p>\n","protected":false},"author":1,"featured_media":0,"parent":22,"menu_order":20,"comment_status":"closed","ping_status":"closed","template":"page-templates\/side-menu.php","meta":{"_bbp_topic_count":0,"_bbp_reply_count":0,"_bbp_total_topic_count":0,"_bbp_total_reply_count":0,"_bbp_voice_count":0,"_bbp_anonymous_reply_count":0,"_bbp_topic_count_hidden":0,"_bbp_reply_count_hidden":0,"_bbp_forum_subforum_count":0,"footnotes":""},"class_list":["post-26","page","type-page","status-publish","hentry"],"post_mailing_queue_ids":[],"_links":{"self":[{"href":"https:\/\/agora.xtec.cat\/esc-elfar\/wp-json\/wp\/v2\/pages\/26","targetHints":{"allow":["GET"]}}],"collection":[{"href":"https:\/\/agora.xtec.cat\/esc-elfar\/wp-json\/wp\/v2\/pages"}],"about":[{"href":"https:\/\/agora.xtec.cat\/esc-elfar\/wp-json\/wp\/v2\/types\/page"}],"author":[{"embeddable":true,"href":"https:\/\/agora.xtec.cat\/esc-elfar\/wp-json\/wp\/v2\/users\/1"}],"replies":[{"embeddable":true,"href":"https:\/\/agora.xtec.cat\/esc-elfar\/wp-json\/wp\/v2\/comments?post=26"}],"version-history":[{"count":4,"href":"https:\/\/agora.xtec.cat\/esc-elfar\/wp-json\/wp\/v2\/pages\/26\/revisions"}],"predecessor-version":[{"id":9949,"href":"https:\/\/agora.xtec.cat\/esc-elfar\/wp-json\/wp\/v2\/pages\/26\/revisions\/9949"}],"up":[{"embeddable":true,"href":"https:\/\/agora.xtec.cat\/esc-elfar\/wp-json\/wp\/v2\/pages\/22"}],"wp:attachment":[{"href":"https:\/\/agora.xtec.cat\/esc-elfar\/wp-json\/wp\/v2\/media?parent=26"}],"curies":[{"name":"wp","href":"https:\/\/api.w.org\/{rel}","templated":true}]}}