{"id":1900,"date":"2017-10-06T15:41:17","date_gmt":"2017-10-06T13:41:17","guid":{"rendered":"http:\/\/agora.xtec.cat\/esc-elfar\/?page_id=1900"},"modified":"2023-09-18T13:34:19","modified_gmt":"2023-09-18T11:34:19","slug":"carta-de-compromis-entre-les-families-i-lescola","status":"publish","type":"page","link":"https:\/\/agora.xtec.cat\/esc-elfar\/lescola\/carta-de-compromis-entre-les-families-i-lescola\/","title":{"rendered":"V\u00eddeotutorials eines digitals escola"},"content":{"rendered":"<h6 style=\"text-align: justify;\">\u26a0\ufe0f Per resoldre dubtes tecnol\u00f2gics podeu venir al centre els dimarts i els dijous de 16h a 16:30h i parlar amb la Noem\u00ed o amb l&#8217;Helena. Tamb\u00e9 ens podeu enviar un correu des del vostre compte de fam\u00edlia a:<\/h6>\n<ul>\n<li style=\"text-align: justify;\">\n<h6>noemicambray@escoalelfar.cat<\/h6>\n<\/li>\n<li style=\"text-align: justify;\">\n<h6>helenaquintana@escolaelfar.cat<\/h6>\n<\/li>\n<\/ul>\n<p>&nbsp;<\/p>\n<ul>\n<li>\n<h3>WEB DE CENTRE: Navegar pel nostre web<\/h3>\n<\/li>\n<\/ul>\n<p><iframe loading=\"lazy\" title=\"Navegar pel Nodes de l'Escola El Far d'Empord\u00e0\" src=\"https:\/\/www.youtube.com\/embed\/yor-bBEBYiU\" width=\"741\" height=\"361\" frameborder=\"0\" allowfullscreen=\"allowfullscreen\"><\/iframe><\/p>\n<ul>\n<li>\n<h3>WEB DE CENTRE: Subscripci\u00f3 als grups classe<\/h3>\n<\/li>\n<\/ul>\n<p><iframe loading=\"lazy\" title=\"Subscripci\u00f3 als grups classe\" src=\"https:\/\/www.youtube.com\/embed\/v2jrjGC6hB8\" width=\"741\" height=\"361\" frameborder=\"0\" allowfullscreen=\"allowfullscreen\"><\/iframe><\/p>\n<ul>\n<li>\n<h3>WEB DE CENTRE: Acc\u00e9s \u00e0rea fam\u00edlies i desc\u00e0rrega de fotografies<\/h3>\n<\/li>\n<\/ul>\n<p><iframe loading=\"lazy\" title=\"Tutorial acc\u00e9s \u00e0rea fam\u00edlies\" src=\"https:\/\/www.youtube.com\/embed\/gu-7P2ZeWxQ\" width=\"741\" height=\"361\" frameborder=\"0\" allowfullscreen=\"allowfullscreen\"><\/iframe><\/p>\n<ul>\n<li>\n<h3>Configuraci\u00f3 compte fam\u00edlia i\/o alumne als dispositius m\u00f2bils:<\/h3>\n<\/li>\n<\/ul>\n<p><iframe loading=\"lazy\" title=\"Configuraci\u00f3 d'un compte d'usuari de fam\u00edlia al m\u00f2bil o la tauleta\" src=\"https:\/\/www.youtube.com\/embed\/TKEQkqo5pZw\" width=\"741\" height=\"361\" frameborder=\"0\" allowfullscreen=\"allowfullscreen\"><\/iframe><\/p>\n<ul>\n<li>\n<h3>Com funciona Classroom, l&#8217;aula virtual de l&#8217;escola:<\/h3>\n<\/li>\n<\/ul>\n<p><iframe loading=\"lazy\" title=\"Com utilitzar Classroom\" src=\"https:\/\/www.youtube.com\/embed\/qysnf8F2avI\" width=\"741\" height=\"361\" frameborder=\"0\" allowfullscreen=\"allowfullscreen\"><span data-mce-type=\"bookmark\" style=\"display: inline-block; width: 0px; overflow: hidden; line-height: 0;\" class=\"mce_SELRES_start\">\ufeff<\/span><\/iframe><\/p>\n<h1><\/h1>\n<h1>Documents d&#8217;eines digitals de centre:<\/h1>\n<ul>\n<li><a href=\"https:\/\/agora.xtec.cat\/esc-elfar\/wp-content\/uploads\/usu1629\/2022\/10\/Workspace-i-equips-de-centre.pdf\" target=\"_blank\" rel=\"noopener\">Presentaci\u00f3 Workspace i equips de centre<\/a><\/li>\n<li><a href=\"https:\/\/agora.xtec.cat\/esc-elfar\/wp-content\/uploads\/usu1629\/2022\/10\/Usos-i-normativa-Workspace.pdf\" target=\"_blank\" rel=\"noopener\">Usos i normativa Workspace<\/a><\/li>\n<li><a href=\"https:\/\/agora.xtec.cat\/esc-elfar\/wp-content\/uploads\/usu1629\/2022\/10\/Carta-families-informacio-cessio-equips-alumnes.pdf\" target=\"_blank\" rel=\"noopener\">Carta per a fam\u00edlies d&#8217;informaci\u00f3 de cessi\u00f3 d&#8217;equips alumnes<\/a><\/li>\n<li><a href=\"https:\/\/agora.xtec.cat\/esc-elfar\/wp-content\/uploads\/usu1629\/2022\/10\/Contracte-prestec-portatils-alumnes.pdf\" target=\"_blank\" rel=\"noopener\">Contracte pr\u00e9stec port\u00e0tils alumnes<\/a><\/li>\n<\/ul>\n","protected":false},"excerpt":{"rendered":"<p>\u26a0\ufe0f Per resoldre dubtes tecnol\u00f2gics podeu venir al centre els dimarts i els dijous de 16h a 16:30h i parlar amb la Noem\u00ed o amb l&#8217;Helena. Tamb\u00e9 ens podeu enviar un correu des del vostre compte de fam\u00edlia a:<\/p>\n<ul>\n<li style=\"text-align: justify;\">\nnoemicambray@escoalelfar.cat\n<\/li>\n<li style=\"text-align: justify;\">\nhelenaquintana@escolaelfar.cat\n<\/li>\n<\/ul>\n<p>&nbsp;<\/p>\n<ul>\n<li>\nWEB DE CENTRE:&hellip;  <a href=\"https:\/\/agora.xtec.cat\/esc-elfar\/lescola\/carta-de-compromis-entre-les-families-i-lescola\/\" title=\"Read V\u00eddeotutorials eines digitals escola\">Llegeix m\u00e9s\u00bb<\/a><\/p>\n","protected":false},"author":13,"featured_media":0,"parent":22,"menu_order":90,"comment_status":"closed","ping_status":"closed","template":"page-templates\/side-menu.php","meta":{"_bbp_topic_count":0,"_bbp_reply_count":0,"_bbp_total_topic_count":0,"_bbp_total_reply_count":0,"_bbp_voice_count":0,"_bbp_anonymous_reply_count":0,"_bbp_topic_count_hidden":0,"_bbp_reply_count_hidden":0,"_bbp_forum_subforum_count":0,"footnotes":""},"class_list":["post-1900","page","type-page","status-publish","hentry"],"post_mailing_queue_ids":[],"_links":{"self":[{"href":"https:\/\/agora.xtec.cat\/esc-elfar\/wp-json\/wp\/v2\/pages\/1900","targetHints":{"allow":["GET"]}}],"collection":[{"href":"https:\/\/agora.xtec.cat\/esc-elfar\/wp-json\/wp\/v2\/pages"}],"about":[{"href":"https:\/\/agora.xtec.cat\/esc-elfar\/wp-json\/wp\/v2\/types\/page"}],"author":[{"embeddable":true,"href":"https:\/\/agora.xtec.cat\/esc-elfar\/wp-json\/wp\/v2\/users\/13"}],"replies":[{"embeddable":true,"href":"https:\/\/agora.xtec.cat\/esc-elfar\/wp-json\/wp\/v2\/comments?post=1900"}],"version-history":[{"count":4,"href":"https:\/\/agora.xtec.cat\/esc-elfar\/wp-json\/wp\/v2\/pages\/1900\/revisions"}],"predecessor-version":[{"id":11179,"href":"https:\/\/agora.xtec.cat\/esc-elfar\/wp-json\/wp\/v2\/pages\/1900\/revisions\/11179"}],"up":[{"embeddable":true,"href":"https:\/\/agora.xtec.cat\/esc-elfar\/wp-json\/wp\/v2\/pages\/22"}],"wp:attachment":[{"href":"https:\/\/agora.xtec.cat\/esc-elfar\/wp-json\/wp\/v2\/media?parent=1900"}],"curies":[{"name":"wp","href":"https:\/\/api.w.org\/{rel}","templated":true}]}}