{"id":1885,"date":"2017-10-06T15:28:58","date_gmt":"2017-10-06T13:28:58","guid":{"rendered":"http:\/\/agora.xtec.cat\/esc-elfar\/?page_id=1885"},"modified":"2025-07-01T11:32:10","modified_gmt":"2025-07-01T09:32:10","slug":"normativa-general-del-centre","status":"publish","type":"page","link":"https:\/\/agora.xtec.cat\/esc-elfar\/lescola\/normativa-general-del-centre\/","title":{"rendered":"Normativa general del centre"},"content":{"rendered":"<ul>\n<li><strong><a href=\"https:\/\/agora.xtec.cat\/esc-elfar\/docs\/normativa-general-de-centre\" target=\"_blank\" rel=\"noopener noreferrer\">Normativa general del centre per al curs 2025-26<\/a><\/strong><\/li>\n<\/ul>\n<p><iframe loading=\"lazy\" src=\"https:\/\/www.slideshare.net\/slideshow\/embed_code\/key\/CWxqYfZzITNonk?hostedIn=slideshare&amp;page=upload\" width=\"476\" height=\"400\" frameborder=\"0\" marginwidth=\"0\" marginheight=\"0\" scrolling=\"no\"><\/iframe><\/p>\n<ul>\n<li><strong>Normes d&#8217;organitzaci\u00f3 i funcionament de centre<\/strong><\/li>\n<\/ul>\n<p><iframe loading=\"lazy\" src=\"https:\/\/www.slideshare.net\/slideshow\/embed_code\/key\/HFqV2sMDDhOURl?hostedIn=slideshare&amp;page=upload\" width=\"668\" height=\"714\" frameborder=\"0\" marginwidth=\"0\" marginheight=\"0\" scrolling=\"no\"><\/iframe><\/p>\n<ul>\n<li><strong>Carta de comprom\u00eds fam\u00edlies i escola<\/strong><\/li>\n<\/ul>\n<p><a href=\"http:\/\/agora.xtec.cat\/esc-elfar\/wp-content\/uploads\/usu1629\/2017\/10\/Gallina-escola.jpg\"><img loading=\"lazy\" decoding=\"async\" class=\"alignnone wp-image-1901\" src=\"http:\/\/agora.xtec.cat\/esc-elfar\/wp-content\/uploads\/usu1629\/2017\/10\/Gallina-escola.jpg\" alt=\"\" width=\"215\" height=\"97\" srcset=\"https:\/\/agora.xtec.cat\/esc-elfar\/wp-content\/uploads\/usu1629\/2017\/10\/Gallina-escola.jpg 693w, https:\/\/agora.xtec.cat\/esc-elfar\/wp-content\/uploads\/usu1629\/2017\/10\/Gallina-escola-300x135.jpg 300w\" sizes=\"auto, (max-width: 215px) 100vw, 215px\" \/><\/a><\/p>\n<p>Les persones sotasignades, ROSA MARIA MORET GUILLAMET, \u00a0directora de l\u2019Escola de El Far d\u2019Empord\u00e0, i .\u2026\u2026\u2026\u2026\u2026\u2026\u2026&#8230;&#8230;&#8230;&#8230;&#8230;\u2026\u2026\u2026&#8230;.\u2026&#8230;&#8230;&#8230;&#8230;&#8230;..\u2026\u2026..\u2026\u2026..\u2026. (pare mare, tutor, tutora) de l\u2019alumne\/a &#8230;&#8230;&#8230;&#8230;&#8230;&#8230;&#8230;&#8230;&#8230;&#8230;&#8230;&#8230;&#8230;&#8230;&#8230;&#8230;&#8230;&#8230;&#8230;&#8230;&#8230;&#8230;&#8230;&#8230;&#8230;\u2026\u2026&#8230;&#8230;&#8230;&#8230;..\u2026\u2026\u2026., reunits a la localitat del Far d\u2019Empord\u00e0 amb data ____ de _______________ de 20___, conscients que l\u2019educaci\u00f3 d\u2019infants i joves implica l\u2019acci\u00f3 conjunta de la fam\u00edlia i de l\u2019escola, signem aquesta carta de comprom\u00eds educatiu, la qual comporta els seg\u00fcents:<\/p>\n<h2><strong>COMPROMISOS<\/strong><\/h2>\n<p>&nbsp;<\/p>\n<h3><strong>Per part del centre<\/strong><\/h3>\n<ol>\n<li>Facilitar una formaci\u00f3 que contribueixi al desenvolupament integral de la personalitat de l&#8217;alumne o alumna.<\/li>\n<li>Vetllar per fer efectius els drets de l&#8217;alumne o alumna en l&#8217;\u00e0mbit escolar.<\/li>\n<li>Respectar les conviccions de la fam\u00edlia, en el marc dels principis i valors educatius establerts en el projecte educatiu i en les les lleis.<\/li>\n<li>Informar la fam\u00edlia del projecte educatiu i de les normes d&#8217;organitzaci\u00f3 i funcionament del centre.<\/li>\n<li>Informar l&#8217;alumnat i a les fam\u00edlies dels criteris que s&#8217;aplicaran per avaluar el seu rendiment acad\u00e8mic.<\/li>\n<li>Adoptar les mesures educatives alternatives o complement\u00e0ries adients per atendre les necessitats espec\u00edfiques de l&#8217;alumne o alumna i mantenir-ne informada la fam\u00edlia amb les possibilitats del centre.<\/li>\n<li>Mantenir comunicaci\u00f3 regular amb la fam\u00edlia per informar-la de l&#8217;evoluci\u00f3 acad\u00e8mica i personal de l&#8217;alumne\/a. Es far\u00e0 una reuni\u00f3 a inici de curs i es lliurar\u00e0 l&#8217;informe cada trimestre a prim\u00e0ria i al gener i juny a infantil. A m\u00e9s a m\u00e9s, hi haur\u00e0 com a m\u00ednim una entrevista per curs.<\/li>\n<li>Atendre en un termini raonable les peticions d&#8217;entrevista o de comunicaci\u00f3 que formuli la fam\u00edlia, dins l&#8217;horari del professorat.<\/li>\n<li>Comunicar a la fam\u00edlia les inassist\u00e8ncies no justificades al centre i qualsevol altra circumst\u00e0ncia que sigui rellevant per al desenvolupament acad\u00e8mic i personal de l&#8217;alumne\/a.<\/li>\n<li>Informar les fam\u00edlies de les activitats que es desenvolupin en horari escolar i extraescolar.<\/li>\n<li>Revisar conjuntament amb la fam\u00edlia el compliment d&#8217;aquests compromisos i, si s&#8217;escau, el contingut, quan es consideri oport\u00fa.<\/li>\n<\/ol>\n<h3><strong>Per part de la fam\u00edlia<\/strong><\/h3>\n<ol>\n<li>Respectar el car\u00e0cter propi del centre i recon\u00e8ixer l&#8217;autoritat de l&#8217;equip directiu i del professorat.<\/li>\n<li>Compartir amb el centre l&#8217;educaci\u00f3 del fill o filla i desenvolupar i afavorir les complicitats que s\u00f3n necess\u00e0ries per aplicar el projecte educatiu del centre.<\/li>\n<li>Instar el fill o filla a respectar les normes espec\u00edfiques de funcionament del centre, en particular, les que afecten la conviv\u00e8ncia escolar i el desenvolupament normal de les classes.<\/li>\n<li>Vetllar perqu\u00e8 el fill o filla compleixi el deure b\u00e0sic de l&#8217;estudi i d&#8217;assist\u00e8ncia regular i puntual a les activitats acad\u00e8miques, i tamb\u00e9 perqu\u00e8 faci les tasques encomanades a casa pel professorat.<\/li>\n<li>Ajudar el fill o filla a organitzar el temps d&#8217;estudi a casa, procurant que tingui les millors condicions possibles per fer-hi les tasques escolars.<\/li>\n<li>Vetllar perqu\u00e8 el fill o filla porti al centre tot el material necessari per a l&#8217;activitat escolar.<\/li>\n<li>Adre\u00e7ar-se directament al centre per contrastar discrep\u00e0ncies, coincid\u00e8ncies o suggeriments en relaci\u00f3 amb les activitats educatives i la formaci\u00f3 de l&#8217;alumnat.<\/li>\n<li>Comunicar al centre les informacions rellevants que puguin incidir en el proc\u00e9s d&#8217;ensenyament i aprenentatge del fill o filla.<\/li>\n<li>Atendre en un termini raonable les peticions d&#8217;entrevista o de comunicaci\u00f3 que formuli el centre.<\/li>\n<li>Adoptar criteris i mesures que puguin afavorir el rendiment escolar del fill o filla.<\/li>\n<li>Informar el fill o filla del contingut d&#8217;aquests compromisos en el moment d&#8217;assumir-los.<\/li>\n<li>Comprometre&#8217;s a inculcar el valor de l&#8217;esfor\u00e7, la disciplina i el treball, aix\u00ed com la bona educaci\u00f3, els bons h\u00e0bits higi\u00e8nics i la correcci\u00f3 en el vestir.<\/li>\n<li>Fomentar el respecte, la solidaritat i la resoluci\u00f3 dialogada de conflictes.<\/li>\n<li>Fer-se c\u00e0rrec de les despeses de material que generi l&#8217;educaci\u00f3 dels seus fills i d&#8217;aquelles activitats que han autoritzat i que pr\u00e8viament ha aprovat el consell escolar.<\/li>\n<li>Revisar conjuntament amb el centre educatiu el compliment dels compromisos d&#8217;aquesta carta i, si s&#8217;escau, el contingut.<\/li>\n<\/ol>\n<p>&nbsp;<\/p>\n<p>&nbsp;<\/p>\n<p>La Directora\u00a0\u00a0\u00a0\u00a0\u00a0\u00a0\u00a0\u00a0\u00a0\u00a0\u00a0\u00a0\u00a0\u00a0\u00a0\u00a0\u00a0\u00a0\u00a0\u00a0\u00a0\u00a0\u00a0\u00a0\u00a0\u00a0\u00a0\u00a0\u00a0\u00a0\u00a0\u00a0\u00a0\u00a0\u00a0\u00a0\u00a0\u00a0\u00a0\u00a0\u00a0\u00a0\u00a0\u00a0\u00a0\u00a0\u00a0\u00a0\u00a0\u00a0\u00a0\u00a0\u00a0\u00a0\u00a0\u00a0\u00a0\u00a0\u00a0\u00a0 El pare, la mare, el\/la tutor\/a<\/p>\n<p>&nbsp;<\/p>\n","protected":false},"excerpt":{"rendered":"<ul>\n<li><a href=\"https:\/\/agora.xtec.cat\/esc-elfar\/docs\/normativa-general-de-centre\" target=\"_blank\" rel=\"noopener noreferrer\">Normativa general del centre per al curs 2025-26<\/a><\/li>\n<\/ul>\n<ul>\n<li>Normes d&#8217;organitzaci\u00f3 i funcionament de centre<\/li>\n<\/ul>\n<ul>\n<li>Carta de comprom\u00eds fam\u00edlies i escola<\/li>\n<\/ul>\n<p><a href=\"http:\/\/agora.xtec.cat\/esc-elfar\/wp-content\/uploads\/usu1629\/2017\/10\/Gallina-escola.jpg\"><\/a><br \/>\nLes persones sotasignades, ROSA MARIA MORET GUILLAMET, \u00a0directora de l\u2019Escola de El Far d\u2019Empord\u00e0, i .\u2026\u2026\u2026\u2026\u2026\u2026\u2026&#8230;&#8230;&#8230;&#8230;&#8230;\u2026\u2026\u2026&#8230;.\u2026&#8230;&#8230;&#8230;&#8230;&#8230;..\u2026\u2026..\u2026\u2026..\u2026. (pare mare, tutor, tutora) de l\u2019alumne\/a &#8230;&#8230;&#8230;&#8230;&#8230;&#8230;&#8230;&#8230;&#8230;&#8230;&#8230;&#8230;&#8230;&#8230;&#8230;&#8230;&#8230;&#8230;&#8230;&#8230;&#8230;&#8230;&#8230;&#8230;&#8230;\u2026\u2026&#8230;&#8230;&#8230;&#8230;..\u2026\u2026\u2026.,&hellip;  <a href=\"https:\/\/agora.xtec.cat\/esc-elfar\/lescola\/normativa-general-del-centre\/\" title=\"Read Normativa general del centre\">Llegeix m\u00e9s\u00bb<\/a><\/p>\n","protected":false},"author":13,"featured_media":0,"parent":22,"menu_order":35,"comment_status":"closed","ping_status":"closed","template":"page-templates\/side-menu.php","meta":{"_bbp_topic_count":0,"_bbp_reply_count":0,"_bbp_total_topic_count":0,"_bbp_total_reply_count":0,"_bbp_voice_count":0,"_bbp_anonymous_reply_count":0,"_bbp_topic_count_hidden":0,"_bbp_reply_count_hidden":0,"_bbp_forum_subforum_count":0,"footnotes":""},"class_list":["post-1885","page","type-page","status-publish","hentry"],"post_mailing_queue_ids":[],"_links":{"self":[{"href":"https:\/\/agora.xtec.cat\/esc-elfar\/wp-json\/wp\/v2\/pages\/1885","targetHints":{"allow":["GET"]}}],"collection":[{"href":"https:\/\/agora.xtec.cat\/esc-elfar\/wp-json\/wp\/v2\/pages"}],"about":[{"href":"https:\/\/agora.xtec.cat\/esc-elfar\/wp-json\/wp\/v2\/types\/page"}],"author":[{"embeddable":true,"href":"https:\/\/agora.xtec.cat\/esc-elfar\/wp-json\/wp\/v2\/users\/13"}],"replies":[{"embeddable":true,"href":"https:\/\/agora.xtec.cat\/esc-elfar\/wp-json\/wp\/v2\/comments?post=1885"}],"version-history":[{"count":6,"href":"https:\/\/agora.xtec.cat\/esc-elfar\/wp-json\/wp\/v2\/pages\/1885\/revisions"}],"predecessor-version":[{"id":13977,"href":"https:\/\/agora.xtec.cat\/esc-elfar\/wp-json\/wp\/v2\/pages\/1885\/revisions\/13977"}],"up":[{"embeddable":true,"href":"https:\/\/agora.xtec.cat\/esc-elfar\/wp-json\/wp\/v2\/pages\/22"}],"wp:attachment":[{"href":"https:\/\/agora.xtec.cat\/esc-elfar\/wp-json\/wp\/v2\/media?parent=1885"}],"curies":[{"name":"wp","href":"https:\/\/api.w.org\/{rel}","templated":true}]}}