{"id":13357,"date":"2025-03-04T16:24:34","date_gmt":"2025-03-04T15:24:34","guid":{"rendered":"https:\/\/agora.xtec.cat\/esc-elfar\/?page_id=13357"},"modified":"2026-02-18T05:50:59","modified_gmt":"2026-02-18T04:50:59","slug":"normativa-de-la-biblioteca","status":"publish","type":"page","link":"https:\/\/agora.xtec.cat\/esc-elfar\/normativa-de-la-biblioteca\/","title":{"rendered":"Normativa de la biblioteca"},"content":{"rendered":"<p>Actualment la Comissi\u00f3 de Biblioteca de l&#8217;escola est\u00e0 formada per quatre membres del claustre de mestres; Alba Tarrida, Maria Mir, Susanna Prat i Raquel Real. La comissi\u00f3 es reuneix un cop al mes per tal de dissenyar, programar i planificar les activitats de dinamitzaci\u00f3 lectora que es van realitzant durant tot el curs. Des de fa un parell d&#8217;anys animem tamb\u00e9 a l&#8217;alumnat de Cicle Superior per tal que s&#8217;involucri en el desenvolupament i difusi\u00f3 d&#8217;aquestes activitats. Enguany comptem amb tres\/quatre voluntaris per trimestre que durant un pati setmanal dinamitza els jocs de taula que es porten a terme durant els tres patis que la Biblioteca\u00a0 obre; un pati per cada cicle de Prim\u00e0ria.<\/p>\n<p>El projecte de Biblioteca es va redactar el curs 2022-2023 a cinc anys vista i a cada inici de curs redactem el Pla d&#8217;Acci\u00f3 que concreta el Projecte i que revisem trimestralment. A final de curs elaborem la Mem\u00f2ria del Pla, que alhora ser\u00e0 el punt de partida pel seg\u00fcent curs acad\u00e8mic.<\/p>\n<p>Adjuntem els documents:<\/p>\n<p><a href=\"https:\/\/agora.xtec.cat\/esc-elfar\/wp-content\/uploads\/usu1629\/2023\/09\/PROJECTE-BIBILOTECA-ESCOLA-EL-FAR-DEMPORDA.pdf\" target=\"_blank\" rel=\"noopener\">PROJECTE BIBLIOTECA ESCOLA EL FAR D&#8217;EMPORD\u00c0<\/a><\/p>\n<p><a href=\"https:\/\/www.canva.com\/design\/DAGxoEf3Xjg\/SfOKtHZxaH30RGaV6tSvag\/view?utm_content=DAGxoEf3Xjg&amp;utm_campaign=designshare&amp;utm_medium=link2&amp;utm_source=uniquelinks&amp;utlId=hd213f6b966\" target=\"_blank\" rel=\"noopener\">PLA D&#8217;ACCI\u00d3 CURS 2025-2026<\/a><\/p>\n<p>&nbsp;<\/p>\n","protected":false},"excerpt":{"rendered":"<p>Actualment la Comissi\u00f3 de Biblioteca de l&#8217;escola est\u00e0 formada per quatre membres del claustre de mestres; Alba Tarrida, Maria Mir, Susanna Prat i Raquel Real. La comissi\u00f3 es reuneix un cop al mes per tal de dissenyar, programar i planificar les activitats de dinamitzaci\u00f3 lectora&hellip;  <a href=\"https:\/\/agora.xtec.cat\/esc-elfar\/normativa-de-la-biblioteca\/\" title=\"Read Normativa de la biblioteca\">Llegeix m\u00e9s\u00bb<\/a><\/p>\n","protected":false},"author":27,"featured_media":0,"parent":0,"menu_order":0,"comment_status":"closed","ping_status":"closed","template":"","meta":{"_bbp_topic_count":0,"_bbp_reply_count":0,"_bbp_total_topic_count":0,"_bbp_total_reply_count":0,"_bbp_voice_count":0,"_bbp_anonymous_reply_count":0,"_bbp_topic_count_hidden":0,"_bbp_reply_count_hidden":0,"_bbp_forum_subforum_count":0,"footnotes":""},"class_list":["post-13357","page","type-page","status-publish","hentry"],"post_mailing_queue_ids":[],"_links":{"self":[{"href":"https:\/\/agora.xtec.cat\/esc-elfar\/wp-json\/wp\/v2\/pages\/13357","targetHints":{"allow":["GET"]}}],"collection":[{"href":"https:\/\/agora.xtec.cat\/esc-elfar\/wp-json\/wp\/v2\/pages"}],"about":[{"href":"https:\/\/agora.xtec.cat\/esc-elfar\/wp-json\/wp\/v2\/types\/page"}],"author":[{"embeddable":true,"href":"https:\/\/agora.xtec.cat\/esc-elfar\/wp-json\/wp\/v2\/users\/27"}],"replies":[{"embeddable":true,"href":"https:\/\/agora.xtec.cat\/esc-elfar\/wp-json\/wp\/v2\/comments?post=13357"}],"version-history":[{"count":6,"href":"https:\/\/agora.xtec.cat\/esc-elfar\/wp-json\/wp\/v2\/pages\/13357\/revisions"}],"predecessor-version":[{"id":14682,"href":"https:\/\/agora.xtec.cat\/esc-elfar\/wp-json\/wp\/v2\/pages\/13357\/revisions\/14682"}],"wp:attachment":[{"href":"https:\/\/agora.xtec.cat\/esc-elfar\/wp-json\/wp\/v2\/media?parent=13357"}],"curies":[{"name":"wp","href":"https:\/\/api.w.org\/{rel}","templated":true}]}}