{"id":13351,"date":"2025-03-04T16:21:20","date_gmt":"2025-03-04T15:21:20","guid":{"rendered":"https:\/\/agora.xtec.cat\/esc-elfar\/?page_id=13351"},"modified":"2025-03-11T14:11:28","modified_gmt":"2025-03-11T13:11:28","slug":"fons-documental","status":"publish","type":"page","link":"https:\/\/agora.xtec.cat\/esc-elfar\/fons-documental\/","title":{"rendered":"Fons documental"},"content":{"rendered":"<p>Comptem amb el cat\u00e0leg Ep\u00e8rgam en l\u00ednia per a la consulta i cerca de llibres.<\/p>\n<p>El nostre fons est\u00e0 format per:<\/p>\n<ul>\n<li><strong>Publicacions peri\u00f2diques:\u00a0<\/strong><\/li>\n<\/ul>\n<p>Estem subscrits a 5 revistes infantils que arriben mensualment..<\/p>\n<p>Revistes del club Bayard: Cucafera, Tiro-liro, I Love English, Reporter Doc i Petit Sapiens<\/p>\n<ul>\n<li><strong>Llibres de ficci\u00f3: <\/strong><\/li>\n<\/ul>\n<p>Classificats en funci\u00f3 del nivell lector:<\/p>\n<ul>\n<li style=\"list-style-type: none;\">\n<ul style=\"list-style-type: circle;\">\n<li><strong style=\"font-family: inherit; font-size: 1em;\">I1:<\/strong><span style=\"font-family: inherit; font-size: 1em;\">alumnat d&#8217;infantil i CI<\/span><\/li>\n<li><strong style=\"font-family: inherit; font-size: 1em;\">I2:<\/strong><span style=\"font-family: inherit; font-size: 1em;\"> alumnat de CM<\/span><strong style=\"font-family: inherit; font-size: 1em;\">\u00a0<\/strong><\/li>\n<li><strong style=\"font-family: inherit; font-size: 1em;\">I3:<\/strong><span style=\"font-family: inherit; font-size: 1em;\"> alumnat de CS <\/span><\/li>\n<\/ul>\n<\/li>\n<\/ul>\n<p><span style=\"font-family: inherit; font-size: 1em;\">Comptem tamb\u00e9 amb c\u00f2mics, poesia, teatre, educaci\u00f3 emocional en valors i adaptacions infantils dels cl\u00e0ssics.<\/span><\/p>\n<ul>\n<li><strong>Llibres de coneixements:\u00a0<\/strong><\/li>\n<\/ul>\n<p>Comptem amb un repertori divers i variat organitzat per tem\u00e0tiques ( univers, cos hum\u00e0, art, biografies, llibres de llengua anglesa, animals, plantes, experimentaci\u00f3, natura&#8230; ) seguint la numeraci\u00f3 tem\u00e0tica de la CDU (Classificaci\u00f3 decimal Universal)<\/p>\n","protected":false},"excerpt":{"rendered":"<p>Comptem amb el cat\u00e0leg Ep\u00e8rgam en l\u00ednia per a la consulta i cerca de llibres.<br \/>\nEl nostre fons est\u00e0 format per:<\/p>\n<ul>\n<li>Publicacions peri\u00f2diques:\u00a0<\/li>\n<\/ul>\n<p>Estem subscrits a 5 revistes infantils que arriben mensualment..<br \/>\nRevistes del club Bayard: Cucafera, Tiro-liro, I Love English, Reporter Doc i Petit Sapiens<\/p>\n<ul>\n<li>Llibres de ficci\u00f3: <\/li>\n<\/ul>\n<p>Classificats&hellip;  <a href=\"https:\/\/agora.xtec.cat\/esc-elfar\/fons-documental\/\" title=\"Read Fons documental\">Llegeix m\u00e9s\u00bb<\/a><\/p>\n","protected":false},"author":27,"featured_media":0,"parent":0,"menu_order":0,"comment_status":"closed","ping_status":"closed","template":"","meta":{"_bbp_topic_count":0,"_bbp_reply_count":0,"_bbp_total_topic_count":0,"_bbp_total_reply_count":0,"_bbp_voice_count":0,"_bbp_anonymous_reply_count":0,"_bbp_topic_count_hidden":0,"_bbp_reply_count_hidden":0,"_bbp_forum_subforum_count":0,"footnotes":""},"class_list":["post-13351","page","type-page","status-publish","hentry"],"post_mailing_queue_ids":[],"_links":{"self":[{"href":"https:\/\/agora.xtec.cat\/esc-elfar\/wp-json\/wp\/v2\/pages\/13351","targetHints":{"allow":["GET"]}}],"collection":[{"href":"https:\/\/agora.xtec.cat\/esc-elfar\/wp-json\/wp\/v2\/pages"}],"about":[{"href":"https:\/\/agora.xtec.cat\/esc-elfar\/wp-json\/wp\/v2\/types\/page"}],"author":[{"embeddable":true,"href":"https:\/\/agora.xtec.cat\/esc-elfar\/wp-json\/wp\/v2\/users\/27"}],"replies":[{"embeddable":true,"href":"https:\/\/agora.xtec.cat\/esc-elfar\/wp-json\/wp\/v2\/comments?post=13351"}],"version-history":[{"count":5,"href":"https:\/\/agora.xtec.cat\/esc-elfar\/wp-json\/wp\/v2\/pages\/13351\/revisions"}],"predecessor-version":[{"id":13425,"href":"https:\/\/agora.xtec.cat\/esc-elfar\/wp-json\/wp\/v2\/pages\/13351\/revisions\/13425"}],"wp:attachment":[{"href":"https:\/\/agora.xtec.cat\/esc-elfar\/wp-json\/wp\/v2\/media?parent=13351"}],"curies":[{"name":"wp","href":"https:\/\/api.w.org\/{rel}","templated":true}]}}