{"id":13339,"date":"2025-03-04T16:15:06","date_gmt":"2025-03-04T15:15:06","guid":{"rendered":"https:\/\/agora.xtec.cat\/esc-elfar\/?page_id=13339"},"modified":"2025-07-01T10:17:44","modified_gmt":"2025-07-01T08:17:44","slug":"espais-biblioteca","status":"publish","type":"page","link":"https:\/\/agora.xtec.cat\/esc-elfar\/espais-biblioteca\/","title":{"rendered":"Espais biblioteca"},"content":{"rendered":"<p>La Cova dels Misteris est\u00e0 distribu\u00efda amb els seg\u00fcents espais:<\/p>\n<ul style=\"list-style-type: square;\">\n<li><strong>EL RAC\u00d3 DEL FOLLET BENET<\/strong><\/li>\n<\/ul>\n<p>El Follet Benet \u00e9s el personatge que dinamitza les activitats pels m\u00e9s petits de l&#8217;escola i t\u00e9 tamb\u00e9 el seu espai que va canviant en funci\u00f3 de l&#8217;estaci\u00f3 de l&#8217;any.<\/p>\n<p><a href=\"https:\/\/agora.xtec.cat\/esc-elfar\/wp-content\/uploads\/usu1629\/2024\/12\/IMG_2174.JPG-scaled.jpg\"><img loading=\"lazy\" decoding=\"async\" class=\"alignnone wp-image-13008\" src=\"https:\/\/agora.xtec.cat\/esc-elfar\/wp-content\/uploads\/usu1629\/2024\/12\/IMG_2174.JPG-768x1024.jpg\" alt=\"\" width=\"345\" height=\"460\" srcset=\"https:\/\/agora.xtec.cat\/esc-elfar\/wp-content\/uploads\/usu1629\/2024\/12\/IMG_2174.JPG-768x1024.jpg 768w, https:\/\/agora.xtec.cat\/esc-elfar\/wp-content\/uploads\/usu1629\/2024\/12\/IMG_2174.JPG-225x300.jpg 225w, https:\/\/agora.xtec.cat\/esc-elfar\/wp-content\/uploads\/usu1629\/2024\/12\/IMG_2174.JPG-1152x1536.jpg 1152w, https:\/\/agora.xtec.cat\/esc-elfar\/wp-content\/uploads\/usu1629\/2024\/12\/IMG_2174.JPG-1536x2048.jpg 1536w, https:\/\/agora.xtec.cat\/esc-elfar\/wp-content\/uploads\/usu1629\/2024\/12\/IMG_2174.JPG-scaled.jpg 1920w\" sizes=\"auto, (max-width: 345px) 100vw, 345px\" \/><\/a> \u00a0<a href=\"https:\/\/agora.xtec.cat\/esc-elfar\/wp-content\/uploads\/usu1629\/2024\/10\/IMG_0452-rotated.jpg\"><img loading=\"lazy\" decoding=\"async\" class=\"alignnone wp-image-12747\" src=\"https:\/\/agora.xtec.cat\/esc-elfar\/wp-content\/uploads\/usu1629\/2024\/10\/IMG_0452-rotated.jpg\" alt=\"\" width=\"345\" height=\"460\" srcset=\"https:\/\/agora.xtec.cat\/esc-elfar\/wp-content\/uploads\/usu1629\/2024\/10\/IMG_0452-rotated.jpg 480w, https:\/\/agora.xtec.cat\/esc-elfar\/wp-content\/uploads\/usu1629\/2024\/10\/IMG_0452-225x300.jpg 225w\" sizes=\"auto, (max-width: 345px) 100vw, 345px\" \/><\/a><\/p>\n<ul style=\"list-style-type: square;\">\n<li><strong>INFANTIL<\/strong><\/li>\n<\/ul>\n<p><a href=\"https:\/\/agora.xtec.cat\/esc-elfar\/wp-content\/uploads\/usu1629\/2025\/03\/IMG_5239-rotated.jpg\"><img loading=\"lazy\" decoding=\"async\" class=\"alignnone wp-image-13534\" src=\"https:\/\/agora.xtec.cat\/esc-elfar\/wp-content\/uploads\/usu1629\/2025\/03\/IMG_5239-rotated.jpg\" alt=\"\" width=\"343\" height=\"458\" srcset=\"https:\/\/agora.xtec.cat\/esc-elfar\/wp-content\/uploads\/usu1629\/2025\/03\/IMG_5239-rotated.jpg 480w, https:\/\/agora.xtec.cat\/esc-elfar\/wp-content\/uploads\/usu1629\/2025\/03\/IMG_5239-225x300.jpg 225w\" sizes=\"auto, (max-width: 343px) 100vw, 343px\" \/><\/a> <a href=\"https:\/\/agora.xtec.cat\/esc-elfar\/wp-content\/uploads\/usu1629\/2025\/03\/IMG_5115-rotated.jpg\"><img loading=\"lazy\" decoding=\"async\" class=\"alignnone wp-image-13533\" src=\"https:\/\/agora.xtec.cat\/esc-elfar\/wp-content\/uploads\/usu1629\/2025\/03\/IMG_5115-rotated.jpg\" alt=\"\" width=\"343\" height=\"457\" srcset=\"https:\/\/agora.xtec.cat\/esc-elfar\/wp-content\/uploads\/usu1629\/2025\/03\/IMG_5115-rotated.jpg 480w, https:\/\/agora.xtec.cat\/esc-elfar\/wp-content\/uploads\/usu1629\/2025\/03\/IMG_5115-225x300.jpg 225w\" sizes=\"auto, (max-width: 343px) 100vw, 343px\" \/><\/a><\/p>\n<ul style=\"list-style-type: square;\">\n<li><strong>CICLE INICIAL<\/strong><\/li>\n<\/ul>\n<p><a href=\"https:\/\/agora.xtec.cat\/esc-elfar\/wp-content\/uploads\/usu1629\/2025\/03\/IMG_5237-rotated.jpg\"><img loading=\"lazy\" decoding=\"async\" class=\"alignnone wp-image-13536\" src=\"https:\/\/agora.xtec.cat\/esc-elfar\/wp-content\/uploads\/usu1629\/2025\/03\/IMG_5237-rotated.jpg\" alt=\"\" width=\"345\" height=\"460\" srcset=\"https:\/\/agora.xtec.cat\/esc-elfar\/wp-content\/uploads\/usu1629\/2025\/03\/IMG_5237-rotated.jpg 480w, https:\/\/agora.xtec.cat\/esc-elfar\/wp-content\/uploads\/usu1629\/2025\/03\/IMG_5237-225x300.jpg 225w\" sizes=\"auto, (max-width: 345px) 100vw, 345px\" \/><\/a> <a href=\"https:\/\/agora.xtec.cat\/esc-elfar\/wp-content\/uploads\/usu1629\/2025\/03\/IMG_5238-rotated.jpg\"><img loading=\"lazy\" decoding=\"async\" class=\"alignnone wp-image-13535\" src=\"https:\/\/agora.xtec.cat\/esc-elfar\/wp-content\/uploads\/usu1629\/2025\/03\/IMG_5238-rotated.jpg\" alt=\"\" width=\"345\" height=\"460\" srcset=\"https:\/\/agora.xtec.cat\/esc-elfar\/wp-content\/uploads\/usu1629\/2025\/03\/IMG_5238-rotated.jpg 480w, https:\/\/agora.xtec.cat\/esc-elfar\/wp-content\/uploads\/usu1629\/2025\/03\/IMG_5238-225x300.jpg 225w\" sizes=\"auto, (max-width: 345px) 100vw, 345px\" \/><\/a><\/p>\n<ul style=\"list-style-type: square;\">\n<li><strong>CICLE MITJ\u00c0 I <\/strong><strong style=\"font-family: inherit; font-size: 1em;\">CICLE SUPERIOR<\/strong><\/li>\n<\/ul>\n<p><a href=\"https:\/\/agora.xtec.cat\/esc-elfar\/wp-content\/uploads\/usu1629\/2025\/03\/IMG_5234-rotated.jpg\"><img loading=\"lazy\" decoding=\"async\" class=\"alignnone wp-image-13539\" src=\"https:\/\/agora.xtec.cat\/esc-elfar\/wp-content\/uploads\/usu1629\/2025\/03\/IMG_5234-rotated.jpg\" alt=\"\" width=\"344\" height=\"458\" srcset=\"https:\/\/agora.xtec.cat\/esc-elfar\/wp-content\/uploads\/usu1629\/2025\/03\/IMG_5234-rotated.jpg 480w, https:\/\/agora.xtec.cat\/esc-elfar\/wp-content\/uploads\/usu1629\/2025\/03\/IMG_5234-225x300.jpg 225w\" sizes=\"auto, (max-width: 344px) 100vw, 344px\" \/><\/a> <a href=\"https:\/\/agora.xtec.cat\/esc-elfar\/wp-content\/uploads\/usu1629\/2025\/03\/IMG_5233-rotated.jpg\"><img loading=\"lazy\" decoding=\"async\" class=\"alignnone wp-image-13540\" src=\"https:\/\/agora.xtec.cat\/esc-elfar\/wp-content\/uploads\/usu1629\/2025\/03\/IMG_5233-rotated.jpg\" alt=\"\" width=\"344\" height=\"459\" srcset=\"https:\/\/agora.xtec.cat\/esc-elfar\/wp-content\/uploads\/usu1629\/2025\/03\/IMG_5233-rotated.jpg 480w, https:\/\/agora.xtec.cat\/esc-elfar\/wp-content\/uploads\/usu1629\/2025\/03\/IMG_5233-225x300.jpg 225w\" sizes=\"auto, (max-width: 344px) 100vw, 344px\" \/><\/a><\/p>\n<ul style=\"list-style-type: square;\">\n<li><strong>ADQUISICIONS\u00a0<\/strong><\/li>\n<\/ul>\n<p>En aquesta estanteria, l&#8217;alumnat de l&#8217;escola pot gaudir dels llibres que hem adquirit de la Biblioteca de Figueres o del Centre de Recursos. Dona un cop d&#8217;ull&#8230;<\/p>\n<p><a href=\"https:\/\/agora.xtec.cat\/esc-elfar\/wp-content\/uploads\/usu1629\/2025\/03\/IMG_5236-rotated.jpg\"><img loading=\"lazy\" decoding=\"async\" class=\"alignnone wp-image-13537\" src=\"https:\/\/agora.xtec.cat\/esc-elfar\/wp-content\/uploads\/usu1629\/2025\/03\/IMG_5236-rotated.jpg\" alt=\"\" width=\"348\" height=\"464\" srcset=\"https:\/\/agora.xtec.cat\/esc-elfar\/wp-content\/uploads\/usu1629\/2025\/03\/IMG_5236-rotated.jpg 480w, https:\/\/agora.xtec.cat\/esc-elfar\/wp-content\/uploads\/usu1629\/2025\/03\/IMG_5236-225x300.jpg 225w\" sizes=\"auto, (max-width: 348px) 100vw, 348px\" \/><\/a> <a href=\"https:\/\/agora.xtec.cat\/esc-elfar\/wp-content\/uploads\/usu1629\/2025\/03\/IMG_5235-rotated.jpg\"><img loading=\"lazy\" decoding=\"async\" class=\"alignnone wp-image-13538\" src=\"https:\/\/agora.xtec.cat\/esc-elfar\/wp-content\/uploads\/usu1629\/2025\/03\/IMG_5235-rotated.jpg\" alt=\"\" width=\"348\" height=\"464\" srcset=\"https:\/\/agora.xtec.cat\/esc-elfar\/wp-content\/uploads\/usu1629\/2025\/03\/IMG_5235-rotated.jpg 480w, https:\/\/agora.xtec.cat\/esc-elfar\/wp-content\/uploads\/usu1629\/2025\/03\/IMG_5235-225x300.jpg 225w\" sizes=\"auto, (max-width: 348px) 100vw, 348px\" \/><\/a><\/p>\n<ul style=\"list-style-type: square;\">\n<li><strong>NOVETATS<\/strong><\/li>\n<\/ul>\n<p>En aquest expositor, els i les infants poden con\u00e8ixer quins s\u00f3n els llibres nous que han entrat a la Cova dels Misteris.<\/p>\n<p><a href=\"https:\/\/agora.xtec.cat\/esc-elfar\/wp-content\/uploads\/usu1629\/2025\/03\/IMG_5231-rotated.jpg\"><img loading=\"lazy\" decoding=\"async\" class=\"alignnone wp-image-13542\" src=\"https:\/\/agora.xtec.cat\/esc-elfar\/wp-content\/uploads\/usu1629\/2025\/03\/IMG_5231-rotated.jpg\" alt=\"\" width=\"348\" height=\"464\" srcset=\"https:\/\/agora.xtec.cat\/esc-elfar\/wp-content\/uploads\/usu1629\/2025\/03\/IMG_5231-rotated.jpg 480w, https:\/\/agora.xtec.cat\/esc-elfar\/wp-content\/uploads\/usu1629\/2025\/03\/IMG_5231-225x300.jpg 225w\" sizes=\"auto, (max-width: 348px) 100vw, 348px\" \/><\/a> <a href=\"https:\/\/agora.xtec.cat\/esc-elfar\/wp-content\/uploads\/usu1629\/2025\/03\/IMG_5232-rotated.jpg\"><img loading=\"lazy\" decoding=\"async\" class=\"alignnone wp-image-13541\" src=\"https:\/\/agora.xtec.cat\/esc-elfar\/wp-content\/uploads\/usu1629\/2025\/03\/IMG_5232-rotated.jpg\" alt=\"\" width=\"349\" height=\"466\" srcset=\"https:\/\/agora.xtec.cat\/esc-elfar\/wp-content\/uploads\/usu1629\/2025\/03\/IMG_5232-rotated.jpg 480w, https:\/\/agora.xtec.cat\/esc-elfar\/wp-content\/uploads\/usu1629\/2025\/03\/IMG_5232-225x300.jpg 225w\" sizes=\"auto, (max-width: 349px) 100vw, 349px\" \/><\/a><\/p>\n<ul style=\"list-style-type: square;\">\n<li><strong>PARLEM DE&#8230;<\/strong><\/li>\n<\/ul>\n<p>\u00c9s un rac\u00f3 on s&#8217;exposen llibres, hist\u00f2ries i lectures relacionades amb una tem\u00e0tica: Nadal, Carnestoltes, el Dia de la Dona, Pasqua o Sant Jordi.<\/p>\n<p><a href=\"https:\/\/agora.xtec.cat\/esc-elfar\/wp-content\/uploads\/usu1629\/2024\/12\/IMG_2176.JPG-scaled.jpg\"><img loading=\"lazy\" decoding=\"async\" class=\"alignnone wp-image-13007\" src=\"https:\/\/agora.xtec.cat\/esc-elfar\/wp-content\/uploads\/usu1629\/2024\/12\/IMG_2176.JPG-768x1024.jpg\" alt=\"\" width=\"354\" height=\"472\" srcset=\"https:\/\/agora.xtec.cat\/esc-elfar\/wp-content\/uploads\/usu1629\/2024\/12\/IMG_2176.JPG-768x1024.jpg 768w, https:\/\/agora.xtec.cat\/esc-elfar\/wp-content\/uploads\/usu1629\/2024\/12\/IMG_2176.JPG-225x300.jpg 225w, https:\/\/agora.xtec.cat\/esc-elfar\/wp-content\/uploads\/usu1629\/2024\/12\/IMG_2176.JPG-1152x1536.jpg 1152w, https:\/\/agora.xtec.cat\/esc-elfar\/wp-content\/uploads\/usu1629\/2024\/12\/IMG_2176.JPG-1536x2048.jpg 1536w, https:\/\/agora.xtec.cat\/esc-elfar\/wp-content\/uploads\/usu1629\/2024\/12\/IMG_2176.JPG-scaled.jpg 1920w\" sizes=\"auto, (max-width: 354px) 100vw, 354px\" \/><\/a> <a href=\"https:\/\/agora.xtec.cat\/esc-elfar\/wp-content\/uploads\/usu1629\/2025\/02\/IMG_3879-min-scaled.jpg\"><img loading=\"lazy\" decoding=\"async\" class=\"alignnone wp-image-13271\" src=\"https:\/\/agora.xtec.cat\/esc-elfar\/wp-content\/uploads\/usu1629\/2025\/02\/IMG_3879-min-768x1024.jpg\" alt=\"\" width=\"354\" height=\"472\" srcset=\"https:\/\/agora.xtec.cat\/esc-elfar\/wp-content\/uploads\/usu1629\/2025\/02\/IMG_3879-min-768x1024.jpg 768w, https:\/\/agora.xtec.cat\/esc-elfar\/wp-content\/uploads\/usu1629\/2025\/02\/IMG_3879-min-225x300.jpg 225w, https:\/\/agora.xtec.cat\/esc-elfar\/wp-content\/uploads\/usu1629\/2025\/02\/IMG_3879-min-1152x1536.jpg 1152w, https:\/\/agora.xtec.cat\/esc-elfar\/wp-content\/uploads\/usu1629\/2025\/02\/IMG_3879-min-1536x2048.jpg 1536w, https:\/\/agora.xtec.cat\/esc-elfar\/wp-content\/uploads\/usu1629\/2025\/02\/IMG_3879-min-scaled.jpg 1920w\" sizes=\"auto, (max-width: 354px) 100vw, 354px\" \/><\/a><\/p>\n<ul style=\"list-style-type: square;\">\n<li><strong>LA ZONA DE TREBALL<\/strong><\/li>\n<\/ul>\n<p>Docents i alumnat disposen d&#8217;aquest espai per treballar, tant a les hores d&#8217;esbarjo com a les hores de menjador.<\/p>\n<p><a href=\"https:\/\/agora.xtec.cat\/esc-elfar\/wp-content\/uploads\/usu1629\/2025\/04\/IMG_5430-3-rotated.jpg\"><img loading=\"lazy\" decoding=\"async\" class=\"alignnone wp-image-13612\" src=\"https:\/\/agora.xtec.cat\/esc-elfar\/wp-content\/uploads\/usu1629\/2025\/04\/IMG_5430-3-rotated.jpg\" alt=\"\" width=\"353\" height=\"470\" srcset=\"https:\/\/agora.xtec.cat\/esc-elfar\/wp-content\/uploads\/usu1629\/2025\/04\/IMG_5430-3-rotated.jpg 480w, https:\/\/agora.xtec.cat\/esc-elfar\/wp-content\/uploads\/usu1629\/2025\/04\/IMG_5430-3-225x300.jpg 225w\" sizes=\"auto, (max-width: 353px) 100vw, 353px\" \/><\/a> <a href=\"https:\/\/agora.xtec.cat\/esc-elfar\/wp-content\/uploads\/usu1629\/2025\/04\/IMG_5429-3-rotated.jpg\"><img loading=\"lazy\" decoding=\"async\" class=\"alignnone wp-image-13613\" src=\"https:\/\/agora.xtec.cat\/esc-elfar\/wp-content\/uploads\/usu1629\/2025\/04\/IMG_5429-3-rotated.jpg\" alt=\"\" width=\"352\" height=\"469\" srcset=\"https:\/\/agora.xtec.cat\/esc-elfar\/wp-content\/uploads\/usu1629\/2025\/04\/IMG_5429-3-rotated.jpg 480w, https:\/\/agora.xtec.cat\/esc-elfar\/wp-content\/uploads\/usu1629\/2025\/04\/IMG_5429-3-225x300.jpg 225w\" sizes=\"auto, (max-width: 352px) 100vw, 352px\" \/><\/a><\/p>\n<ul style=\"list-style-type: square;\">\n<li><strong>ESPAI DIGITAL<\/strong><\/li>\n<\/ul>\n<p>A la biblioteca tamb\u00e9 es realitzen sessions d&#8217;inform\u00e0tica des de I4 fins a 6\u00e8 de prim\u00e0ria.<\/p>\n<p><a href=\"https:\/\/agora.xtec.cat\/esc-elfar\/wp-content\/uploads\/usu1629\/2025\/04\/IMG_5289-rotated.jpg\"><img loading=\"lazy\" decoding=\"async\" class=\"alignnone wp-image-13558\" src=\"https:\/\/agora.xtec.cat\/esc-elfar\/wp-content\/uploads\/usu1629\/2025\/04\/IMG_5289-rotated.jpg\" alt=\"\" width=\"350\" height=\"467\" srcset=\"https:\/\/agora.xtec.cat\/esc-elfar\/wp-content\/uploads\/usu1629\/2025\/04\/IMG_5289-rotated.jpg 480w, https:\/\/agora.xtec.cat\/esc-elfar\/wp-content\/uploads\/usu1629\/2025\/04\/IMG_5289-225x300.jpg 225w\" sizes=\"auto, (max-width: 350px) 100vw, 350px\" \/><\/a> <a href=\"https:\/\/agora.xtec.cat\/esc-elfar\/wp-content\/uploads\/usu1629\/2025\/04\/IMG_5290-rotated.jpg\"><img loading=\"lazy\" decoding=\"async\" class=\"alignnone wp-image-13559\" src=\"https:\/\/agora.xtec.cat\/esc-elfar\/wp-content\/uploads\/usu1629\/2025\/04\/IMG_5290-rotated.jpg\" alt=\"\" width=\"349\" height=\"465\" srcset=\"https:\/\/agora.xtec.cat\/esc-elfar\/wp-content\/uploads\/usu1629\/2025\/04\/IMG_5290-rotated.jpg 480w, https:\/\/agora.xtec.cat\/esc-elfar\/wp-content\/uploads\/usu1629\/2025\/04\/IMG_5290-225x300.jpg 225w\" sizes=\"auto, (max-width: 349px) 100vw, 349px\" \/><\/a><\/p>\n","protected":false},"excerpt":{"rendered":"<p>La Cova dels Misteris est\u00e0 distribu\u00efda amb els seg\u00fcents espais:<\/p>\n<ul style=\"list-style-type: square;\">\n<li>EL RAC\u00d3 DEL FOLLET BENET<\/li>\n<\/ul>\n<p>El Follet Benet \u00e9s el personatge que dinamitza les activitats pels m\u00e9s petits de l&#8217;escola i t\u00e9 tamb\u00e9 el seu espai que va canviant en funci\u00f3 de l&#8217;estaci\u00f3 de l&#8217;any.<br \/>\n<a&hellip;  <a href=\"https:\/\/agora.xtec.cat\/esc-elfar\/espais-biblioteca\/\" title=\"Read Espais biblioteca\">Llegeix m\u00e9s\u00bb<\/a><\/p>\n","protected":false},"author":27,"featured_media":0,"parent":0,"menu_order":0,"comment_status":"closed","ping_status":"closed","template":"","meta":{"_bbp_topic_count":0,"_bbp_reply_count":0,"_bbp_total_topic_count":0,"_bbp_total_reply_count":0,"_bbp_voice_count":0,"_bbp_anonymous_reply_count":0,"_bbp_topic_count_hidden":0,"_bbp_reply_count_hidden":0,"_bbp_forum_subforum_count":0,"footnotes":""},"class_list":["post-13339","page","type-page","status-publish","hentry"],"post_mailing_queue_ids":[],"_links":{"self":[{"href":"https:\/\/agora.xtec.cat\/esc-elfar\/wp-json\/wp\/v2\/pages\/13339","targetHints":{"allow":["GET"]}}],"collection":[{"href":"https:\/\/agora.xtec.cat\/esc-elfar\/wp-json\/wp\/v2\/pages"}],"about":[{"href":"https:\/\/agora.xtec.cat\/esc-elfar\/wp-json\/wp\/v2\/types\/page"}],"author":[{"embeddable":true,"href":"https:\/\/agora.xtec.cat\/esc-elfar\/wp-json\/wp\/v2\/users\/27"}],"replies":[{"embeddable":true,"href":"https:\/\/agora.xtec.cat\/esc-elfar\/wp-json\/wp\/v2\/comments?post=13339"}],"version-history":[{"count":6,"href":"https:\/\/agora.xtec.cat\/esc-elfar\/wp-json\/wp\/v2\/pages\/13339\/revisions"}],"predecessor-version":[{"id":13953,"href":"https:\/\/agora.xtec.cat\/esc-elfar\/wp-json\/wp\/v2\/pages\/13339\/revisions\/13953"}],"wp:attachment":[{"href":"https:\/\/agora.xtec.cat\/esc-elfar\/wp-json\/wp\/v2\/media?parent=13339"}],"curies":[{"name":"wp","href":"https:\/\/api.w.org\/{rel}","templated":true}]}}